{"id":10893,"date":"2023-08-04T15:54:24","date_gmt":"2023-08-04T13:54:24","guid":{"rendered":"https:\/\/www.strafrecht.de\/?page_id=10893"},"modified":"2025-08-22T13:08:51","modified_gmt":"2025-08-22T11:08:51","slug":"meetings","status":"publish","type":"page","link":"https:\/\/www.strafrecht.de\/de\/meetings\/","title":{"rendered":"Datenschutzinformation Meetings"},"content":{"rendered":"\t\t<div data-elementor-type=\"wp-page\" data-elementor-id=\"10893\" class=\"elementor elementor-10893\" data-elementor-post-type=\"page\">\n\t\t\t\t\t\t<section class=\"elementor-section elementor-top-section elementor-element elementor-element-4b2f30a elementor-section-boxed elementor-section-height-default elementor-section-height-default\" data-id=\"4b2f30a\" data-element_type=\"section\" data-e-type=\"section\">\n\t\t\t\t\t\t<div class=\"elementor-container elementor-column-gap-default\">\n\t\t\t\t\t<div class=\"elementor-column elementor-col-100 elementor-top-column elementor-element elementor-element-6f625852\" data-id=\"6f625852\" data-element_type=\"column\" data-e-type=\"column\">\n\t\t\t<div class=\"elementor-widget-wrap elementor-element-populated\">\n\t\t\t\t\t\t<div class=\"elementor-element elementor-element-8cb3c57 elementor-widget elementor-widget-text-editor\" data-id=\"8cb3c57\" data-element_type=\"widget\" data-e-type=\"widget\" data-widget_type=\"text-editor.default\">\n\t\t\t\t<div class=\"elementor-widget-container\">\n\t\t\t\t\t\t\t\t\t<h1>Datenschutzinformation f\u00fcr Teilnehmer an Online-Meetings \u00fcber die Plattform Zoom<\/h1><p>Wir, Wessing &amp; Partner Rechtsanw\u00e4lte mbB (nachfolgend: \u201ewir\u201c oder \u201eWessing &amp; Partner\u201c) nutzen das Konferenzl\u00f6sungstool der Firma Zoom Video Communications Inc. 55 Almaden Boulevard, San Jose, CA 95115, United States (nachfolgend: \u201eZoom\u201c), um Telefonkonferenzen, Online-Meetings und\/oder Videokonferenzen (nachfolgend \u201eOnline-Meeting\u201c) durchzuf\u00fchren. Technische Details zu dem Anbieter Zoom finden Sie auf dessen Website (https:\/\/zoom.us\/).<\/p><p>Ihre Privatsph\u00e4re ist f\u00fcr uns ein wichtiges Anliegen. Wir nehmen den Schutz Ihrer personenbezogenen Daten und deren vertrauliche Behandlung sehr ernst. Die Verarbeitung Ihrer personenbezogenen Daten erfolgt ausschlie\u00dflich im Rahmen der anwendbaren gesetzlichen Bestimmungen des Datenschutzrechts, insbesondere der Datenschutz-Grundverordnung (nachfolgend \u201eDSGVO\u201c). Mit dieser Datenschutzerkl\u00e4rung informieren wir Sie \u00fcber die Verarbeitung Ihrer personenbezogenen Daten bei Ihrer Teilnahme an einem entsprechenden Online-Meeting.<\/p><h5>\u00a0<strong style=\"color: var( --e-global-color-primary ); font-family: var( --e-global-typography-primary-font-family ), Sans-serif; font-size: 1.25rem;\">1.\u00a0<\/strong><b style=\"color: var( --e-global-color-primary ); font-family: var( --e-global-typography-primary-font-family ), Sans-serif; font-size: 1.25rem;\">Verantwortlicher<\/b><\/h5><p>Wessing &amp; Partner Rechtsanw\u00e4lte mbB <br \/>Rathausufer 16-17<br \/>40213 D\u00fcsseldorf<br \/>vertretungsberechtigte Rechtsanw\u00e4lte: Prof. Dr. J\u00fcrgen Wessing, Dr. med. Helga Wessing, Prof. Dr. Heiko Ahlbrecht, Dr. Matthias Dann, LL.M. (University of Edinburgh), Dipl.-Fw. Rainer Biesgen, Dr. Eren Basar<br \/>Tel.: +49 (0)211\/168 44-0<br \/>Fax: +49 (0)211\/168 44-444<br \/>E-Mail: info@strafrecht.de<br \/>Website: www.strafrecht.de\u00a0<\/p><p>Sollten Sie Fragen oder Anregungen zum Datenschutz haben, k\u00f6nnen Sie sich gerne an uns wenden.<\/p><p><u>Unsere Datenschutzbeauftragte erreichen Sie wie folgt:<br \/><\/u>Wessing &amp; Partner Rechtsanw\u00e4lte mbB<br \/>z. Hd. der Datenschutzbeauftragten<br \/>Rathausufer 16-17<br \/>40213 D\u00fcsseldorf<br \/>datenschutz@strafrecht.de\u00a0<\/p><h5><strong>2.\u00a0<\/strong><b>Zwecke und Rechtsgrundlagen der Datenverarbeitung<\/b><\/h5><p>Bei der Nutzung von Zoom werden verschiedene Daten verarbeitet, wobei der Umfang im Wesentlichen davon abh\u00e4ngt, welche Angaben Sie vor bzw. bei der Teilnahme an dem entsprechenden Online-Meeting machen.\u00a0 Die im Folgenden genannten Daten sind regelm\u00e4\u00dfig Gegenstand der Verarbeitung:\u00a0<\/p><ul><li><b>Benutzerdaten:<\/b> Vorname, Nachname, Telefon (optional), E-Mail-Adresse, Passwort (wenn \u201eSingle-Sign-On\u201c nicht verwendet wird), Profilbild (optional), Abteilung (optional)<\/li><li><b>Meeting-Metadaten:<\/b> Thema, Beschreibung (optional), Teilnehmer-IP-Adressen, Ger\u00e4te-\/Hardware-Informationen<\/li><li><b>Bei Aufzeichnungen (optional):<\/b> MP4-Datei aller Video-, Audio- und Pr\u00e4sentationsaufnahmen, M4A-Datei aller Audioaufnahmen, Textdatei des Online-Meeting-Chats.<\/li><li><b>Bei Einwahl mit dem Telefon:<\/b> Angabe zur eingehenden und ausgehenden Rufnummer, L\u00e4ndername, Start- und Endzeit. Ggf. k\u00f6nnen weitere Verbindungsdaten wie z.B. die IP-Adresse des Ger\u00e4ts gespeichert werden.<\/li><li><b>Text-, Audio- und Videodaten:<\/b> Sie haben ggf. die M\u00f6glichkeit, in einem Online-Meeting die Chat-, Fragen- oder Umfragefunktionen zu nutzen. Insoweit werden die von Ihnen gemachten Texteingaben verarbeitet, um diese im Online-Meeting anzuzeigen und ggf. zu protokollieren. Um die Anzeige von Video und die Wiedergabe von Audio zu erm\u00f6glichen, werden entsprechend w\u00e4hrend der Dauer des Meetings die Daten vom Mikrofon Ihres Endger\u00e4ts sowie von einer etwaigen Videokamera des Endger\u00e4ts verarbeitet. Sie k\u00f6nnen die Kamera oder das Mikrofon jederzeit selbst \u00fcber die Zoom-Applikationen abschalten bzw. stummstellen.<\/li><li><b>Verwendete Dokumente:<\/b> Bildschirminhalte, Pr\u00e4sentationsmaterial und andere Dokumente, die im Rahmen des Online-Meetings ggf. bei Teilung des Bildschirms verwendet werden.\u00a0<br \/><br \/><\/li><\/ul><p>Um an einem Online-Meeting teilzunehmen bzw. den Meeting-Raum zu betreten, m\u00fcssen Sie zumindest Angaben zu Ihrem Vor- und Nachnamen machen.<\/p><p>Die Rechtsgrundlage f\u00fcr die Datenverarbeitung bei der Durchf\u00fchrung von Online-Meetings ist Art. 6 Abs. 1 lit. a) DSGVO, sofern Sie Ihre Einwilligung in die Teilnahme an einem Online-Meeting und insb. auch die damit verbundene \u00dcbermittlung Ihrer personenbezogenen Daten an den Anbieter Zoom in ein Drittland (s. Ziffer 4) erteilt haben. Ohne Ihre freiwillige und jederzeit widerrufbare Einwilligung findet kein Online-Meeting statt und wir werden auf alternative Kommunikationsformen zur\u00fcckgreifen.\u00a0<\/p><p>Eine Aufzeichnung der Online-Meetings bzw. die Anfertigung von Fotos erfolgt ebenfalls nur nach Erteilung einer Einwilligung der betroffenen Person zu Beginn der Veranstaltung, Art. 6 Abs. 1 S.1 lit. a) DSGVO.<\/p><h5><b>3. Empf\u00e4nger personenbezogener Daten<\/b><\/h5><p><u>Interne Empf\u00e4nger:<\/u> Innerhalb von Wessing &amp; Partner haben nur diejenigen Personen Zugriff, die diesen f\u00fcr die unter Ziffer 2. genannten Zwecke ben\u00f6tigen.<\/p><p><u>Externe Empf\u00e4nger:<\/u> Wir geben Ihre personenbezogenen Daten nur dann an externe Empf\u00e4nger weiter, wenn dies f\u00fcr den Ablauf erforderlich ist, eine andere gesetzliche Erlaubnis besteht oder uns hierf\u00fcr Ihre Einwilligung vorliegt.<\/p><p>Externe Empf\u00e4nger k\u00f6nnen Beh\u00f6rden und staatliche Institutionen, wie z.B. Staatsanwaltschaften, Gerichte oder Finanzbeh\u00f6rden sein, an die wir aus gesetzlich zwingenden Gr\u00fcnden personenbezogene Daten \u00fcbermitteln m\u00fcssen.\u00a0<\/p><p>Zudem kommen Auftragsverarbeiter als externe Empf\u00e4nger in Betracht, wie beispielsweise die Telekom Deutschland GmbH, die die Nutzung von Zoom auf Basis eines entsprechenden Vertrages bereitstellt sowie deren Unterauftragnehmer Zoom. Auftragsverarbeiter werden von uns sorgf\u00e4ltig ausgew\u00e4hlt und regelm\u00e4\u00dfig \u00fcberpr\u00fcft, um sicherzugehen, dass Ihre Privatsph\u00e4re gewahrt bleibt. Die Dienstleister d\u00fcrfen die Daten ausschlie\u00dflich zu den von uns vorgegebenen Zwecken verwenden.<\/p><p>Externe Empf\u00e4nger sind auch die weiteren Teilnehmer an unseren Online-Meetings, die ebenfalls \u00fcber das Videokonferenzsystem Zoom partizipieren. Diese erhalten standardisiert jedenfalls Ihren Namen \u00fcbermittelt sowie \u2013 je nach Ihrer Partizipation und vorgenommenen Einstellung \u2013 auch Bild- und Tonaufnahmen.<\/p><h5><b>4. Datenverarbeitung in Drittl\u00e4ndern<\/b><\/h5><p>Im Rahmen der gegenst\u00e4ndlichen Datenverarbeitung erfolgt eine \u00dcbermittlung Ihrer personenbezogenen Daten an Stellen, deren Sitz oder deren Ort der Datenverarbeitung nicht in einem Mitgliedstaat der Europ\u00e4ischen Union oder in einem anderen Vertragsstaat des Abkommens \u00fcber den Europ\u00e4ischen Wirtschaftsraum gelegen ist. Hierbei stellen wir vor der \u00dcbermittlung sicher, dass au\u00dferhalb von gesetzlich erlaubten Ausnahmef\u00e4llen beim Empf\u00e4nger entweder ein angemessenes Datenschutzniveau besteht (z.B. durch einen Angemessenheitsbeschluss der Europ\u00e4ischen Kommission, durch geeignete Garantien wie die Vereinbarung sogenannter EU-Standarddatenschutzklauseln der Europ\u00e4ischen Kommission mit dem Empf\u00e4nger) bzw. Ihre ausdr\u00fcckliche Einwilligung vorliegt.<\/p><p>Eine solche Drittland\u00fcbermittlung erfolgt beispielsweise f\u00fcr die Durchf\u00fchrung Ihrer virtuellen Teilnahme unter Verwendung des Systems Zoom. Hierbei werden Daten \u00fcber unseren Auftragsverarbeiter Telekom an die Zoom Video Communications, Inc. mit Sitz in den USA auf Basis von Standarddatenschutzklauseln nach Art. 46 Abs. 2 DSGVO \u00fcbermittelt. Zoom hat dar\u00fcber hinaus zus\u00e4tzliche Sicherheitsma\u00dfnahmen implementiert, die abrufbar sind unter: https:\/\/explore.zoom.us\/de\/gdpr\/<\/p><p>Als erg\u00e4nzende Schutzma\u00dfnahmen haben wir unsere Zoom-Konfiguration so vorgenommen, dass f\u00fcr die Durchf\u00fchrung von Online-Meetings nur Rechenzentren in der EU, dem EWR bzw. sicheren Drittstaaten wie z.B. Kanada oder Japan genutzt werden.\u00a0<\/p><p>Sie k\u00f6nnen bei uns eine \u00dcbersicht \u00fcber die Empf\u00e4nger in Drittstaaten und eine Kopie der konkret vereinbarten Regelungen zur Sicherstellung des angemessenen Datenschutzniveaus erhalten. Bitte nutzen Sie hierf\u00fcr die Angaben unter Ziffer 1.<\/p><h5><b>5. Speicherdauer<\/b><\/h5><p>Wir speichern Ihre personenbezogenen Daten nur so lange, wie dies f\u00fcr die Erf\u00fcllung der Zwecke erforderlich ist.\u00a0 Im Falle eines Widerrufs\/Widerspruchs l\u00f6schen wir Ihre personenbezogenen Daten, es sei denn, ihre Weiterverarbeitung ist nach den einschl\u00e4gigen gesetzlichen Bestimmungen erlaubt. Wir l\u00f6schen Ihre personenbezogenen Daten auch dann, wenn wir hierzu aus gesetzlichen Gr\u00fcnden verpflichtet sind.\u00a0<\/p><h5><b>6. Betroffenenrechte<\/b><\/h5><p>Als von der Datenverarbeitung betroffene Person stehen Ihnen zahlreiche Recht zu Verf\u00fcgung. Im Einzelnen:<\/p><p><b>Auskunftsrecht:<\/b> Sie haben das Recht, Auskunft \u00fcber die von uns zu Ihrer Person gespeicherten Daten zu erhalten.<\/p><p><b>Berichtigungs- und L\u00f6schungsrecht:<\/b> Sie k\u00f6nnen von uns die Berichtigung falscher Daten und \u2013 soweit die gesetzlichen Voraussetzungen erf\u00fcllt sind \u2013 L\u00f6schung Ihrer Daten verlangen.<\/p><p><b>Einschr\u00e4nkung der Verarbeitung:<\/b> Sie k\u00f6nnen von uns \u2013 soweit die gesetzlichen Voraussetzungen erf\u00fcllt sind \u2013 verlangen, dass wir die Verarbeitung Ihrer Daten einschr\u00e4nken.<\/p><p><b>Daten\u00fcbertragbarkeit:<\/b> Sollten Sie uns Daten auf Basis eines Vertrages oder Einwilligung bereitgestellt haben, so k\u00f6nnen Sie bei Vorliegen der gesetzlichen Voraussetzungen verlangen, dass Sie die von Ihnen bereitgestellten Daten in einem strukturierten, g\u00e4ngigen und maschinenlesbaren Format erhalten oder dass wir diese an einen anderen Verantwortlichen \u00fcbermitteln.<\/p><p><b>Widerruf von Einwilligung:<\/b> Sofern Sie uns eine Einwilligung f\u00fcr die Verarbeitung Ihrer Daten erteilt haben, k\u00f6nnen Sie diese jederzeit mit Wirkung f\u00fcr die Zukunft widerrufen. Die Rechtm\u00e4\u00dfigkeit der Verarbeitung Ihrer Daten bis zum Widerruf bleibt hiervon unber\u00fchrt.<\/p>\t\t\t\t\t\t\t\t<\/div>\n\t\t\t\t<\/div>\n\t\t\t\t<div class=\"elementor-element elementor-element-43b1f19 elementor-widget elementor-widget-text-editor\" data-id=\"43b1f19\" data-element_type=\"widget\" data-e-type=\"widget\" data-widget_type=\"text-editor.default\">\n\t\t\t\t<div class=\"elementor-widget-container\">\n\t\t\t\t\t\t\t\t\t<p><b>Beschwerderecht bei der Aufsichtsbeh\u00f6rde:<\/b> Sie k\u00f6nnen zudem eine Beschwerde bei einer zust\u00e4ndigen Aufsichtsbeh\u00f6rde einreichen, wenn Sie der Meinung sind, dass die Verarbeitung Ihrer Daten gegen geltendes Recht verst\u00f6\u00dft. Sie k\u00f6nnen sich hierzu z.B. an die Datenschutzbeh\u00f6rde wenden, die f\u00fcr ihren Wohnort, bzw. Ihr Land zust\u00e4ndig ist oder an die f\u00fcr uns zust\u00e4ndige Datenschutzbeh\u00f6rde:<\/p><p>Landesbeauftragte f\u00fcr Datenschutz und Informationsfreiheit Nordrhein-Westfalen<br \/>Kavalleriestr. 2-4<br \/>40213 D\u00fcsseldorf<br \/>Tel.: +49 (0) 211\/38424-0<br \/>Fax: +49 (0) 211\/38424-999<br \/>E-Mail: poststelle@ldi.nrw.de<\/p><p><b>Ihr Kontakt zu uns und die Aus\u00fcbung Ihrer Rechte:<\/b> Sie k\u00f6nnen sich bei Fragen zur Verarbeitung Ihrer personenbezogenen Daten, Ihren Betroffenenrechte und einer etwaigen erteilten Einwilligung unentgeltlich mit uns in Verbindung setzen. Wenden Sie sich zur Aus\u00fcbung aller Ihrer zuvor genannten Rechte bitte postalisch an die oben unter Ziffer 1 angegebene Anschrift oder nutzen Sie die ansonsten dort aufgef\u00fchrten Kontaktdaten.\u00a0<\/p>\t\t\t\t\t\t\t\t<\/div>\n\t\t\t\t<\/div>\n\t\t\t\t\t<\/div>\n\t\t<\/div>\n\t\t\t\t\t<\/div>\n\t\t<\/section>\n\t\t\t\t<\/div>\n\t\t","protected":false},"excerpt":{"rendered":"<p>Datenschutzinformation f\u00fcr Teilnehmer an Online-Meetings \u00fcber die Plattform Zoom Wir, Wessing &amp; Partner Rechtsanw\u00e4lte mbB (nachfolgend: \u201ewir\u201c oder \u201eWessing &amp; Partner\u201c) nutzen das Konferenzl\u00f6sungstool der Firma Zoom Video Communications Inc. 55 Almaden Boulevard, San Jose, CA 95115, United States (nachfolgend: \u201eZoom\u201c), um Telefonkonferenzen, Online-Meetings und\/oder Videokonferenzen (nachfolgend \u201eOnline-Meeting\u201c) durchzuf\u00fchren. Technische Details zu dem Anbieter Zoom [&hellip;]<\/p>\n","protected":false},"author":6,"featured_media":0,"parent":4872,"menu_order":0,"comment_status":"closed","ping_status":"closed","template":"","meta":{"_acf_changed":false,"footnotes":""},"class_list":["post-10893","page","type-page","status-publish","hentry"],"acf":[],"yoast_head":"<!-- This site is optimized with the Yoast SEO Premium plugin v26.1 (Yoast SEO v27.5) - https:\/\/yoast.com\/product\/yoast-seo-premium-wordpress\/ -->\n<title>Datenschutzerkl\u00e4rung | Wessing &amp; Partner<\/title>\n<meta name=\"description\" content=\"Wir respektieren Ihre Privatsph\u00e4re und verpflichten uns, Ihre personenbezogenen Daten zu sch\u00fctzen. N\u00e4heres in unserer Datenschutzerkl\u00e4rung.\" \/>\n<meta name=\"robots\" content=\"index, follow, max-snippet:-1, max-image-preview:large, max-video-preview:-1\" \/>\n<link rel=\"canonical\" href=\"https:\/\/www.strafrecht.de\/de\/meetings\/\" \/>\n<meta property=\"og:locale\" content=\"de_DE\" \/>\n<meta property=\"og:type\" content=\"article\" \/>\n<meta property=\"og:title\" content=\"Datenschutzinformation Meetings\" \/>\n<meta property=\"og:description\" content=\"Wir respektieren Ihre Privatsph\u00e4re und verpflichten uns, Ihre personenbezogenen Daten zu sch\u00fctzen. N\u00e4heres in unserer Datenschutzerkl\u00e4rung.\" \/>\n<meta property=\"og:url\" content=\"https:\/\/www.strafrecht.de\/de\/meetings\/\" \/>\n<meta property=\"og:site_name\" content=\"Wessing &amp; Partner\" \/>\n<meta property=\"article:modified_time\" content=\"2025-08-22T11:08:51+00:00\" \/>\n<meta name=\"twitter:card\" content=\"summary_large_image\" \/>\n<meta name=\"twitter:label1\" content=\"Gesch\u00e4tzte Lesezeit\" \/>\n\t<meta name=\"twitter:data1\" content=\"8\u00a0Minuten\" \/>\n<script type=\"application\/ld+json\" class=\"yoast-schema-graph\">{\"@context\":\"https:\\\/\\\/schema.org\",\"@graph\":[{\"@type\":\"WebPage\",\"@id\":\"https:\\\/\\\/www.strafrecht.de\\\/de\\\/meetings\\\/\",\"url\":\"https:\\\/\\\/www.strafrecht.de\\\/de\\\/meetings\\\/\",\"name\":\"Datenschutzerkl\u00e4rung | Wessing & Partner\",\"isPartOf\":{\"@id\":\"https:\\\/\\\/www.strafrecht.de\\\/de\\\/#website\"},\"datePublished\":\"2023-08-04T13:54:24+00:00\",\"dateModified\":\"2025-08-22T11:08:51+00:00\",\"description\":\"Wir respektieren Ihre Privatsph\u00e4re und verpflichten uns, Ihre personenbezogenen Daten zu sch\u00fctzen. N\u00e4heres in unserer Datenschutzerkl\u00e4rung.\",\"breadcrumb\":{\"@id\":\"https:\\\/\\\/www.strafrecht.de\\\/de\\\/meetings\\\/#breadcrumb\"},\"inLanguage\":\"de\",\"potentialAction\":[{\"@type\":\"ReadAction\",\"target\":[\"https:\\\/\\\/www.strafrecht.de\\\/de\\\/meetings\\\/\"]}]},{\"@type\":\"BreadcrumbList\",\"@id\":\"https:\\\/\\\/www.strafrecht.de\\\/de\\\/meetings\\\/#breadcrumb\",\"itemListElement\":[{\"@type\":\"ListItem\",\"position\":1,\"name\":\"Startseite\",\"item\":\"https:\\\/\\\/www.strafrecht.de\\\/de\\\/\"},{\"@type\":\"ListItem\",\"position\":2,\"name\":\"Datenschutz alt\",\"item\":\"https:\\\/\\\/www.strafrecht.de\\\/de\\\/?page_id=4872\"},{\"@type\":\"ListItem\",\"position\":3,\"name\":\"Datenschutzinformation Meetings\"}]},{\"@type\":\"WebSite\",\"@id\":\"https:\\\/\\\/www.strafrecht.de\\\/de\\\/#website\",\"url\":\"https:\\\/\\\/www.strafrecht.de\\\/de\\\/\",\"name\":\"Wessing &amp; Partner\",\"description\":\"Strafrecht nach allen Regeln der Kunst.\",\"potentialAction\":[{\"@type\":\"SearchAction\",\"target\":{\"@type\":\"EntryPoint\",\"urlTemplate\":\"https:\\\/\\\/www.strafrecht.de\\\/de\\\/?s={search_term_string}\"},\"query-input\":{\"@type\":\"PropertyValueSpecification\",\"valueRequired\":true,\"valueName\":\"search_term_string\"}}],\"inLanguage\":\"de\"}]}<\/script>\n<!-- \/ Yoast SEO Premium plugin. -->","yoast_head_json":{"title":"Datenschutzerkl\u00e4rung | Wessing & Partner","description":"Wir respektieren Ihre Privatsph\u00e4re und verpflichten uns, Ihre personenbezogenen Daten zu sch\u00fctzen. N\u00e4heres in unserer Datenschutzerkl\u00e4rung.","robots":{"index":"index","follow":"follow","max-snippet":"max-snippet:-1","max-image-preview":"max-image-preview:large","max-video-preview":"max-video-preview:-1"},"canonical":"https:\/\/www.strafrecht.de\/de\/meetings\/","og_locale":"de_DE","og_type":"article","og_title":"Datenschutzinformation Meetings","og_description":"Wir respektieren Ihre Privatsph\u00e4re und verpflichten uns, Ihre personenbezogenen Daten zu sch\u00fctzen. N\u00e4heres in unserer Datenschutzerkl\u00e4rung.","og_url":"https:\/\/www.strafrecht.de\/de\/meetings\/","og_site_name":"Wessing &amp; Partner","article_modified_time":"2025-08-22T11:08:51+00:00","twitter_card":"summary_large_image","twitter_misc":{"Gesch\u00e4tzte Lesezeit":"8\u00a0Minuten"},"schema":{"@context":"https:\/\/schema.org","@graph":[{"@type":"WebPage","@id":"https:\/\/www.strafrecht.de\/de\/meetings\/","url":"https:\/\/www.strafrecht.de\/de\/meetings\/","name":"Datenschutzerkl\u00e4rung | Wessing & Partner","isPartOf":{"@id":"https:\/\/www.strafrecht.de\/de\/#website"},"datePublished":"2023-08-04T13:54:24+00:00","dateModified":"2025-08-22T11:08:51+00:00","description":"Wir respektieren Ihre Privatsph\u00e4re und verpflichten uns, Ihre personenbezogenen Daten zu sch\u00fctzen. N\u00e4heres in unserer Datenschutzerkl\u00e4rung.","breadcrumb":{"@id":"https:\/\/www.strafrecht.de\/de\/meetings\/#breadcrumb"},"inLanguage":"de","potentialAction":[{"@type":"ReadAction","target":["https:\/\/www.strafrecht.de\/de\/meetings\/"]}]},{"@type":"BreadcrumbList","@id":"https:\/\/www.strafrecht.de\/de\/meetings\/#breadcrumb","itemListElement":[{"@type":"ListItem","position":1,"name":"Startseite","item":"https:\/\/www.strafrecht.de\/de\/"},{"@type":"ListItem","position":2,"name":"Datenschutz alt","item":"https:\/\/www.strafrecht.de\/de\/?page_id=4872"},{"@type":"ListItem","position":3,"name":"Datenschutzinformation Meetings"}]},{"@type":"WebSite","@id":"https:\/\/www.strafrecht.de\/de\/#website","url":"https:\/\/www.strafrecht.de\/de\/","name":"Wessing &amp; Partner","description":"Strafrecht nach allen Regeln der Kunst.","potentialAction":[{"@type":"SearchAction","target":{"@type":"EntryPoint","urlTemplate":"https:\/\/www.strafrecht.de\/de\/?s={search_term_string}"},"query-input":{"@type":"PropertyValueSpecification","valueRequired":true,"valueName":"search_term_string"}}],"inLanguage":"de"}]}},"jetpack_sharing_enabled":true,"_links":{"self":[{"href":"https:\/\/www.strafrecht.de\/de\/wp-json\/wp\/v2\/pages\/10893","targetHints":{"allow":["GET"]}}],"collection":[{"href":"https:\/\/www.strafrecht.de\/de\/wp-json\/wp\/v2\/pages"}],"about":[{"href":"https:\/\/www.strafrecht.de\/de\/wp-json\/wp\/v2\/types\/page"}],"author":[{"embeddable":true,"href":"https:\/\/www.strafrecht.de\/de\/wp-json\/wp\/v2\/users\/6"}],"replies":[{"embeddable":true,"href":"https:\/\/www.strafrecht.de\/de\/wp-json\/wp\/v2\/comments?post=10893"}],"version-history":[{"count":7,"href":"https:\/\/www.strafrecht.de\/de\/wp-json\/wp\/v2\/pages\/10893\/revisions"}],"predecessor-version":[{"id":12857,"href":"https:\/\/www.strafrecht.de\/de\/wp-json\/wp\/v2\/pages\/10893\/revisions\/12857"}],"up":[{"embeddable":true,"href":"https:\/\/www.strafrecht.de\/de\/wp-json\/wp\/v2\/pages\/4872"}],"wp:attachment":[{"href":"https:\/\/www.strafrecht.de\/de\/wp-json\/wp\/v2\/media?parent=10893"}],"curies":[{"name":"wp","href":"https:\/\/api.w.org\/{rel}","templated":true}]}}