{"id":10932,"date":"2023-08-07T14:06:40","date_gmt":"2023-08-07T12:06:40","guid":{"rendered":"https:\/\/www.strafrecht.de\/?page_id=10932"},"modified":"2025-09-11T10:44:52","modified_gmt":"2025-09-11T08:44:52","slug":"datenschutz","status":"publish","type":"page","link":"https:\/\/www.strafrecht.de\/de\/datenschutz\/","title":{"rendered":"Datenschutz"},"content":{"rendered":"\t\t<div data-elementor-type=\"wp-page\" data-elementor-id=\"10932\" class=\"elementor elementor-10932\" data-elementor-post-type=\"page\">\n\t\t\t\t\t\t<section class=\"elementor-section elementor-top-section elementor-element elementor-element-4b2f30a elementor-section-boxed elementor-section-height-default elementor-section-height-default\" data-id=\"4b2f30a\" data-element_type=\"section\" data-e-type=\"section\">\n\t\t\t\t\t\t<div class=\"elementor-container elementor-column-gap-default\">\n\t\t\t\t\t<div class=\"elementor-column elementor-col-100 elementor-top-column elementor-element elementor-element-6f625852\" data-id=\"6f625852\" data-element_type=\"column\" data-e-type=\"column\">\n\t\t\t<div class=\"elementor-widget-wrap elementor-element-populated\">\n\t\t\t\t\t\t<div class=\"elementor-element elementor-element-5398dd6 elementor-widget elementor-widget-heading\" data-id=\"5398dd6\" data-element_type=\"widget\" data-e-type=\"widget\" data-widget_type=\"heading.default\">\n\t\t\t\t<div class=\"elementor-widget-container\">\n\t\t\t\t\t<h1 class=\"elementor-heading-title elementor-size-default\">Datenschutzinformation<\/h1>\t\t\t\t<\/div>\n\t\t\t\t<\/div>\n\t\t\t\t\t<\/div>\n\t\t<\/div>\n\t\t\t\t\t<\/div>\n\t\t<\/section>\n\t\t\t\t<section class=\"elementor-section elementor-top-section elementor-element elementor-element-42b82ef elementor-section-boxed elementor-section-height-default elementor-section-height-default\" data-id=\"42b82ef\" data-element_type=\"section\" data-e-type=\"section\">\n\t\t\t\t\t\t<div class=\"elementor-container elementor-column-gap-wider\">\n\t\t\t\t\t<div class=\"elementor-column elementor-col-25 elementor-top-column elementor-element elementor-element-7e9e28f\" data-id=\"7e9e28f\" data-element_type=\"column\" data-e-type=\"column\">\n\t\t\t<div class=\"elementor-widget-wrap elementor-element-populated\">\n\t\t\t\t\t\t<div class=\"elementor-element elementor-element-3c90628 elementor-widget elementor-widget-image\" data-id=\"3c90628\" data-element_type=\"widget\" data-e-type=\"widget\" data-widget_type=\"image.default\">\n\t\t\t\t<div class=\"elementor-widget-container\">\n\t\t\t\t\t\t\t\t\t\t\t\t<figure class=\"wp-caption\">\n\t\t\t\t\t\t\t\t\t\t\t<a href=\"https:\/\/www.strafrecht.de\/de\/website\/\">\n\t\t\t\t\t\t\t<img fetchpriority=\"high\" decoding=\"async\" width=\"800\" height=\"563\" src=\"https:\/\/www.strafrecht.de\/wp-content\/uploads\/2023\/08\/Datenschutz_geneigt-1-1024x721.jpg\" class=\"elementor-animation-grow attachment-large size-large wp-image-10978\" alt=\"\" srcset=\"https:\/\/www.strafrecht.de\/wp-content\/uploads\/2023\/08\/Datenschutz_geneigt-1-1024x721.jpg 1024w, https:\/\/www.strafrecht.de\/wp-content\/uploads\/2023\/08\/Datenschutz_geneigt-1-300x211.jpg 300w, https:\/\/www.strafrecht.de\/wp-content\/uploads\/2023\/08\/Datenschutz_geneigt-1-768x541.jpg 768w, https:\/\/www.strafrecht.de\/wp-content\/uploads\/2023\/08\/Datenschutz_geneigt-1-1536x1082.jpg 1536w, https:\/\/www.strafrecht.de\/wp-content\/uploads\/2023\/08\/Datenschutz_geneigt-1-2048x1442.jpg 2048w\" sizes=\"(max-width: 800px) 100vw, 800px\" \/>\t\t\t\t\t\t\t\t<\/a>\n\t\t\t\t\t\t\t\t\t\t\t<figcaption class=\"widget-image-caption wp-caption-text\">Datenschutz f\u00fcr<br \/> unsere Website<\/figcaption>\n\t\t\t\t\t\t\t\t\t\t<\/figure>\n\t\t\t\t\t\t\t\t\t<\/div>\n\t\t\t\t<\/div>\n\t\t\t\t\t<\/div>\n\t\t<\/div>\n\t\t\t\t<div class=\"elementor-column elementor-col-25 elementor-top-column elementor-element elementor-element-e264f22\" data-id=\"e264f22\" data-element_type=\"column\" data-e-type=\"column\">\n\t\t\t<div class=\"elementor-widget-wrap elementor-element-populated\">\n\t\t\t\t\t\t<div class=\"elementor-element elementor-element-a3e58db elementor-widget elementor-widget-image\" data-id=\"a3e58db\" data-element_type=\"widget\" data-e-type=\"widget\" data-widget_type=\"image.default\">\n\t\t\t\t<div class=\"elementor-widget-container\">\n\t\t\t\t\t\t\t\t\t\t\t\t<figure class=\"wp-caption\">\n\t\t\t\t\t\t\t\t\t\t\t<a href=\"https:\/\/www.strafrecht.de\/de\/bewerber\/\">\n\t\t\t\t\t\t\t<img decoding=\"async\" width=\"800\" height=\"567\" src=\"https:\/\/www.strafrecht.de\/wp-content\/uploads\/2023\/08\/Bewerbung_geneigt.jpg\" class=\"elementor-animation-grow attachment-large size-large wp-image-10941\" alt=\"\" srcset=\"https:\/\/www.strafrecht.de\/wp-content\/uploads\/2023\/08\/Bewerbung_geneigt.jpg 940w, https:\/\/www.strafrecht.de\/wp-content\/uploads\/2023\/08\/Bewerbung_geneigt-300x213.jpg 300w, https:\/\/www.strafrecht.de\/wp-content\/uploads\/2023\/08\/Bewerbung_geneigt-768x544.jpg 768w\" sizes=\"(max-width: 800px) 100vw, 800px\" \/>\t\t\t\t\t\t\t\t<\/a>\n\t\t\t\t\t\t\t\t\t\t\t<figcaption class=\"widget-image-caption wp-caption-text\">Datenschutz f\u00fcr<br \/>Bewerber<\/figcaption>\n\t\t\t\t\t\t\t\t\t\t<\/figure>\n\t\t\t\t\t\t\t\t\t<\/div>\n\t\t\t\t<\/div>\n\t\t\t\t\t<\/div>\n\t\t<\/div>\n\t\t\t\t<div class=\"elementor-column elementor-col-25 elementor-top-column elementor-element elementor-element-44bebb7\" data-id=\"44bebb7\" data-element_type=\"column\" data-e-type=\"column\">\n\t\t\t<div class=\"elementor-widget-wrap elementor-element-populated\">\n\t\t\t\t\t\t<div class=\"elementor-element elementor-element-aef89c7 elementor-widget elementor-widget-image\" data-id=\"aef89c7\" data-element_type=\"widget\" data-e-type=\"widget\" data-widget_type=\"image.default\">\n\t\t\t\t<div class=\"elementor-widget-container\">\n\t\t\t\t\t\t\t\t\t\t\t\t<figure class=\"wp-caption\">\n\t\t\t\t\t\t\t\t\t\t\t<a href=\"https:\/\/www.strafrecht.de\/de\/mandanten\/\">\n\t\t\t\t\t\t\t<img fetchpriority=\"high\" decoding=\"async\" width=\"800\" height=\"563\" src=\"https:\/\/www.strafrecht.de\/wp-content\/uploads\/2023\/08\/Datenschutz_geneigt-1-1024x721.jpg\" class=\"elementor-animation-grow attachment-large size-large wp-image-10978\" alt=\"\" srcset=\"https:\/\/www.strafrecht.de\/wp-content\/uploads\/2023\/08\/Datenschutz_geneigt-1-1024x721.jpg 1024w, https:\/\/www.strafrecht.de\/wp-content\/uploads\/2023\/08\/Datenschutz_geneigt-1-300x211.jpg 300w, https:\/\/www.strafrecht.de\/wp-content\/uploads\/2023\/08\/Datenschutz_geneigt-1-768x541.jpg 768w, https:\/\/www.strafrecht.de\/wp-content\/uploads\/2023\/08\/Datenschutz_geneigt-1-1536x1082.jpg 1536w, https:\/\/www.strafrecht.de\/wp-content\/uploads\/2023\/08\/Datenschutz_geneigt-1-2048x1442.jpg 2048w\" sizes=\"(max-width: 800px) 100vw, 800px\" \/>\t\t\t\t\t\t\t\t<\/a>\n\t\t\t\t\t\t\t\t\t\t\t<figcaption class=\"widget-image-caption wp-caption-text\">Datenschutz f\u00fcr<br \/>Mandanten<\/figcaption>\n\t\t\t\t\t\t\t\t\t\t<\/figure>\n\t\t\t\t\t\t\t\t\t<\/div>\n\t\t\t\t<\/div>\n\t\t\t\t\t<\/div>\n\t\t<\/div>\n\t\t\t\t<div class=\"elementor-column elementor-col-25 elementor-top-column elementor-element elementor-element-1c0881a\" data-id=\"1c0881a\" data-element_type=\"column\" data-e-type=\"column\">\n\t\t\t<div class=\"elementor-widget-wrap elementor-element-populated\">\n\t\t\t\t\t\t<div class=\"elementor-element elementor-element-a0d0a06 elementor-widget elementor-widget-image\" data-id=\"a0d0a06\" data-element_type=\"widget\" data-e-type=\"widget\" data-widget_type=\"image.default\">\n\t\t\t\t<div class=\"elementor-widget-container\">\n\t\t\t\t\t\t\t\t\t\t\t\t<figure class=\"wp-caption\">\n\t\t\t\t\t\t\t\t\t\t\t<a href=\"https:\/\/www.strafrecht.de\/de\/meetings\/\">\n\t\t\t\t\t\t\t<img fetchpriority=\"high\" decoding=\"async\" width=\"800\" height=\"563\" src=\"https:\/\/www.strafrecht.de\/wp-content\/uploads\/2023\/08\/Datenschutz_geneigt-1-1024x721.jpg\" class=\"elementor-animation-grow attachment-large size-large wp-image-10978\" alt=\"\" srcset=\"https:\/\/www.strafrecht.de\/wp-content\/uploads\/2023\/08\/Datenschutz_geneigt-1-1024x721.jpg 1024w, https:\/\/www.strafrecht.de\/wp-content\/uploads\/2023\/08\/Datenschutz_geneigt-1-300x211.jpg 300w, https:\/\/www.strafrecht.de\/wp-content\/uploads\/2023\/08\/Datenschutz_geneigt-1-768x541.jpg 768w, https:\/\/www.strafrecht.de\/wp-content\/uploads\/2023\/08\/Datenschutz_geneigt-1-1536x1082.jpg 1536w, https:\/\/www.strafrecht.de\/wp-content\/uploads\/2023\/08\/Datenschutz_geneigt-1-2048x1442.jpg 2048w\" sizes=\"(max-width: 800px) 100vw, 800px\" \/>\t\t\t\t\t\t\t\t<\/a>\n\t\t\t\t\t\t\t\t\t\t\t<figcaption class=\"widget-image-caption wp-caption-text\">Datenschutz f\u00fcr<br \/>Online-Meetings<\/figcaption>\n\t\t\t\t\t\t\t\t\t\t<\/figure>\n\t\t\t\t\t\t\t\t\t<\/div>\n\t\t\t\t<\/div>\n\t\t\t\t\t<\/div>\n\t\t<\/div>\n\t\t\t\t\t<\/div>\n\t\t<\/section>\n\t\t\t\t<section class=\"elementor-section elementor-top-section elementor-element elementor-element-cccff8b elementor-section-boxed elementor-section-height-default elementor-section-height-default\" data-id=\"cccff8b\" data-element_type=\"section\" data-e-type=\"section\">\n\t\t\t\t\t\t<div class=\"elementor-container elementor-column-gap-wider\">\n\t\t\t\t\t<div class=\"elementor-column elementor-col-25 elementor-top-column elementor-element elementor-element-8efe654\" data-id=\"8efe654\" data-element_type=\"column\" data-e-type=\"column\">\n\t\t\t<div class=\"elementor-widget-wrap elementor-element-populated\">\n\t\t\t\t\t\t<div class=\"elementor-element elementor-element-8fa80d9 elementor-widget elementor-widget-image\" data-id=\"8fa80d9\" data-element_type=\"widget\" data-e-type=\"widget\" data-widget_type=\"image.default\">\n\t\t\t\t<div class=\"elementor-widget-container\">\n\t\t\t\t\t\t\t\t\t\t\t\t<figure class=\"wp-caption\">\n\t\t\t\t\t\t\t\t\t\t\t<a href=\"https:\/\/www.strafrecht.de\/de\/xing\/\">\n\t\t\t\t\t\t\t<img fetchpriority=\"high\" decoding=\"async\" width=\"800\" height=\"563\" src=\"https:\/\/www.strafrecht.de\/wp-content\/uploads\/2023\/08\/Datenschutz_geneigt-1-1024x721.jpg\" class=\"elementor-animation-grow attachment-large size-large wp-image-10978\" alt=\"\" srcset=\"https:\/\/www.strafrecht.de\/wp-content\/uploads\/2023\/08\/Datenschutz_geneigt-1-1024x721.jpg 1024w, https:\/\/www.strafrecht.de\/wp-content\/uploads\/2023\/08\/Datenschutz_geneigt-1-300x211.jpg 300w, https:\/\/www.strafrecht.de\/wp-content\/uploads\/2023\/08\/Datenschutz_geneigt-1-768x541.jpg 768w, https:\/\/www.strafrecht.de\/wp-content\/uploads\/2023\/08\/Datenschutz_geneigt-1-1536x1082.jpg 1536w, https:\/\/www.strafrecht.de\/wp-content\/uploads\/2023\/08\/Datenschutz_geneigt-1-2048x1442.jpg 2048w\" sizes=\"(max-width: 800px) 100vw, 800px\" \/>\t\t\t\t\t\t\t\t<\/a>\n\t\t\t\t\t\t\t\t\t\t\t<figcaption class=\"widget-image-caption wp-caption-text\">Datenschutz f\u00fcr<br \/>Besucher von XING<\/figcaption>\n\t\t\t\t\t\t\t\t\t\t<\/figure>\n\t\t\t\t\t\t\t\t\t<\/div>\n\t\t\t\t<\/div>\n\t\t\t\t\t<\/div>\n\t\t<\/div>\n\t\t\t\t<div class=\"elementor-column elementor-col-25 elementor-top-column elementor-element elementor-element-66a346c\" data-id=\"66a346c\" data-element_type=\"column\" data-e-type=\"column\">\n\t\t\t<div class=\"elementor-widget-wrap elementor-element-populated\">\n\t\t\t\t\t\t<div class=\"elementor-element elementor-element-9dd07ae elementor-widget elementor-widget-image\" data-id=\"9dd07ae\" data-element_type=\"widget\" data-e-type=\"widget\" data-widget_type=\"image.default\">\n\t\t\t\t<div class=\"elementor-widget-container\">\n\t\t\t\t\t\t\t\t\t\t\t\t<figure class=\"wp-caption\">\n\t\t\t\t\t\t\t\t\t\t\t<a href=\"https:\/\/www.strafrecht.de\/de\/linkedin\/\">\n\t\t\t\t\t\t\t<img fetchpriority=\"high\" decoding=\"async\" width=\"800\" height=\"563\" src=\"https:\/\/www.strafrecht.de\/wp-content\/uploads\/2023\/08\/Datenschutz_geneigt-1-1024x721.jpg\" class=\"elementor-animation-grow attachment-large size-large wp-image-10978\" alt=\"\" srcset=\"https:\/\/www.strafrecht.de\/wp-content\/uploads\/2023\/08\/Datenschutz_geneigt-1-1024x721.jpg 1024w, https:\/\/www.strafrecht.de\/wp-content\/uploads\/2023\/08\/Datenschutz_geneigt-1-300x211.jpg 300w, https:\/\/www.strafrecht.de\/wp-content\/uploads\/2023\/08\/Datenschutz_geneigt-1-768x541.jpg 768w, https:\/\/www.strafrecht.de\/wp-content\/uploads\/2023\/08\/Datenschutz_geneigt-1-1536x1082.jpg 1536w, https:\/\/www.strafrecht.de\/wp-content\/uploads\/2023\/08\/Datenschutz_geneigt-1-2048x1442.jpg 2048w\" sizes=\"(max-width: 800px) 100vw, 800px\" \/>\t\t\t\t\t\t\t\t<\/a>\n\t\t\t\t\t\t\t\t\t\t\t<figcaption class=\"widget-image-caption wp-caption-text\">Datenschutz f\u00fcr<br \/>Besucher von LinkedIn<\/figcaption>\n\t\t\t\t\t\t\t\t\t\t<\/figure>\n\t\t\t\t\t\t\t\t\t<\/div>\n\t\t\t\t<\/div>\n\t\t\t\t\t<\/div>\n\t\t<\/div>\n\t\t\t\t<div class=\"elementor-column elementor-col-25 elementor-top-column elementor-element elementor-element-44990b7\" data-id=\"44990b7\" data-element_type=\"column\" data-e-type=\"column\">\n\t\t\t<div class=\"elementor-widget-wrap elementor-element-populated\">\n\t\t\t\t\t\t<div class=\"elementor-element elementor-element-e06fc29 elementor-widget elementor-widget-image\" data-id=\"e06fc29\" data-element_type=\"widget\" data-e-type=\"widget\" data-widget_type=\"image.default\">\n\t\t\t\t<div class=\"elementor-widget-container\">\n\t\t\t\t\t\t\t\t\t\t\t\t<figure class=\"wp-caption\">\n\t\t\t\t\t\t\t\t\t\t\t<a href=\"https:\/\/www.strafrecht.de\/de\/instagram\/\">\n\t\t\t\t\t\t\t<img fetchpriority=\"high\" decoding=\"async\" width=\"800\" height=\"563\" src=\"https:\/\/www.strafrecht.de\/wp-content\/uploads\/2023\/08\/Datenschutz_geneigt-1-1024x721.jpg\" class=\"elementor-animation-grow attachment-large size-large wp-image-10978\" alt=\"\" srcset=\"https:\/\/www.strafrecht.de\/wp-content\/uploads\/2023\/08\/Datenschutz_geneigt-1-1024x721.jpg 1024w, https:\/\/www.strafrecht.de\/wp-content\/uploads\/2023\/08\/Datenschutz_geneigt-1-300x211.jpg 300w, https:\/\/www.strafrecht.de\/wp-content\/uploads\/2023\/08\/Datenschutz_geneigt-1-768x541.jpg 768w, https:\/\/www.strafrecht.de\/wp-content\/uploads\/2023\/08\/Datenschutz_geneigt-1-1536x1082.jpg 1536w, https:\/\/www.strafrecht.de\/wp-content\/uploads\/2023\/08\/Datenschutz_geneigt-1-2048x1442.jpg 2048w\" sizes=\"(max-width: 800px) 100vw, 800px\" \/>\t\t\t\t\t\t\t\t<\/a>\n\t\t\t\t\t\t\t\t\t\t\t<figcaption class=\"widget-image-caption wp-caption-text\">Datenschutz f\u00fcr<br \/>Besucher von Instagram<\/figcaption>\n\t\t\t\t\t\t\t\t\t\t<\/figure>\n\t\t\t\t\t\t\t\t\t<\/div>\n\t\t\t\t<\/div>\n\t\t\t\t\t<\/div>\n\t\t<\/div>\n\t\t\t\t<div class=\"elementor-column elementor-col-25 elementor-top-column elementor-element elementor-element-db502fd\" data-id=\"db502fd\" data-element_type=\"column\" data-e-type=\"column\">\n\t\t\t<div class=\"elementor-widget-wrap\">\n\t\t\t\t\t\t\t<\/div>\n\t\t<\/div>\n\t\t\t\t\t<\/div>\n\t\t<\/section>\n\t\t\t\t<\/div>\n\t\t","protected":false},"excerpt":{"rendered":"<p>Datenschutzinformation Datenschutz f\u00fcr unsere Website Datenschutz f\u00fcrBewerber Datenschutz f\u00fcrMandanten Datenschutz f\u00fcrOnline-Meetings Datenschutz f\u00fcrBesucher von XING Datenschutz f\u00fcrBesucher von LinkedIn Datenschutz f\u00fcrBesucher von Instagram<\/p>\n","protected":false},"author":6,"featured_media":0,"parent":0,"menu_order":0,"comment_status":"closed","ping_status":"closed","template":"","meta":{"_acf_changed":false,"footnotes":""},"class_list":["post-10932","page","type-page","status-publish","hentry"],"acf":[],"yoast_head":"<!-- This site is optimized with the Yoast SEO Premium plugin v26.1 (Yoast SEO v27.5) - https:\/\/yoast.com\/product\/yoast-seo-premium-wordpress\/ -->\n<title>Datenschutzerkl\u00e4rung | Wessing &amp; Partner<\/title>\n<meta name=\"description\" content=\"Wir respektieren Ihre Privatsph\u00e4re und verpflichten uns, Ihre personenbezogenen Daten zu sch\u00fctzen. N\u00e4heres in unserer Datenschutzerkl\u00e4rung.\" \/>\n<meta name=\"robots\" content=\"index, follow, max-snippet:-1, max-image-preview:large, max-video-preview:-1\" \/>\n<link rel=\"canonical\" href=\"https:\/\/www.strafrecht.de\/de\/datenschutz\/\" \/>\n<meta property=\"og:locale\" content=\"de_DE\" \/>\n<meta property=\"og:type\" content=\"article\" \/>\n<meta property=\"og:title\" content=\"Datenschutz\" \/>\n<meta property=\"og:description\" content=\"Wir respektieren Ihre Privatsph\u00e4re und verpflichten uns, Ihre personenbezogenen Daten zu sch\u00fctzen. N\u00e4heres in unserer Datenschutzerkl\u00e4rung.\" \/>\n<meta property=\"og:url\" content=\"https:\/\/www.strafrecht.de\/de\/datenschutz\/\" \/>\n<meta property=\"og:site_name\" content=\"Wessing &amp; Partner\" \/>\n<meta property=\"article:modified_time\" content=\"2025-09-11T08:44:52+00:00\" \/>\n<meta property=\"og:image\" content=\"https:\/\/www.strafrecht.de\/wp-content\/uploads\/2023\/08\/Datenschutz_geneigt-1.jpg\" \/>\n\t<meta property=\"og:image:width\" content=\"2495\" \/>\n\t<meta property=\"og:image:height\" content=\"1757\" \/>\n\t<meta property=\"og:image:type\" content=\"image\/jpeg\" \/>\n<meta name=\"twitter:card\" content=\"summary_large_image\" \/>\n<meta name=\"twitter:label1\" content=\"Gesch\u00e4tzte Lesezeit\" \/>\n\t<meta name=\"twitter:data1\" content=\"2\u00a0Minuten\" \/>\n<script type=\"application\/ld+json\" class=\"yoast-schema-graph\">{\"@context\":\"https:\\\/\\\/schema.org\",\"@graph\":[{\"@type\":\"WebPage\",\"@id\":\"https:\\\/\\\/www.strafrecht.de\\\/de\\\/datenschutz\\\/\",\"url\":\"https:\\\/\\\/www.strafrecht.de\\\/de\\\/datenschutz\\\/\",\"name\":\"Datenschutzerkl\u00e4rung | Wessing & Partner\",\"isPartOf\":{\"@id\":\"https:\\\/\\\/www.strafrecht.de\\\/de\\\/#website\"},\"primaryImageOfPage\":{\"@id\":\"https:\\\/\\\/www.strafrecht.de\\\/de\\\/datenschutz\\\/#primaryimage\"},\"image\":{\"@id\":\"https:\\\/\\\/www.strafrecht.de\\\/de\\\/datenschutz\\\/#primaryimage\"},\"thumbnailUrl\":\"https:\\\/\\\/www.strafrecht.de\\\/wp-content\\\/uploads\\\/2023\\\/08\\\/Datenschutz_geneigt-1-1024x721.jpg\",\"datePublished\":\"2023-08-07T12:06:40+00:00\",\"dateModified\":\"2025-09-11T08:44:52+00:00\",\"description\":\"Wir respektieren Ihre Privatsph\u00e4re und verpflichten uns, Ihre personenbezogenen Daten zu sch\u00fctzen. N\u00e4heres in unserer Datenschutzerkl\u00e4rung.\",\"breadcrumb\":{\"@id\":\"https:\\\/\\\/www.strafrecht.de\\\/de\\\/datenschutz\\\/#breadcrumb\"},\"inLanguage\":\"de\",\"potentialAction\":[{\"@type\":\"ReadAction\",\"target\":[\"https:\\\/\\\/www.strafrecht.de\\\/de\\\/datenschutz\\\/\"]}]},{\"@type\":\"ImageObject\",\"inLanguage\":\"de\",\"@id\":\"https:\\\/\\\/www.strafrecht.de\\\/de\\\/datenschutz\\\/#primaryimage\",\"url\":\"https:\\\/\\\/www.strafrecht.de\\\/wp-content\\\/uploads\\\/2023\\\/08\\\/Datenschutz_geneigt-1-1024x721.jpg\",\"contentUrl\":\"https:\\\/\\\/www.strafrecht.de\\\/wp-content\\\/uploads\\\/2023\\\/08\\\/Datenschutz_geneigt-1-1024x721.jpg\"},{\"@type\":\"BreadcrumbList\",\"@id\":\"https:\\\/\\\/www.strafrecht.de\\\/de\\\/datenschutz\\\/#breadcrumb\",\"itemListElement\":[{\"@type\":\"ListItem\",\"position\":1,\"name\":\"Startseite\",\"item\":\"https:\\\/\\\/www.strafrecht.de\\\/de\\\/\"},{\"@type\":\"ListItem\",\"position\":2,\"name\":\"Datenschutz\"}]},{\"@type\":\"WebSite\",\"@id\":\"https:\\\/\\\/www.strafrecht.de\\\/de\\\/#website\",\"url\":\"https:\\\/\\\/www.strafrecht.de\\\/de\\\/\",\"name\":\"Wessing &amp; Partner\",\"description\":\"Strafrecht nach allen Regeln der Kunst.\",\"potentialAction\":[{\"@type\":\"SearchAction\",\"target\":{\"@type\":\"EntryPoint\",\"urlTemplate\":\"https:\\\/\\\/www.strafrecht.de\\\/de\\\/?s={search_term_string}\"},\"query-input\":{\"@type\":\"PropertyValueSpecification\",\"valueRequired\":true,\"valueName\":\"search_term_string\"}}],\"inLanguage\":\"de\"}]}<\/script>\n<!-- \/ Yoast SEO Premium plugin. -->","yoast_head_json":{"title":"Datenschutzerkl\u00e4rung | Wessing & Partner","description":"Wir respektieren Ihre Privatsph\u00e4re und verpflichten uns, Ihre personenbezogenen Daten zu sch\u00fctzen. N\u00e4heres in unserer Datenschutzerkl\u00e4rung.","robots":{"index":"index","follow":"follow","max-snippet":"max-snippet:-1","max-image-preview":"max-image-preview:large","max-video-preview":"max-video-preview:-1"},"canonical":"https:\/\/www.strafrecht.de\/de\/datenschutz\/","og_locale":"de_DE","og_type":"article","og_title":"Datenschutz","og_description":"Wir respektieren Ihre Privatsph\u00e4re und verpflichten uns, Ihre personenbezogenen Daten zu sch\u00fctzen. N\u00e4heres in unserer Datenschutzerkl\u00e4rung.","og_url":"https:\/\/www.strafrecht.de\/de\/datenschutz\/","og_site_name":"Wessing &amp; Partner","article_modified_time":"2025-09-11T08:44:52+00:00","og_image":[{"width":2495,"height":1757,"url":"https:\/\/www.strafrecht.de\/wp-content\/uploads\/2023\/08\/Datenschutz_geneigt-1.jpg","type":"image\/jpeg"}],"twitter_card":"summary_large_image","twitter_misc":{"Gesch\u00e4tzte Lesezeit":"2\u00a0Minuten"},"schema":{"@context":"https:\/\/schema.org","@graph":[{"@type":"WebPage","@id":"https:\/\/www.strafrecht.de\/de\/datenschutz\/","url":"https:\/\/www.strafrecht.de\/de\/datenschutz\/","name":"Datenschutzerkl\u00e4rung | Wessing & Partner","isPartOf":{"@id":"https:\/\/www.strafrecht.de\/de\/#website"},"primaryImageOfPage":{"@id":"https:\/\/www.strafrecht.de\/de\/datenschutz\/#primaryimage"},"image":{"@id":"https:\/\/www.strafrecht.de\/de\/datenschutz\/#primaryimage"},"thumbnailUrl":"https:\/\/www.strafrecht.de\/wp-content\/uploads\/2023\/08\/Datenschutz_geneigt-1-1024x721.jpg","datePublished":"2023-08-07T12:06:40+00:00","dateModified":"2025-09-11T08:44:52+00:00","description":"Wir respektieren Ihre Privatsph\u00e4re und verpflichten uns, Ihre personenbezogenen Daten zu sch\u00fctzen. N\u00e4heres in unserer Datenschutzerkl\u00e4rung.","breadcrumb":{"@id":"https:\/\/www.strafrecht.de\/de\/datenschutz\/#breadcrumb"},"inLanguage":"de","potentialAction":[{"@type":"ReadAction","target":["https:\/\/www.strafrecht.de\/de\/datenschutz\/"]}]},{"@type":"ImageObject","inLanguage":"de","@id":"https:\/\/www.strafrecht.de\/de\/datenschutz\/#primaryimage","url":"https:\/\/www.strafrecht.de\/wp-content\/uploads\/2023\/08\/Datenschutz_geneigt-1-1024x721.jpg","contentUrl":"https:\/\/www.strafrecht.de\/wp-content\/uploads\/2023\/08\/Datenschutz_geneigt-1-1024x721.jpg"},{"@type":"BreadcrumbList","@id":"https:\/\/www.strafrecht.de\/de\/datenschutz\/#breadcrumb","itemListElement":[{"@type":"ListItem","position":1,"name":"Startseite","item":"https:\/\/www.strafrecht.de\/de\/"},{"@type":"ListItem","position":2,"name":"Datenschutz"}]},{"@type":"WebSite","@id":"https:\/\/www.strafrecht.de\/de\/#website","url":"https:\/\/www.strafrecht.de\/de\/","name":"Wessing &amp; Partner","description":"Strafrecht nach allen Regeln der Kunst.","potentialAction":[{"@type":"SearchAction","target":{"@type":"EntryPoint","urlTemplate":"https:\/\/www.strafrecht.de\/de\/?s={search_term_string}"},"query-input":{"@type":"PropertyValueSpecification","valueRequired":true,"valueName":"search_term_string"}}],"inLanguage":"de"}]}},"jetpack_sharing_enabled":true,"_links":{"self":[{"href":"https:\/\/www.strafrecht.de\/de\/wp-json\/wp\/v2\/pages\/10932","targetHints":{"allow":["GET"]}}],"collection":[{"href":"https:\/\/www.strafrecht.de\/de\/wp-json\/wp\/v2\/pages"}],"about":[{"href":"https:\/\/www.strafrecht.de\/de\/wp-json\/wp\/v2\/types\/page"}],"author":[{"embeddable":true,"href":"https:\/\/www.strafrecht.de\/de\/wp-json\/wp\/v2\/users\/6"}],"replies":[{"embeddable":true,"href":"https:\/\/www.strafrecht.de\/de\/wp-json\/wp\/v2\/comments?post=10932"}],"version-history":[{"count":34,"href":"https:\/\/www.strafrecht.de\/de\/wp-json\/wp\/v2\/pages\/10932\/revisions"}],"predecessor-version":[{"id":12983,"href":"https:\/\/www.strafrecht.de\/de\/wp-json\/wp\/v2\/pages\/10932\/revisions\/12983"}],"wp:attachment":[{"href":"https:\/\/www.strafrecht.de\/de\/wp-json\/wp\/v2\/media?parent=10932"}],"curies":[{"name":"wp","href":"https:\/\/api.w.org\/{rel}","templated":true}]}}