{"id":4234,"date":"2021-12-09T15:12:37","date_gmt":"2021-12-09T15:12:37","guid":{"rendered":"https:\/\/dev.strafrecht.de\/?page_id=4234"},"modified":"2023-04-12T15:44:12","modified_gmt":"2023-04-12T15:44:12","slug":"arzt-und-medizin","status":"publish","type":"page","link":"https:\/\/www.strafrecht.de\/de\/arzt-und-medizin\/","title":{"rendered":"Arzt &#038; Medizin"},"content":{"rendered":"\t\t<div data-elementor-type=\"wp-page\" data-elementor-id=\"4234\" class=\"elementor elementor-4234\" data-elementor-post-type=\"page\">\n\t\t\t\t\t\t<section class=\"elementor-section elementor-top-section elementor-element elementor-element-70ba194 elementor-section-boxed elementor-section-height-default elementor-section-height-default\" data-id=\"70ba194\" data-element_type=\"section\" data-e-type=\"section\">\n\t\t\t\t\t\t<div class=\"elementor-container elementor-column-gap-default\">\n\t\t\t\t\t<div class=\"elementor-column elementor-col-50 elementor-top-column elementor-element elementor-element-ae069a2\" data-id=\"ae069a2\" data-element_type=\"column\" data-e-type=\"column\">\n\t\t\t<div class=\"elementor-widget-wrap elementor-element-populated\">\n\t\t\t\t\t\t<div class=\"elementor-element elementor-element-fb7a4ac elementor-widget elementor-widget-image\" data-id=\"fb7a4ac\" data-element_type=\"widget\" data-e-type=\"widget\" data-widget_type=\"image.default\">\n\t\t\t\t<div class=\"elementor-widget-container\">\n\t\t\t\t\t\t\t\t\t\t\t\t\t\t\t<img fetchpriority=\"high\" decoding=\"async\" width=\"1260\" height=\"780\" src=\"https:\/\/www.strafrecht.de\/wp-content\/uploads\/2021\/12\/2021_WUP_Website_2471-1260-1260x780.jpg\" class=\"attachment-landscape-1 size-landscape-1 wp-image-5237\" alt=\"\" srcset=\"https:\/\/www.strafrecht.de\/wp-content\/uploads\/2021\/12\/2021_WUP_Website_2471-1260.jpg 1260w, https:\/\/www.strafrecht.de\/wp-content\/uploads\/2021\/12\/2021_WUP_Website_2471-1260-300x186.jpg 300w, https:\/\/www.strafrecht.de\/wp-content\/uploads\/2021\/12\/2021_WUP_Website_2471-1260-1024x634.jpg 1024w, https:\/\/www.strafrecht.de\/wp-content\/uploads\/2021\/12\/2021_WUP_Website_2471-1260-768x475.jpg 768w\" sizes=\"(max-width: 1260px) 100vw, 1260px\" \/>\t\t\t\t\t\t\t\t\t\t\t\t\t\t\t<\/div>\n\t\t\t\t<\/div>\n\t\t\t\t\t<\/div>\n\t\t<\/div>\n\t\t\t\t<div class=\"elementor-column elementor-col-50 elementor-top-column elementor-element elementor-element-41122b6\" data-id=\"41122b6\" data-element_type=\"column\" data-e-type=\"column\">\n\t\t\t<div class=\"elementor-widget-wrap elementor-element-populated\">\n\t\t\t\t\t\t<div class=\"elementor-element elementor-element-9b60cd5 elementor-widget elementor-widget-image\" data-id=\"9b60cd5\" data-element_type=\"widget\" data-e-type=\"widget\" data-widget_type=\"image.default\">\n\t\t\t\t<div class=\"elementor-widget-container\">\n\t\t\t\t\t\t\t\t\t\t\t\t\t\t\t<img decoding=\"async\" width=\"1580\" height=\"780\" src=\"https:\/\/www.strafrecht.de\/wp-content\/uploads\/2023\/04\/2023_crf_WUP_8115_LoRes-1580x780.jpg\" class=\"attachment-landscape-2 size-landscape-2 wp-image-10335\" alt=\"\" \/>\t\t\t\t\t\t\t\t\t\t\t\t\t\t\t<\/div>\n\t\t\t\t<\/div>\n\t\t\t\t\t<\/div>\n\t\t<\/div>\n\t\t\t\t\t<\/div>\n\t\t<\/section>\n\t\t\t\t<section class=\"elementor-section elementor-top-section elementor-element elementor-element-38230dc elementor-section-boxed elementor-section-height-default elementor-section-height-default\" data-id=\"38230dc\" data-element_type=\"section\" data-e-type=\"section\">\n\t\t\t\t\t\t<div class=\"elementor-container elementor-column-gap-default\">\n\t\t\t\t\t<div class=\"elementor-column elementor-col-66 elementor-top-column elementor-element elementor-element-55a6342\" data-id=\"55a6342\" data-element_type=\"column\" data-e-type=\"column\">\n\t\t\t<div class=\"elementor-widget-wrap elementor-element-populated\">\n\t\t\t\t\t\t<div class=\"elementor-element elementor-element-93c7a88 elementor-widget elementor-widget-text-editor\" data-id=\"93c7a88\" data-element_type=\"widget\" data-e-type=\"widget\" data-widget_type=\"text-editor.default\">\n\t\t\t\t<div class=\"elementor-widget-container\">\n\t\t\t\t\t\t\t\t\t<div><p>Vertrauen kennzeichnet den medizinischen Bereich in besonderem Ma\u00dfe. F\u00fcr Patienten, die sich in die H\u00e4nde von Medizinern begeben, ist es unabdingbar. Ersch\u00fcttern Behandlungsfehler oder gro\u00dfangelegte F\u00e4lle von Abrechnungsbetrug dieses Vertrauen, geht es darum, es schnellstm\u00f6glich wiederherzustellen. Ermittler in Arzt- und Medizinstrafsachen werden daher intensiv unterst\u00fctzt vor allem durch Kassen\u00e4rztliche Vereinigungen, Krankenkassen und private Krankenversicherungen.<\/p><\/div><div><p>Der Verfolgungsdruck auf Akteure im Gesundheitsbereich hat deutlich zugenommen. In ihrem sensiblen T\u00e4tigkeitsumfeld werden sie schnell vom Helfer zum Beschuldigten, was nicht nur strafrechtliche, sondern f\u00fcr betroffene Mediziner auch berufsrechtliche Konsequenzen haben kann bis zum Verlust der Zulassung.<\/p><p>Wir unterst\u00fctzen beschuldigte Mediziner dabei, im Ermittlungs- und Hauptverfahren ein sp\u00fcrbares Gegengewicht zu setzen. Aufgrund unserer besonderen Spezialisierung im Arzt- und Medizinstrafrecht haben wir nicht nur die m\u00f6glichen Folgen f\u00fcr Approbation und Vertragsarztzulassung im Blick, sondern wir k\u00f6nnen auch den Sachverhalt fachgerecht einsch\u00e4tzen und die bestm\u00f6gliche Verteidigungsstrategie entwickeln.<\/p><\/div><div><p>Gleicherma\u00dfen vertreten wir Medizinproduktehersteller und Unternehmen aus dem Bereich Pharma und Healthcare, wenn sie ins Visier strafrechtlicher Ermittlungen geraten.<\/p><p>Weil das Gesundheitswesen oftmals strafrechtliche Risiken birgt, sind funktionierende Compliance-Konzepte zum Schutz der im Gesundheitswesen t\u00e4tigen Akteure besonders wichtig. Wir entwickeln solche Konzepte gemeinsam mit Kliniken, Krankenh\u00e4usern und \u00c4rzten und unterst\u00fctzen sie bei der Umsetzung.<\/p><\/div><p><span style=\"color: #0090d6;\">Typische Themen:<\/span><\/p><ul><li>Unterlassene Hilfeleistung; fahrl\u00e4ssige T\u00f6tung oder K\u00f6rperverletzung<\/li><li>Abrechnungsbetrug<\/li><li>Untreue oder\u00a0<a href=\"https:\/\/www.strafrecht.de\/de\/korruption\/\">Korruption<\/a>\u00a0im medizinischen Bereich<\/li><li>Verst\u00f6\u00dfe gegen das Arzneimittel- und das Bet\u00e4ubungsmittelgesetz<\/li><\/ul><p><span style=\"color: #0090d6;\">\u00a0<\/span><\/p><p><span style=\"color: #0090d6;\">Sie k\u00f6nnen auf uns z\u00e4hlen:<\/span><\/p><ul><li>\u00c4rzte<\/li><li>Apotheker<\/li><li>Medizinische Versorgungszentren (MVZ)<\/li><li>Krankenh\u00e4user und Kliniken<\/li><li>Pflegeeinrichtungen<\/li><li>Labore<\/li><li>Medizinproduktehersteller<\/li><li>Pharmaunternehmen<\/li><\/ul>\t\t\t\t\t\t\t\t<\/div>\n\t\t\t\t<\/div>\n\t\t\t\t\t<\/div>\n\t\t<\/div>\n\t\t\t\t<div class=\"elementor-column elementor-col-33 elementor-top-column elementor-element elementor-element-fe3d9f4\" data-id=\"fe3d9f4\" data-element_type=\"column\" data-e-type=\"column\">\n\t\t\t<div class=\"elementor-widget-wrap elementor-element-populated\">\n\t\t\t\t\t\t<div class=\"elementor-element elementor-element-6bb9ff2 elementor-widget elementor-widget-spacer\" data-id=\"6bb9ff2\" data-element_type=\"widget\" data-e-type=\"widget\" data-widget_type=\"spacer.default\">\n\t\t\t\t<div class=\"elementor-widget-container\">\n\t\t\t\t\t\t\t<div class=\"elementor-spacer\">\n\t\t\t<div class=\"elementor-spacer-inner\"><\/div>\n\t\t<\/div>\n\t\t\t\t\t\t<\/div>\n\t\t\t\t<\/div>\n\t\t\t\t<div class=\"elementor-element elementor-element-09d3730 elementor-grid-1 elementor-posts--thumbnail-top elementor-grid-tablet-2 elementor-grid-mobile-1 elementor-widget elementor-widget-posts\" data-id=\"09d3730\" data-element_type=\"widget\" data-e-type=\"widget\" data-settings=\"{&quot;custom_columns&quot;:&quot;1&quot;,&quot;custom_row_gap&quot;:{&quot;unit&quot;:&quot;px&quot;,&quot;size&quot;:0,&quot;sizes&quot;:[]},&quot;custom_columns_tablet&quot;:&quot;2&quot;,&quot;custom_columns_mobile&quot;:&quot;1&quot;,&quot;custom_row_gap_tablet&quot;:{&quot;unit&quot;:&quot;px&quot;,&quot;size&quot;:&quot;&quot;,&quot;sizes&quot;:[]},&quot;custom_row_gap_mobile&quot;:{&quot;unit&quot;:&quot;px&quot;,&quot;size&quot;:&quot;&quot;,&quot;sizes&quot;:[]}}\" data-widget_type=\"posts.custom\">\n\t\t\t\t<div class=\"elementor-widget-container\">\n\t\t\t\t\t      <div class=\"ecs-posts elementor-posts-container elementor-posts   elementor-grid elementor-posts--skin-custom\" data-settings=\"{&quot;current_page&quot;:1,&quot;max_num_pages&quot;:&quot;5&quot;,&quot;load_method&quot;:&quot;&quot;,&quot;widget_id&quot;:&quot;09d3730&quot;,&quot;post_id&quot;:4234,&quot;theme_id&quot;:4234,&quot;change_url&quot;:false,&quot;reinit_js&quot;:false}\">\n      \t\t<article id=\"post-13065\" class=\"elementor-post elementor-grid-item ecs-post-loop post-13065 post type-post status-publish format-standard has-post-thumbnail hentry category-arzt-und-medizin tag-catcalling tag-compliance tag-krankenhaus tag-metoo tag-sexuelle-belaestigung tag-sexuelles-fehlverhalten person-tobias-thielmann\">\n\t\t\t\t<div data-elementor-type=\"loop\" data-elementor-id=\"5297\" class=\"elementor elementor-5297 post-13065 post type-post status-publish format-standard has-post-thumbnail hentry category-arzt-und-medizin tag-catcalling tag-compliance tag-krankenhaus tag-metoo tag-sexuelle-belaestigung tag-sexuelles-fehlverhalten person-tobias-thielmann\" data-elementor-post-type=\"elementor_library\">\n\t\t\t\t\t<section class=\"elementor-section elementor-top-section elementor-element elementor-element-ff7bcce elementor-section-full_width elementor-section-height-default elementor-section-height-default\" data-id=\"ff7bcce\" data-element_type=\"section\" data-e-type=\"section\">\n\t\t\t\t\t\t<div class=\"elementor-container elementor-column-gap-no\">\n\t\t\t\t\t<div class=\"elementor-column elementor-col-100 elementor-top-column elementor-element elementor-element-ee0bfb0\" data-id=\"ee0bfb0\" data-element_type=\"column\" data-e-type=\"column\">\n\t\t\t<div class=\"elementor-widget-wrap elementor-element-populated\">\n\t\t\t\t\t\t<section class=\"elementor-section elementor-inner-section elementor-element elementor-element-7ce9130 box-with-gradient elementor-section-full_width elementor-section-height-default elementor-section-height-default\" data-id=\"7ce9130\" data-element_type=\"section\" data-e-type=\"section\">\n\t\t\t\t\t\t<div class=\"elementor-container elementor-column-gap-default\">\n\t\t\t\t\t<div class=\"elementor-column elementor-col-100 elementor-inner-column elementor-element elementor-element-1633cab\" data-id=\"1633cab\" data-element_type=\"column\" data-e-type=\"column\">\n\t\t\t<div class=\"elementor-widget-wrap elementor-element-populated\">\n\t\t\t\t\t\t<div class=\"elementor-element elementor-element-530f580 elementor-widget elementor-widget-theme-post-featured-image elementor-widget-image\" data-id=\"530f580\" data-element_type=\"widget\" data-e-type=\"widget\" data-widget_type=\"theme-post-featured-image.default\">\n\t\t\t\t<div class=\"elementor-widget-container\">\n\t\t\t\t\t\t\t\t\t\t\t\t\t\t\t<img decoding=\"async\" width=\"1260\" height=\"765\" src=\"https:\/\/www.strafrecht.de\/wp-content\/uploads\/2025\/10\/iStock-1217739383-1360x765-1-1260x765.jpg\" class=\"attachment-landscape-1 size-landscape-1 wp-image-13067\" alt=\"\" \/>\t\t\t\t\t\t\t\t\t\t\t\t\t\t\t<\/div>\n\t\t\t\t<\/div>\n\t\t\t\t<div class=\"elementor-element elementor-element-2787f32 elementor-widget elementor-widget-heading\" data-id=\"2787f32\" data-element_type=\"widget\" data-e-type=\"widget\" data-widget_type=\"heading.default\">\n\t\t\t\t<div class=\"elementor-widget-container\">\n\t\t\t\t\t<h3 class=\"elementor-heading-title elementor-size-default\"><a href=\"https:\/\/www.unternehmensstrafrecht.de\/sexuelles-fehlverhalten-im-krankenhaus-aktuelle-studie-bestaetigt-besorgniserregende-zahlen\/\">Sexuelles Fehlverhalten im Krankenhaus \u2013 aktuelle Studie best\u00e4tigt besorgniserregende Zahlen<\/a><\/h3>\t\t\t\t<\/div>\n\t\t\t\t<\/div>\n\t\t\t\t<div class=\"elementor-element elementor-element-714933f elementor-widget elementor-widget-text-editor\" data-id=\"714933f\" data-element_type=\"widget\" data-e-type=\"widget\" data-widget_type=\"text-editor.default\">\n\t\t\t\t<div class=\"elementor-widget-container\">\n\t\t\t\t\t\t\t\t\tSexuelles Fehlverhalten ist Teil des Krankenhausalltags. Das best\u00e4tigen immer wieder Studien \u2013 zuletzt im Juni 2025. \t\t\t\t\t\t\t\t<\/div>\n\t\t\t\t<\/div>\n\t\t\t\t<div class=\"elementor-element elementor-element-b27ba54 elementor-widget elementor-widget-text-editor\" data-id=\"b27ba54\" data-element_type=\"widget\" data-e-type=\"widget\" data-widget_type=\"text-editor.default\">\n\t\t\t\t<div class=\"elementor-widget-container\">\n\t\t\t\t\t\t\t\t\tBlog\t\t\t\t\t\t\t\t<\/div>\n\t\t\t\t<\/div>\n\t\t\t\t<div class=\"elementor-element elementor-element-42b9e74 elementor-widget elementor-widget-image\" data-id=\"42b9e74\" data-element_type=\"widget\" data-e-type=\"widget\" data-widget_type=\"image.default\">\n\t\t\t\t<div class=\"elementor-widget-container\">\n\t\t\t\t\t\t\t\t\t\t\t\t\t\t\t<img loading=\"lazy\" decoding=\"async\" width=\"44\" height=\"44\" src=\"https:\/\/www.strafrecht.de\/wp-content\/uploads\/2021\/12\/link-blue.svg\" class=\"attachment-full size-full wp-image-398\" alt=\"\" \/>\t\t\t\t\t\t\t\t\t\t\t\t\t\t\t<\/div>\n\t\t\t\t<\/div>\n\t\t\t\t\t<\/div>\n\t\t<\/div>\n\t\t\t\t\t<\/div>\n\t\t<\/section>\n\t\t\t\t\t<\/div>\n\t\t<\/div>\n\t\t\t\t\t<\/div>\n\t\t<\/section>\n\t\t\t\t<\/div>\n\t\t\t\t<\/article>\n\t\t\t\t<article id=\"post-12746\" class=\"elementor-post elementor-grid-item ecs-post-loop post-12746 post type-post status-publish format-standard has-post-thumbnail hentry category-arzt-und-medizin tag-in-freier-praxis tag-abrechnungsbetrug tag-scheingeschaeft tag-vertragsarzt person-jana-hammesfahr\">\n\t\t\t\t<div data-elementor-type=\"loop\" data-elementor-id=\"5297\" class=\"elementor elementor-5297 post-12746 post type-post status-publish format-standard has-post-thumbnail hentry category-arzt-und-medizin tag-in-freier-praxis tag-abrechnungsbetrug tag-scheingeschaeft tag-vertragsarzt person-jana-hammesfahr\" data-elementor-post-type=\"elementor_library\">\n\t\t\t\t\t<section class=\"elementor-section elementor-top-section elementor-element elementor-element-ff7bcce elementor-section-full_width elementor-section-height-default elementor-section-height-default\" data-id=\"ff7bcce\" data-element_type=\"section\" data-e-type=\"section\">\n\t\t\t\t\t\t<div class=\"elementor-container elementor-column-gap-no\">\n\t\t\t\t\t<div class=\"elementor-column elementor-col-100 elementor-top-column elementor-element elementor-element-ee0bfb0\" data-id=\"ee0bfb0\" data-element_type=\"column\" data-e-type=\"column\">\n\t\t\t<div class=\"elementor-widget-wrap elementor-element-populated\">\n\t\t\t\t\t\t<section class=\"elementor-section elementor-inner-section elementor-element elementor-element-7ce9130 box-with-gradient elementor-section-full_width elementor-section-height-default elementor-section-height-default\" data-id=\"7ce9130\" data-element_type=\"section\" data-e-type=\"section\">\n\t\t\t\t\t\t<div class=\"elementor-container elementor-column-gap-default\">\n\t\t\t\t\t<div class=\"elementor-column elementor-col-100 elementor-inner-column elementor-element elementor-element-1633cab\" data-id=\"1633cab\" data-element_type=\"column\" data-e-type=\"column\">\n\t\t\t<div class=\"elementor-widget-wrap elementor-element-populated\">\n\t\t\t\t\t\t<div class=\"elementor-element elementor-element-530f580 elementor-widget elementor-widget-theme-post-featured-image elementor-widget-image\" data-id=\"530f580\" data-element_type=\"widget\" data-e-type=\"widget\" data-widget_type=\"theme-post-featured-image.default\">\n\t\t\t\t<div class=\"elementor-widget-container\">\n\t\t\t\t\t\t\t\t\t\t\t\t\t\t\t<img loading=\"lazy\" decoding=\"async\" width=\"1260\" height=\"765\" src=\"https:\/\/www.strafrecht.de\/wp-content\/uploads\/2025\/06\/iStock-452017615-1360x765-1-1260x765.jpg\" class=\"attachment-landscape-1 size-landscape-1 wp-image-12748\" alt=\"\" \/>\t\t\t\t\t\t\t\t\t\t\t\t\t\t\t<\/div>\n\t\t\t\t<\/div>\n\t\t\t\t<div class=\"elementor-element elementor-element-2787f32 elementor-widget elementor-widget-heading\" data-id=\"2787f32\" data-element_type=\"widget\" data-e-type=\"widget\" data-widget_type=\"heading.default\">\n\t\t\t\t<div class=\"elementor-widget-container\">\n\t\t\t\t\t<h3 class=\"elementor-heading-title elementor-size-default\"><a href=\"https:\/\/www.unternehmensstrafrecht.de\/bgh-kein-abrechnungsbetrug-bei-leistungserbringung-in-freier-praxis-bei-zugrundeliegendem-scheingeschaeft-was-vertragsaerzte-wissen-muessen\/\">BGH: Kein Abrechnungsbetrug bei Leistungserbringung \u201ein freier Praxis\u201c bei zugrundeliegendem Scheingesch\u00e4ft \u2013 Was Vertrags\u00e4rzte wissen m\u00fcssen<\/a><\/h3>\t\t\t\t<\/div>\n\t\t\t\t<\/div>\n\t\t\t\t<div class=\"elementor-element elementor-element-714933f elementor-widget elementor-widget-text-editor\" data-id=\"714933f\" data-element_type=\"widget\" data-e-type=\"widget\" data-widget_type=\"text-editor.default\">\n\t\t\t\t<div class=\"elementor-widget-container\">\n\t\t\t\t\t\t\t\t\tDie ordnungsgem\u00e4\u00dfe Abrechnung vertrags\u00e4rztlicher Leistungen ist f\u00fcr \u00c4rzte von elementarer Bedeutung und Grundlage f\u00fcr den wirtschaftlichen Erfolg der Arztpraxis.\t\t\t\t\t\t\t\t<\/div>\n\t\t\t\t<\/div>\n\t\t\t\t<div class=\"elementor-element elementor-element-b27ba54 elementor-widget elementor-widget-text-editor\" data-id=\"b27ba54\" data-element_type=\"widget\" data-e-type=\"widget\" data-widget_type=\"text-editor.default\">\n\t\t\t\t<div class=\"elementor-widget-container\">\n\t\t\t\t\t\t\t\t\tBlog\t\t\t\t\t\t\t\t<\/div>\n\t\t\t\t<\/div>\n\t\t\t\t<div class=\"elementor-element elementor-element-42b9e74 elementor-widget elementor-widget-image\" data-id=\"42b9e74\" data-element_type=\"widget\" data-e-type=\"widget\" data-widget_type=\"image.default\">\n\t\t\t\t<div class=\"elementor-widget-container\">\n\t\t\t\t\t\t\t\t\t\t\t\t\t\t\t<img loading=\"lazy\" decoding=\"async\" width=\"44\" height=\"44\" src=\"https:\/\/www.strafrecht.de\/wp-content\/uploads\/2021\/12\/link-blue.svg\" class=\"attachment-full size-full wp-image-398\" alt=\"\" \/>\t\t\t\t\t\t\t\t\t\t\t\t\t\t\t<\/div>\n\t\t\t\t<\/div>\n\t\t\t\t\t<\/div>\n\t\t<\/div>\n\t\t\t\t\t<\/div>\n\t\t<\/section>\n\t\t\t\t\t<\/div>\n\t\t<\/div>\n\t\t\t\t\t<\/div>\n\t\t<\/section>\n\t\t\t\t<\/div>\n\t\t\t\t<\/article>\n\t\t\t\t<\/div>\n\t\t\t\t\t\t<\/div>\n\t\t\t\t<\/div>\n\t\t\t\t\t<\/div>\n\t\t<\/div>\n\t\t\t\t\t<\/div>\n\t\t<\/section>\n\t\t\t\t<\/div>\n\t\t","protected":false},"excerpt":{"rendered":"<p>Vertrauen kennzeichnet den medizinischen Bereich in besonderem Ma\u00dfe. F\u00fcr Patienten, die sich in die H\u00e4nde von Medizinern begeben, ist es unabdingbar. Ersch\u00fcttern Behandlungsfehler oder gro\u00dfangelegte<\/p>\n","protected":false},"author":5,"featured_media":0,"parent":0,"menu_order":0,"comment_status":"closed","ping_status":"closed","template":"","meta":{"_acf_changed":false,"footnotes":""},"class_list":["post-4234","page","type-page","status-publish","hentry"],"acf":[],"yoast_head":"<!-- This site is optimized with the Yoast SEO Premium plugin v26.1 (Yoast SEO v27.5) - https:\/\/yoast.com\/product\/yoast-seo-premium-wordpress\/ -->\n<title>Medizinstrafrecht | Wessing &amp; Partner<\/title>\n<meta name=\"description\" content=\"Wir unterst\u00fctzen beschuldigte Mediziner dabei, im Ermittlungs- und Hauptverfahren ein sp\u00fcrbares Gegengewicht zu setzen.\" \/>\n<meta name=\"robots\" content=\"index, follow, max-snippet:-1, max-image-preview:large, max-video-preview:-1\" \/>\n<link rel=\"canonical\" href=\"https:\/\/www.strafrecht.de\/de\/arzt-und-medizin\/\" \/>\n<meta property=\"og:locale\" content=\"de_DE\" \/>\n<meta property=\"og:type\" content=\"article\" \/>\n<meta property=\"og:title\" content=\"Arzt &amp; Medizin\" \/>\n<meta property=\"og:description\" content=\"Wir unterst\u00fctzen beschuldigte Mediziner dabei, im Ermittlungs- und Hauptverfahren ein sp\u00fcrbares Gegengewicht zu setzen.\" \/>\n<meta property=\"og:url\" content=\"https:\/\/www.strafrecht.de\/de\/arzt-und-medizin\/\" \/>\n<meta property=\"og:site_name\" content=\"Wessing &amp; Partner\" \/>\n<meta property=\"article:modified_time\" content=\"2023-04-12T15:44:12+00:00\" \/>\n<meta property=\"og:image\" content=\"https:\/\/www.strafrecht.de\/wp-content\/uploads\/2021\/12\/2021_WUP_Website_2471-1260-1260x780.jpg\" \/>\n<meta name=\"twitter:card\" content=\"summary_large_image\" \/>\n<meta name=\"twitter:label1\" content=\"Gesch\u00e4tzte Lesezeit\" \/>\n\t<meta name=\"twitter:data1\" content=\"6\u00a0Minuten\" \/>\n<script type=\"application\/ld+json\" class=\"yoast-schema-graph\">{\"@context\":\"https:\\\/\\\/schema.org\",\"@graph\":[{\"@type\":\"WebPage\",\"@id\":\"https:\\\/\\\/www.strafrecht.de\\\/de\\\/arzt-und-medizin\\\/\",\"url\":\"https:\\\/\\\/www.strafrecht.de\\\/de\\\/arzt-und-medizin\\\/\",\"name\":\"Medizinstrafrecht | Wessing & Partner\",\"isPartOf\":{\"@id\":\"https:\\\/\\\/www.strafrecht.de\\\/de\\\/#website\"},\"primaryImageOfPage\":{\"@id\":\"https:\\\/\\\/www.strafrecht.de\\\/de\\\/arzt-und-medizin\\\/#primaryimage\"},\"image\":{\"@id\":\"https:\\\/\\\/www.strafrecht.de\\\/de\\\/arzt-und-medizin\\\/#primaryimage\"},\"thumbnailUrl\":\"https:\\\/\\\/www.strafrecht.de\\\/wp-content\\\/uploads\\\/2021\\\/12\\\/2021_WUP_Website_2471-1260-1260x780.jpg\",\"datePublished\":\"2021-12-09T15:12:37+00:00\",\"dateModified\":\"2023-04-12T15:44:12+00:00\",\"description\":\"Wir unterst\u00fctzen beschuldigte Mediziner dabei, im Ermittlungs- und Hauptverfahren ein sp\u00fcrbares Gegengewicht zu setzen.\",\"breadcrumb\":{\"@id\":\"https:\\\/\\\/www.strafrecht.de\\\/de\\\/arzt-und-medizin\\\/#breadcrumb\"},\"inLanguage\":\"de\",\"potentialAction\":[{\"@type\":\"ReadAction\",\"target\":[\"https:\\\/\\\/www.strafrecht.de\\\/de\\\/arzt-und-medizin\\\/\"]}]},{\"@type\":\"ImageObject\",\"inLanguage\":\"de\",\"@id\":\"https:\\\/\\\/www.strafrecht.de\\\/de\\\/arzt-und-medizin\\\/#primaryimage\",\"url\":\"https:\\\/\\\/www.strafrecht.de\\\/wp-content\\\/uploads\\\/2021\\\/12\\\/2021_WUP_Website_2471-1260-1260x780.jpg\",\"contentUrl\":\"https:\\\/\\\/www.strafrecht.de\\\/wp-content\\\/uploads\\\/2021\\\/12\\\/2021_WUP_Website_2471-1260-1260x780.jpg\"},{\"@type\":\"BreadcrumbList\",\"@id\":\"https:\\\/\\\/www.strafrecht.de\\\/de\\\/arzt-und-medizin\\\/#breadcrumb\",\"itemListElement\":[{\"@type\":\"ListItem\",\"position\":1,\"name\":\"Startseite\",\"item\":\"https:\\\/\\\/www.strafrecht.de\\\/de\\\/\"},{\"@type\":\"ListItem\",\"position\":2,\"name\":\"Startseite > Men\u00fc > Disziplinen > Arzt und Medizin\"}]},{\"@type\":\"WebSite\",\"@id\":\"https:\\\/\\\/www.strafrecht.de\\\/de\\\/#website\",\"url\":\"https:\\\/\\\/www.strafrecht.de\\\/de\\\/\",\"name\":\"Wessing &amp; Partner\",\"description\":\"Strafrecht nach allen Regeln der Kunst.\",\"potentialAction\":[{\"@type\":\"SearchAction\",\"target\":{\"@type\":\"EntryPoint\",\"urlTemplate\":\"https:\\\/\\\/www.strafrecht.de\\\/de\\\/?s={search_term_string}\"},\"query-input\":{\"@type\":\"PropertyValueSpecification\",\"valueRequired\":true,\"valueName\":\"search_term_string\"}}],\"inLanguage\":\"de\"}]}<\/script>\n<!-- \/ Yoast SEO Premium plugin. -->","yoast_head_json":{"title":"Medizinstrafrecht | Wessing & Partner","description":"Wir unterst\u00fctzen beschuldigte Mediziner dabei, im Ermittlungs- und Hauptverfahren ein sp\u00fcrbares Gegengewicht zu setzen.","robots":{"index":"index","follow":"follow","max-snippet":"max-snippet:-1","max-image-preview":"max-image-preview:large","max-video-preview":"max-video-preview:-1"},"canonical":"https:\/\/www.strafrecht.de\/de\/arzt-und-medizin\/","og_locale":"de_DE","og_type":"article","og_title":"Arzt & Medizin","og_description":"Wir unterst\u00fctzen beschuldigte Mediziner dabei, im Ermittlungs- und Hauptverfahren ein sp\u00fcrbares Gegengewicht zu setzen.","og_url":"https:\/\/www.strafrecht.de\/de\/arzt-und-medizin\/","og_site_name":"Wessing &amp; Partner","article_modified_time":"2023-04-12T15:44:12+00:00","og_image":[{"url":"https:\/\/www.strafrecht.de\/wp-content\/uploads\/2021\/12\/2021_WUP_Website_2471-1260-1260x780.jpg","type":"","width":"","height":""}],"twitter_card":"summary_large_image","twitter_misc":{"Gesch\u00e4tzte Lesezeit":"6\u00a0Minuten"},"schema":{"@context":"https:\/\/schema.org","@graph":[{"@type":"WebPage","@id":"https:\/\/www.strafrecht.de\/de\/arzt-und-medizin\/","url":"https:\/\/www.strafrecht.de\/de\/arzt-und-medizin\/","name":"Medizinstrafrecht | Wessing & Partner","isPartOf":{"@id":"https:\/\/www.strafrecht.de\/de\/#website"},"primaryImageOfPage":{"@id":"https:\/\/www.strafrecht.de\/de\/arzt-und-medizin\/#primaryimage"},"image":{"@id":"https:\/\/www.strafrecht.de\/de\/arzt-und-medizin\/#primaryimage"},"thumbnailUrl":"https:\/\/www.strafrecht.de\/wp-content\/uploads\/2021\/12\/2021_WUP_Website_2471-1260-1260x780.jpg","datePublished":"2021-12-09T15:12:37+00:00","dateModified":"2023-04-12T15:44:12+00:00","description":"Wir unterst\u00fctzen beschuldigte Mediziner dabei, im Ermittlungs- und Hauptverfahren ein sp\u00fcrbares Gegengewicht zu setzen.","breadcrumb":{"@id":"https:\/\/www.strafrecht.de\/de\/arzt-und-medizin\/#breadcrumb"},"inLanguage":"de","potentialAction":[{"@type":"ReadAction","target":["https:\/\/www.strafrecht.de\/de\/arzt-und-medizin\/"]}]},{"@type":"ImageObject","inLanguage":"de","@id":"https:\/\/www.strafrecht.de\/de\/arzt-und-medizin\/#primaryimage","url":"https:\/\/www.strafrecht.de\/wp-content\/uploads\/2021\/12\/2021_WUP_Website_2471-1260-1260x780.jpg","contentUrl":"https:\/\/www.strafrecht.de\/wp-content\/uploads\/2021\/12\/2021_WUP_Website_2471-1260-1260x780.jpg"},{"@type":"BreadcrumbList","@id":"https:\/\/www.strafrecht.de\/de\/arzt-und-medizin\/#breadcrumb","itemListElement":[{"@type":"ListItem","position":1,"name":"Startseite","item":"https:\/\/www.strafrecht.de\/de\/"},{"@type":"ListItem","position":2,"name":"Startseite > Men\u00fc > Disziplinen > Arzt und Medizin"}]},{"@type":"WebSite","@id":"https:\/\/www.strafrecht.de\/de\/#website","url":"https:\/\/www.strafrecht.de\/de\/","name":"Wessing &amp; Partner","description":"Strafrecht nach allen Regeln der Kunst.","potentialAction":[{"@type":"SearchAction","target":{"@type":"EntryPoint","urlTemplate":"https:\/\/www.strafrecht.de\/de\/?s={search_term_string}"},"query-input":{"@type":"PropertyValueSpecification","valueRequired":true,"valueName":"search_term_string"}}],"inLanguage":"de"}]}},"jetpack_sharing_enabled":true,"_links":{"self":[{"href":"https:\/\/www.strafrecht.de\/de\/wp-json\/wp\/v2\/pages\/4234","targetHints":{"allow":["GET"]}}],"collection":[{"href":"https:\/\/www.strafrecht.de\/de\/wp-json\/wp\/v2\/pages"}],"about":[{"href":"https:\/\/www.strafrecht.de\/de\/wp-json\/wp\/v2\/types\/page"}],"author":[{"embeddable":true,"href":"https:\/\/www.strafrecht.de\/de\/wp-json\/wp\/v2\/users\/5"}],"replies":[{"embeddable":true,"href":"https:\/\/www.strafrecht.de\/de\/wp-json\/wp\/v2\/comments?post=4234"}],"version-history":[{"count":48,"href":"https:\/\/www.strafrecht.de\/de\/wp-json\/wp\/v2\/pages\/4234\/revisions"}],"predecessor-version":[{"id":10339,"href":"https:\/\/www.strafrecht.de\/de\/wp-json\/wp\/v2\/pages\/4234\/revisions\/10339"}],"wp:attachment":[{"href":"https:\/\/www.strafrecht.de\/de\/wp-json\/wp\/v2\/media?parent=4234"}],"curies":[{"name":"wp","href":"https:\/\/api.w.org\/{rel}","templated":true}]}}