{"id":4263,"date":"2021-12-09T16:01:18","date_gmt":"2021-12-09T16:01:18","guid":{"rendered":"https:\/\/dev.strafrecht.de\/?page_id=4263"},"modified":"2025-12-19T11:36:31","modified_gmt":"2025-12-19T09:36:31","slug":"kartelle-und-wettbewerb","status":"publish","type":"page","link":"https:\/\/www.strafrecht.de\/de\/kartelle-und-wettbewerb\/","title":{"rendered":"Kartelle &#038; Wettbewerb"},"content":{"rendered":"\t\t<div data-elementor-type=\"wp-page\" data-elementor-id=\"4263\" class=\"elementor elementor-4263\" data-elementor-post-type=\"page\">\n\t\t\t\t\t\t<section class=\"elementor-section elementor-top-section elementor-element elementor-element-70ba194 elementor-section-boxed elementor-section-height-default elementor-section-height-default\" data-id=\"70ba194\" data-element_type=\"section\" data-e-type=\"section\">\n\t\t\t\t\t\t<div class=\"elementor-container elementor-column-gap-default\">\n\t\t\t\t\t<div class=\"elementor-column elementor-col-50 elementor-top-column elementor-element elementor-element-ae069a2\" data-id=\"ae069a2\" data-element_type=\"column\" data-e-type=\"column\">\n\t\t\t<div class=\"elementor-widget-wrap elementor-element-populated\">\n\t\t\t\t\t\t<div class=\"elementor-element elementor-element-fb7a4ac elementor-widget elementor-widget-image\" data-id=\"fb7a4ac\" data-element_type=\"widget\" data-e-type=\"widget\" data-widget_type=\"image.default\">\n\t\t\t\t<div class=\"elementor-widget-container\">\n\t\t\t\t\t\t\t\t\t\t\t\t\t\t\t<img fetchpriority=\"high\" decoding=\"async\" width=\"1260\" height=\"780\" src=\"https:\/\/www.strafrecht.de\/wp-content\/uploads\/2025\/12\/2025_crf_WUP_Gruppe_0983_BB-1260x780.jpg\" class=\"attachment-landscape-1 size-landscape-1 wp-image-13322\" alt=\"\" \/>\t\t\t\t\t\t\t\t\t\t\t\t\t\t\t<\/div>\n\t\t\t\t<\/div>\n\t\t\t\t\t<\/div>\n\t\t<\/div>\n\t\t\t\t<div class=\"elementor-column elementor-col-50 elementor-top-column elementor-element elementor-element-41122b6\" data-id=\"41122b6\" data-element_type=\"column\" data-e-type=\"column\">\n\t\t\t<div class=\"elementor-widget-wrap elementor-element-populated\">\n\t\t\t\t\t\t<div class=\"elementor-element elementor-element-9b60cd5 elementor-hidden-mobile elementor-widget elementor-widget-image\" data-id=\"9b60cd5\" data-element_type=\"widget\" data-e-type=\"widget\" data-widget_type=\"image.default\">\n\t\t\t\t<div class=\"elementor-widget-container\">\n\t\t\t\t\t\t\t\t\t\t\t\t\t\t\t<img decoding=\"async\" width=\"1580\" height=\"780\" src=\"https:\/\/www.strafrecht.de\/wp-content\/uploads\/2025\/12\/2023_crf_WUP_8866_LoRes2-1580x780.jpg\" class=\"attachment-landscape-2 size-landscape-2 wp-image-13357\" alt=\"\" \/>\t\t\t\t\t\t\t\t\t\t\t\t\t\t\t<\/div>\n\t\t\t\t<\/div>\n\t\t\t\t\t<\/div>\n\t\t<\/div>\n\t\t\t\t\t<\/div>\n\t\t<\/section>\n\t\t\t\t<section class=\"elementor-section elementor-top-section elementor-element elementor-element-38230dc elementor-section-boxed elementor-section-height-default elementor-section-height-default\" data-id=\"38230dc\" data-element_type=\"section\" data-e-type=\"section\">\n\t\t\t\t\t\t<div class=\"elementor-container elementor-column-gap-default\">\n\t\t\t\t\t<div class=\"elementor-column elementor-col-66 elementor-top-column elementor-element elementor-element-55a6342\" data-id=\"55a6342\" data-element_type=\"column\" data-e-type=\"column\">\n\t\t\t<div class=\"elementor-widget-wrap elementor-element-populated\">\n\t\t\t\t\t\t<div class=\"elementor-element elementor-element-93c7a88 elementor-widget elementor-widget-text-editor\" data-id=\"93c7a88\" data-element_type=\"widget\" data-e-type=\"widget\" data-widget_type=\"text-editor.default\">\n\t\t\t\t<div class=\"elementor-widget-container\">\n\t\t\t\t\t\t\t\t\t<p>Kartellrecht und Strafrecht liegen oftmals eng beieinander. Je h\u00e4rter der Wettbewerb in einem bestimmten Markt, desto h\u00f6her die Wahrscheinlichkeit, irgendwann mit kartell- und wettbewerbsrechtlichen Ermittlungen in Ber\u00fchrung zu kommen, die auch in eine Strafanzeige m\u00fcnden k\u00f6nnen. Das neue <u>Wettbewerbsregister<\/u>, in dem Rechtsverst\u00f6\u00dfe durch Unternehmen erfasst werden, birgt zudem die Gefahr, von \u00f6ffentlichen Auftr\u00e4gen ausgeschlossen zu werden.<\/p><p>Gleich ob aus T\u00e4ter- oder Opferperspektive sind kartell- und wettbewerbsbezogene Strafverfahren mit besonderen Herausforderungen verbunden. Im Zusammenspiel von erfahrenen Straf- und Kartellrechtlern bringen wir die strategischen M\u00f6glichkeiten des Prozessrechtes in eine gesamtbetrachtende Strategie ein und k\u00f6nnen so Kartellordnungswidrigkeiten bestenfalls verhindern und notfalls bis in die Hauptverhandlung hinein verteidigen.<\/p><p><span style=\"color: #0090d6;\">Typische Themen:<\/span><\/p><ul><li>Versto\u00df gegen wettbewerbsbeschr\u00e4nkende Absprachen<\/li><li>Unzul\u00e4ssige Absprachen bei Ausschreibungen<\/li><li>Verrat von Betriebs- und Gesch\u00e4ftsgeheimnissen<\/li><li>Illegales Abwerben von Mitarbeitern<\/li><li>Unerlaubte Nutzung fremder Patente, Marken und urheberrechtlich gesch\u00fctzter Werke<\/li><\/ul><p><span style=\"color: #0090d6;\">\u00a0<\/span><\/p><p><span style=\"color: #0090d6;\">Sie k\u00f6nnen auf uns z\u00e4hlen:<\/span><\/p><ul><li>Gesch\u00e4ftsf\u00fchrer, Vorst\u00e4nde<\/li><li>Leiter Vertrieb<\/li><li>Compliance-Verantwortliche<\/li><li>Unternehmen s\u00e4mtliche Branchen<\/li><\/ul>\t\t\t\t\t\t\t\t<\/div>\n\t\t\t\t<\/div>\n\t\t\t\t\t<\/div>\n\t\t<\/div>\n\t\t\t\t<div class=\"elementor-column elementor-col-33 elementor-top-column elementor-element elementor-element-fe3d9f4\" data-id=\"fe3d9f4\" data-element_type=\"column\" data-e-type=\"column\">\n\t\t\t<div class=\"elementor-widget-wrap elementor-element-populated\">\n\t\t\t\t\t\t<div class=\"elementor-element elementor-element-fb235b4 elementor-grid-1 elementor-posts--thumbnail-top elementor-grid-tablet-2 elementor-grid-mobile-1 elementor-widget elementor-widget-posts\" data-id=\"fb235b4\" data-element_type=\"widget\" data-e-type=\"widget\" data-settings=\"{&quot;custom_columns&quot;:&quot;1&quot;,&quot;custom_row_gap&quot;:{&quot;unit&quot;:&quot;px&quot;,&quot;size&quot;:0,&quot;sizes&quot;:[]},&quot;custom_columns_tablet&quot;:&quot;2&quot;,&quot;custom_columns_mobile&quot;:&quot;1&quot;,&quot;custom_row_gap_tablet&quot;:{&quot;unit&quot;:&quot;px&quot;,&quot;size&quot;:&quot;&quot;,&quot;sizes&quot;:[]},&quot;custom_row_gap_mobile&quot;:{&quot;unit&quot;:&quot;px&quot;,&quot;size&quot;:&quot;&quot;,&quot;sizes&quot;:[]}}\" data-widget_type=\"posts.custom\">\n\t\t\t\t<div class=\"elementor-widget-container\">\n\t\t\t\t\t      <div class=\"ecs-posts elementor-posts-container elementor-posts   elementor-grid elementor-posts--skin-custom\" data-settings=\"{&quot;current_page&quot;:1,&quot;max_num_pages&quot;:4,&quot;load_method&quot;:&quot;&quot;,&quot;widget_id&quot;:&quot;fb235b4&quot;,&quot;post_id&quot;:4263,&quot;theme_id&quot;:4263,&quot;change_url&quot;:false,&quot;reinit_js&quot;:false}\">\n      \t\t<article id=\"post-7672\" class=\"elementor-post elementor-grid-item ecs-post-loop post-7672 post type-post status-publish format-standard has-post-thumbnail hentry category-kartelle-und-wettbewerb person-maximilian-janssen\">\n\t\t\t\t<div data-elementor-type=\"loop\" data-elementor-id=\"5297\" class=\"elementor elementor-5297 post-7672 post type-post status-publish format-standard has-post-thumbnail hentry category-kartelle-und-wettbewerb person-maximilian-janssen\" data-elementor-post-type=\"elementor_library\">\n\t\t\t\t\t<section class=\"elementor-section elementor-top-section elementor-element elementor-element-ff7bcce elementor-section-full_width elementor-section-height-default elementor-section-height-default\" data-id=\"ff7bcce\" data-element_type=\"section\" data-e-type=\"section\">\n\t\t\t\t\t\t<div class=\"elementor-container elementor-column-gap-no\">\n\t\t\t\t\t<div class=\"elementor-column elementor-col-100 elementor-top-column elementor-element elementor-element-ee0bfb0\" data-id=\"ee0bfb0\" data-element_type=\"column\" data-e-type=\"column\">\n\t\t\t<div class=\"elementor-widget-wrap elementor-element-populated\">\n\t\t\t\t\t\t<section class=\"elementor-section elementor-inner-section elementor-element elementor-element-7ce9130 box-with-gradient elementor-section-full_width elementor-section-height-default elementor-section-height-default\" data-id=\"7ce9130\" data-element_type=\"section\" data-e-type=\"section\">\n\t\t\t\t\t\t<div class=\"elementor-container elementor-column-gap-default\">\n\t\t\t\t\t<div class=\"elementor-column elementor-col-100 elementor-inner-column elementor-element elementor-element-1633cab\" data-id=\"1633cab\" data-element_type=\"column\" data-e-type=\"column\">\n\t\t\t<div class=\"elementor-widget-wrap elementor-element-populated\">\n\t\t\t\t\t\t<div class=\"elementor-element elementor-element-530f580 elementor-widget elementor-widget-theme-post-featured-image elementor-widget-image\" data-id=\"530f580\" data-element_type=\"widget\" data-e-type=\"widget\" data-widget_type=\"theme-post-featured-image.default\">\n\t\t\t\t<div class=\"elementor-widget-container\">\n\t\t\t\t\t\t\t\t\t\t\t\t\t\t\t<img decoding=\"async\" width=\"1000\" height=\"500\" src=\"https:\/\/www.strafrecht.de\/wp-content\/uploads\/2022\/01\/file-picture-id122143781.jpg\" class=\"attachment-landscape-1 size-landscape-1 wp-image-7673\" alt=\"\" srcset=\"https:\/\/www.strafrecht.de\/wp-content\/uploads\/2022\/01\/file-picture-id122143781.jpg 1000w, https:\/\/www.strafrecht.de\/wp-content\/uploads\/2022\/01\/file-picture-id122143781-300x150.jpg 300w, https:\/\/www.strafrecht.de\/wp-content\/uploads\/2022\/01\/file-picture-id122143781-768x384.jpg 768w\" sizes=\"(max-width: 1000px) 100vw, 1000px\" \/>\t\t\t\t\t\t\t\t\t\t\t\t\t\t\t<\/div>\n\t\t\t\t<\/div>\n\t\t\t\t<div class=\"elementor-element elementor-element-2787f32 elementor-widget elementor-widget-heading\" data-id=\"2787f32\" data-element_type=\"widget\" data-e-type=\"widget\" data-widget_type=\"heading.default\">\n\t\t\t\t<div class=\"elementor-widget-container\">\n\t\t\t\t\t<h3 class=\"elementor-heading-title elementor-size-default\"><a href=\"https:\/\/www.unternehmensstrafrecht.de\/update-wettbewerbsregister-oeffentliche-konsultation-der-leitlinien-zur-selbstreinigung-eingeleitet\/\">Update Wettbewerbsregister: \u00d6ffentliche Konsultation der Leitlinien zur \u201eSelbstreinigung\u201c eingeleitet<\/a><\/h3>\t\t\t\t<\/div>\n\t\t\t\t<\/div>\n\t\t\t\t<div class=\"elementor-element elementor-element-714933f elementor-widget elementor-widget-text-editor\" data-id=\"714933f\" data-element_type=\"widget\" data-e-type=\"widget\" data-widget_type=\"text-editor.default\">\n\t\t\t\t<div class=\"elementor-widget-container\">\n\t\t\t\t\t\t\t\t\tDas Bundeskartellamt hat Leitlinien zur vorzeitigen L\u00f6schung einer Eintragung aus dem Wettbewerbsregister wegen Selbstreinigung ver\u00f6ffentlicht.\t\t\t\t\t\t\t\t<\/div>\n\t\t\t\t<\/div>\n\t\t\t\t<div class=\"elementor-element elementor-element-b27ba54 elementor-widget elementor-widget-text-editor\" data-id=\"b27ba54\" data-element_type=\"widget\" data-e-type=\"widget\" data-widget_type=\"text-editor.default\">\n\t\t\t\t<div class=\"elementor-widget-container\">\n\t\t\t\t\t\t\t\t\tBlog\t\t\t\t\t\t\t\t<\/div>\n\t\t\t\t<\/div>\n\t\t\t\t<div class=\"elementor-element elementor-element-42b9e74 elementor-widget elementor-widget-image\" data-id=\"42b9e74\" data-element_type=\"widget\" data-e-type=\"widget\" data-widget_type=\"image.default\">\n\t\t\t\t<div class=\"elementor-widget-container\">\n\t\t\t\t\t\t\t\t\t\t\t\t\t\t\t<img loading=\"lazy\" decoding=\"async\" width=\"44\" height=\"44\" src=\"https:\/\/www.strafrecht.de\/wp-content\/uploads\/2021\/12\/link-blue.svg\" class=\"attachment-full size-full wp-image-398\" alt=\"\" \/>\t\t\t\t\t\t\t\t\t\t\t\t\t\t\t<\/div>\n\t\t\t\t<\/div>\n\t\t\t\t\t<\/div>\n\t\t<\/div>\n\t\t\t\t\t<\/div>\n\t\t<\/section>\n\t\t\t\t\t<\/div>\n\t\t<\/div>\n\t\t\t\t\t<\/div>\n\t\t<\/section>\n\t\t\t\t<\/div>\n\t\t\t\t<\/article>\n\t\t\t\t<article id=\"post-7659\" class=\"elementor-post elementor-grid-item ecs-post-loop post-7659 post type-post status-publish format-standard has-post-thumbnail hentry category-compliance category-kartelle-und-wettbewerb person-maximilian-janssen\">\n\t\t\t\t<div data-elementor-type=\"loop\" data-elementor-id=\"5297\" class=\"elementor elementor-5297 post-7659 post type-post status-publish format-standard has-post-thumbnail hentry category-compliance category-kartelle-und-wettbewerb person-maximilian-janssen\" data-elementor-post-type=\"elementor_library\">\n\t\t\t\t\t<section class=\"elementor-section elementor-top-section elementor-element elementor-element-ff7bcce elementor-section-full_width elementor-section-height-default elementor-section-height-default\" data-id=\"ff7bcce\" data-element_type=\"section\" data-e-type=\"section\">\n\t\t\t\t\t\t<div class=\"elementor-container elementor-column-gap-no\">\n\t\t\t\t\t<div class=\"elementor-column elementor-col-100 elementor-top-column elementor-element elementor-element-ee0bfb0\" data-id=\"ee0bfb0\" data-element_type=\"column\" data-e-type=\"column\">\n\t\t\t<div class=\"elementor-widget-wrap elementor-element-populated\">\n\t\t\t\t\t\t<section class=\"elementor-section elementor-inner-section elementor-element elementor-element-7ce9130 box-with-gradient elementor-section-full_width elementor-section-height-default elementor-section-height-default\" data-id=\"7ce9130\" data-element_type=\"section\" data-e-type=\"section\">\n\t\t\t\t\t\t<div class=\"elementor-container elementor-column-gap-default\">\n\t\t\t\t\t<div class=\"elementor-column elementor-col-100 elementor-inner-column elementor-element elementor-element-1633cab\" data-id=\"1633cab\" data-element_type=\"column\" data-e-type=\"column\">\n\t\t\t<div class=\"elementor-widget-wrap elementor-element-populated\">\n\t\t\t\t\t\t<div class=\"elementor-element elementor-element-530f580 elementor-widget elementor-widget-theme-post-featured-image elementor-widget-image\" data-id=\"530f580\" data-element_type=\"widget\" data-e-type=\"widget\" data-widget_type=\"theme-post-featured-image.default\">\n\t\t\t\t<div class=\"elementor-widget-container\">\n\t\t\t\t\t\t\t\t\t\t\t\t\t\t\t<img loading=\"lazy\" decoding=\"async\" width=\"1000\" height=\"500\" src=\"https:\/\/www.strafrecht.de\/wp-content\/uploads\/2022\/01\/file-background-picture-id497489639.jpg\" class=\"attachment-landscape-1 size-landscape-1 wp-image-7660\" alt=\"\" srcset=\"https:\/\/www.strafrecht.de\/wp-content\/uploads\/2022\/01\/file-background-picture-id497489639.jpg 1000w, https:\/\/www.strafrecht.de\/wp-content\/uploads\/2022\/01\/file-background-picture-id497489639-300x150.jpg 300w, https:\/\/www.strafrecht.de\/wp-content\/uploads\/2022\/01\/file-background-picture-id497489639-768x384.jpg 768w\" sizes=\"(max-width: 1000px) 100vw, 1000px\" \/>\t\t\t\t\t\t\t\t\t\t\t\t\t\t\t<\/div>\n\t\t\t\t<\/div>\n\t\t\t\t<div class=\"elementor-element elementor-element-2787f32 elementor-widget elementor-widget-heading\" data-id=\"2787f32\" data-element_type=\"widget\" data-e-type=\"widget\" data-widget_type=\"heading.default\">\n\t\t\t\t<div class=\"elementor-widget-container\">\n\t\t\t\t\t<h3 class=\"elementor-heading-title elementor-size-default\"><a href=\"https:\/\/www.unternehmensstrafrecht.de\/das-wettbewerbsregister-des-bundeskartellamts-geht-an-den-start\/\">Das Wettbewerbsregister des Bundeskartellamts geht an den Start<\/a><\/h3>\t\t\t\t<\/div>\n\t\t\t\t<\/div>\n\t\t\t\t<div class=\"elementor-element elementor-element-714933f elementor-widget elementor-widget-text-editor\" data-id=\"714933f\" data-element_type=\"widget\" data-e-type=\"widget\" data-widget_type=\"text-editor.default\">\n\t\t\t\t<div class=\"elementor-widget-container\">\n\t\t\t\t\t\t\t\t\tDas Bundeskartellamt nimmt den Betrieb des Wettbewerbsregisters auf, wie die Beh\u00f6rde in einer Pressemitteilung vom 25.03.2021 mitteilte.\t\t\t\t\t\t\t\t<\/div>\n\t\t\t\t<\/div>\n\t\t\t\t<div class=\"elementor-element elementor-element-b27ba54 elementor-widget elementor-widget-text-editor\" data-id=\"b27ba54\" data-element_type=\"widget\" data-e-type=\"widget\" data-widget_type=\"text-editor.default\">\n\t\t\t\t<div class=\"elementor-widget-container\">\n\t\t\t\t\t\t\t\t\tBlog\t\t\t\t\t\t\t\t<\/div>\n\t\t\t\t<\/div>\n\t\t\t\t<div class=\"elementor-element elementor-element-42b9e74 elementor-widget elementor-widget-image\" data-id=\"42b9e74\" data-element_type=\"widget\" data-e-type=\"widget\" data-widget_type=\"image.default\">\n\t\t\t\t<div class=\"elementor-widget-container\">\n\t\t\t\t\t\t\t\t\t\t\t\t\t\t\t<img loading=\"lazy\" decoding=\"async\" width=\"44\" height=\"44\" src=\"https:\/\/www.strafrecht.de\/wp-content\/uploads\/2021\/12\/link-blue.svg\" class=\"attachment-full size-full wp-image-398\" alt=\"\" \/>\t\t\t\t\t\t\t\t\t\t\t\t\t\t\t<\/div>\n\t\t\t\t<\/div>\n\t\t\t\t\t<\/div>\n\t\t<\/div>\n\t\t\t\t\t<\/div>\n\t\t<\/section>\n\t\t\t\t\t<\/div>\n\t\t<\/div>\n\t\t\t\t\t<\/div>\n\t\t<\/section>\n\t\t\t\t<\/div>\n\t\t\t\t<\/article>\n\t\t\t\t<\/div>\n\t\t\t\t\t\t<\/div>\n\t\t\t\t<\/div>\n\t\t\t\t\t<\/div>\n\t\t<\/div>\n\t\t\t\t\t<\/div>\n\t\t<\/section>\n\t\t\t\t<\/div>\n\t\t","protected":false},"excerpt":{"rendered":"<p>Kartellrecht und Strafrecht liegen oftmals eng beieinander. Je h\u00e4rter der Wettbewerb in einem bestimmten Markt, desto h\u00f6her die Wahrscheinlichkeit, irgendwann mit kartell- und wettbewerbsrechtlichen Ermittlungen<\/p>\n","protected":false},"author":5,"featured_media":0,"parent":0,"menu_order":0,"comment_status":"closed","ping_status":"closed","template":"","meta":{"_acf_changed":false,"footnotes":""},"class_list":["post-4263","page","type-page","status-publish","hentry"],"acf":[],"yoast_head":"<!-- This site is optimized with the Yoast SEO Premium plugin v26.1 (Yoast SEO v27.5) - https:\/\/yoast.com\/product\/yoast-seo-premium-wordpress\/ -->\n<title>Kartellrecht und Wettbewerbsrecht | Wessing &amp; Partner<\/title>\n<meta name=\"description\" content=\"Wir bringen die strategischen M\u00f6glichkeiten des Prozessrechtes in eine gesamtbetrachtende Strategie ein, um Sie bestm\u00f6glich zu verteidigen.\" \/>\n<meta name=\"robots\" content=\"index, follow, max-snippet:-1, max-image-preview:large, max-video-preview:-1\" \/>\n<link rel=\"canonical\" href=\"https:\/\/www.strafrecht.de\/de\/kartelle-und-wettbewerb\/\" \/>\n<meta property=\"og:locale\" content=\"de_DE\" \/>\n<meta property=\"og:type\" content=\"article\" \/>\n<meta property=\"og:title\" content=\"Kartelle &amp; Wettbewerb\" \/>\n<meta property=\"og:description\" content=\"Wir bringen die strategischen M\u00f6glichkeiten des Prozessrechtes in eine gesamtbetrachtende Strategie ein, um Sie bestm\u00f6glich zu verteidigen.\" \/>\n<meta property=\"og:url\" content=\"https:\/\/www.strafrecht.de\/de\/kartelle-und-wettbewerb\/\" \/>\n<meta property=\"og:site_name\" content=\"Wessing &amp; Partner\" \/>\n<meta property=\"article:modified_time\" content=\"2025-12-19T09:36:31+00:00\" \/>\n<meta property=\"og:image\" content=\"https:\/\/www.strafrecht.de\/wp-content\/uploads\/2025\/12\/2025_crf_WUP_Gruppe_0983_BB-scaled.jpg\" \/>\n\t<meta property=\"og:image:width\" content=\"2560\" \/>\n\t<meta property=\"og:image:height\" content=\"1707\" \/>\n\t<meta property=\"og:image:type\" content=\"image\/jpeg\" \/>\n<meta name=\"twitter:card\" content=\"summary_large_image\" \/>\n<meta name=\"twitter:label1\" content=\"Gesch\u00e4tzte Lesezeit\" \/>\n\t<meta name=\"twitter:data1\" content=\"4\u00a0Minuten\" \/>\n<script type=\"application\/ld+json\" class=\"yoast-schema-graph\">{\"@context\":\"https:\\\/\\\/schema.org\",\"@graph\":[{\"@type\":\"WebPage\",\"@id\":\"https:\\\/\\\/www.strafrecht.de\\\/de\\\/kartelle-und-wettbewerb\\\/\",\"url\":\"https:\\\/\\\/www.strafrecht.de\\\/de\\\/kartelle-und-wettbewerb\\\/\",\"name\":\"Kartellrecht und Wettbewerbsrecht | Wessing & Partner\",\"isPartOf\":{\"@id\":\"https:\\\/\\\/www.strafrecht.de\\\/de\\\/#website\"},\"primaryImageOfPage\":{\"@id\":\"https:\\\/\\\/www.strafrecht.de\\\/de\\\/kartelle-und-wettbewerb\\\/#primaryimage\"},\"image\":{\"@id\":\"https:\\\/\\\/www.strafrecht.de\\\/de\\\/kartelle-und-wettbewerb\\\/#primaryimage\"},\"thumbnailUrl\":\"https:\\\/\\\/www.strafrecht.de\\\/wp-content\\\/uploads\\\/2025\\\/12\\\/2025_crf_WUP_Gruppe_0983_BB-1260x780.jpg\",\"datePublished\":\"2021-12-09T16:01:18+00:00\",\"dateModified\":\"2025-12-19T09:36:31+00:00\",\"description\":\"Wir bringen die strategischen M\u00f6glichkeiten des Prozessrechtes in eine gesamtbetrachtende Strategie ein, um Sie bestm\u00f6glich zu verteidigen.\",\"breadcrumb\":{\"@id\":\"https:\\\/\\\/www.strafrecht.de\\\/de\\\/kartelle-und-wettbewerb\\\/#breadcrumb\"},\"inLanguage\":\"de\",\"potentialAction\":[{\"@type\":\"ReadAction\",\"target\":[\"https:\\\/\\\/www.strafrecht.de\\\/de\\\/kartelle-und-wettbewerb\\\/\"]}]},{\"@type\":\"ImageObject\",\"inLanguage\":\"de\",\"@id\":\"https:\\\/\\\/www.strafrecht.de\\\/de\\\/kartelle-und-wettbewerb\\\/#primaryimage\",\"url\":\"https:\\\/\\\/www.strafrecht.de\\\/wp-content\\\/uploads\\\/2025\\\/12\\\/2025_crf_WUP_Gruppe_0983_BB-1260x780.jpg\",\"contentUrl\":\"https:\\\/\\\/www.strafrecht.de\\\/wp-content\\\/uploads\\\/2025\\\/12\\\/2025_crf_WUP_Gruppe_0983_BB-1260x780.jpg\"},{\"@type\":\"BreadcrumbList\",\"@id\":\"https:\\\/\\\/www.strafrecht.de\\\/de\\\/kartelle-und-wettbewerb\\\/#breadcrumb\",\"itemListElement\":[{\"@type\":\"ListItem\",\"position\":1,\"name\":\"Startseite\",\"item\":\"https:\\\/\\\/www.strafrecht.de\\\/de\\\/\"},{\"@type\":\"ListItem\",\"position\":2,\"name\":\"Kartelle &#038; Wettbewerb\"}]},{\"@type\":\"WebSite\",\"@id\":\"https:\\\/\\\/www.strafrecht.de\\\/de\\\/#website\",\"url\":\"https:\\\/\\\/www.strafrecht.de\\\/de\\\/\",\"name\":\"Wessing &amp; Partner\",\"description\":\"Strafrecht nach allen Regeln der Kunst.\",\"potentialAction\":[{\"@type\":\"SearchAction\",\"target\":{\"@type\":\"EntryPoint\",\"urlTemplate\":\"https:\\\/\\\/www.strafrecht.de\\\/de\\\/?s={search_term_string}\"},\"query-input\":{\"@type\":\"PropertyValueSpecification\",\"valueRequired\":true,\"valueName\":\"search_term_string\"}}],\"inLanguage\":\"de\"}]}<\/script>\n<!-- \/ Yoast SEO Premium plugin. -->","yoast_head_json":{"title":"Kartellrecht und Wettbewerbsrecht | Wessing & Partner","description":"Wir bringen die strategischen M\u00f6glichkeiten des Prozessrechtes in eine gesamtbetrachtende Strategie ein, um Sie bestm\u00f6glich zu verteidigen.","robots":{"index":"index","follow":"follow","max-snippet":"max-snippet:-1","max-image-preview":"max-image-preview:large","max-video-preview":"max-video-preview:-1"},"canonical":"https:\/\/www.strafrecht.de\/de\/kartelle-und-wettbewerb\/","og_locale":"de_DE","og_type":"article","og_title":"Kartelle & Wettbewerb","og_description":"Wir bringen die strategischen M\u00f6glichkeiten des Prozessrechtes in eine gesamtbetrachtende Strategie ein, um Sie bestm\u00f6glich zu verteidigen.","og_url":"https:\/\/www.strafrecht.de\/de\/kartelle-und-wettbewerb\/","og_site_name":"Wessing &amp; Partner","article_modified_time":"2025-12-19T09:36:31+00:00","og_image":[{"width":2560,"height":1707,"url":"https:\/\/www.strafrecht.de\/wp-content\/uploads\/2025\/12\/2025_crf_WUP_Gruppe_0983_BB-scaled.jpg","type":"image\/jpeg"}],"twitter_card":"summary_large_image","twitter_misc":{"Gesch\u00e4tzte Lesezeit":"4\u00a0Minuten"},"schema":{"@context":"https:\/\/schema.org","@graph":[{"@type":"WebPage","@id":"https:\/\/www.strafrecht.de\/de\/kartelle-und-wettbewerb\/","url":"https:\/\/www.strafrecht.de\/de\/kartelle-und-wettbewerb\/","name":"Kartellrecht und Wettbewerbsrecht | Wessing & Partner","isPartOf":{"@id":"https:\/\/www.strafrecht.de\/de\/#website"},"primaryImageOfPage":{"@id":"https:\/\/www.strafrecht.de\/de\/kartelle-und-wettbewerb\/#primaryimage"},"image":{"@id":"https:\/\/www.strafrecht.de\/de\/kartelle-und-wettbewerb\/#primaryimage"},"thumbnailUrl":"https:\/\/www.strafrecht.de\/wp-content\/uploads\/2025\/12\/2025_crf_WUP_Gruppe_0983_BB-1260x780.jpg","datePublished":"2021-12-09T16:01:18+00:00","dateModified":"2025-12-19T09:36:31+00:00","description":"Wir bringen die strategischen M\u00f6glichkeiten des Prozessrechtes in eine gesamtbetrachtende Strategie ein, um Sie bestm\u00f6glich zu verteidigen.","breadcrumb":{"@id":"https:\/\/www.strafrecht.de\/de\/kartelle-und-wettbewerb\/#breadcrumb"},"inLanguage":"de","potentialAction":[{"@type":"ReadAction","target":["https:\/\/www.strafrecht.de\/de\/kartelle-und-wettbewerb\/"]}]},{"@type":"ImageObject","inLanguage":"de","@id":"https:\/\/www.strafrecht.de\/de\/kartelle-und-wettbewerb\/#primaryimage","url":"https:\/\/www.strafrecht.de\/wp-content\/uploads\/2025\/12\/2025_crf_WUP_Gruppe_0983_BB-1260x780.jpg","contentUrl":"https:\/\/www.strafrecht.de\/wp-content\/uploads\/2025\/12\/2025_crf_WUP_Gruppe_0983_BB-1260x780.jpg"},{"@type":"BreadcrumbList","@id":"https:\/\/www.strafrecht.de\/de\/kartelle-und-wettbewerb\/#breadcrumb","itemListElement":[{"@type":"ListItem","position":1,"name":"Startseite","item":"https:\/\/www.strafrecht.de\/de\/"},{"@type":"ListItem","position":2,"name":"Kartelle &#038; Wettbewerb"}]},{"@type":"WebSite","@id":"https:\/\/www.strafrecht.de\/de\/#website","url":"https:\/\/www.strafrecht.de\/de\/","name":"Wessing &amp; Partner","description":"Strafrecht nach allen Regeln der Kunst.","potentialAction":[{"@type":"SearchAction","target":{"@type":"EntryPoint","urlTemplate":"https:\/\/www.strafrecht.de\/de\/?s={search_term_string}"},"query-input":{"@type":"PropertyValueSpecification","valueRequired":true,"valueName":"search_term_string"}}],"inLanguage":"de"}]}},"jetpack_sharing_enabled":true,"_links":{"self":[{"href":"https:\/\/www.strafrecht.de\/de\/wp-json\/wp\/v2\/pages\/4263","targetHints":{"allow":["GET"]}}],"collection":[{"href":"https:\/\/www.strafrecht.de\/de\/wp-json\/wp\/v2\/pages"}],"about":[{"href":"https:\/\/www.strafrecht.de\/de\/wp-json\/wp\/v2\/types\/page"}],"author":[{"embeddable":true,"href":"https:\/\/www.strafrecht.de\/de\/wp-json\/wp\/v2\/users\/5"}],"replies":[{"embeddable":true,"href":"https:\/\/www.strafrecht.de\/de\/wp-json\/wp\/v2\/comments?post=4263"}],"version-history":[{"count":35,"href":"https:\/\/www.strafrecht.de\/de\/wp-json\/wp\/v2\/pages\/4263\/revisions"}],"predecessor-version":[{"id":13360,"href":"https:\/\/www.strafrecht.de\/de\/wp-json\/wp\/v2\/pages\/4263\/revisions\/13360"}],"wp:attachment":[{"href":"https:\/\/www.strafrecht.de\/de\/wp-json\/wp\/v2\/media?parent=4263"}],"curies":[{"name":"wp","href":"https:\/\/api.w.org\/{rel}","templated":true}]}}