{"id":4268,"date":"2021-12-09T16:03:31","date_gmt":"2021-12-09T16:03:31","guid":{"rendered":"https:\/\/dev.strafrecht.de\/?page_id=4268"},"modified":"2024-10-16T10:27:26","modified_gmt":"2024-10-16T08:27:26","slug":"krise-und-insolvenz","status":"publish","type":"page","link":"https:\/\/www.strafrecht.de\/de\/krise-und-insolvenz\/","title":{"rendered":"Krise &#038; Insolvenz"},"content":{"rendered":"\t\t<div data-elementor-type=\"wp-page\" data-elementor-id=\"4268\" class=\"elementor elementor-4268\" data-elementor-post-type=\"page\">\n\t\t\t\t\t\t<section class=\"elementor-section elementor-top-section elementor-element elementor-element-70ba194 elementor-section-boxed elementor-section-height-default elementor-section-height-default\" data-id=\"70ba194\" data-element_type=\"section\" data-e-type=\"section\">\n\t\t\t\t\t\t<div class=\"elementor-container elementor-column-gap-default\">\n\t\t\t\t\t<div class=\"elementor-column elementor-col-50 elementor-top-column elementor-element elementor-element-ae069a2\" data-id=\"ae069a2\" data-element_type=\"column\" data-e-type=\"column\">\n\t\t\t<div class=\"elementor-widget-wrap elementor-element-populated\">\n\t\t\t\t\t\t<div class=\"elementor-element elementor-element-fb7a4ac elementor-widget elementor-widget-image\" data-id=\"fb7a4ac\" data-element_type=\"widget\" data-e-type=\"widget\" data-widget_type=\"image.default\">\n\t\t\t\t<div class=\"elementor-widget-container\">\n\t\t\t\t\t\t\t\t\t\t\t\t\t\t\t<img fetchpriority=\"high\" decoding=\"async\" width=\"1260\" height=\"780\" src=\"https:\/\/www.strafrecht.de\/wp-content\/uploads\/2021\/12\/2021_WUP_Website_1482_1260x780-1260x780.jpg\" class=\"attachment-landscape-1 size-landscape-1 wp-image-5174\" alt=\"\" srcset=\"https:\/\/www.strafrecht.de\/wp-content\/uploads\/2021\/12\/2021_WUP_Website_1482_1260x780.jpg 1260w, https:\/\/www.strafrecht.de\/wp-content\/uploads\/2021\/12\/2021_WUP_Website_1482_1260x780-300x186.jpg 300w, https:\/\/www.strafrecht.de\/wp-content\/uploads\/2021\/12\/2021_WUP_Website_1482_1260x780-1024x634.jpg 1024w, https:\/\/www.strafrecht.de\/wp-content\/uploads\/2021\/12\/2021_WUP_Website_1482_1260x780-768x475.jpg 768w\" sizes=\"(max-width: 1260px) 100vw, 1260px\" \/>\t\t\t\t\t\t\t\t\t\t\t\t\t\t\t<\/div>\n\t\t\t\t<\/div>\n\t\t\t\t\t<\/div>\n\t\t<\/div>\n\t\t\t\t<div class=\"elementor-column elementor-col-50 elementor-top-column elementor-element elementor-element-41122b6\" data-id=\"41122b6\" data-element_type=\"column\" data-e-type=\"column\">\n\t\t\t<div class=\"elementor-widget-wrap elementor-element-populated\">\n\t\t\t\t\t\t<div class=\"elementor-element elementor-element-9b60cd5 elementor-hidden-mobile elementor-widget elementor-widget-image\" data-id=\"9b60cd5\" data-element_type=\"widget\" data-e-type=\"widget\" data-widget_type=\"image.default\">\n\t\t\t\t<div class=\"elementor-widget-container\">\n\t\t\t\t\t\t\t\t\t\t\t\t\t\t\t<img decoding=\"async\" width=\"1580\" height=\"780\" src=\"https:\/\/www.strafrecht.de\/wp-content\/uploads\/2024\/10\/2023_crf_WUP_7473_LoRes-e1729067233460-1580x780.jpg\" class=\"attachment-landscape-2 size-landscape-2 wp-image-11870\" alt=\"\" srcset=\"https:\/\/www.strafrecht.de\/wp-content\/uploads\/2024\/10\/2023_crf_WUP_7473_LoRes-e1729067233460-1580x780.jpg 1580w, https:\/\/www.strafrecht.de\/wp-content\/uploads\/2024\/10\/2023_crf_WUP_7473_LoRes-e1729067233460-300x148.jpg 300w, https:\/\/www.strafrecht.de\/wp-content\/uploads\/2024\/10\/2023_crf_WUP_7473_LoRes-e1729067233460-1024x507.jpg 1024w, https:\/\/www.strafrecht.de\/wp-content\/uploads\/2024\/10\/2023_crf_WUP_7473_LoRes-e1729067233460-768x380.jpg 768w\" sizes=\"(max-width: 1580px) 100vw, 1580px\" \/>\t\t\t\t\t\t\t\t\t\t\t\t\t\t\t<\/div>\n\t\t\t\t<\/div>\n\t\t\t\t\t<\/div>\n\t\t<\/div>\n\t\t\t\t\t<\/div>\n\t\t<\/section>\n\t\t\t\t<section class=\"elementor-section elementor-top-section elementor-element elementor-element-38230dc elementor-section-boxed elementor-section-height-default elementor-section-height-default\" data-id=\"38230dc\" data-element_type=\"section\" data-e-type=\"section\">\n\t\t\t\t\t\t<div class=\"elementor-container elementor-column-gap-default\">\n\t\t\t\t\t<div class=\"elementor-column elementor-col-66 elementor-top-column elementor-element elementor-element-55a6342\" data-id=\"55a6342\" data-element_type=\"column\" data-e-type=\"column\">\n\t\t\t<div class=\"elementor-widget-wrap elementor-element-populated\">\n\t\t\t\t\t\t<div class=\"elementor-element elementor-element-93c7a88 elementor-widget elementor-widget-text-editor\" data-id=\"93c7a88\" data-element_type=\"widget\" data-e-type=\"widget\" data-widget_type=\"text-editor.default\">\n\t\t\t\t<div class=\"elementor-widget-container\">\n\t\t\t\t\t\t\t\t\t<div>\n<p>Technischer Wandel, ver\u00e4ndertes Kaufverhalten, Konkurrenz aus Niedriglohnl\u00e4ndern und aktuell die Pandemie \u2013 es gibt viele Gr\u00fcnde, die ein Unternehmen an den wirtschaftlichen Abgrund r\u00fccken k\u00f6nnen. Die Versuchung f\u00fcr die Unternehmensleitung ist dann gro\u00df, die schwierige wirtschaftliche Lage m\u00f6glichst lange nicht \u00f6ffentlich zu machen. Kommt es doch zur Insolvenz, pr\u00fcft die Staatsanwaltschaft, ob die Insolvenz nicht vielleicht zu sp\u00e4t angemeldet worden ist.<\/p>\n<\/div>\n<div>\n<p>Neben der (drohenden) Zahlungsunf\u00e4higkeit oder \u00dcberschuldung sind Indizien f\u00fcr eine Insolvenzverschleppung die Nichtabf\u00fchrung von Sozialabgaben und Bankrottstraftaten wie etwa das Beiseiteschaffen von Verm\u00f6genswerten. Selbst wenn sie nach bestem Wissen und Gewissen gehandelt hat, sieht sich die Gesch\u00e4ftsf\u00fchrung dann mit einer Vielzahl von Vorw\u00fcrfen als Beschuldigter konfrontiert.<\/p>\n<\/div>\n<div>\n<p>Unser Verteidigungskonzept basiert auf einer fundierten Kenntnis des Insolvenzrechts und der kaufm\u00e4nnischen Bewertungsma\u00dfst\u00e4be. In der Krise sorgen wir als strafrechtliche Berater daf\u00fcr, dass sich selbst bei einer unvermeidlichen Insolvenz keine individuellen strafrechtlichen Risiken realisieren. Wir geben klare Empfehlungen dazu, wie sich die Unternehmensleitung vor insolvenzstrafrechtlich relevanten Fehlern sch\u00fctzen kann, insbesondere auch bei der Durchf\u00fchrung von Sanierungskonzepten oder der Planinsolvenz.<\/p>\n<\/div>\n<p><span style=\"color: #0090d6;\">Typische Themen:<\/span><\/p>\n<ul>\n<li>Insolvenzverschleppung<\/li>\n<li>Vorenthalten von Arbeitsentgelten<\/li>\n<li>Bankrott<\/li>\n<li>Gl\u00e4ubigerbeg\u00fcnstigung<\/li>\n<\/ul>\n<p><span style=\"color: #0090d6;\">&nbsp;<\/span><\/p>\n<p><span style=\"color: #0090d6;\">Sie k\u00f6nnen auf uns z\u00e4hlen:<\/span><\/p>\n<ul>\n<li>Gesch\u00e4ftsf\u00fchrer, Vorst\u00e4nde<\/li>\n<li>Einzelunternehmer \/ Gewerbetreibende<\/li>\n<\/ul>\t\t\t\t\t\t\t\t<\/div>\n\t\t\t\t<\/div>\n\t\t\t\t\t<\/div>\n\t\t<\/div>\n\t\t\t\t<div class=\"elementor-column elementor-col-33 elementor-top-column elementor-element elementor-element-fe3d9f4\" data-id=\"fe3d9f4\" data-element_type=\"column\" data-e-type=\"column\">\n\t\t\t<div class=\"elementor-widget-wrap elementor-element-populated\">\n\t\t\t\t\t\t<div class=\"elementor-element elementor-element-9409d4c elementor-grid-1 elementor-posts--thumbnail-top elementor-grid-tablet-2 elementor-grid-mobile-1 elementor-widget elementor-widget-posts\" data-id=\"9409d4c\" data-element_type=\"widget\" data-e-type=\"widget\" data-settings=\"{&quot;custom_columns&quot;:&quot;1&quot;,&quot;custom_row_gap&quot;:{&quot;unit&quot;:&quot;px&quot;,&quot;size&quot;:0,&quot;sizes&quot;:[]},&quot;custom_columns_tablet&quot;:&quot;2&quot;,&quot;custom_columns_mobile&quot;:&quot;1&quot;,&quot;custom_row_gap_tablet&quot;:{&quot;unit&quot;:&quot;px&quot;,&quot;size&quot;:&quot;&quot;,&quot;sizes&quot;:[]},&quot;custom_row_gap_mobile&quot;:{&quot;unit&quot;:&quot;px&quot;,&quot;size&quot;:&quot;&quot;,&quot;sizes&quot;:[]}}\" data-widget_type=\"posts.custom\">\n\t\t\t\t<div class=\"elementor-widget-container\">\n\t\t\t\t\t      <div class=\"ecs-posts elementor-posts-container elementor-posts   elementor-grid elementor-posts--skin-custom\" data-settings=\"{&quot;current_page&quot;:1,&quot;max_num_pages&quot;:4,&quot;load_method&quot;:&quot;&quot;,&quot;widget_id&quot;:&quot;9409d4c&quot;,&quot;post_id&quot;:4268,&quot;theme_id&quot;:4268,&quot;change_url&quot;:false,&quot;reinit_js&quot;:false}\">\n      \t\t<article id=\"post-7664\" class=\"elementor-post elementor-grid-item ecs-post-loop post-7664 post type-post status-publish format-standard has-post-thumbnail hentry category-krise-und-insolvenz person-juergen-wessing\">\n\t\t\t\t<div data-elementor-type=\"loop\" data-elementor-id=\"5297\" class=\"elementor elementor-5297 post-7664 post type-post status-publish format-standard has-post-thumbnail hentry category-krise-und-insolvenz person-juergen-wessing\" data-elementor-post-type=\"elementor_library\">\n\t\t\t\t\t<section class=\"elementor-section elementor-top-section elementor-element elementor-element-ff7bcce elementor-section-full_width elementor-section-height-default elementor-section-height-default\" data-id=\"ff7bcce\" data-element_type=\"section\" data-e-type=\"section\">\n\t\t\t\t\t\t<div class=\"elementor-container elementor-column-gap-no\">\n\t\t\t\t\t<div class=\"elementor-column elementor-col-100 elementor-top-column elementor-element elementor-element-ee0bfb0\" data-id=\"ee0bfb0\" data-element_type=\"column\" data-e-type=\"column\">\n\t\t\t<div class=\"elementor-widget-wrap elementor-element-populated\">\n\t\t\t\t\t\t<section class=\"elementor-section elementor-inner-section elementor-element elementor-element-7ce9130 box-with-gradient elementor-section-full_width elementor-section-height-default elementor-section-height-default\" data-id=\"7ce9130\" data-element_type=\"section\" data-e-type=\"section\">\n\t\t\t\t\t\t<div class=\"elementor-container elementor-column-gap-default\">\n\t\t\t\t\t<div class=\"elementor-column elementor-col-100 elementor-inner-column elementor-element elementor-element-1633cab\" data-id=\"1633cab\" data-element_type=\"column\" data-e-type=\"column\">\n\t\t\t<div class=\"elementor-widget-wrap elementor-element-populated\">\n\t\t\t\t\t\t<div class=\"elementor-element elementor-element-530f580 elementor-widget elementor-widget-theme-post-featured-image elementor-widget-image\" data-id=\"530f580\" data-element_type=\"widget\" data-e-type=\"widget\" data-widget_type=\"theme-post-featured-image.default\">\n\t\t\t\t<div class=\"elementor-widget-container\">\n\t\t\t\t\t\t\t\t\t\t\t\t\t\t\t<img decoding=\"async\" width=\"1000\" height=\"500\" src=\"https:\/\/www.strafrecht.de\/wp-content\/uploads\/2022\/01\/sign-on-door-of-department-store-informing-about-closing-down-picture-id1219366319.jpg\" class=\"attachment-landscape-1 size-landscape-1 wp-image-7665\" alt=\"\" srcset=\"https:\/\/www.strafrecht.de\/wp-content\/uploads\/2022\/01\/sign-on-door-of-department-store-informing-about-closing-down-picture-id1219366319.jpg 1000w, https:\/\/www.strafrecht.de\/wp-content\/uploads\/2022\/01\/sign-on-door-of-department-store-informing-about-closing-down-picture-id1219366319-300x150.jpg 300w, https:\/\/www.strafrecht.de\/wp-content\/uploads\/2022\/01\/sign-on-door-of-department-store-informing-about-closing-down-picture-id1219366319-768x384.jpg 768w\" sizes=\"(max-width: 1000px) 100vw, 1000px\" \/>\t\t\t\t\t\t\t\t\t\t\t\t\t\t\t<\/div>\n\t\t\t\t<\/div>\n\t\t\t\t<div class=\"elementor-element elementor-element-2787f32 elementor-widget elementor-widget-heading\" data-id=\"2787f32\" data-element_type=\"widget\" data-e-type=\"widget\" data-widget_type=\"heading.default\">\n\t\t\t\t<div class=\"elementor-widget-container\">\n\t\t\t\t\t<h3 class=\"elementor-heading-title elementor-size-default\"><a href=\"https:\/\/www.unternehmensstrafrecht.de\/aussetzung-der-insolvenzantragspflicht-ein-danaergeschenk\/\">Aussetzung der Insolvenzantragspflicht \u2013 ein Danaergeschenk<\/a><\/h3>\t\t\t\t<\/div>\n\t\t\t\t<\/div>\n\t\t\t\t<div class=\"elementor-element elementor-element-714933f elementor-widget elementor-widget-text-editor\" data-id=\"714933f\" data-element_type=\"widget\" data-e-type=\"widget\" data-widget_type=\"text-editor.default\">\n\t\t\t\t<div class=\"elementor-widget-container\">\n\t\t\t\t\t\t\t\t\tMit dem Ablauf des Monats April endete die gesetzliche Aussetzung der Insolvenzantragspflicht. \t\t\t\t\t\t\t\t<\/div>\n\t\t\t\t<\/div>\n\t\t\t\t<div class=\"elementor-element elementor-element-b27ba54 elementor-widget elementor-widget-text-editor\" data-id=\"b27ba54\" data-element_type=\"widget\" data-e-type=\"widget\" data-widget_type=\"text-editor.default\">\n\t\t\t\t<div class=\"elementor-widget-container\">\n\t\t\t\t\t\t\t\t\tBlog\t\t\t\t\t\t\t\t<\/div>\n\t\t\t\t<\/div>\n\t\t\t\t<div class=\"elementor-element elementor-element-42b9e74 elementor-widget elementor-widget-image\" data-id=\"42b9e74\" data-element_type=\"widget\" data-e-type=\"widget\" data-widget_type=\"image.default\">\n\t\t\t\t<div class=\"elementor-widget-container\">\n\t\t\t\t\t\t\t\t\t\t\t\t\t\t\t<img loading=\"lazy\" decoding=\"async\" width=\"44\" height=\"44\" src=\"https:\/\/www.strafrecht.de\/wp-content\/uploads\/2021\/12\/link-blue.svg\" class=\"attachment-full size-full wp-image-398\" alt=\"\" \/>\t\t\t\t\t\t\t\t\t\t\t\t\t\t\t<\/div>\n\t\t\t\t<\/div>\n\t\t\t\t\t<\/div>\n\t\t<\/div>\n\t\t\t\t\t<\/div>\n\t\t<\/section>\n\t\t\t\t\t<\/div>\n\t\t<\/div>\n\t\t\t\t\t<\/div>\n\t\t<\/section>\n\t\t\t\t<\/div>\n\t\t\t\t<\/article>\n\t\t\t\t<article id=\"post-7648\" class=\"elementor-post elementor-grid-item ecs-post-loop post-7648 post type-post status-publish format-standard has-post-thumbnail hentry category-krise-und-insolvenz person-john-paul-fuerus person-nina-santagatti\">\n\t\t\t\t<div data-elementor-type=\"loop\" data-elementor-id=\"5297\" class=\"elementor elementor-5297 post-7648 post type-post status-publish format-standard has-post-thumbnail hentry category-krise-und-insolvenz person-john-paul-fuerus person-nina-santagatti\" data-elementor-post-type=\"elementor_library\">\n\t\t\t\t\t<section class=\"elementor-section elementor-top-section elementor-element elementor-element-ff7bcce elementor-section-full_width elementor-section-height-default elementor-section-height-default\" data-id=\"ff7bcce\" data-element_type=\"section\" data-e-type=\"section\">\n\t\t\t\t\t\t<div class=\"elementor-container elementor-column-gap-no\">\n\t\t\t\t\t<div class=\"elementor-column elementor-col-100 elementor-top-column elementor-element elementor-element-ee0bfb0\" data-id=\"ee0bfb0\" data-element_type=\"column\" data-e-type=\"column\">\n\t\t\t<div class=\"elementor-widget-wrap elementor-element-populated\">\n\t\t\t\t\t\t<section class=\"elementor-section elementor-inner-section elementor-element elementor-element-7ce9130 box-with-gradient elementor-section-full_width elementor-section-height-default elementor-section-height-default\" data-id=\"7ce9130\" data-element_type=\"section\" data-e-type=\"section\">\n\t\t\t\t\t\t<div class=\"elementor-container elementor-column-gap-default\">\n\t\t\t\t\t<div class=\"elementor-column elementor-col-100 elementor-inner-column elementor-element elementor-element-1633cab\" data-id=\"1633cab\" data-element_type=\"column\" data-e-type=\"column\">\n\t\t\t<div class=\"elementor-widget-wrap elementor-element-populated\">\n\t\t\t\t\t\t<div class=\"elementor-element elementor-element-530f580 elementor-widget elementor-widget-theme-post-featured-image elementor-widget-image\" data-id=\"530f580\" data-element_type=\"widget\" data-e-type=\"widget\" data-widget_type=\"theme-post-featured-image.default\">\n\t\t\t\t<div class=\"elementor-widget-container\">\n\t\t\t\t\t\t\t\t\t\t\t\t\t\t\t<img loading=\"lazy\" decoding=\"async\" width=\"1024\" height=\"512\" src=\"https:\/\/www.strafrecht.de\/wp-content\/uploads\/2022\/01\/stop-the-domino-effect-concept-for-business-solution-and-intervention-picture-id813062006.jpg\" class=\"attachment-landscape-1 size-landscape-1 wp-image-7541\" alt=\"\" srcset=\"https:\/\/www.strafrecht.de\/wp-content\/uploads\/2022\/01\/stop-the-domino-effect-concept-for-business-solution-and-intervention-picture-id813062006.jpg 1024w, https:\/\/www.strafrecht.de\/wp-content\/uploads\/2022\/01\/stop-the-domino-effect-concept-for-business-solution-and-intervention-picture-id813062006-300x150.jpg 300w, https:\/\/www.strafrecht.de\/wp-content\/uploads\/2022\/01\/stop-the-domino-effect-concept-for-business-solution-and-intervention-picture-id813062006-768x384.jpg 768w\" sizes=\"(max-width: 1024px) 100vw, 1024px\" \/>\t\t\t\t\t\t\t\t\t\t\t\t\t\t\t<\/div>\n\t\t\t\t<\/div>\n\t\t\t\t<div class=\"elementor-element elementor-element-2787f32 elementor-widget elementor-widget-heading\" data-id=\"2787f32\" data-element_type=\"widget\" data-e-type=\"widget\" data-widget_type=\"heading.default\">\n\t\t\t\t<div class=\"elementor-widget-container\">\n\t\t\t\t\t<h3 class=\"elementor-heading-title elementor-size-default\"><a href=\"https:\/\/www.unternehmensstrafrecht.de\/insolvenzverschleppung-und-besonderheiten-in-corona-zeiten\/\">Insolvenzverschleppung \u2013 was gilt in Corona-Zeiten?<\/a><\/h3>\t\t\t\t<\/div>\n\t\t\t\t<\/div>\n\t\t\t\t<div class=\"elementor-element elementor-element-714933f elementor-widget elementor-widget-text-editor\" data-id=\"714933f\" data-element_type=\"widget\" data-e-type=\"widget\" data-widget_type=\"text-editor.default\">\n\t\t\t\t<div class=\"elementor-widget-container\">\n\t\t\t\t\t\t\t\t\tSp\u00e4testens wenn die Aussetzung der Insolvenzantragspflicht ausl\u00e4uft, m\u00fcssen sich Gesch\u00e4ftsf\u00fchrer mit den Risiken eines wom\u00f6glich versp\u00e4teten oder nicht richtig gestellten Insolvenzantrags auseinandersetzen.\t\t\t\t\t\t\t\t<\/div>\n\t\t\t\t<\/div>\n\t\t\t\t<div class=\"elementor-element elementor-element-b27ba54 elementor-widget elementor-widget-text-editor\" data-id=\"b27ba54\" data-element_type=\"widget\" data-e-type=\"widget\" data-widget_type=\"text-editor.default\">\n\t\t\t\t<div class=\"elementor-widget-container\">\n\t\t\t\t\t\t\t\t\tBlog\t\t\t\t\t\t\t\t<\/div>\n\t\t\t\t<\/div>\n\t\t\t\t<div class=\"elementor-element elementor-element-42b9e74 elementor-widget elementor-widget-image\" data-id=\"42b9e74\" data-element_type=\"widget\" data-e-type=\"widget\" data-widget_type=\"image.default\">\n\t\t\t\t<div class=\"elementor-widget-container\">\n\t\t\t\t\t\t\t\t\t\t\t\t\t\t\t<img loading=\"lazy\" decoding=\"async\" width=\"44\" height=\"44\" src=\"https:\/\/www.strafrecht.de\/wp-content\/uploads\/2021\/12\/link-blue.svg\" class=\"attachment-full size-full wp-image-398\" alt=\"\" \/>\t\t\t\t\t\t\t\t\t\t\t\t\t\t\t<\/div>\n\t\t\t\t<\/div>\n\t\t\t\t\t<\/div>\n\t\t<\/div>\n\t\t\t\t\t<\/div>\n\t\t<\/section>\n\t\t\t\t\t<\/div>\n\t\t<\/div>\n\t\t\t\t\t<\/div>\n\t\t<\/section>\n\t\t\t\t<\/div>\n\t\t\t\t<\/article>\n\t\t\t\t<\/div>\n\t\t\t\t\t\t<\/div>\n\t\t\t\t<\/div>\n\t\t\t\t\t<\/div>\n\t\t<\/div>\n\t\t\t\t\t<\/div>\n\t\t<\/section>\n\t\t\t\t<\/div>\n\t\t","protected":false},"excerpt":{"rendered":"<p>Technischer Wandel, ver\u00e4ndertes Kaufverhalten, Konkurrenz aus Niedriglohnl\u00e4ndern und aktuell die Pandemie \u2013 es gibt viele Gr\u00fcnde, die ein Unternehmen an den wirtschaftlichen Abgrund r\u00fccken k\u00f6nnen.<\/p>\n","protected":false},"author":5,"featured_media":0,"parent":0,"menu_order":0,"comment_status":"closed","ping_status":"closed","template":"","meta":{"_acf_changed":false,"footnotes":""},"class_list":["post-4268","page","type-page","status-publish","hentry"],"acf":[],"yoast_head":"<!-- This site is optimized with the Yoast SEO Premium plugin v26.1 (Yoast SEO v27.5) - https:\/\/yoast.com\/product\/yoast-seo-premium-wordpress\/ -->\n<title>Krise &amp; Insolvenz - Wessing &amp; Partner<\/title>\n<meta name=\"robots\" content=\"index, follow, max-snippet:-1, max-image-preview:large, max-video-preview:-1\" \/>\n<link rel=\"canonical\" href=\"https:\/\/www.strafrecht.de\/de\/krise-und-insolvenz\/\" \/>\n<meta property=\"og:locale\" content=\"de_DE\" \/>\n<meta property=\"og:type\" content=\"article\" \/>\n<meta property=\"og:title\" content=\"Krise &amp; Insolvenz\" \/>\n<meta property=\"og:description\" content=\"Technischer Wandel, ver\u00e4ndertes Kaufverhalten, Konkurrenz aus Niedriglohnl\u00e4ndern und aktuell die Pandemie \u2013 es gibt viele Gr\u00fcnde, die ein Unternehmen an den wirtschaftlichen Abgrund r\u00fccken k\u00f6nnen.\" \/>\n<meta property=\"og:url\" content=\"https:\/\/www.strafrecht.de\/de\/krise-und-insolvenz\/\" \/>\n<meta property=\"og:site_name\" content=\"Wessing &amp; Partner\" \/>\n<meta property=\"article:modified_time\" content=\"2024-10-16T08:27:26+00:00\" \/>\n<meta property=\"og:image\" content=\"https:\/\/www.strafrecht.de\/wp-content\/uploads\/2021\/12\/2021_WUP_Website_1482_1260x780-1260x780.jpg\" \/>\n<meta name=\"twitter:card\" content=\"summary_large_image\" \/>\n<meta name=\"twitter:label1\" content=\"Gesch\u00e4tzte Lesezeit\" \/>\n\t<meta name=\"twitter:data1\" content=\"4\u00a0Minuten\" \/>\n<script type=\"application\/ld+json\" class=\"yoast-schema-graph\">{\"@context\":\"https:\\\/\\\/schema.org\",\"@graph\":[{\"@type\":\"WebPage\",\"@id\":\"https:\\\/\\\/www.strafrecht.de\\\/de\\\/krise-und-insolvenz\\\/\",\"url\":\"https:\\\/\\\/www.strafrecht.de\\\/de\\\/krise-und-insolvenz\\\/\",\"name\":\"Krise & Insolvenz - Wessing &amp; Partner\",\"isPartOf\":{\"@id\":\"https:\\\/\\\/www.strafrecht.de\\\/de\\\/#website\"},\"primaryImageOfPage\":{\"@id\":\"https:\\\/\\\/www.strafrecht.de\\\/de\\\/krise-und-insolvenz\\\/#primaryimage\"},\"image\":{\"@id\":\"https:\\\/\\\/www.strafrecht.de\\\/de\\\/krise-und-insolvenz\\\/#primaryimage\"},\"thumbnailUrl\":\"https:\\\/\\\/www.strafrecht.de\\\/wp-content\\\/uploads\\\/2021\\\/12\\\/2021_WUP_Website_1482_1260x780-1260x780.jpg\",\"datePublished\":\"2021-12-09T16:03:31+00:00\",\"dateModified\":\"2024-10-16T08:27:26+00:00\",\"breadcrumb\":{\"@id\":\"https:\\\/\\\/www.strafrecht.de\\\/de\\\/krise-und-insolvenz\\\/#breadcrumb\"},\"inLanguage\":\"de\",\"potentialAction\":[{\"@type\":\"ReadAction\",\"target\":[\"https:\\\/\\\/www.strafrecht.de\\\/de\\\/krise-und-insolvenz\\\/\"]}]},{\"@type\":\"ImageObject\",\"inLanguage\":\"de\",\"@id\":\"https:\\\/\\\/www.strafrecht.de\\\/de\\\/krise-und-insolvenz\\\/#primaryimage\",\"url\":\"https:\\\/\\\/www.strafrecht.de\\\/wp-content\\\/uploads\\\/2021\\\/12\\\/2021_WUP_Website_1482_1260x780-1260x780.jpg\",\"contentUrl\":\"https:\\\/\\\/www.strafrecht.de\\\/wp-content\\\/uploads\\\/2021\\\/12\\\/2021_WUP_Website_1482_1260x780-1260x780.jpg\"},{\"@type\":\"BreadcrumbList\",\"@id\":\"https:\\\/\\\/www.strafrecht.de\\\/de\\\/krise-und-insolvenz\\\/#breadcrumb\",\"itemListElement\":[{\"@type\":\"ListItem\",\"position\":1,\"name\":\"Startseite\",\"item\":\"https:\\\/\\\/www.strafrecht.de\\\/de\\\/\"},{\"@type\":\"ListItem\",\"position\":2,\"name\":\"Krise &#038; Insolvenz\"}]},{\"@type\":\"WebSite\",\"@id\":\"https:\\\/\\\/www.strafrecht.de\\\/de\\\/#website\",\"url\":\"https:\\\/\\\/www.strafrecht.de\\\/de\\\/\",\"name\":\"Wessing &amp; Partner\",\"description\":\"Strafrecht nach allen Regeln der Kunst.\",\"potentialAction\":[{\"@type\":\"SearchAction\",\"target\":{\"@type\":\"EntryPoint\",\"urlTemplate\":\"https:\\\/\\\/www.strafrecht.de\\\/de\\\/?s={search_term_string}\"},\"query-input\":{\"@type\":\"PropertyValueSpecification\",\"valueRequired\":true,\"valueName\":\"search_term_string\"}}],\"inLanguage\":\"de\"}]}<\/script>\n<!-- \/ Yoast SEO Premium plugin. -->","yoast_head_json":{"title":"Krise & Insolvenz - Wessing &amp; Partner","robots":{"index":"index","follow":"follow","max-snippet":"max-snippet:-1","max-image-preview":"max-image-preview:large","max-video-preview":"max-video-preview:-1"},"canonical":"https:\/\/www.strafrecht.de\/de\/krise-und-insolvenz\/","og_locale":"de_DE","og_type":"article","og_title":"Krise & Insolvenz","og_description":"Technischer Wandel, ver\u00e4ndertes Kaufverhalten, Konkurrenz aus Niedriglohnl\u00e4ndern und aktuell die Pandemie \u2013 es gibt viele Gr\u00fcnde, die ein Unternehmen an den wirtschaftlichen Abgrund r\u00fccken k\u00f6nnen.","og_url":"https:\/\/www.strafrecht.de\/de\/krise-und-insolvenz\/","og_site_name":"Wessing &amp; Partner","article_modified_time":"2024-10-16T08:27:26+00:00","og_image":[{"url":"https:\/\/www.strafrecht.de\/wp-content\/uploads\/2021\/12\/2021_WUP_Website_1482_1260x780-1260x780.jpg","type":"","width":"","height":""}],"twitter_card":"summary_large_image","twitter_misc":{"Gesch\u00e4tzte Lesezeit":"4\u00a0Minuten"},"schema":{"@context":"https:\/\/schema.org","@graph":[{"@type":"WebPage","@id":"https:\/\/www.strafrecht.de\/de\/krise-und-insolvenz\/","url":"https:\/\/www.strafrecht.de\/de\/krise-und-insolvenz\/","name":"Krise & Insolvenz - Wessing &amp; Partner","isPartOf":{"@id":"https:\/\/www.strafrecht.de\/de\/#website"},"primaryImageOfPage":{"@id":"https:\/\/www.strafrecht.de\/de\/krise-und-insolvenz\/#primaryimage"},"image":{"@id":"https:\/\/www.strafrecht.de\/de\/krise-und-insolvenz\/#primaryimage"},"thumbnailUrl":"https:\/\/www.strafrecht.de\/wp-content\/uploads\/2021\/12\/2021_WUP_Website_1482_1260x780-1260x780.jpg","datePublished":"2021-12-09T16:03:31+00:00","dateModified":"2024-10-16T08:27:26+00:00","breadcrumb":{"@id":"https:\/\/www.strafrecht.de\/de\/krise-und-insolvenz\/#breadcrumb"},"inLanguage":"de","potentialAction":[{"@type":"ReadAction","target":["https:\/\/www.strafrecht.de\/de\/krise-und-insolvenz\/"]}]},{"@type":"ImageObject","inLanguage":"de","@id":"https:\/\/www.strafrecht.de\/de\/krise-und-insolvenz\/#primaryimage","url":"https:\/\/www.strafrecht.de\/wp-content\/uploads\/2021\/12\/2021_WUP_Website_1482_1260x780-1260x780.jpg","contentUrl":"https:\/\/www.strafrecht.de\/wp-content\/uploads\/2021\/12\/2021_WUP_Website_1482_1260x780-1260x780.jpg"},{"@type":"BreadcrumbList","@id":"https:\/\/www.strafrecht.de\/de\/krise-und-insolvenz\/#breadcrumb","itemListElement":[{"@type":"ListItem","position":1,"name":"Startseite","item":"https:\/\/www.strafrecht.de\/de\/"},{"@type":"ListItem","position":2,"name":"Krise &#038; Insolvenz"}]},{"@type":"WebSite","@id":"https:\/\/www.strafrecht.de\/de\/#website","url":"https:\/\/www.strafrecht.de\/de\/","name":"Wessing &amp; Partner","description":"Strafrecht nach allen Regeln der Kunst.","potentialAction":[{"@type":"SearchAction","target":{"@type":"EntryPoint","urlTemplate":"https:\/\/www.strafrecht.de\/de\/?s={search_term_string}"},"query-input":{"@type":"PropertyValueSpecification","valueRequired":true,"valueName":"search_term_string"}}],"inLanguage":"de"}]}},"jetpack_sharing_enabled":true,"_links":{"self":[{"href":"https:\/\/www.strafrecht.de\/de\/wp-json\/wp\/v2\/pages\/4268","targetHints":{"allow":["GET"]}}],"collection":[{"href":"https:\/\/www.strafrecht.de\/de\/wp-json\/wp\/v2\/pages"}],"about":[{"href":"https:\/\/www.strafrecht.de\/de\/wp-json\/wp\/v2\/types\/page"}],"author":[{"embeddable":true,"href":"https:\/\/www.strafrecht.de\/de\/wp-json\/wp\/v2\/users\/5"}],"replies":[{"embeddable":true,"href":"https:\/\/www.strafrecht.de\/de\/wp-json\/wp\/v2\/comments?post=4268"}],"version-history":[{"count":58,"href":"https:\/\/www.strafrecht.de\/de\/wp-json\/wp\/v2\/pages\/4268\/revisions"}],"predecessor-version":[{"id":11891,"href":"https:\/\/www.strafrecht.de\/de\/wp-json\/wp\/v2\/pages\/4268\/revisions\/11891"}],"wp:attachment":[{"href":"https:\/\/www.strafrecht.de\/de\/wp-json\/wp\/v2\/media?parent=4268"}],"curies":[{"name":"wp","href":"https:\/\/api.w.org\/{rel}","templated":true}]}}