{"id":4278,"date":"2021-12-09T16:06:55","date_gmt":"2021-12-09T16:06:55","guid":{"rendered":"https:\/\/dev.strafrecht.de\/?page_id=4278"},"modified":"2025-12-19T11:59:28","modified_gmt":"2025-12-19T09:59:28","slug":"zoll-und-aussenhandel","status":"publish","type":"page","link":"https:\/\/www.strafrecht.de\/de\/zoll-und-aussenhandel\/","title":{"rendered":"Zoll &#038; Au\u00dfenhandel"},"content":{"rendered":"\t\t<div data-elementor-type=\"wp-page\" data-elementor-id=\"4278\" class=\"elementor elementor-4278\" data-elementor-post-type=\"page\">\n\t\t\t\t\t\t<section class=\"elementor-section elementor-top-section elementor-element elementor-element-70ba194 elementor-section-boxed elementor-section-height-default elementor-section-height-default\" data-id=\"70ba194\" data-element_type=\"section\" data-e-type=\"section\">\n\t\t\t\t\t\t<div class=\"elementor-container elementor-column-gap-default\">\n\t\t\t\t\t<div class=\"elementor-column elementor-col-50 elementor-top-column elementor-element elementor-element-ae069a2\" data-id=\"ae069a2\" data-element_type=\"column\" data-e-type=\"column\">\n\t\t\t<div class=\"elementor-widget-wrap elementor-element-populated\">\n\t\t\t\t\t\t<div class=\"elementor-element elementor-element-fb7a4ac elementor-widget elementor-widget-image\" data-id=\"fb7a4ac\" data-element_type=\"widget\" data-e-type=\"widget\" data-widget_type=\"image.default\">\n\t\t\t\t<div class=\"elementor-widget-container\">\n\t\t\t\t\t\t\t\t\t\t\t\t\t\t\t<img fetchpriority=\"high\" decoding=\"async\" width=\"1260\" height=\"780\" src=\"https:\/\/www.strafrecht.de\/wp-content\/uploads\/2025\/02\/2021_WUP_Website_1492-1260x780.jpg\" class=\"attachment-landscape-1 size-landscape-1 wp-image-12460\" alt=\"\" \/>\t\t\t\t\t\t\t\t\t\t\t\t\t\t\t<\/div>\n\t\t\t\t<\/div>\n\t\t\t\t\t<\/div>\n\t\t<\/div>\n\t\t\t\t<div class=\"elementor-column elementor-col-50 elementor-top-column elementor-element elementor-element-41122b6\" data-id=\"41122b6\" data-element_type=\"column\" data-e-type=\"column\">\n\t\t\t<div class=\"elementor-widget-wrap elementor-element-populated\">\n\t\t\t\t\t\t<div class=\"elementor-element elementor-element-9b60cd5 elementor-hidden-mobile elementor-widget elementor-widget-image\" data-id=\"9b60cd5\" data-element_type=\"widget\" data-e-type=\"widget\" data-widget_type=\"image.default\">\n\t\t\t\t<div class=\"elementor-widget-container\">\n\t\t\t\t\t\t\t\t\t\t\t\t\t\t\t<img decoding=\"async\" width=\"1580\" height=\"780\" src=\"https:\/\/www.strafrecht.de\/wp-content\/uploads\/2025\/12\/2023_crf_WUP_7795_LoRes1-1580x780.jpg\" class=\"attachment-landscape-2 size-landscape-2 wp-image-13367\" alt=\"\" \/>\t\t\t\t\t\t\t\t\t\t\t\t\t\t\t<\/div>\n\t\t\t\t<\/div>\n\t\t\t\t\t<\/div>\n\t\t<\/div>\n\t\t\t\t\t<\/div>\n\t\t<\/section>\n\t\t\t\t<section class=\"elementor-section elementor-top-section elementor-element elementor-element-38230dc elementor-section-boxed elementor-section-height-default elementor-section-height-default\" data-id=\"38230dc\" data-element_type=\"section\" data-e-type=\"section\">\n\t\t\t\t\t\t<div class=\"elementor-container elementor-column-gap-default\">\n\t\t\t\t\t<div class=\"elementor-column elementor-col-66 elementor-top-column elementor-element elementor-element-55a6342\" data-id=\"55a6342\" data-element_type=\"column\" data-e-type=\"column\">\n\t\t\t<div class=\"elementor-widget-wrap elementor-element-populated\">\n\t\t\t\t\t\t<div class=\"elementor-element elementor-element-93c7a88 elementor-widget elementor-widget-text-editor\" data-id=\"93c7a88\" data-element_type=\"widget\" data-e-type=\"widget\" data-widget_type=\"text-editor.default\">\n\t\t\t\t<div class=\"elementor-widget-container\">\n\t\t\t\t\t\t\t\t\t<div><p>Der internationale Gesch\u00e4ftsverkehr ist noch immer der zentrale Motor der deutschen Wirtschaft. Er unterliegt den strengen Vorgaben des deutschen Au\u00dfenwirtschaftsrechts, deren Einhaltung das Bundesamt f\u00fcr Wirtschaft und Ausfuhrkontrolle \u00fcberwacht. Der Versto\u00df gegen Anmeldepflichten, Ausfuhrlisten oder gar Embargovorschriften kann erhebliche strafrechtliche Konsequenzen f\u00fcr die Unternehmensleitung und das Unternehmen selbst nach sich ziehen.<\/p><p>Das Zollstrafrecht bildet als Teil des <a href=\"https:\/\/www.strafrecht.de\/de\/steuerstrafrecht\/\">Steuerstrafrechts<\/a> die Kehrseite des Au\u00dfenwirtschaftsstrafrechts: Nach Deutschland eingef\u00fchrte Waren unterliegen besonderen zollrechtlichen Gestellungs- und Anmeldepflichten, deren Nichtbeachtung zollstrafrechtliche Konsequenzen haben kann. Die Zoll\u00e4mter und die Zollfahndungsstellen verf\u00fcgen \u00fcber umfassende Kontrollm\u00f6glichkeiten und leiten beim Verdacht auf Verst\u00f6\u00dfe gegen das Zollrecht Ermittlungsverfahren ein.<\/p><p>Wir leiten Sie durch alle Stufen des Verfahrens. Bei Bedarf arbeiten wir mit spezialisierten Berufskolleginnen und -kollegen zusammen in den Bereichen Vertriebsrecht, Au\u00dfenhandelsrecht und Zollrecht.<\/p><\/div><p><span style=\"color: #0090d6;\">Typische Themen:<\/span><\/p><ul><li>Verst\u00f6\u00dfe gegen Ausfuhrkontrollen \/ Bannbruch<\/li><li>Falsch- oder Nicht-Deklaration von Waren<br \/><span style=\"color: #0090d6;\">\u00a0<\/span><\/li><\/ul><p><span style=\"color: #0090d6;\">Sie k\u00f6nnen auf uns z\u00e4hlen:<\/span><\/p><ul><li>Gesch\u00e4ftsf\u00fchrer, Vorst\u00e4nde<\/li><li>Abteilungsleiter<\/li><\/ul>\t\t\t\t\t\t\t\t<\/div>\n\t\t\t\t<\/div>\n\t\t\t\t\t<\/div>\n\t\t<\/div>\n\t\t\t\t<div class=\"elementor-column elementor-col-33 elementor-top-column elementor-element elementor-element-fe3d9f4\" data-id=\"fe3d9f4\" data-element_type=\"column\" data-e-type=\"column\">\n\t\t\t<div class=\"elementor-widget-wrap elementor-element-populated\">\n\t\t\t\t\t\t<div class=\"elementor-element elementor-element-128d85e elementor-grid-1 elementor-posts--thumbnail-top elementor-grid-tablet-2 elementor-grid-mobile-1 elementor-widget elementor-widget-posts\" data-id=\"128d85e\" data-element_type=\"widget\" data-e-type=\"widget\" data-settings=\"{&quot;custom_columns&quot;:&quot;1&quot;,&quot;custom_row_gap&quot;:{&quot;unit&quot;:&quot;px&quot;,&quot;size&quot;:0,&quot;sizes&quot;:[]},&quot;custom_columns_tablet&quot;:&quot;2&quot;,&quot;custom_columns_mobile&quot;:&quot;1&quot;,&quot;custom_row_gap_tablet&quot;:{&quot;unit&quot;:&quot;px&quot;,&quot;size&quot;:&quot;&quot;,&quot;sizes&quot;:[]},&quot;custom_row_gap_mobile&quot;:{&quot;unit&quot;:&quot;px&quot;,&quot;size&quot;:&quot;&quot;,&quot;sizes&quot;:[]}}\" data-widget_type=\"posts.custom\">\n\t\t\t\t<div class=\"elementor-widget-container\">\n\t\t\t\t\t      <div class=\"ecs-posts elementor-posts-container elementor-posts   elementor-grid elementor-posts--skin-custom\" data-settings=\"{&quot;current_page&quot;:1,&quot;max_num_pages&quot;:3,&quot;load_method&quot;:&quot;&quot;,&quot;widget_id&quot;:&quot;128d85e&quot;,&quot;post_id&quot;:4278,&quot;theme_id&quot;:4278,&quot;change_url&quot;:false,&quot;reinit_js&quot;:false}\">\n      \t\t<article id=\"post-12910\" class=\"elementor-post elementor-grid-item ecs-post-loop post-12910 post type-post status-publish format-standard has-post-thumbnail hentry category-zoll-und-aussenhandel tag-aussenwirtschaftsgesetz tag-compliance tag-dual-use tag-embargo tag-eu-richtlinie tag-exportkontrolle tag-sanktionenstrafrecht tag-zoll person-heiko-ahlbrecht\">\n\t\t\t\t<div data-elementor-type=\"loop\" data-elementor-id=\"5297\" class=\"elementor elementor-5297 post-12910 post type-post status-publish format-standard has-post-thumbnail hentry category-zoll-und-aussenhandel tag-aussenwirtschaftsgesetz tag-compliance tag-dual-use tag-embargo tag-eu-richtlinie tag-exportkontrolle tag-sanktionenstrafrecht tag-zoll person-heiko-ahlbrecht\" data-elementor-post-type=\"elementor_library\">\n\t\t\t\t\t<section class=\"elementor-section elementor-top-section elementor-element elementor-element-ff7bcce elementor-section-full_width elementor-section-height-default elementor-section-height-default\" data-id=\"ff7bcce\" data-element_type=\"section\" data-e-type=\"section\">\n\t\t\t\t\t\t<div class=\"elementor-container elementor-column-gap-no\">\n\t\t\t\t\t<div class=\"elementor-column elementor-col-100 elementor-top-column elementor-element elementor-element-ee0bfb0\" data-id=\"ee0bfb0\" data-element_type=\"column\" data-e-type=\"column\">\n\t\t\t<div class=\"elementor-widget-wrap elementor-element-populated\">\n\t\t\t\t\t\t<section class=\"elementor-section elementor-inner-section elementor-element elementor-element-7ce9130 box-with-gradient elementor-section-full_width elementor-section-height-default elementor-section-height-default\" data-id=\"7ce9130\" data-element_type=\"section\" data-e-type=\"section\">\n\t\t\t\t\t\t<div class=\"elementor-container elementor-column-gap-default\">\n\t\t\t\t\t<div class=\"elementor-column elementor-col-100 elementor-inner-column elementor-element elementor-element-1633cab\" data-id=\"1633cab\" data-element_type=\"column\" data-e-type=\"column\">\n\t\t\t<div class=\"elementor-widget-wrap elementor-element-populated\">\n\t\t\t\t\t\t<div class=\"elementor-element elementor-element-530f580 elementor-widget elementor-widget-theme-post-featured-image elementor-widget-image\" data-id=\"530f580\" data-element_type=\"widget\" data-e-type=\"widget\" data-widget_type=\"theme-post-featured-image.default\">\n\t\t\t\t<div class=\"elementor-widget-container\">\n\t\t\t\t\t\t\t\t\t\t\t\t\t\t\t<img decoding=\"async\" width=\"1260\" height=\"765\" src=\"https:\/\/www.strafrecht.de\/wp-content\/uploads\/2025\/08\/iStock-1476198848-1360x765-1-1260x765.jpg\" class=\"attachment-landscape-1 size-landscape-1 wp-image-12912\" alt=\"\" \/>\t\t\t\t\t\t\t\t\t\t\t\t\t\t\t<\/div>\n\t\t\t\t<\/div>\n\t\t\t\t<div class=\"elementor-element elementor-element-2787f32 elementor-widget elementor-widget-heading\" data-id=\"2787f32\" data-element_type=\"widget\" data-e-type=\"widget\" data-widget_type=\"heading.default\">\n\t\t\t\t<div class=\"elementor-widget-container\">\n\t\t\t\t\t<h3 class=\"elementor-heading-title elementor-size-default\"><a href=\"https:\/\/www.unternehmensstrafrecht.de\/awg-compliance-alert-gesetzesentwurf-zur-verschaerfung-des-aussenwirtschaftsgesetzes\/\">AWG Compliance Alert: Gesetzesentwurf zur Versch\u00e4rfung des Au\u00dfenwirtschaftsgesetzes<\/a><\/h3>\t\t\t\t<\/div>\n\t\t\t\t<\/div>\n\t\t\t\t<div class=\"elementor-element elementor-element-714933f elementor-widget elementor-widget-text-editor\" data-id=\"714933f\" data-element_type=\"widget\" data-e-type=\"widget\" data-widget_type=\"text-editor.default\">\n\t\t\t\t<div class=\"elementor-widget-container\">\n\t\t\t\t\t\t\t\t\tMit dem Gesetzesentwurf Sanktionenstrafrecht hat das Bundesministerium f\u00fcr Wirtschaft und Energie am 14.08.25 seinen Umsetzungsvorschlag zu der EU-Richtlinie Sanktionenstrafrecht vorgelegt. \t\t\t\t\t\t\t\t<\/div>\n\t\t\t\t<\/div>\n\t\t\t\t<div class=\"elementor-element elementor-element-b27ba54 elementor-widget elementor-widget-text-editor\" data-id=\"b27ba54\" data-element_type=\"widget\" data-e-type=\"widget\" data-widget_type=\"text-editor.default\">\n\t\t\t\t<div class=\"elementor-widget-container\">\n\t\t\t\t\t\t\t\t\tBlog\t\t\t\t\t\t\t\t<\/div>\n\t\t\t\t<\/div>\n\t\t\t\t<div class=\"elementor-element elementor-element-42b9e74 elementor-widget elementor-widget-image\" data-id=\"42b9e74\" data-element_type=\"widget\" data-e-type=\"widget\" data-widget_type=\"image.default\">\n\t\t\t\t<div class=\"elementor-widget-container\">\n\t\t\t\t\t\t\t\t\t\t\t\t\t\t\t<img loading=\"lazy\" decoding=\"async\" width=\"44\" height=\"44\" src=\"https:\/\/www.strafrecht.de\/wp-content\/uploads\/2021\/12\/link-blue.svg\" class=\"attachment-full size-full wp-image-398\" alt=\"\" \/>\t\t\t\t\t\t\t\t\t\t\t\t\t\t\t<\/div>\n\t\t\t\t<\/div>\n\t\t\t\t\t<\/div>\n\t\t<\/div>\n\t\t\t\t\t<\/div>\n\t\t<\/section>\n\t\t\t\t\t<\/div>\n\t\t<\/div>\n\t\t\t\t\t<\/div>\n\t\t<\/section>\n\t\t\t\t<\/div>\n\t\t\t\t<\/article>\n\t\t\t\t<article id=\"post-7713\" class=\"elementor-post elementor-grid-item ecs-post-loop post-7713 post type-post status-publish format-standard has-post-thumbnail hentry category-allgemeines-strafrecht category-beratung-von-unternehmen category-cybercrime-it-und-datenschutzstrafrecht category-it-forensik category-korruption category-steuerstrafrecht category-unternehmensstrafrecht category-zoll-und-aussenhandel person-eren-basar person-jonathan-rueschendorf\">\n\t\t\t\t<div data-elementor-type=\"loop\" data-elementor-id=\"5297\" class=\"elementor elementor-5297 post-7713 post type-post status-publish format-standard has-post-thumbnail hentry category-allgemeines-strafrecht category-beratung-von-unternehmen category-cybercrime-it-und-datenschutzstrafrecht category-it-forensik category-korruption category-steuerstrafrecht category-unternehmensstrafrecht category-zoll-und-aussenhandel person-eren-basar person-jonathan-rueschendorf\" data-elementor-post-type=\"elementor_library\">\n\t\t\t\t\t<section class=\"elementor-section elementor-top-section elementor-element elementor-element-ff7bcce elementor-section-full_width elementor-section-height-default elementor-section-height-default\" data-id=\"ff7bcce\" data-element_type=\"section\" data-e-type=\"section\">\n\t\t\t\t\t\t<div class=\"elementor-container elementor-column-gap-no\">\n\t\t\t\t\t<div class=\"elementor-column elementor-col-100 elementor-top-column elementor-element elementor-element-ee0bfb0\" data-id=\"ee0bfb0\" data-element_type=\"column\" data-e-type=\"column\">\n\t\t\t<div class=\"elementor-widget-wrap elementor-element-populated\">\n\t\t\t\t\t\t<section class=\"elementor-section elementor-inner-section elementor-element elementor-element-7ce9130 box-with-gradient elementor-section-full_width elementor-section-height-default elementor-section-height-default\" data-id=\"7ce9130\" data-element_type=\"section\" data-e-type=\"section\">\n\t\t\t\t\t\t<div class=\"elementor-container elementor-column-gap-default\">\n\t\t\t\t\t<div class=\"elementor-column elementor-col-100 elementor-inner-column elementor-element elementor-element-1633cab\" data-id=\"1633cab\" data-element_type=\"column\" data-e-type=\"column\">\n\t\t\t<div class=\"elementor-widget-wrap elementor-element-populated\">\n\t\t\t\t\t\t<div class=\"elementor-element elementor-element-530f580 elementor-widget elementor-widget-theme-post-featured-image elementor-widget-image\" data-id=\"530f580\" data-element_type=\"widget\" data-e-type=\"widget\" data-widget_type=\"theme-post-featured-image.default\">\n\t\t\t\t<div class=\"elementor-widget-container\">\n\t\t\t\t\t\t\t\t\t\t\t\t\t\t\t<img loading=\"lazy\" decoding=\"async\" width=\"1000\" height=\"500\" src=\"https:\/\/www.strafrecht.de\/wp-content\/uploads\/2022\/01\/traffic-lights-red-yellow-green-against-sky-picture-id689407322.jpg\" class=\"attachment-landscape-1 size-landscape-1 wp-image-7714\" alt=\"\" srcset=\"https:\/\/www.strafrecht.de\/wp-content\/uploads\/2022\/01\/traffic-lights-red-yellow-green-against-sky-picture-id689407322.jpg 1000w, https:\/\/www.strafrecht.de\/wp-content\/uploads\/2022\/01\/traffic-lights-red-yellow-green-against-sky-picture-id689407322-300x150.jpg 300w, https:\/\/www.strafrecht.de\/wp-content\/uploads\/2022\/01\/traffic-lights-red-yellow-green-against-sky-picture-id689407322-768x384.jpg 768w\" sizes=\"(max-width: 1000px) 100vw, 1000px\" \/>\t\t\t\t\t\t\t\t\t\t\t\t\t\t\t<\/div>\n\t\t\t\t<\/div>\n\t\t\t\t<div class=\"elementor-element elementor-element-2787f32 elementor-widget elementor-widget-heading\" data-id=\"2787f32\" data-element_type=\"widget\" data-e-type=\"widget\" data-widget_type=\"heading.default\">\n\t\t\t\t<div class=\"elementor-widget-container\">\n\t\t\t\t\t<h3 class=\"elementor-heading-title elementor-size-default\"><a href=\"https:\/\/www.unternehmensstrafrecht.de\/neue-koalition-neues-glueck-bedeutung-des-koalitionsvertrags-fuer-das-unternehmens-strafrecht\/\">Neue Koalition, neues Gl\u00fcck? \u2013 Bedeutung des Koalitionsvertrags f\u00fcr das (Unternehmens-)Strafrecht<\/a><\/h3>\t\t\t\t<\/div>\n\t\t\t\t<\/div>\n\t\t\t\t<div class=\"elementor-element elementor-element-714933f elementor-widget elementor-widget-text-editor\" data-id=\"714933f\" data-element_type=\"widget\" data-e-type=\"widget\" data-widget_type=\"text-editor.default\">\n\t\t\t\t<div class=\"elementor-widget-container\">\n\t\t\t\t\t\t\t\t\tDie Ampel-Parteien haben ihren Koalitionsvertrag vorgestellt. Darin betonen sie die Anwendung des Strafrechts als Ultima Ratio.\t\t\t\t\t\t\t\t<\/div>\n\t\t\t\t<\/div>\n\t\t\t\t<div class=\"elementor-element elementor-element-b27ba54 elementor-widget elementor-widget-text-editor\" data-id=\"b27ba54\" data-element_type=\"widget\" data-e-type=\"widget\" data-widget_type=\"text-editor.default\">\n\t\t\t\t<div class=\"elementor-widget-container\">\n\t\t\t\t\t\t\t\t\tBlog\t\t\t\t\t\t\t\t<\/div>\n\t\t\t\t<\/div>\n\t\t\t\t<div class=\"elementor-element elementor-element-42b9e74 elementor-widget elementor-widget-image\" data-id=\"42b9e74\" data-element_type=\"widget\" data-e-type=\"widget\" data-widget_type=\"image.default\">\n\t\t\t\t<div class=\"elementor-widget-container\">\n\t\t\t\t\t\t\t\t\t\t\t\t\t\t\t<img loading=\"lazy\" decoding=\"async\" width=\"44\" height=\"44\" src=\"https:\/\/www.strafrecht.de\/wp-content\/uploads\/2021\/12\/link-blue.svg\" class=\"attachment-full size-full wp-image-398\" alt=\"\" \/>\t\t\t\t\t\t\t\t\t\t\t\t\t\t\t<\/div>\n\t\t\t\t<\/div>\n\t\t\t\t\t<\/div>\n\t\t<\/div>\n\t\t\t\t\t<\/div>\n\t\t<\/section>\n\t\t\t\t\t<\/div>\n\t\t<\/div>\n\t\t\t\t\t<\/div>\n\t\t<\/section>\n\t\t\t\t<\/div>\n\t\t\t\t<\/article>\n\t\t\t\t<\/div>\n\t\t\t\t\t\t<\/div>\n\t\t\t\t<\/div>\n\t\t\t\t\t<\/div>\n\t\t<\/div>\n\t\t\t\t\t<\/div>\n\t\t<\/section>\n\t\t\t\t<\/div>\n\t\t","protected":false},"excerpt":{"rendered":"<p>Der internationale Gesch\u00e4ftsverkehr ist noch immer der zentrale Motor der deutschen Wirtschaft. Er unterliegt den strengen Vorgaben des deutschen Au\u00dfenwirtschaftsrechts, deren Einhaltung das Bundesamt f\u00fcr<\/p>\n","protected":false},"author":5,"featured_media":0,"parent":0,"menu_order":0,"comment_status":"closed","ping_status":"closed","template":"","meta":{"_acf_changed":false,"footnotes":""},"class_list":["post-4278","page","type-page","status-publish","hentry"],"acf":[],"yoast_head":"<!-- This site is optimized with the Yoast SEO Premium plugin v26.1 (Yoast SEO v27.5) - https:\/\/yoast.com\/product\/yoast-seo-premium-wordpress\/ -->\n<title>Zollrecht und Au\u00dfenhandelsrecht | Wessing &amp; Partner<\/title>\n<meta name=\"description\" content=\"Verst\u00f6\u00dfe gegen Au\u00dfenwirtschafts- oder Zollstrafrecht kann erhebliche Konsequenzen mit sich bringen. Wir leiten Sie durch das Verfahren.\" \/>\n<meta name=\"robots\" content=\"index, follow, max-snippet:-1, max-image-preview:large, max-video-preview:-1\" \/>\n<link rel=\"canonical\" href=\"https:\/\/www.strafrecht.de\/de\/zoll-und-aussenhandel\/\" \/>\n<meta property=\"og:locale\" content=\"de_DE\" \/>\n<meta property=\"og:type\" content=\"article\" \/>\n<meta property=\"og:title\" content=\"Zoll &amp; Au\u00dfenhandel\" \/>\n<meta property=\"og:description\" content=\"Verst\u00f6\u00dfe gegen Au\u00dfenwirtschafts- oder Zollstrafrecht kann erhebliche Konsequenzen mit sich bringen. Wir leiten Sie durch das Verfahren.\" \/>\n<meta property=\"og:url\" content=\"https:\/\/www.strafrecht.de\/de\/zoll-und-aussenhandel\/\" \/>\n<meta property=\"og:site_name\" content=\"Wessing &amp; Partner\" \/>\n<meta property=\"article:modified_time\" content=\"2025-12-19T09:59:28+00:00\" \/>\n<meta property=\"og:image\" content=\"https:\/\/www.strafrecht.de\/wp-content\/uploads\/2025\/02\/2021_WUP_Website_1492-e1739189101258.jpg\" \/>\n\t<meta property=\"og:image:width\" content=\"1260\" \/>\n\t<meta property=\"og:image:height\" content=\"841\" \/>\n\t<meta property=\"og:image:type\" content=\"image\/jpeg\" \/>\n<meta name=\"twitter:card\" content=\"summary_large_image\" \/>\n<meta name=\"twitter:label1\" content=\"Gesch\u00e4tzte Lesezeit\" \/>\n\t<meta name=\"twitter:data1\" content=\"4\u00a0Minuten\" \/>\n<script type=\"application\/ld+json\" class=\"yoast-schema-graph\">{\"@context\":\"https:\\\/\\\/schema.org\",\"@graph\":[{\"@type\":\"WebPage\",\"@id\":\"https:\\\/\\\/www.strafrecht.de\\\/de\\\/zoll-und-aussenhandel\\\/\",\"url\":\"https:\\\/\\\/www.strafrecht.de\\\/de\\\/zoll-und-aussenhandel\\\/\",\"name\":\"Zollrecht und Au\u00dfenhandelsrecht | Wessing & Partner\",\"isPartOf\":{\"@id\":\"https:\\\/\\\/www.strafrecht.de\\\/de\\\/#website\"},\"primaryImageOfPage\":{\"@id\":\"https:\\\/\\\/www.strafrecht.de\\\/de\\\/zoll-und-aussenhandel\\\/#primaryimage\"},\"image\":{\"@id\":\"https:\\\/\\\/www.strafrecht.de\\\/de\\\/zoll-und-aussenhandel\\\/#primaryimage\"},\"thumbnailUrl\":\"https:\\\/\\\/www.strafrecht.de\\\/wp-content\\\/uploads\\\/2025\\\/02\\\/2021_WUP_Website_1492-1260x780.jpg\",\"datePublished\":\"2021-12-09T16:06:55+00:00\",\"dateModified\":\"2025-12-19T09:59:28+00:00\",\"description\":\"Verst\u00f6\u00dfe gegen Au\u00dfenwirtschafts- oder Zollstrafrecht kann erhebliche Konsequenzen mit sich bringen. Wir leiten Sie durch das Verfahren.\",\"breadcrumb\":{\"@id\":\"https:\\\/\\\/www.strafrecht.de\\\/de\\\/zoll-und-aussenhandel\\\/#breadcrumb\"},\"inLanguage\":\"de\",\"potentialAction\":[{\"@type\":\"ReadAction\",\"target\":[\"https:\\\/\\\/www.strafrecht.de\\\/de\\\/zoll-und-aussenhandel\\\/\"]}]},{\"@type\":\"ImageObject\",\"inLanguage\":\"de\",\"@id\":\"https:\\\/\\\/www.strafrecht.de\\\/de\\\/zoll-und-aussenhandel\\\/#primaryimage\",\"url\":\"https:\\\/\\\/www.strafrecht.de\\\/wp-content\\\/uploads\\\/2025\\\/02\\\/2021_WUP_Website_1492-1260x780.jpg\",\"contentUrl\":\"https:\\\/\\\/www.strafrecht.de\\\/wp-content\\\/uploads\\\/2025\\\/02\\\/2021_WUP_Website_1492-1260x780.jpg\"},{\"@type\":\"BreadcrumbList\",\"@id\":\"https:\\\/\\\/www.strafrecht.de\\\/de\\\/zoll-und-aussenhandel\\\/#breadcrumb\",\"itemListElement\":[{\"@type\":\"ListItem\",\"position\":1,\"name\":\"Startseite\",\"item\":\"https:\\\/\\\/www.strafrecht.de\\\/de\\\/\"},{\"@type\":\"ListItem\",\"position\":2,\"name\":\"Zoll &#038; Au\u00dfenhandel\"}]},{\"@type\":\"WebSite\",\"@id\":\"https:\\\/\\\/www.strafrecht.de\\\/de\\\/#website\",\"url\":\"https:\\\/\\\/www.strafrecht.de\\\/de\\\/\",\"name\":\"Wessing &amp; Partner\",\"description\":\"Strafrecht nach allen Regeln der Kunst.\",\"potentialAction\":[{\"@type\":\"SearchAction\",\"target\":{\"@type\":\"EntryPoint\",\"urlTemplate\":\"https:\\\/\\\/www.strafrecht.de\\\/de\\\/?s={search_term_string}\"},\"query-input\":{\"@type\":\"PropertyValueSpecification\",\"valueRequired\":true,\"valueName\":\"search_term_string\"}}],\"inLanguage\":\"de\"}]}<\/script>\n<!-- \/ Yoast SEO Premium plugin. -->","yoast_head_json":{"title":"Zollrecht und Au\u00dfenhandelsrecht | Wessing & Partner","description":"Verst\u00f6\u00dfe gegen Au\u00dfenwirtschafts- oder Zollstrafrecht kann erhebliche Konsequenzen mit sich bringen. Wir leiten Sie durch das Verfahren.","robots":{"index":"index","follow":"follow","max-snippet":"max-snippet:-1","max-image-preview":"max-image-preview:large","max-video-preview":"max-video-preview:-1"},"canonical":"https:\/\/www.strafrecht.de\/de\/zoll-und-aussenhandel\/","og_locale":"de_DE","og_type":"article","og_title":"Zoll & Au\u00dfenhandel","og_description":"Verst\u00f6\u00dfe gegen Au\u00dfenwirtschafts- oder Zollstrafrecht kann erhebliche Konsequenzen mit sich bringen. Wir leiten Sie durch das Verfahren.","og_url":"https:\/\/www.strafrecht.de\/de\/zoll-und-aussenhandel\/","og_site_name":"Wessing &amp; Partner","article_modified_time":"2025-12-19T09:59:28+00:00","og_image":[{"width":1260,"height":841,"url":"https:\/\/www.strafrecht.de\/wp-content\/uploads\/2025\/02\/2021_WUP_Website_1492-e1739189101258.jpg","type":"image\/jpeg"}],"twitter_card":"summary_large_image","twitter_misc":{"Gesch\u00e4tzte Lesezeit":"4\u00a0Minuten"},"schema":{"@context":"https:\/\/schema.org","@graph":[{"@type":"WebPage","@id":"https:\/\/www.strafrecht.de\/de\/zoll-und-aussenhandel\/","url":"https:\/\/www.strafrecht.de\/de\/zoll-und-aussenhandel\/","name":"Zollrecht und Au\u00dfenhandelsrecht | Wessing & Partner","isPartOf":{"@id":"https:\/\/www.strafrecht.de\/de\/#website"},"primaryImageOfPage":{"@id":"https:\/\/www.strafrecht.de\/de\/zoll-und-aussenhandel\/#primaryimage"},"image":{"@id":"https:\/\/www.strafrecht.de\/de\/zoll-und-aussenhandel\/#primaryimage"},"thumbnailUrl":"https:\/\/www.strafrecht.de\/wp-content\/uploads\/2025\/02\/2021_WUP_Website_1492-1260x780.jpg","datePublished":"2021-12-09T16:06:55+00:00","dateModified":"2025-12-19T09:59:28+00:00","description":"Verst\u00f6\u00dfe gegen Au\u00dfenwirtschafts- oder Zollstrafrecht kann erhebliche Konsequenzen mit sich bringen. Wir leiten Sie durch das Verfahren.","breadcrumb":{"@id":"https:\/\/www.strafrecht.de\/de\/zoll-und-aussenhandel\/#breadcrumb"},"inLanguage":"de","potentialAction":[{"@type":"ReadAction","target":["https:\/\/www.strafrecht.de\/de\/zoll-und-aussenhandel\/"]}]},{"@type":"ImageObject","inLanguage":"de","@id":"https:\/\/www.strafrecht.de\/de\/zoll-und-aussenhandel\/#primaryimage","url":"https:\/\/www.strafrecht.de\/wp-content\/uploads\/2025\/02\/2021_WUP_Website_1492-1260x780.jpg","contentUrl":"https:\/\/www.strafrecht.de\/wp-content\/uploads\/2025\/02\/2021_WUP_Website_1492-1260x780.jpg"},{"@type":"BreadcrumbList","@id":"https:\/\/www.strafrecht.de\/de\/zoll-und-aussenhandel\/#breadcrumb","itemListElement":[{"@type":"ListItem","position":1,"name":"Startseite","item":"https:\/\/www.strafrecht.de\/de\/"},{"@type":"ListItem","position":2,"name":"Zoll &#038; Au\u00dfenhandel"}]},{"@type":"WebSite","@id":"https:\/\/www.strafrecht.de\/de\/#website","url":"https:\/\/www.strafrecht.de\/de\/","name":"Wessing &amp; Partner","description":"Strafrecht nach allen Regeln der Kunst.","potentialAction":[{"@type":"SearchAction","target":{"@type":"EntryPoint","urlTemplate":"https:\/\/www.strafrecht.de\/de\/?s={search_term_string}"},"query-input":{"@type":"PropertyValueSpecification","valueRequired":true,"valueName":"search_term_string"}}],"inLanguage":"de"}]}},"jetpack_sharing_enabled":true,"_links":{"self":[{"href":"https:\/\/www.strafrecht.de\/de\/wp-json\/wp\/v2\/pages\/4278","targetHints":{"allow":["GET"]}}],"collection":[{"href":"https:\/\/www.strafrecht.de\/de\/wp-json\/wp\/v2\/pages"}],"about":[{"href":"https:\/\/www.strafrecht.de\/de\/wp-json\/wp\/v2\/types\/page"}],"author":[{"embeddable":true,"href":"https:\/\/www.strafrecht.de\/de\/wp-json\/wp\/v2\/users\/5"}],"replies":[{"embeddable":true,"href":"https:\/\/www.strafrecht.de\/de\/wp-json\/wp\/v2\/comments?post=4278"}],"version-history":[{"count":39,"href":"https:\/\/www.strafrecht.de\/de\/wp-json\/wp\/v2\/pages\/4278\/revisions"}],"predecessor-version":[{"id":13370,"href":"https:\/\/www.strafrecht.de\/de\/wp-json\/wp\/v2\/pages\/4278\/revisions\/13370"}],"wp:attachment":[{"href":"https:\/\/www.strafrecht.de\/de\/wp-json\/wp\/v2\/media?parent=4278"}],"curies":[{"name":"wp","href":"https:\/\/api.w.org\/{rel}","templated":true}]}}