{"id":4283,"date":"2021-12-09T16:08:30","date_gmt":"2021-12-09T16:08:30","guid":{"rendered":"https:\/\/dev.strafrecht.de\/?page_id=4283"},"modified":"2025-12-19T12:04:48","modified_gmt":"2025-12-19T10:04:48","slug":"steuerstrafrecht","status":"publish","type":"page","link":"https:\/\/www.strafrecht.de\/de\/steuerstrafrecht\/","title":{"rendered":"Steuerstrafrecht"},"content":{"rendered":"\t\t<div data-elementor-type=\"wp-page\" data-elementor-id=\"4283\" class=\"elementor elementor-4283\" data-elementor-post-type=\"page\">\n\t\t\t\t\t\t<section class=\"elementor-section elementor-top-section elementor-element elementor-element-70ba194 elementor-section-boxed elementor-section-height-default elementor-section-height-default\" data-id=\"70ba194\" data-element_type=\"section\" data-e-type=\"section\">\n\t\t\t\t\t\t<div class=\"elementor-container elementor-column-gap-default\">\n\t\t\t\t\t<div class=\"elementor-column elementor-col-50 elementor-top-column elementor-element elementor-element-ae069a2\" data-id=\"ae069a2\" data-element_type=\"column\" data-e-type=\"column\">\n\t\t\t<div class=\"elementor-widget-wrap elementor-element-populated\">\n\t\t\t\t\t\t<div class=\"elementor-element elementor-element-fb7a4ac elementor-widget elementor-widget-image\" data-id=\"fb7a4ac\" data-element_type=\"widget\" data-e-type=\"widget\" data-widget_type=\"image.default\">\n\t\t\t\t<div class=\"elementor-widget-container\">\n\t\t\t\t\t\t\t\t\t\t\t\t\t\t\t<img fetchpriority=\"high\" decoding=\"async\" width=\"1260\" height=\"780\" src=\"https:\/\/www.strafrecht.de\/wp-content\/uploads\/2025\/12\/Butler_2022_WUP_Portraits_6373-1-1260x780.jpg\" class=\"attachment-landscape-1 size-landscape-1 wp-image-13371\" alt=\"\" \/>\t\t\t\t\t\t\t\t\t\t\t\t\t\t\t<\/div>\n\t\t\t\t<\/div>\n\t\t\t\t\t<\/div>\n\t\t<\/div>\n\t\t\t\t<div class=\"elementor-column elementor-col-50 elementor-top-column elementor-element elementor-element-41122b6\" data-id=\"41122b6\" data-element_type=\"column\" data-e-type=\"column\">\n\t\t\t<div class=\"elementor-widget-wrap elementor-element-populated\">\n\t\t\t\t\t\t<div class=\"elementor-element elementor-element-9b60cd5 elementor-hidden-mobile elementor-widget elementor-widget-image\" data-id=\"9b60cd5\" data-element_type=\"widget\" data-e-type=\"widget\" data-widget_type=\"image.default\">\n\t\t\t\t<div class=\"elementor-widget-container\">\n\t\t\t\t\t\t\t\t\t\t\t\t\t\t\t<img decoding=\"async\" width=\"1580\" height=\"780\" src=\"https:\/\/www.strafrecht.de\/wp-content\/uploads\/2021\/12\/wp_profile_8-1580x780.jpg\" class=\"attachment-landscape-2 size-landscape-2 wp-image-4643\" alt=\"\" srcset=\"https:\/\/www.strafrecht.de\/wp-content\/uploads\/2021\/12\/wp_profile_8.jpg 1580w, https:\/\/www.strafrecht.de\/wp-content\/uploads\/2021\/12\/wp_profile_8-300x148.jpg 300w, https:\/\/www.strafrecht.de\/wp-content\/uploads\/2021\/12\/wp_profile_8-1024x506.jpg 1024w, https:\/\/www.strafrecht.de\/wp-content\/uploads\/2021\/12\/wp_profile_8-768x379.jpg 768w, https:\/\/www.strafrecht.de\/wp-content\/uploads\/2021\/12\/wp_profile_8-1536x758.jpg 1536w\" sizes=\"(max-width: 1580px) 100vw, 1580px\" \/>\t\t\t\t\t\t\t\t\t\t\t\t\t\t\t<\/div>\n\t\t\t\t<\/div>\n\t\t\t\t\t<\/div>\n\t\t<\/div>\n\t\t\t\t\t<\/div>\n\t\t<\/section>\n\t\t\t\t<section class=\"elementor-section elementor-top-section elementor-element elementor-element-38230dc elementor-section-boxed elementor-section-height-default elementor-section-height-default\" data-id=\"38230dc\" data-element_type=\"section\" data-e-type=\"section\">\n\t\t\t\t\t\t<div class=\"elementor-container elementor-column-gap-default\">\n\t\t\t\t\t<div class=\"elementor-column elementor-col-66 elementor-top-column elementor-element elementor-element-55a6342\" data-id=\"55a6342\" data-element_type=\"column\" data-e-type=\"column\">\n\t\t\t<div class=\"elementor-widget-wrap elementor-element-populated\">\n\t\t\t\t\t\t<div class=\"elementor-element elementor-element-93c7a88 elementor-widget elementor-widget-text-editor\" data-id=\"93c7a88\" data-element_type=\"widget\" data-e-type=\"widget\" data-widget_type=\"text-editor.default\">\n\t\t\t\t<div class=\"elementor-widget-container\">\n\t\t\t\t\t\t\t\t\t<p>Der Gesetzgeber und die Rechtsprechung haben das Steuerstrafrecht in den vergangenen Jahren immer weiter versch\u00e4rft. Prominente F\u00e4lle in der Presse haben deutlich gemacht, dass diese Entwicklung an die Strafverteidigung im Steuerstrafrecht besondere Anforderungen stellt. Die M\u00f6glichkeiten der strafbefreienden Selbstanzeige sind eingeschr\u00e4nkt worden.<\/p><p>Bei der Strafzumessung f\u00fcr Steuervergehen orientieren sich die Instanzgerichte an den Vorgaben des ersten Strafsenats des Bundesgerichtshofs, wonach bei einem Steuerhinterziehungsbetrag in Millionenh\u00f6he mit einer zu verb\u00fc\u00dfenden Haftstrafe zu rechnen ist.<\/p><p>Unsere Erfahrung zeigt, dass professionelle Verteidigung in Steuerstrafsachen eine strategisch abgestimmte Zusammenarbeit mit der materiell-steuerrechtlichen Vertretung voraussetzt. Wir arbeiten daher eng mit Steuerberatern und Wirtschaftspr\u00fcfern sowie mit Steuerabteilungen von Unternehmen zusammen. Im Austausch der Spezialisten analysieren und bewerten wir den Sachverhalt und die drohenden steuerstrafrechtlichen Konsequenzen. Dabei betrachten wir es als unsere Kernaufgabe, die Frage einer <a href=\"https:\/\/www.strafrecht.de\/selbstanzeigen\/\">strafbefreienden Selbstanzeige<\/a> f\u00fcr unsere Mandanten klug, umfassend und eindeutig zu beantworten.<\/p><p>Vor dem Hintergrund des immer intensiveren Austauschs von Steuerdaten \u00fcber L\u00e4ndergrenzen haben wir intensive Kontakte zu zahlreichen Banken und Kollegen im Ausland aufgebaut. So sind wir in der Lage, im Rahmen von Ermittlungs- und l\u00e4nder\u00fcbergreifenden Amtshilfeverfahren schnell die notwendigen Unterlagen zu beschaffen und den eng werdenden Zeithorizont in Steuerstrafsachen zu nutzen.<\/p><p><span style=\"color: #0090d6;\">Typische Themen:<\/span><\/p><ul><li>Steuerfahndungsverfahren<\/li><li><a href=\"https:\/\/www.strafrecht.de\/selbstanzeigen\/\">Selbstanzeigen<\/a><\/li><li>Steuerdelikte mit Auslandsbezug<\/li><li>Pr\u00e4ventivberatung \/ Tax Compliance<\/li><li><a href=\"https:\/\/www.strafrecht.de\/de\/zoll-und-aussenhandel\/\">Zolldelikte<\/a><\/li><li>Vertretung in <a href=\"https:\/\/www.strafrecht.de\/steuerstreit\/\">Steuerstreitverfahren<\/a><\/li><li>Begleitung von Betriebspr\u00fcfungen<\/li><\/ul><p><span style=\"color: #0090d6;\">\u00a0<\/span><\/p><p><span style=\"color: #0090d6;\">Sie k\u00f6nnen auf uns z\u00e4hlen:<\/span><\/p><ul><li>Verm\u00f6gende Privatpersonen<\/li><li>Unternehmer<\/li><li>Steuerberater und Wirtschaftspr\u00fcfer<\/li><\/ul>\t\t\t\t\t\t\t\t<\/div>\n\t\t\t\t<\/div>\n\t\t\t\t\t<\/div>\n\t\t<\/div>\n\t\t\t\t<div class=\"elementor-column elementor-col-33 elementor-top-column elementor-element elementor-element-fe3d9f4\" data-id=\"fe3d9f4\" data-element_type=\"column\" data-e-type=\"column\">\n\t\t\t<div class=\"elementor-widget-wrap elementor-element-populated\">\n\t\t\t\t\t\t<div class=\"elementor-element elementor-element-d26a41f elementor-grid-1 elementor-posts--thumbnail-top elementor-grid-tablet-2 elementor-grid-mobile-1 elementor-widget elementor-widget-posts\" data-id=\"d26a41f\" data-element_type=\"widget\" data-e-type=\"widget\" data-settings=\"{&quot;custom_columns&quot;:&quot;1&quot;,&quot;custom_row_gap&quot;:{&quot;unit&quot;:&quot;px&quot;,&quot;size&quot;:0,&quot;sizes&quot;:[]},&quot;custom_columns_tablet&quot;:&quot;2&quot;,&quot;custom_columns_mobile&quot;:&quot;1&quot;,&quot;custom_row_gap_tablet&quot;:{&quot;unit&quot;:&quot;px&quot;,&quot;size&quot;:&quot;&quot;,&quot;sizes&quot;:[]},&quot;custom_row_gap_mobile&quot;:{&quot;unit&quot;:&quot;px&quot;,&quot;size&quot;:&quot;&quot;,&quot;sizes&quot;:[]}}\" data-widget_type=\"posts.custom\">\n\t\t\t\t<div class=\"elementor-widget-container\">\n\t\t\t\t\t      <div class=\"ecs-posts elementor-posts-container elementor-posts   elementor-grid elementor-posts--skin-custom\" data-settings=\"{&quot;current_page&quot;:1,&quot;max_num_pages&quot;:&quot;5&quot;,&quot;load_method&quot;:&quot;&quot;,&quot;widget_id&quot;:&quot;d26a41f&quot;,&quot;post_id&quot;:4283,&quot;theme_id&quot;:4283,&quot;change_url&quot;:false,&quot;reinit_js&quot;:false}\">\n      \t\t<article id=\"post-12805\" class=\"elementor-post elementor-grid-item ecs-post-loop post-12805 post type-post status-publish format-standard has-post-thumbnail hentry category-cybercrime-it-und-datenschutzstrafrecht category-steuerstrafrecht tag-beschlagnahme tag-durchsuchung tag-influencer tag-it tag-social-media tag-steuerhinterziehung tag-strafrecht person-andreas-pfister\">\n\t\t\t\t<div data-elementor-type=\"loop\" data-elementor-id=\"5297\" class=\"elementor elementor-5297 post-12805 post type-post status-publish format-standard has-post-thumbnail hentry category-cybercrime-it-und-datenschutzstrafrecht category-steuerstrafrecht tag-beschlagnahme tag-durchsuchung tag-influencer tag-it tag-social-media tag-steuerhinterziehung tag-strafrecht person-andreas-pfister\" data-elementor-post-type=\"elementor_library\">\n\t\t\t\t\t<section class=\"elementor-section elementor-top-section elementor-element elementor-element-ff7bcce elementor-section-full_width elementor-section-height-default elementor-section-height-default\" data-id=\"ff7bcce\" data-element_type=\"section\" data-e-type=\"section\">\n\t\t\t\t\t\t<div class=\"elementor-container elementor-column-gap-no\">\n\t\t\t\t\t<div class=\"elementor-column elementor-col-100 elementor-top-column elementor-element elementor-element-ee0bfb0\" data-id=\"ee0bfb0\" data-element_type=\"column\" data-e-type=\"column\">\n\t\t\t<div class=\"elementor-widget-wrap elementor-element-populated\">\n\t\t\t\t\t\t<section class=\"elementor-section elementor-inner-section elementor-element elementor-element-7ce9130 box-with-gradient elementor-section-full_width elementor-section-height-default elementor-section-height-default\" data-id=\"7ce9130\" data-element_type=\"section\" data-e-type=\"section\">\n\t\t\t\t\t\t<div class=\"elementor-container elementor-column-gap-default\">\n\t\t\t\t\t<div class=\"elementor-column elementor-col-100 elementor-inner-column elementor-element elementor-element-1633cab\" data-id=\"1633cab\" data-element_type=\"column\" data-e-type=\"column\">\n\t\t\t<div class=\"elementor-widget-wrap elementor-element-populated\">\n\t\t\t\t\t\t<div class=\"elementor-element elementor-element-530f580 elementor-widget elementor-widget-theme-post-featured-image elementor-widget-image\" data-id=\"530f580\" data-element_type=\"widget\" data-e-type=\"widget\" data-widget_type=\"theme-post-featured-image.default\">\n\t\t\t\t<div class=\"elementor-widget-container\">\n\t\t\t\t\t\t\t\t\t\t\t\t\t\t\t<img decoding=\"async\" width=\"1260\" height=\"780\" src=\"https:\/\/www.strafrecht.de\/wp-content\/uploads\/2025\/07\/iStock-1387851323-1260x780.jpg\" class=\"attachment-landscape-1 size-landscape-1 wp-image-12806\" alt=\"\" \/>\t\t\t\t\t\t\t\t\t\t\t\t\t\t\t<\/div>\n\t\t\t\t<\/div>\n\t\t\t\t<div class=\"elementor-element elementor-element-2787f32 elementor-widget elementor-widget-heading\" data-id=\"2787f32\" data-element_type=\"widget\" data-e-type=\"widget\" data-widget_type=\"heading.default\">\n\t\t\t\t<div class=\"elementor-widget-container\">\n\t\t\t\t\t<h3 class=\"elementor-heading-title elementor-size-default\"><a href=\"https:\/\/www.unternehmensstrafrecht.de\/instagram-tik-tok-und-co-social-media-als-hotspot-der-steuerhinterziehung\/\">Instagram, Tik Tok und Co. \u2013 Social Media als Hotspot der Steuerhinterziehung!?<\/a><\/h3>\t\t\t\t<\/div>\n\t\t\t\t<\/div>\n\t\t\t\t<div class=\"elementor-element elementor-element-714933f elementor-widget elementor-widget-text-editor\" data-id=\"714933f\" data-element_type=\"widget\" data-e-type=\"widget\" data-widget_type=\"text-editor.default\">\n\t\t\t\t<div class=\"elementor-widget-container\">\n\t\t\t\t\t\t\t\t\tDie j\u00fcngste Mitteilung des Landesamts zur Bek\u00e4mpfung der Finanzkriminalit\u00e4t in Nordrhein-Westfalen (LBF NRW) vom 15.7.2025 klingt spektakul\u00e4r und weckt Erinnerungen an den kontroversen Kauf\t\t\t\t\t\t\t\t<\/div>\n\t\t\t\t<\/div>\n\t\t\t\t<div class=\"elementor-element elementor-element-b27ba54 elementor-widget elementor-widget-text-editor\" data-id=\"b27ba54\" data-element_type=\"widget\" data-e-type=\"widget\" data-widget_type=\"text-editor.default\">\n\t\t\t\t<div class=\"elementor-widget-container\">\n\t\t\t\t\t\t\t\t\tBlog\t\t\t\t\t\t\t\t<\/div>\n\t\t\t\t<\/div>\n\t\t\t\t<div class=\"elementor-element elementor-element-42b9e74 elementor-widget elementor-widget-image\" data-id=\"42b9e74\" data-element_type=\"widget\" data-e-type=\"widget\" data-widget_type=\"image.default\">\n\t\t\t\t<div class=\"elementor-widget-container\">\n\t\t\t\t\t\t\t\t\t\t\t\t\t\t\t<img loading=\"lazy\" decoding=\"async\" width=\"44\" height=\"44\" src=\"https:\/\/www.strafrecht.de\/wp-content\/uploads\/2021\/12\/link-blue.svg\" class=\"attachment-full size-full wp-image-398\" alt=\"\" \/>\t\t\t\t\t\t\t\t\t\t\t\t\t\t\t<\/div>\n\t\t\t\t<\/div>\n\t\t\t\t\t<\/div>\n\t\t<\/div>\n\t\t\t\t\t<\/div>\n\t\t<\/section>\n\t\t\t\t\t<\/div>\n\t\t<\/div>\n\t\t\t\t\t<\/div>\n\t\t<\/section>\n\t\t\t\t<\/div>\n\t\t\t\t<\/article>\n\t\t\t\t<article id=\"post-12163\" class=\"elementor-post elementor-grid-item ecs-post-loop post-12163 post type-post status-publish format-standard has-post-thumbnail hentry category-steuerstrafrecht tag-berufsrecht tag-berufsverbot tag-steuerberatung tag-steuerhinterziehung person-rainer-biesgen person-dr-volodymyr-izrailevych\">\n\t\t\t\t<div data-elementor-type=\"loop\" data-elementor-id=\"5297\" class=\"elementor elementor-5297 post-12163 post type-post status-publish format-standard has-post-thumbnail hentry category-steuerstrafrecht tag-berufsrecht tag-berufsverbot tag-steuerberatung tag-steuerhinterziehung person-rainer-biesgen person-dr-volodymyr-izrailevych\" data-elementor-post-type=\"elementor_library\">\n\t\t\t\t\t<section class=\"elementor-section elementor-top-section elementor-element elementor-element-ff7bcce elementor-section-full_width elementor-section-height-default elementor-section-height-default\" data-id=\"ff7bcce\" data-element_type=\"section\" data-e-type=\"section\">\n\t\t\t\t\t\t<div class=\"elementor-container elementor-column-gap-no\">\n\t\t\t\t\t<div class=\"elementor-column elementor-col-100 elementor-top-column elementor-element elementor-element-ee0bfb0\" data-id=\"ee0bfb0\" data-element_type=\"column\" data-e-type=\"column\">\n\t\t\t<div class=\"elementor-widget-wrap elementor-element-populated\">\n\t\t\t\t\t\t<section class=\"elementor-section elementor-inner-section elementor-element elementor-element-7ce9130 box-with-gradient elementor-section-full_width elementor-section-height-default elementor-section-height-default\" data-id=\"7ce9130\" data-element_type=\"section\" data-e-type=\"section\">\n\t\t\t\t\t\t<div class=\"elementor-container elementor-column-gap-default\">\n\t\t\t\t\t<div class=\"elementor-column elementor-col-100 elementor-inner-column elementor-element elementor-element-1633cab\" data-id=\"1633cab\" data-element_type=\"column\" data-e-type=\"column\">\n\t\t\t<div class=\"elementor-widget-wrap elementor-element-populated\">\n\t\t\t\t\t\t<div class=\"elementor-element elementor-element-530f580 elementor-widget elementor-widget-theme-post-featured-image elementor-widget-image\" data-id=\"530f580\" data-element_type=\"widget\" data-e-type=\"widget\" data-widget_type=\"theme-post-featured-image.default\">\n\t\t\t\t<div class=\"elementor-widget-container\">\n\t\t\t\t\t\t\t\t\t\t\t\t\t\t\t<img loading=\"lazy\" decoding=\"async\" width=\"1260\" height=\"765\" src=\"https:\/\/www.strafrecht.de\/wp-content\/uploads\/2024\/11\/iStock-500751647-1360x765-1-1260x765.jpg\" class=\"attachment-landscape-1 size-landscape-1 wp-image-12164\" alt=\"\" \/>\t\t\t\t\t\t\t\t\t\t\t\t\t\t\t<\/div>\n\t\t\t\t<\/div>\n\t\t\t\t<div class=\"elementor-element elementor-element-2787f32 elementor-widget elementor-widget-heading\" data-id=\"2787f32\" data-element_type=\"widget\" data-e-type=\"widget\" data-widget_type=\"heading.default\">\n\t\t\t\t<div class=\"elementor-widget-container\">\n\t\t\t\t\t<h3 class=\"elementor-heading-title elementor-size-default\"><a href=\"https:\/\/www.unternehmensstrafrecht.de\/steuerdelikte-durch-steuerberater-rechtsanwaelte-und-wirtschaftspruefer-berufsrechtliche-folgen\/\">Steuerdelikte durch Steuerberater, Rechtsanw\u00e4lte und Wirtschaftspr\u00fcfer \u2013 Berufsrechtliche Folgen<\/a><\/h3>\t\t\t\t<\/div>\n\t\t\t\t<\/div>\n\t\t\t\t<div class=\"elementor-element elementor-element-714933f elementor-widget elementor-widget-text-editor\" data-id=\"714933f\" data-element_type=\"widget\" data-e-type=\"widget\" data-widget_type=\"text-editor.default\">\n\t\t\t\t<div class=\"elementor-widget-container\">\n\t\t\t\t\t\t\t\t\tBerufsrechtliche \u201eNebenfolgen\u201c von Steuerdelikten k\u00f6nnen Angeh\u00f6rige steuer- und rechtsberatender Berufe empfindlicher treffen als die eigentliche strafrechtliche Sanktion. Entgegen einer verbreiteten Sorge f\u00fchrt eine Steuerhinterziehung\t\t\t\t\t\t\t\t<\/div>\n\t\t\t\t<\/div>\n\t\t\t\t<div class=\"elementor-element elementor-element-b27ba54 elementor-widget elementor-widget-text-editor\" data-id=\"b27ba54\" data-element_type=\"widget\" data-e-type=\"widget\" data-widget_type=\"text-editor.default\">\n\t\t\t\t<div class=\"elementor-widget-container\">\n\t\t\t\t\t\t\t\t\tBlog\t\t\t\t\t\t\t\t<\/div>\n\t\t\t\t<\/div>\n\t\t\t\t<div class=\"elementor-element elementor-element-42b9e74 elementor-widget elementor-widget-image\" data-id=\"42b9e74\" data-element_type=\"widget\" data-e-type=\"widget\" data-widget_type=\"image.default\">\n\t\t\t\t<div class=\"elementor-widget-container\">\n\t\t\t\t\t\t\t\t\t\t\t\t\t\t\t<img loading=\"lazy\" decoding=\"async\" width=\"44\" height=\"44\" src=\"https:\/\/www.strafrecht.de\/wp-content\/uploads\/2021\/12\/link-blue.svg\" class=\"attachment-full size-full wp-image-398\" alt=\"\" \/>\t\t\t\t\t\t\t\t\t\t\t\t\t\t\t<\/div>\n\t\t\t\t<\/div>\n\t\t\t\t\t<\/div>\n\t\t<\/div>\n\t\t\t\t\t<\/div>\n\t\t<\/section>\n\t\t\t\t\t<\/div>\n\t\t<\/div>\n\t\t\t\t\t<\/div>\n\t\t<\/section>\n\t\t\t\t<\/div>\n\t\t\t\t<\/article>\n\t\t\t\t<\/div>\n\t\t\t\t\t\t<\/div>\n\t\t\t\t<\/div>\n\t\t\t\t\t<\/div>\n\t\t<\/div>\n\t\t\t\t\t<\/div>\n\t\t<\/section>\n\t\t\t\t<\/div>\n\t\t","protected":false},"excerpt":{"rendered":"<p>Der Gesetzgeber und die Rechtsprechung haben das Steuerstrafrecht in den vergangenen Jahren immer weiter versch\u00e4rft. Prominente F\u00e4lle in der Presse haben deutlich gemacht, dass diese<\/p>\n","protected":false},"author":5,"featured_media":0,"parent":0,"menu_order":0,"comment_status":"closed","ping_status":"closed","template":"","meta":{"_acf_changed":false,"footnotes":""},"class_list":["post-4283","page","type-page","status-publish","hentry"],"acf":[],"yoast_head":"<!-- This site is optimized with the Yoast SEO Premium plugin v26.1 (Yoast SEO v27.5) - https:\/\/yoast.com\/product\/yoast-seo-premium-wordpress\/ -->\n<title>Steuerstrafrecht | Wessing &amp; Partner<\/title>\n<meta name=\"description\" content=\"Wir stehen im engen Austausch mit Spezialisten in Steuerstrafsachen, um eine professionelle Verteidigung zu gew\u00e4hrleisten.\" \/>\n<meta name=\"robots\" content=\"index, follow, max-snippet:-1, max-image-preview:large, max-video-preview:-1\" \/>\n<link rel=\"canonical\" href=\"https:\/\/www.strafrecht.de\/de\/steuerstrafrecht\/\" \/>\n<meta property=\"og:locale\" content=\"de_DE\" \/>\n<meta property=\"og:type\" content=\"article\" \/>\n<meta property=\"og:title\" content=\"Steuerstrafrecht\" \/>\n<meta property=\"og:description\" content=\"Wir stehen im engen Austausch mit Spezialisten in Steuerstrafsachen, um eine professionelle Verteidigung zu gew\u00e4hrleisten.\" \/>\n<meta property=\"og:url\" content=\"https:\/\/www.strafrecht.de\/de\/steuerstrafrecht\/\" \/>\n<meta property=\"og:site_name\" content=\"Wessing &amp; Partner\" \/>\n<meta property=\"article:modified_time\" content=\"2025-12-19T10:04:48+00:00\" \/>\n<meta property=\"og:image\" content=\"https:\/\/www.strafrecht.de\/wp-content\/uploads\/2025\/12\/Butler_2022_WUP_Portraits_6373-1-scaled.jpg\" \/>\n\t<meta property=\"og:image:width\" content=\"2560\" \/>\n\t<meta property=\"og:image:height\" content=\"1708\" \/>\n\t<meta property=\"og:image:type\" content=\"image\/jpeg\" \/>\n<meta name=\"twitter:card\" content=\"summary_large_image\" \/>\n<meta name=\"twitter:label1\" content=\"Gesch\u00e4tzte Lesezeit\" \/>\n\t<meta name=\"twitter:data1\" content=\"4\u00a0Minuten\" \/>\n<script type=\"application\/ld+json\" class=\"yoast-schema-graph\">{\"@context\":\"https:\\\/\\\/schema.org\",\"@graph\":[{\"@type\":\"WebPage\",\"@id\":\"https:\\\/\\\/www.strafrecht.de\\\/de\\\/steuerstrafrecht\\\/\",\"url\":\"https:\\\/\\\/www.strafrecht.de\\\/de\\\/steuerstrafrecht\\\/\",\"name\":\"Steuerstrafrecht | Wessing & Partner\",\"isPartOf\":{\"@id\":\"https:\\\/\\\/www.strafrecht.de\\\/de\\\/#website\"},\"primaryImageOfPage\":{\"@id\":\"https:\\\/\\\/www.strafrecht.de\\\/de\\\/steuerstrafrecht\\\/#primaryimage\"},\"image\":{\"@id\":\"https:\\\/\\\/www.strafrecht.de\\\/de\\\/steuerstrafrecht\\\/#primaryimage\"},\"thumbnailUrl\":\"https:\\\/\\\/www.strafrecht.de\\\/wp-content\\\/uploads\\\/2025\\\/12\\\/Butler_2022_WUP_Portraits_6373-1-1260x780.jpg\",\"datePublished\":\"2021-12-09T16:08:30+00:00\",\"dateModified\":\"2025-12-19T10:04:48+00:00\",\"description\":\"Wir stehen im engen Austausch mit Spezialisten in Steuerstrafsachen, um eine professionelle Verteidigung zu gew\u00e4hrleisten.\",\"breadcrumb\":{\"@id\":\"https:\\\/\\\/www.strafrecht.de\\\/de\\\/steuerstrafrecht\\\/#breadcrumb\"},\"inLanguage\":\"de\",\"potentialAction\":[{\"@type\":\"ReadAction\",\"target\":[\"https:\\\/\\\/www.strafrecht.de\\\/de\\\/steuerstrafrecht\\\/\"]}]},{\"@type\":\"ImageObject\",\"inLanguage\":\"de\",\"@id\":\"https:\\\/\\\/www.strafrecht.de\\\/de\\\/steuerstrafrecht\\\/#primaryimage\",\"url\":\"https:\\\/\\\/www.strafrecht.de\\\/wp-content\\\/uploads\\\/2025\\\/12\\\/Butler_2022_WUP_Portraits_6373-1-1260x780.jpg\",\"contentUrl\":\"https:\\\/\\\/www.strafrecht.de\\\/wp-content\\\/uploads\\\/2025\\\/12\\\/Butler_2022_WUP_Portraits_6373-1-1260x780.jpg\"},{\"@type\":\"BreadcrumbList\",\"@id\":\"https:\\\/\\\/www.strafrecht.de\\\/de\\\/steuerstrafrecht\\\/#breadcrumb\",\"itemListElement\":[{\"@type\":\"ListItem\",\"position\":1,\"name\":\"Startseite\",\"item\":\"https:\\\/\\\/www.strafrecht.de\\\/de\\\/\"},{\"@type\":\"ListItem\",\"position\":2,\"name\":\"Steuerstrafrecht\"}]},{\"@type\":\"WebSite\",\"@id\":\"https:\\\/\\\/www.strafrecht.de\\\/de\\\/#website\",\"url\":\"https:\\\/\\\/www.strafrecht.de\\\/de\\\/\",\"name\":\"Wessing &amp; Partner\",\"description\":\"Strafrecht nach allen Regeln der Kunst.\",\"potentialAction\":[{\"@type\":\"SearchAction\",\"target\":{\"@type\":\"EntryPoint\",\"urlTemplate\":\"https:\\\/\\\/www.strafrecht.de\\\/de\\\/?s={search_term_string}\"},\"query-input\":{\"@type\":\"PropertyValueSpecification\",\"valueRequired\":true,\"valueName\":\"search_term_string\"}}],\"inLanguage\":\"de\"}]}<\/script>\n<!-- \/ Yoast SEO Premium plugin. -->","yoast_head_json":{"title":"Steuerstrafrecht | Wessing & Partner","description":"Wir stehen im engen Austausch mit Spezialisten in Steuerstrafsachen, um eine professionelle Verteidigung zu gew\u00e4hrleisten.","robots":{"index":"index","follow":"follow","max-snippet":"max-snippet:-1","max-image-preview":"max-image-preview:large","max-video-preview":"max-video-preview:-1"},"canonical":"https:\/\/www.strafrecht.de\/de\/steuerstrafrecht\/","og_locale":"de_DE","og_type":"article","og_title":"Steuerstrafrecht","og_description":"Wir stehen im engen Austausch mit Spezialisten in Steuerstrafsachen, um eine professionelle Verteidigung zu gew\u00e4hrleisten.","og_url":"https:\/\/www.strafrecht.de\/de\/steuerstrafrecht\/","og_site_name":"Wessing &amp; Partner","article_modified_time":"2025-12-19T10:04:48+00:00","og_image":[{"width":2560,"height":1708,"url":"https:\/\/www.strafrecht.de\/wp-content\/uploads\/2025\/12\/Butler_2022_WUP_Portraits_6373-1-scaled.jpg","type":"image\/jpeg"}],"twitter_card":"summary_large_image","twitter_misc":{"Gesch\u00e4tzte Lesezeit":"4\u00a0Minuten"},"schema":{"@context":"https:\/\/schema.org","@graph":[{"@type":"WebPage","@id":"https:\/\/www.strafrecht.de\/de\/steuerstrafrecht\/","url":"https:\/\/www.strafrecht.de\/de\/steuerstrafrecht\/","name":"Steuerstrafrecht | Wessing & Partner","isPartOf":{"@id":"https:\/\/www.strafrecht.de\/de\/#website"},"primaryImageOfPage":{"@id":"https:\/\/www.strafrecht.de\/de\/steuerstrafrecht\/#primaryimage"},"image":{"@id":"https:\/\/www.strafrecht.de\/de\/steuerstrafrecht\/#primaryimage"},"thumbnailUrl":"https:\/\/www.strafrecht.de\/wp-content\/uploads\/2025\/12\/Butler_2022_WUP_Portraits_6373-1-1260x780.jpg","datePublished":"2021-12-09T16:08:30+00:00","dateModified":"2025-12-19T10:04:48+00:00","description":"Wir stehen im engen Austausch mit Spezialisten in Steuerstrafsachen, um eine professionelle Verteidigung zu gew\u00e4hrleisten.","breadcrumb":{"@id":"https:\/\/www.strafrecht.de\/de\/steuerstrafrecht\/#breadcrumb"},"inLanguage":"de","potentialAction":[{"@type":"ReadAction","target":["https:\/\/www.strafrecht.de\/de\/steuerstrafrecht\/"]}]},{"@type":"ImageObject","inLanguage":"de","@id":"https:\/\/www.strafrecht.de\/de\/steuerstrafrecht\/#primaryimage","url":"https:\/\/www.strafrecht.de\/wp-content\/uploads\/2025\/12\/Butler_2022_WUP_Portraits_6373-1-1260x780.jpg","contentUrl":"https:\/\/www.strafrecht.de\/wp-content\/uploads\/2025\/12\/Butler_2022_WUP_Portraits_6373-1-1260x780.jpg"},{"@type":"BreadcrumbList","@id":"https:\/\/www.strafrecht.de\/de\/steuerstrafrecht\/#breadcrumb","itemListElement":[{"@type":"ListItem","position":1,"name":"Startseite","item":"https:\/\/www.strafrecht.de\/de\/"},{"@type":"ListItem","position":2,"name":"Steuerstrafrecht"}]},{"@type":"WebSite","@id":"https:\/\/www.strafrecht.de\/de\/#website","url":"https:\/\/www.strafrecht.de\/de\/","name":"Wessing &amp; Partner","description":"Strafrecht nach allen Regeln der Kunst.","potentialAction":[{"@type":"SearchAction","target":{"@type":"EntryPoint","urlTemplate":"https:\/\/www.strafrecht.de\/de\/?s={search_term_string}"},"query-input":{"@type":"PropertyValueSpecification","valueRequired":true,"valueName":"search_term_string"}}],"inLanguage":"de"}]}},"jetpack_sharing_enabled":true,"_links":{"self":[{"href":"https:\/\/www.strafrecht.de\/de\/wp-json\/wp\/v2\/pages\/4283","targetHints":{"allow":["GET"]}}],"collection":[{"href":"https:\/\/www.strafrecht.de\/de\/wp-json\/wp\/v2\/pages"}],"about":[{"href":"https:\/\/www.strafrecht.de\/de\/wp-json\/wp\/v2\/types\/page"}],"author":[{"embeddable":true,"href":"https:\/\/www.strafrecht.de\/de\/wp-json\/wp\/v2\/users\/5"}],"replies":[{"embeddable":true,"href":"https:\/\/www.strafrecht.de\/de\/wp-json\/wp\/v2\/comments?post=4283"}],"version-history":[{"count":32,"href":"https:\/\/www.strafrecht.de\/de\/wp-json\/wp\/v2\/pages\/4283\/revisions"}],"predecessor-version":[{"id":13375,"href":"https:\/\/www.strafrecht.de\/de\/wp-json\/wp\/v2\/pages\/4283\/revisions\/13375"}],"wp:attachment":[{"href":"https:\/\/www.strafrecht.de\/de\/wp-json\/wp\/v2\/media?parent=4283"}],"curies":[{"name":"wp","href":"https:\/\/api.w.org\/{rel}","templated":true}]}}