{"id":4293,"date":"2021-12-09T16:11:52","date_gmt":"2021-12-09T16:11:52","guid":{"rendered":"https:\/\/dev.strafrecht.de\/?page_id=4293"},"modified":"2025-12-15T14:30:39","modified_gmt":"2025-12-15T12:30:39","slug":"interne-untersuchungen","status":"publish","type":"page","link":"https:\/\/www.strafrecht.de\/de\/interne-untersuchungen\/","title":{"rendered":"Interne Untersuchungen"},"content":{"rendered":"\t\t<div data-elementor-type=\"wp-page\" data-elementor-id=\"4293\" class=\"elementor elementor-4293\" data-elementor-post-type=\"page\">\n\t\t\t\t\t\t<section class=\"elementor-section elementor-top-section elementor-element elementor-element-70ba194 elementor-section-boxed elementor-section-height-default elementor-section-height-default\" data-id=\"70ba194\" data-element_type=\"section\" data-e-type=\"section\">\n\t\t\t\t\t\t<div class=\"elementor-container elementor-column-gap-default\">\n\t\t\t\t\t<div class=\"elementor-column elementor-col-50 elementor-top-column elementor-element elementor-element-ae069a2\" data-id=\"ae069a2\" data-element_type=\"column\" data-e-type=\"column\">\n\t\t\t<div class=\"elementor-widget-wrap elementor-element-populated\">\n\t\t\t\t\t\t<div class=\"elementor-element elementor-element-fb7a4ac elementor-widget elementor-widget-image\" data-id=\"fb7a4ac\" data-element_type=\"widget\" data-e-type=\"widget\" data-widget_type=\"image.default\">\n\t\t\t\t<div class=\"elementor-widget-container\">\n\t\t\t\t\t\t\t\t\t\t\t\t\t\t\t<img fetchpriority=\"high\" decoding=\"async\" width=\"1260\" height=\"780\" src=\"https:\/\/www.strafrecht.de\/wp-content\/uploads\/2021\/12\/2021_WUP_Website_4047_1260x780-1260x780.jpg\" class=\"attachment-landscape-1 size-landscape-1 wp-image-5253\" alt=\"\" srcset=\"https:\/\/www.strafrecht.de\/wp-content\/uploads\/2021\/12\/2021_WUP_Website_4047_1260x780.jpg 1260w, https:\/\/www.strafrecht.de\/wp-content\/uploads\/2021\/12\/2021_WUP_Website_4047_1260x780-300x186.jpg 300w, https:\/\/www.strafrecht.de\/wp-content\/uploads\/2021\/12\/2021_WUP_Website_4047_1260x780-1024x634.jpg 1024w, https:\/\/www.strafrecht.de\/wp-content\/uploads\/2021\/12\/2021_WUP_Website_4047_1260x780-768x475.jpg 768w\" sizes=\"(max-width: 1260px) 100vw, 1260px\" \/>\t\t\t\t\t\t\t\t\t\t\t\t\t\t\t<\/div>\n\t\t\t\t<\/div>\n\t\t\t\t\t<\/div>\n\t\t<\/div>\n\t\t\t\t<div class=\"elementor-column elementor-col-50 elementor-top-column elementor-element elementor-element-41122b6\" data-id=\"41122b6\" data-element_type=\"column\" data-e-type=\"column\">\n\t\t\t<div class=\"elementor-widget-wrap elementor-element-populated\">\n\t\t\t\t\t\t<div class=\"elementor-element elementor-element-9b60cd5 elementor-hidden-mobile elementor-widget elementor-widget-image\" data-id=\"9b60cd5\" data-element_type=\"widget\" data-e-type=\"widget\" data-widget_type=\"image.default\">\n\t\t\t\t<div class=\"elementor-widget-container\">\n\t\t\t\t\t\t\t\t\t\t\t\t\t\t\t<img decoding=\"async\" width=\"1580\" height=\"780\" src=\"https:\/\/www.strafrecht.de\/wp-content\/uploads\/2025\/12\/2025_crf_WUP_Gruppe_1177_BB-1580x780.jpg\" class=\"attachment-landscape-2 size-landscape-2 wp-image-13313\" alt=\"\" \/>\t\t\t\t\t\t\t\t\t\t\t\t\t\t\t<\/div>\n\t\t\t\t<\/div>\n\t\t\t\t\t<\/div>\n\t\t<\/div>\n\t\t\t\t\t<\/div>\n\t\t<\/section>\n\t\t\t\t<section class=\"elementor-section elementor-top-section elementor-element elementor-element-38230dc elementor-section-boxed elementor-section-height-default elementor-section-height-default\" data-id=\"38230dc\" data-element_type=\"section\" data-e-type=\"section\">\n\t\t\t\t\t\t<div class=\"elementor-container elementor-column-gap-default\">\n\t\t\t\t\t<div class=\"elementor-column elementor-col-66 elementor-top-column elementor-element elementor-element-55a6342\" data-id=\"55a6342\" data-element_type=\"column\" data-e-type=\"column\">\n\t\t\t<div class=\"elementor-widget-wrap elementor-element-populated\">\n\t\t\t\t\t\t<div class=\"elementor-element elementor-element-93c7a88 elementor-widget elementor-widget-text-editor\" data-id=\"93c7a88\" data-element_type=\"widget\" data-e-type=\"widget\" data-widget_type=\"text-editor.default\">\n\t\t\t\t<div class=\"elementor-widget-container\">\n\t\t\t\t\t\t\t\t\t<p>Ergeben sich in einem Unternehmen Hinweise auf rechtswidriges Verhalten, ist die Unternehmensf\u00fchrung verpflichtet, diesen nachzugehen und herauszufinden, ob tats\u00e4chlich eine strafrechtliche Gef\u00e4hrdungslage besteht. Dies geschieht heute meist im Rahmen interner Untersuchungen (Internal Investigations).<\/p><p>Bei Internal Investigations geht es darum, die Aufkl\u00e4rung diskret und ohne Schaden f\u00fcr das Unternehmen durchzuf\u00fchren. Notwendig sind dazu viel Erfahrung im Bereich interne Untersuchungen und ein sensibles Eingehen auf die spezifische Situation des Unternehmens. Meistens erfolgt die interne Untersuchung von Abl\u00e4ufen und Verantwortlichkeiten durch externe Anw\u00e4lte.<\/p><p>Internal Investigations erfolgen immer in enger Abstimmung mit der Rechts- und <a href=\"https:\/\/www.strafrecht.de\/de\/compliance\/\">Compliance<\/a>-Abteilung.<\/p><p>Elektronischen Beweismitteln kommt bei Internal Investigations mittlerweile eine \u00fcberragende Bedeutung zu. So ist die Sichtung und Auswertung elektronisch gespeicherter Informationen und vor allem der internen und externen Kommunikation \u00fcber E-Mails in vielen F\u00e4llen der Kern der internen Untersuchung.<\/p><p><span style=\"color: #0090d6;\">Sie k\u00f6nnen auf uns z\u00e4hlen:<\/span><\/p><ul><li>Vorst\u00e4nde, Gesch\u00e4ftsf\u00fchrer<\/li><li>Compliance-Verantwortliche<\/li><\/ul>\t\t\t\t\t\t\t\t<\/div>\n\t\t\t\t<\/div>\n\t\t\t\t\t<\/div>\n\t\t<\/div>\n\t\t\t\t<div class=\"elementor-column elementor-col-33 elementor-top-column elementor-element elementor-element-fe3d9f4\" data-id=\"fe3d9f4\" data-element_type=\"column\" data-e-type=\"column\">\n\t\t\t<div class=\"elementor-widget-wrap elementor-element-populated\">\n\t\t\t\t\t\t<div class=\"elementor-element elementor-element-b8a9ec7 elementor-grid-1 elementor-posts--thumbnail-top elementor-grid-tablet-2 elementor-grid-mobile-1 elementor-widget elementor-widget-posts\" data-id=\"b8a9ec7\" data-element_type=\"widget\" data-e-type=\"widget\" data-settings=\"{&quot;custom_columns&quot;:&quot;1&quot;,&quot;custom_row_gap&quot;:{&quot;unit&quot;:&quot;px&quot;,&quot;size&quot;:0,&quot;sizes&quot;:[]},&quot;custom_columns_tablet&quot;:&quot;2&quot;,&quot;custom_columns_mobile&quot;:&quot;1&quot;,&quot;custom_row_gap_tablet&quot;:{&quot;unit&quot;:&quot;px&quot;,&quot;size&quot;:&quot;&quot;,&quot;sizes&quot;:[]},&quot;custom_row_gap_mobile&quot;:{&quot;unit&quot;:&quot;px&quot;,&quot;size&quot;:&quot;&quot;,&quot;sizes&quot;:[]}}\" data-widget_type=\"posts.custom\">\n\t\t\t\t<div class=\"elementor-widget-container\">\n\t\t\t\t\t      <div class=\"ecs-posts elementor-posts-container elementor-posts   elementor-grid elementor-posts--skin-custom\" data-settings=\"{&quot;current_page&quot;:1,&quot;max_num_pages&quot;:&quot;5&quot;,&quot;load_method&quot;:&quot;&quot;,&quot;widget_id&quot;:&quot;b8a9ec7&quot;,&quot;post_id&quot;:4293,&quot;theme_id&quot;:4293,&quot;change_url&quot;:false,&quot;reinit_js&quot;:false}\">\n      \t\t<article id=\"post-12157\" class=\"elementor-post elementor-grid-item ecs-post-loop post-12157 post type-post status-publish format-standard has-post-thumbnail hentry category-interne-untersuchungen tag-arbeitsunfaehigkeitsbescheinigung tag-internal-investigations tag-interne-untersuchungen tag-interview tag-krankschreibung tag-kuendigung person-andreas-pfister\">\n\t\t\t\t<div data-elementor-type=\"loop\" data-elementor-id=\"5297\" class=\"elementor elementor-5297 post-12157 post type-post status-publish format-standard has-post-thumbnail hentry category-interne-untersuchungen tag-arbeitsunfaehigkeitsbescheinigung tag-internal-investigations tag-interne-untersuchungen tag-interview tag-krankschreibung tag-kuendigung person-andreas-pfister\" data-elementor-post-type=\"elementor_library\">\n\t\t\t\t\t<section class=\"elementor-section elementor-top-section elementor-element elementor-element-ff7bcce elementor-section-full_width elementor-section-height-default elementor-section-height-default\" data-id=\"ff7bcce\" data-element_type=\"section\" data-e-type=\"section\">\n\t\t\t\t\t\t<div class=\"elementor-container elementor-column-gap-no\">\n\t\t\t\t\t<div class=\"elementor-column elementor-col-100 elementor-top-column elementor-element elementor-element-ee0bfb0\" data-id=\"ee0bfb0\" data-element_type=\"column\" data-e-type=\"column\">\n\t\t\t<div class=\"elementor-widget-wrap elementor-element-populated\">\n\t\t\t\t\t\t<section class=\"elementor-section elementor-inner-section elementor-element elementor-element-7ce9130 box-with-gradient elementor-section-full_width elementor-section-height-default elementor-section-height-default\" data-id=\"7ce9130\" data-element_type=\"section\" data-e-type=\"section\">\n\t\t\t\t\t\t<div class=\"elementor-container elementor-column-gap-default\">\n\t\t\t\t\t<div class=\"elementor-column elementor-col-100 elementor-inner-column elementor-element elementor-element-1633cab\" data-id=\"1633cab\" data-element_type=\"column\" data-e-type=\"column\">\n\t\t\t<div class=\"elementor-widget-wrap elementor-element-populated\">\n\t\t\t\t\t\t<div class=\"elementor-element elementor-element-530f580 elementor-widget elementor-widget-theme-post-featured-image elementor-widget-image\" data-id=\"530f580\" data-element_type=\"widget\" data-e-type=\"widget\" data-widget_type=\"theme-post-featured-image.default\">\n\t\t\t\t<div class=\"elementor-widget-container\">\n\t\t\t\t\t\t\t\t\t\t\t\t\t\t\t<img decoding=\"async\" width=\"1260\" height=\"765\" src=\"https:\/\/www.strafrecht.de\/wp-content\/uploads\/2024\/11\/iStock-1961826834-1360x765-1-1260x765.jpg\" class=\"attachment-landscape-1 size-landscape-1 wp-image-12158\" alt=\"\" \/>\t\t\t\t\t\t\t\t\t\t\t\t\t\t\t<\/div>\n\t\t\t\t<\/div>\n\t\t\t\t<div class=\"elementor-element elementor-element-2787f32 elementor-widget elementor-widget-heading\" data-id=\"2787f32\" data-element_type=\"widget\" data-e-type=\"widget\" data-widget_type=\"heading.default\">\n\t\t\t\t<div class=\"elementor-widget-container\">\n\t\t\t\t\t<h3 class=\"elementor-heading-title elementor-size-default\"><a href=\"https:\/\/www.unternehmensstrafrecht.de\/interne-untersuchungen-aufklaerung-und-beweissicherung-teil-6-nicht-kooperation-bei-mitarbeiterinterviews\/\">Interne Untersuchungen \u2013 Aufkl\u00e4rung und Beweissicherung: Teil 6: (Nicht-)Kooperation bei Mitarbeiterinterviews<\/a><\/h3>\t\t\t\t<\/div>\n\t\t\t\t<\/div>\n\t\t\t\t<div class=\"elementor-element elementor-element-714933f elementor-widget elementor-widget-text-editor\" data-id=\"714933f\" data-element_type=\"widget\" data-e-type=\"widget\" data-widget_type=\"text-editor.default\">\n\t\t\t\t<div class=\"elementor-widget-container\">\n\t\t\t\t\t\t\t\t\tIn Teil 1 der Reihe wurden Mitarbeiterinterviews bereits als effektive Aufkl\u00e4rungsma\u00dfnahme bei internen Untersuchungen vorgestellt. \t\t\t\t\t\t\t\t<\/div>\n\t\t\t\t<\/div>\n\t\t\t\t<div class=\"elementor-element elementor-element-b27ba54 elementor-widget elementor-widget-text-editor\" data-id=\"b27ba54\" data-element_type=\"widget\" data-e-type=\"widget\" data-widget_type=\"text-editor.default\">\n\t\t\t\t<div class=\"elementor-widget-container\">\n\t\t\t\t\t\t\t\t\tBlog\t\t\t\t\t\t\t\t<\/div>\n\t\t\t\t<\/div>\n\t\t\t\t<div class=\"elementor-element elementor-element-42b9e74 elementor-widget elementor-widget-image\" data-id=\"42b9e74\" data-element_type=\"widget\" data-e-type=\"widget\" data-widget_type=\"image.default\">\n\t\t\t\t<div class=\"elementor-widget-container\">\n\t\t\t\t\t\t\t\t\t\t\t\t\t\t\t<img loading=\"lazy\" decoding=\"async\" width=\"44\" height=\"44\" src=\"https:\/\/www.strafrecht.de\/wp-content\/uploads\/2021\/12\/link-blue.svg\" class=\"attachment-full size-full wp-image-398\" alt=\"\" \/>\t\t\t\t\t\t\t\t\t\t\t\t\t\t\t<\/div>\n\t\t\t\t<\/div>\n\t\t\t\t\t<\/div>\n\t\t<\/div>\n\t\t\t\t\t<\/div>\n\t\t<\/section>\n\t\t\t\t\t<\/div>\n\t\t<\/div>\n\t\t\t\t\t<\/div>\n\t\t<\/section>\n\t\t\t\t<\/div>\n\t\t\t\t<\/article>\n\t\t\t\t<article id=\"post-11794\" class=\"elementor-post elementor-grid-item ecs-post-loop post-11794 post type-post status-publish format-standard has-post-thumbnail hentry category-allgemeines-strafrecht category-interne-untersuchungen tag-aufklaerungsmassnahmen tag-beweissicherung tag-interne-untersuchungen person-andreas-pfister\">\n\t\t\t\t<div data-elementor-type=\"loop\" data-elementor-id=\"5297\" class=\"elementor elementor-5297 post-11794 post type-post status-publish format-standard has-post-thumbnail hentry category-allgemeines-strafrecht category-interne-untersuchungen tag-aufklaerungsmassnahmen tag-beweissicherung tag-interne-untersuchungen person-andreas-pfister\" data-elementor-post-type=\"elementor_library\">\n\t\t\t\t\t<section class=\"elementor-section elementor-top-section elementor-element elementor-element-ff7bcce elementor-section-full_width elementor-section-height-default elementor-section-height-default\" data-id=\"ff7bcce\" data-element_type=\"section\" data-e-type=\"section\">\n\t\t\t\t\t\t<div class=\"elementor-container elementor-column-gap-no\">\n\t\t\t\t\t<div class=\"elementor-column elementor-col-100 elementor-top-column elementor-element elementor-element-ee0bfb0\" data-id=\"ee0bfb0\" data-element_type=\"column\" data-e-type=\"column\">\n\t\t\t<div class=\"elementor-widget-wrap elementor-element-populated\">\n\t\t\t\t\t\t<section class=\"elementor-section elementor-inner-section elementor-element elementor-element-7ce9130 box-with-gradient elementor-section-full_width elementor-section-height-default elementor-section-height-default\" data-id=\"7ce9130\" data-element_type=\"section\" data-e-type=\"section\">\n\t\t\t\t\t\t<div class=\"elementor-container elementor-column-gap-default\">\n\t\t\t\t\t<div class=\"elementor-column elementor-col-100 elementor-inner-column elementor-element elementor-element-1633cab\" data-id=\"1633cab\" data-element_type=\"column\" data-e-type=\"column\">\n\t\t\t<div class=\"elementor-widget-wrap elementor-element-populated\">\n\t\t\t\t\t\t<div class=\"elementor-element elementor-element-530f580 elementor-widget elementor-widget-theme-post-featured-image elementor-widget-image\" data-id=\"530f580\" data-element_type=\"widget\" data-e-type=\"widget\" data-widget_type=\"theme-post-featured-image.default\">\n\t\t\t\t<div class=\"elementor-widget-container\">\n\t\t\t\t\t\t\t\t\t\t\t\t\t\t\t<img loading=\"lazy\" decoding=\"async\" width=\"1024\" height=\"512\" src=\"https:\/\/www.strafrecht.de\/wp-content\/uploads\/2024\/09\/court-room-picture-id499982669.jpg\" class=\"attachment-landscape-1 size-landscape-1 wp-image-11795\" alt=\"\" srcset=\"https:\/\/www.strafrecht.de\/wp-content\/uploads\/2024\/09\/court-room-picture-id499982669.jpg 1024w, https:\/\/www.strafrecht.de\/wp-content\/uploads\/2024\/09\/court-room-picture-id499982669-300x150.jpg 300w, https:\/\/www.strafrecht.de\/wp-content\/uploads\/2024\/09\/court-room-picture-id499982669-768x384.jpg 768w\" sizes=\"(max-width: 1024px) 100vw, 1024px\" \/>\t\t\t\t\t\t\t\t\t\t\t\t\t\t\t<\/div>\n\t\t\t\t<\/div>\n\t\t\t\t<div class=\"elementor-element elementor-element-2787f32 elementor-widget elementor-widget-heading\" data-id=\"2787f32\" data-element_type=\"widget\" data-e-type=\"widget\" data-widget_type=\"heading.default\">\n\t\t\t\t<div class=\"elementor-widget-container\">\n\t\t\t\t\t<h3 class=\"elementor-heading-title elementor-size-default\"><a href=\"https:\/\/www.unternehmensstrafrecht.de\/interne-untersuchungen-teil-5-verhaeltnis-der-internen-untersuchung-zu-staatlichen-aufklaerungsmassnahmen\/\">Interne Untersuchungen \u2013 Aufkl\u00e4rung und Beweissicherung: Teil 5: Verh\u00e4ltnis der internen Untersuchung zu staatlichen Aufkl\u00e4rungsma\u00dfnahmen<\/a><\/h3>\t\t\t\t<\/div>\n\t\t\t\t<\/div>\n\t\t\t\t<div class=\"elementor-element elementor-element-714933f elementor-widget elementor-widget-text-editor\" data-id=\"714933f\" data-element_type=\"widget\" data-e-type=\"widget\" data-widget_type=\"text-editor.default\">\n\t\t\t\t<div class=\"elementor-widget-container\">\n\t\t\t\t\t\t\t\t\tEs ist offenkundig, dass eine interne Untersuchung nur in seltenen F\u00e4llen isoliert erfolgt. Vielmehr wird sie h\u00e4ufig von strafrechtlichen Ermittlungs- und Hauptverfahren oder nachfolgenden\t\t\t\t\t\t\t\t<\/div>\n\t\t\t\t<\/div>\n\t\t\t\t<div class=\"elementor-element elementor-element-b27ba54 elementor-widget elementor-widget-text-editor\" data-id=\"b27ba54\" data-element_type=\"widget\" data-e-type=\"widget\" data-widget_type=\"text-editor.default\">\n\t\t\t\t<div class=\"elementor-widget-container\">\n\t\t\t\t\t\t\t\t\tBlog\t\t\t\t\t\t\t\t<\/div>\n\t\t\t\t<\/div>\n\t\t\t\t<div class=\"elementor-element elementor-element-42b9e74 elementor-widget elementor-widget-image\" data-id=\"42b9e74\" data-element_type=\"widget\" data-e-type=\"widget\" data-widget_type=\"image.default\">\n\t\t\t\t<div class=\"elementor-widget-container\">\n\t\t\t\t\t\t\t\t\t\t\t\t\t\t\t<img loading=\"lazy\" decoding=\"async\" width=\"44\" height=\"44\" src=\"https:\/\/www.strafrecht.de\/wp-content\/uploads\/2021\/12\/link-blue.svg\" class=\"attachment-full size-full wp-image-398\" alt=\"\" \/>\t\t\t\t\t\t\t\t\t\t\t\t\t\t\t<\/div>\n\t\t\t\t<\/div>\n\t\t\t\t\t<\/div>\n\t\t<\/div>\n\t\t\t\t\t<\/div>\n\t\t<\/section>\n\t\t\t\t\t<\/div>\n\t\t<\/div>\n\t\t\t\t\t<\/div>\n\t\t<\/section>\n\t\t\t\t<\/div>\n\t\t\t\t<\/article>\n\t\t\t\t<\/div>\n\t\t\t\t\t\t<\/div>\n\t\t\t\t<\/div>\n\t\t\t\t\t<\/div>\n\t\t<\/div>\n\t\t\t\t\t<\/div>\n\t\t<\/section>\n\t\t\t\t<\/div>\n\t\t","protected":false},"excerpt":{"rendered":"<p>Ergeben sich in einem Unternehmen Hinweise auf rechtswidriges Verhalten, ist die Unternehmensf\u00fchrung verpflichtet, diesen nachzugehen und herauszufinden, ob tats\u00e4chlich eine strafrechtliche Gef\u00e4hrdungslage besteht. Dies geschieht<\/p>\n","protected":false},"author":5,"featured_media":0,"parent":0,"menu_order":0,"comment_status":"closed","ping_status":"closed","template":"","meta":{"_acf_changed":false,"footnotes":""},"class_list":["post-4293","page","type-page","status-publish","hentry"],"acf":[],"yoast_head":"<!-- This site is optimized with the Yoast SEO Premium plugin v26.1 (Yoast SEO v27.5) - https:\/\/yoast.com\/product\/yoast-seo-premium-wordpress\/ -->\n<title>Interne Untersuchungen | Wessing &amp; Partner<\/title>\n<meta name=\"description\" content=\"Bei internen Untersuchungen ist viel Erfahrung und ein sensibles Eingehen auf die spezifische Situation des Unternehmens notwendig.\" \/>\n<meta name=\"robots\" content=\"index, follow, max-snippet:-1, max-image-preview:large, max-video-preview:-1\" \/>\n<link rel=\"canonical\" href=\"https:\/\/www.strafrecht.de\/de\/interne-untersuchungen\/\" \/>\n<meta property=\"og:locale\" content=\"de_DE\" \/>\n<meta property=\"og:type\" content=\"article\" \/>\n<meta property=\"og:title\" content=\"Interne Untersuchungen\" \/>\n<meta property=\"og:description\" content=\"Bei internen Untersuchungen ist viel Erfahrung und ein sensibles Eingehen auf die spezifische Situation des Unternehmens notwendig.\" \/>\n<meta property=\"og:url\" content=\"https:\/\/www.strafrecht.de\/de\/interne-untersuchungen\/\" \/>\n<meta property=\"og:site_name\" content=\"Wessing &amp; Partner\" \/>\n<meta property=\"article:modified_time\" content=\"2025-12-15T12:30:39+00:00\" \/>\n<meta property=\"og:image\" content=\"https:\/\/www.strafrecht.de\/wp-content\/uploads\/2021\/12\/2021_WUP_Website_4047_1260x780.jpg\" \/>\n\t<meta property=\"og:image:width\" content=\"1260\" \/>\n\t<meta property=\"og:image:height\" content=\"780\" \/>\n\t<meta property=\"og:image:type\" content=\"image\/jpeg\" \/>\n<meta name=\"twitter:card\" content=\"summary_large_image\" \/>\n<meta name=\"twitter:label1\" content=\"Gesch\u00e4tzte Lesezeit\" \/>\n\t<meta name=\"twitter:data1\" content=\"4\u00a0Minuten\" \/>\n<script type=\"application\/ld+json\" class=\"yoast-schema-graph\">{\"@context\":\"https:\\\/\\\/schema.org\",\"@graph\":[{\"@type\":\"WebPage\",\"@id\":\"https:\\\/\\\/www.strafrecht.de\\\/de\\\/interne-untersuchungen\\\/\",\"url\":\"https:\\\/\\\/www.strafrecht.de\\\/de\\\/interne-untersuchungen\\\/\",\"name\":\"Interne Untersuchungen | Wessing & Partner\",\"isPartOf\":{\"@id\":\"https:\\\/\\\/www.strafrecht.de\\\/de\\\/#website\"},\"primaryImageOfPage\":{\"@id\":\"https:\\\/\\\/www.strafrecht.de\\\/de\\\/interne-untersuchungen\\\/#primaryimage\"},\"image\":{\"@id\":\"https:\\\/\\\/www.strafrecht.de\\\/de\\\/interne-untersuchungen\\\/#primaryimage\"},\"thumbnailUrl\":\"https:\\\/\\\/www.strafrecht.de\\\/wp-content\\\/uploads\\\/2021\\\/12\\\/2021_WUP_Website_4047_1260x780-1260x780.jpg\",\"datePublished\":\"2021-12-09T16:11:52+00:00\",\"dateModified\":\"2025-12-15T12:30:39+00:00\",\"description\":\"Bei internen Untersuchungen ist viel Erfahrung und ein sensibles Eingehen auf die spezifische Situation des Unternehmens notwendig.\",\"breadcrumb\":{\"@id\":\"https:\\\/\\\/www.strafrecht.de\\\/de\\\/interne-untersuchungen\\\/#breadcrumb\"},\"inLanguage\":\"de\",\"potentialAction\":[{\"@type\":\"ReadAction\",\"target\":[\"https:\\\/\\\/www.strafrecht.de\\\/de\\\/interne-untersuchungen\\\/\"]}]},{\"@type\":\"ImageObject\",\"inLanguage\":\"de\",\"@id\":\"https:\\\/\\\/www.strafrecht.de\\\/de\\\/interne-untersuchungen\\\/#primaryimage\",\"url\":\"https:\\\/\\\/www.strafrecht.de\\\/wp-content\\\/uploads\\\/2021\\\/12\\\/2021_WUP_Website_4047_1260x780-1260x780.jpg\",\"contentUrl\":\"https:\\\/\\\/www.strafrecht.de\\\/wp-content\\\/uploads\\\/2021\\\/12\\\/2021_WUP_Website_4047_1260x780-1260x780.jpg\"},{\"@type\":\"BreadcrumbList\",\"@id\":\"https:\\\/\\\/www.strafrecht.de\\\/de\\\/interne-untersuchungen\\\/#breadcrumb\",\"itemListElement\":[{\"@type\":\"ListItem\",\"position\":1,\"name\":\"Startseite\",\"item\":\"https:\\\/\\\/www.strafrecht.de\\\/de\\\/\"},{\"@type\":\"ListItem\",\"position\":2,\"name\":\"Interne Untersuchungen\"}]},{\"@type\":\"WebSite\",\"@id\":\"https:\\\/\\\/www.strafrecht.de\\\/de\\\/#website\",\"url\":\"https:\\\/\\\/www.strafrecht.de\\\/de\\\/\",\"name\":\"Wessing &amp; Partner\",\"description\":\"Strafrecht nach allen Regeln der Kunst.\",\"potentialAction\":[{\"@type\":\"SearchAction\",\"target\":{\"@type\":\"EntryPoint\",\"urlTemplate\":\"https:\\\/\\\/www.strafrecht.de\\\/de\\\/?s={search_term_string}\"},\"query-input\":{\"@type\":\"PropertyValueSpecification\",\"valueRequired\":true,\"valueName\":\"search_term_string\"}}],\"inLanguage\":\"de\"}]}<\/script>\n<!-- \/ Yoast SEO Premium plugin. -->","yoast_head_json":{"title":"Interne Untersuchungen | Wessing & Partner","description":"Bei internen Untersuchungen ist viel Erfahrung und ein sensibles Eingehen auf die spezifische Situation des Unternehmens notwendig.","robots":{"index":"index","follow":"follow","max-snippet":"max-snippet:-1","max-image-preview":"max-image-preview:large","max-video-preview":"max-video-preview:-1"},"canonical":"https:\/\/www.strafrecht.de\/de\/interne-untersuchungen\/","og_locale":"de_DE","og_type":"article","og_title":"Interne Untersuchungen","og_description":"Bei internen Untersuchungen ist viel Erfahrung und ein sensibles Eingehen auf die spezifische Situation des Unternehmens notwendig.","og_url":"https:\/\/www.strafrecht.de\/de\/interne-untersuchungen\/","og_site_name":"Wessing &amp; Partner","article_modified_time":"2025-12-15T12:30:39+00:00","og_image":[{"width":1260,"height":780,"url":"https:\/\/www.strafrecht.de\/wp-content\/uploads\/2021\/12\/2021_WUP_Website_4047_1260x780.jpg","type":"image\/jpeg"}],"twitter_card":"summary_large_image","twitter_misc":{"Gesch\u00e4tzte Lesezeit":"4\u00a0Minuten"},"schema":{"@context":"https:\/\/schema.org","@graph":[{"@type":"WebPage","@id":"https:\/\/www.strafrecht.de\/de\/interne-untersuchungen\/","url":"https:\/\/www.strafrecht.de\/de\/interne-untersuchungen\/","name":"Interne Untersuchungen | Wessing & Partner","isPartOf":{"@id":"https:\/\/www.strafrecht.de\/de\/#website"},"primaryImageOfPage":{"@id":"https:\/\/www.strafrecht.de\/de\/interne-untersuchungen\/#primaryimage"},"image":{"@id":"https:\/\/www.strafrecht.de\/de\/interne-untersuchungen\/#primaryimage"},"thumbnailUrl":"https:\/\/www.strafrecht.de\/wp-content\/uploads\/2021\/12\/2021_WUP_Website_4047_1260x780-1260x780.jpg","datePublished":"2021-12-09T16:11:52+00:00","dateModified":"2025-12-15T12:30:39+00:00","description":"Bei internen Untersuchungen ist viel Erfahrung und ein sensibles Eingehen auf die spezifische Situation des Unternehmens notwendig.","breadcrumb":{"@id":"https:\/\/www.strafrecht.de\/de\/interne-untersuchungen\/#breadcrumb"},"inLanguage":"de","potentialAction":[{"@type":"ReadAction","target":["https:\/\/www.strafrecht.de\/de\/interne-untersuchungen\/"]}]},{"@type":"ImageObject","inLanguage":"de","@id":"https:\/\/www.strafrecht.de\/de\/interne-untersuchungen\/#primaryimage","url":"https:\/\/www.strafrecht.de\/wp-content\/uploads\/2021\/12\/2021_WUP_Website_4047_1260x780-1260x780.jpg","contentUrl":"https:\/\/www.strafrecht.de\/wp-content\/uploads\/2021\/12\/2021_WUP_Website_4047_1260x780-1260x780.jpg"},{"@type":"BreadcrumbList","@id":"https:\/\/www.strafrecht.de\/de\/interne-untersuchungen\/#breadcrumb","itemListElement":[{"@type":"ListItem","position":1,"name":"Startseite","item":"https:\/\/www.strafrecht.de\/de\/"},{"@type":"ListItem","position":2,"name":"Interne Untersuchungen"}]},{"@type":"WebSite","@id":"https:\/\/www.strafrecht.de\/de\/#website","url":"https:\/\/www.strafrecht.de\/de\/","name":"Wessing &amp; Partner","description":"Strafrecht nach allen Regeln der Kunst.","potentialAction":[{"@type":"SearchAction","target":{"@type":"EntryPoint","urlTemplate":"https:\/\/www.strafrecht.de\/de\/?s={search_term_string}"},"query-input":{"@type":"PropertyValueSpecification","valueRequired":true,"valueName":"search_term_string"}}],"inLanguage":"de"}]}},"jetpack_sharing_enabled":true,"_links":{"self":[{"href":"https:\/\/www.strafrecht.de\/de\/wp-json\/wp\/v2\/pages\/4293","targetHints":{"allow":["GET"]}}],"collection":[{"href":"https:\/\/www.strafrecht.de\/de\/wp-json\/wp\/v2\/pages"}],"about":[{"href":"https:\/\/www.strafrecht.de\/de\/wp-json\/wp\/v2\/types\/page"}],"author":[{"embeddable":true,"href":"https:\/\/www.strafrecht.de\/de\/wp-json\/wp\/v2\/users\/5"}],"replies":[{"embeddable":true,"href":"https:\/\/www.strafrecht.de\/de\/wp-json\/wp\/v2\/comments?post=4293"}],"version-history":[{"count":35,"href":"https:\/\/www.strafrecht.de\/de\/wp-json\/wp\/v2\/pages\/4293\/revisions"}],"predecessor-version":[{"id":13316,"href":"https:\/\/www.strafrecht.de\/de\/wp-json\/wp\/v2\/pages\/4293\/revisions\/13316"}],"wp:attachment":[{"href":"https:\/\/www.strafrecht.de\/de\/wp-json\/wp\/v2\/media?parent=4293"}],"curies":[{"name":"wp","href":"https:\/\/api.w.org\/{rel}","templated":true}]}}