{"id":4358,"date":"2021-12-09T17:48:55","date_gmt":"2021-12-09T17:48:55","guid":{"rendered":"https:\/\/dev.strafrecht.de\/?page_id=4358"},"modified":"2022-01-25T15:55:45","modified_gmt":"2022-01-25T15:55:45","slug":"zeugenbeistand","status":"publish","type":"page","link":"https:\/\/www.strafrecht.de\/de\/zeugenbeistand\/","title":{"rendered":"Zeugenbeistand"},"content":{"rendered":"\t\t<div data-elementor-type=\"wp-page\" data-elementor-id=\"4358\" class=\"elementor elementor-4358\" data-elementor-post-type=\"page\">\n\t\t\t\t\t\t<section class=\"elementor-section elementor-top-section elementor-element elementor-element-70ba194 elementor-section-boxed elementor-section-height-default elementor-section-height-default\" data-id=\"70ba194\" data-element_type=\"section\" data-e-type=\"section\">\n\t\t\t\t\t\t<div class=\"elementor-container elementor-column-gap-default\">\n\t\t\t\t\t<div class=\"elementor-column elementor-col-50 elementor-top-column elementor-element elementor-element-ae069a2\" data-id=\"ae069a2\" data-element_type=\"column\" data-e-type=\"column\">\n\t\t\t<div class=\"elementor-widget-wrap elementor-element-populated\">\n\t\t\t\t\t\t<div class=\"elementor-element elementor-element-fb7a4ac elementor-widget elementor-widget-image\" data-id=\"fb7a4ac\" data-element_type=\"widget\" data-e-type=\"widget\" data-widget_type=\"image.default\">\n\t\t\t\t<div class=\"elementor-widget-container\">\n\t\t\t\t\t\t\t\t\t\t\t\t\t\t\t<img fetchpriority=\"high\" decoding=\"async\" width=\"250\" height=\"300\" src=\"https:\/\/www.strafrecht.de\/wp-content\/uploads\/2021\/12\/Head-Kendo-sitzend-250x300.jpg\" class=\"attachment-medium size-medium wp-image-5812\" alt=\"\" srcset=\"https:\/\/www.strafrecht.de\/wp-content\/uploads\/2021\/12\/Head-Kendo-sitzend-250x300.jpg 250w, https:\/\/www.strafrecht.de\/wp-content\/uploads\/2021\/12\/Head-Kendo-sitzend.jpg 426w\" sizes=\"(max-width: 250px) 100vw, 250px\" \/>\t\t\t\t\t\t\t\t\t\t\t\t\t\t\t<\/div>\n\t\t\t\t<\/div>\n\t\t\t\t\t<\/div>\n\t\t<\/div>\n\t\t\t\t<div class=\"elementor-column elementor-col-50 elementor-top-column elementor-element elementor-element-41122b6\" data-id=\"41122b6\" data-element_type=\"column\" data-e-type=\"column\">\n\t\t\t<div class=\"elementor-widget-wrap\">\n\t\t\t\t\t\t\t<\/div>\n\t\t<\/div>\n\t\t\t\t\t<\/div>\n\t\t<\/section>\n\t\t\t\t<section class=\"elementor-section elementor-top-section elementor-element elementor-element-38230dc elementor-section-boxed elementor-section-height-default elementor-section-height-default\" data-id=\"38230dc\" data-element_type=\"section\" data-e-type=\"section\">\n\t\t\t\t\t\t<div class=\"elementor-container elementor-column-gap-default\">\n\t\t\t\t\t<div class=\"elementor-column elementor-col-50 elementor-top-column elementor-element elementor-element-55a6342\" data-id=\"55a6342\" data-element_type=\"column\" data-e-type=\"column\">\n\t\t\t<div class=\"elementor-widget-wrap elementor-element-populated\">\n\t\t\t\t\t\t<div class=\"elementor-element elementor-element-93c7a88 elementor-widget elementor-widget-text-editor\" data-id=\"93c7a88\" data-element_type=\"widget\" data-e-type=\"widget\" data-widget_type=\"text-editor.default\">\n\t\t\t\t<div class=\"elementor-widget-container\">\n\t\t\t\t\t\t\t\t\t<p>Wer in einem Strafverfahren als Zeuge geladen wird, ist zur wahrheitsgem\u00e4\u00dfen Aussage verpflichtet. Je komplexer das Verfahren und je unklarer ist, ob sich ein Zeuge durch seine Aussage selbst belasten k\u00f6nnte, desto ratsamer ist es, einen Rechtsanwalt als Zeugenbeistand hinzuzuziehen.<\/p><p>Die Strafprozessordnung sieht das Recht auf einen Zeugenbeistand seit dem Jahr 2009 eindeutig vor; in bestimmten F\u00e4llen hat ein Zeuge sogar Anspruch darauf, dass ihm ein Rechtsanwalt als Zeugenbeistand beigeordnet wird.<\/p><p>Unsere Anw\u00e4lte sind mit der Begleitung von Zeugen in Wirtschaftsprozessen seit vielen Jahren vertraut. Wir beraten sie mit Blick auf ihre Zeugenaussage und f\u00fchren dazu intensive Gespr\u00e4che vor der eigentlichen Vernehmung durch Polizei, Staatsanwaltschaft und Gericht.\u00a0<\/p><p>Wir begleiten Zeugen in der jeweiligen Vernehmungssituation, sei es die Gerichtsverhandlung, eine polizeiliche oder staatsanwaltliche Vernehmung oder auch au\u00dferhalb eines Ermittlungs- bzw. Strafverfahrens: Unsere Partner sind mehrfach als Zeugenbeistand in einem parlamentarischen Untersuchungsausschuss zum Einsatz gekommen.<\/p><p><span style=\"color: #008bce;\">Typische Themen:<\/span><\/p><ul><li>Strafbarkeitsrisiken durch unwahre Zeugenaussagen<\/li><li>Risiko der Selbstbelastung<\/li><li>Begleitung in der konkreten Befragungssituation<\/li><\/ul><p><span style=\"color: #008bce;\"><br \/>Sie k\u00f6nnen auf uns z\u00e4hlen:<\/span><\/p><ul><li>Zeugen in Ermittlungs- und Strafverfahren<\/li><li>Zeugen vor parlamentarischen Untersuchungsaussch\u00fcssen<\/li><\/ul>\t\t\t\t\t\t\t\t<\/div>\n\t\t\t\t<\/div>\n\t\t\t\t\t<\/div>\n\t\t<\/div>\n\t\t\t\t<div class=\"elementor-column elementor-col-50 elementor-top-column elementor-element elementor-element-ae78215\" data-id=\"ae78215\" data-element_type=\"column\" data-e-type=\"column\">\n\t\t\t<div class=\"elementor-widget-wrap elementor-element-populated\">\n\t\t\t\t\t\t<div class=\"elementor-element elementor-element-ba42e1c elementor-grid-1 elementor-posts--thumbnail-top elementor-grid-tablet-2 elementor-grid-mobile-1 elementor-widget elementor-widget-posts\" data-id=\"ba42e1c\" data-element_type=\"widget\" data-e-type=\"widget\" data-settings=\"{&quot;custom_columns&quot;:&quot;1&quot;,&quot;custom_columns_tablet&quot;:&quot;2&quot;,&quot;custom_columns_mobile&quot;:&quot;1&quot;,&quot;custom_row_gap&quot;:{&quot;unit&quot;:&quot;px&quot;,&quot;size&quot;:35,&quot;sizes&quot;:[]},&quot;custom_row_gap_tablet&quot;:{&quot;unit&quot;:&quot;px&quot;,&quot;size&quot;:&quot;&quot;,&quot;sizes&quot;:[]},&quot;custom_row_gap_mobile&quot;:{&quot;unit&quot;:&quot;px&quot;,&quot;size&quot;:&quot;&quot;,&quot;sizes&quot;:[]}}\" data-widget_type=\"posts.custom\">\n\t\t\t\t<div class=\"elementor-widget-container\">\n\t\t\t\t\t      <div class=\"ecs-posts elementor-posts-container elementor-posts   elementor-grid elementor-posts--skin-custom\" data-settings=\"{&quot;current_page&quot;:1,&quot;max_num_pages&quot;:1,&quot;load_method&quot;:&quot;&quot;,&quot;widget_id&quot;:&quot;ba42e1c&quot;,&quot;post_id&quot;:4358,&quot;theme_id&quot;:4358,&quot;change_url&quot;:false,&quot;reinit_js&quot;:false}\">\n      \t\t<article id=\"post-9286\" class=\"elementor-post elementor-grid-item ecs-post-loop post-9286 post type-post status-publish format-standard has-post-thumbnail hentry category-zeugenbeistand person-heiko-ahlbrecht person-juergen-wessing\">\n\t\t\t\t<div data-elementor-type=\"loop\" data-elementor-id=\"5297\" class=\"elementor elementor-5297 post-9286 post type-post status-publish format-standard has-post-thumbnail hentry category-zeugenbeistand person-heiko-ahlbrecht person-juergen-wessing\" data-elementor-post-type=\"elementor_library\">\n\t\t\t\t\t<section class=\"elementor-section elementor-top-section elementor-element elementor-element-ff7bcce elementor-section-full_width elementor-section-height-default elementor-section-height-default\" data-id=\"ff7bcce\" data-element_type=\"section\" data-e-type=\"section\">\n\t\t\t\t\t\t<div class=\"elementor-container elementor-column-gap-no\">\n\t\t\t\t\t<div class=\"elementor-column elementor-col-100 elementor-top-column elementor-element elementor-element-ee0bfb0\" data-id=\"ee0bfb0\" data-element_type=\"column\" data-e-type=\"column\">\n\t\t\t<div class=\"elementor-widget-wrap elementor-element-populated\">\n\t\t\t\t\t\t<section class=\"elementor-section elementor-inner-section elementor-element elementor-element-7ce9130 box-with-gradient elementor-section-full_width elementor-section-height-default elementor-section-height-default\" data-id=\"7ce9130\" data-element_type=\"section\" data-e-type=\"section\">\n\t\t\t\t\t\t<div class=\"elementor-container elementor-column-gap-default\">\n\t\t\t\t\t<div class=\"elementor-column elementor-col-100 elementor-inner-column elementor-element elementor-element-1633cab\" data-id=\"1633cab\" data-element_type=\"column\" data-e-type=\"column\">\n\t\t\t<div class=\"elementor-widget-wrap elementor-element-populated\">\n\t\t\t\t\t\t<div class=\"elementor-element elementor-element-530f580 elementor-widget elementor-widget-theme-post-featured-image elementor-widget-image\" data-id=\"530f580\" data-element_type=\"widget\" data-e-type=\"widget\" data-widget_type=\"theme-post-featured-image.default\">\n\t\t\t\t<div class=\"elementor-widget-container\">\n\t\t\t\t\t\t\t\t\t\t\t\t\t\t\t<img decoding=\"async\" width=\"1000\" height=\"500\" src=\"https:\/\/www.strafrecht.de\/wp-content\/uploads\/2022\/01\/image-5.jpeg\" class=\"attachment-landscape-1 size-landscape-1 wp-image-9287\" alt=\"Zeugenbeistand\" srcset=\"https:\/\/www.strafrecht.de\/wp-content\/uploads\/2022\/01\/image-5.jpeg 1000w, https:\/\/www.strafrecht.de\/wp-content\/uploads\/2022\/01\/image-5-300x150.jpeg 300w, https:\/\/www.strafrecht.de\/wp-content\/uploads\/2022\/01\/image-5-768x384.jpeg 768w\" sizes=\"(max-width: 1000px) 100vw, 1000px\" \/>\t\t\t\t\t\t\t\t\t\t\t\t\t\t\t<\/div>\n\t\t\t\t<\/div>\n\t\t\t\t<div class=\"elementor-element elementor-element-2787f32 elementor-widget elementor-widget-heading\" data-id=\"2787f32\" data-element_type=\"widget\" data-e-type=\"widget\" data-widget_type=\"heading.default\">\n\t\t\t\t<div class=\"elementor-widget-container\">\n\t\t\t\t\t<h3 class=\"elementor-heading-title elementor-size-default\"><a href=\"https:\/\/www.unternehmensstrafrecht.de\/der-rechtsanwalt-als-zeugenbeistand\/\">Der Rechtsanwalt als Zeugenbeistand<\/a><\/h3>\t\t\t\t<\/div>\n\t\t\t\t<\/div>\n\t\t\t\t<div class=\"elementor-element elementor-element-714933f elementor-widget elementor-widget-text-editor\" data-id=\"714933f\" data-element_type=\"widget\" data-e-type=\"widget\" data-widget_type=\"text-editor.default\">\n\t\t\t\t<div class=\"elementor-widget-container\">\n\t\t\t\t\t\t\t\t\tIn diesem Beitrag erkl\u00e4ren wir, welche Aufgaben ein Zeugenbeistand erf\u00fcllt und warum vor allem im Unternehmensstrafrecht die Hinzuziehung sinnvoll ist.\t\t\t\t\t\t\t\t<\/div>\n\t\t\t\t<\/div>\n\t\t\t\t<div class=\"elementor-element elementor-element-b27ba54 elementor-widget elementor-widget-text-editor\" data-id=\"b27ba54\" data-element_type=\"widget\" data-e-type=\"widget\" data-widget_type=\"text-editor.default\">\n\t\t\t\t<div class=\"elementor-widget-container\">\n\t\t\t\t\t\t\t\t\tBlog\t\t\t\t\t\t\t\t<\/div>\n\t\t\t\t<\/div>\n\t\t\t\t<div class=\"elementor-element elementor-element-42b9e74 elementor-widget elementor-widget-image\" data-id=\"42b9e74\" data-element_type=\"widget\" data-e-type=\"widget\" data-widget_type=\"image.default\">\n\t\t\t\t<div class=\"elementor-widget-container\">\n\t\t\t\t\t\t\t\t\t\t\t\t\t\t\t<img decoding=\"async\" width=\"44\" height=\"44\" src=\"https:\/\/www.strafrecht.de\/wp-content\/uploads\/2021\/12\/link-blue.svg\" class=\"attachment-full size-full wp-image-398\" alt=\"\" \/>\t\t\t\t\t\t\t\t\t\t\t\t\t\t\t<\/div>\n\t\t\t\t<\/div>\n\t\t\t\t\t<\/div>\n\t\t<\/div>\n\t\t\t\t\t<\/div>\n\t\t<\/section>\n\t\t\t\t\t<\/div>\n\t\t<\/div>\n\t\t\t\t\t<\/div>\n\t\t<\/section>\n\t\t\t\t<\/div>\n\t\t\t\t<\/article>\n\t\t\t\t<article id=\"post-7647\" class=\"elementor-post elementor-grid-item ecs-post-loop post-7647 post type-post status-publish format-standard has-post-thumbnail hentry category-unternehmensstrafrecht category-verteidigung-von-einzelpersonen category-zeugenbeistand person-juergen-wessing\">\n\t\t\t\t<div data-elementor-type=\"loop\" data-elementor-id=\"5297\" class=\"elementor elementor-5297 post-7647 post type-post status-publish format-standard has-post-thumbnail hentry category-unternehmensstrafrecht category-verteidigung-von-einzelpersonen category-zeugenbeistand person-juergen-wessing\" data-elementor-post-type=\"elementor_library\">\n\t\t\t\t\t<section class=\"elementor-section elementor-top-section elementor-element elementor-element-ff7bcce elementor-section-full_width elementor-section-height-default elementor-section-height-default\" data-id=\"ff7bcce\" data-element_type=\"section\" data-e-type=\"section\">\n\t\t\t\t\t\t<div class=\"elementor-container elementor-column-gap-no\">\n\t\t\t\t\t<div class=\"elementor-column elementor-col-100 elementor-top-column elementor-element elementor-element-ee0bfb0\" data-id=\"ee0bfb0\" data-element_type=\"column\" data-e-type=\"column\">\n\t\t\t<div class=\"elementor-widget-wrap elementor-element-populated\">\n\t\t\t\t\t\t<section class=\"elementor-section elementor-inner-section elementor-element elementor-element-7ce9130 box-with-gradient elementor-section-full_width elementor-section-height-default elementor-section-height-default\" data-id=\"7ce9130\" data-element_type=\"section\" data-e-type=\"section\">\n\t\t\t\t\t\t<div class=\"elementor-container elementor-column-gap-default\">\n\t\t\t\t\t<div class=\"elementor-column elementor-col-100 elementor-inner-column elementor-element elementor-element-1633cab\" data-id=\"1633cab\" data-element_type=\"column\" data-e-type=\"column\">\n\t\t\t<div class=\"elementor-widget-wrap elementor-element-populated\">\n\t\t\t\t\t\t<div class=\"elementor-element elementor-element-530f580 elementor-widget elementor-widget-theme-post-featured-image elementor-widget-image\" data-id=\"530f580\" data-element_type=\"widget\" data-e-type=\"widget\" data-widget_type=\"theme-post-featured-image.default\">\n\t\t\t\t<div class=\"elementor-widget-container\">\n\t\t\t\t\t\t\t\t\t\t\t\t\t\t\t<img loading=\"lazy\" decoding=\"async\" width=\"1024\" height=\"512\" src=\"https:\/\/www.strafrecht.de\/wp-content\/uploads\/2022\/01\/back-view-of-the-thoughtful-businessman-wearing-a-suit-standing-in-picture-id1069160140.jpg\" class=\"attachment-landscape-1 size-landscape-1 wp-image-7565\" alt=\"\" srcset=\"https:\/\/www.strafrecht.de\/wp-content\/uploads\/2022\/01\/back-view-of-the-thoughtful-businessman-wearing-a-suit-standing-in-picture-id1069160140.jpg 1024w, https:\/\/www.strafrecht.de\/wp-content\/uploads\/2022\/01\/back-view-of-the-thoughtful-businessman-wearing-a-suit-standing-in-picture-id1069160140-300x150.jpg 300w, https:\/\/www.strafrecht.de\/wp-content\/uploads\/2022\/01\/back-view-of-the-thoughtful-businessman-wearing-a-suit-standing-in-picture-id1069160140-768x384.jpg 768w\" sizes=\"(max-width: 1024px) 100vw, 1024px\" \/>\t\t\t\t\t\t\t\t\t\t\t\t\t\t\t<\/div>\n\t\t\t\t<\/div>\n\t\t\t\t<div class=\"elementor-element elementor-element-2787f32 elementor-widget elementor-widget-heading\" data-id=\"2787f32\" data-element_type=\"widget\" data-e-type=\"widget\" data-widget_type=\"heading.default\">\n\t\t\t\t<div class=\"elementor-widget-container\">\n\t\t\t\t\t<h3 class=\"elementor-heading-title elementor-size-default\"><a href=\"https:\/\/www.unternehmensstrafrecht.de\/wenn-der-anwalt-zum-zeugen-der-anklage-wird\/\">Wenn der Anwalt zum Zeugen der Anklage wird<\/a><\/h3>\t\t\t\t<\/div>\n\t\t\t\t<\/div>\n\t\t\t\t<div class=\"elementor-element elementor-element-714933f elementor-widget elementor-widget-text-editor\" data-id=\"714933f\" data-element_type=\"widget\" data-e-type=\"widget\" data-widget_type=\"text-editor.default\">\n\t\t\t\t<div class=\"elementor-widget-container\">\n\t\t\t\t\t\t\t\t\tDer Bundesgerichtshof hat die Verschwiegenheitspflicht von Beratern gelockert. Das k\u00f6nnte zu Rissen im Vertrauensverh\u00e4ltnis von Vorst\u00e4nden und Unternehmensanw\u00e4lten f\u00fchren.\t\t\t\t\t\t\t\t<\/div>\n\t\t\t\t<\/div>\n\t\t\t\t<div class=\"elementor-element elementor-element-b27ba54 elementor-widget elementor-widget-text-editor\" data-id=\"b27ba54\" data-element_type=\"widget\" data-e-type=\"widget\" data-widget_type=\"text-editor.default\">\n\t\t\t\t<div class=\"elementor-widget-container\">\n\t\t\t\t\t\t\t\t\tBlog\t\t\t\t\t\t\t\t<\/div>\n\t\t\t\t<\/div>\n\t\t\t\t<div class=\"elementor-element elementor-element-42b9e74 elementor-widget elementor-widget-image\" data-id=\"42b9e74\" data-element_type=\"widget\" data-e-type=\"widget\" data-widget_type=\"image.default\">\n\t\t\t\t<div class=\"elementor-widget-container\">\n\t\t\t\t\t\t\t\t\t\t\t\t\t\t\t<img decoding=\"async\" width=\"44\" height=\"44\" src=\"https:\/\/www.strafrecht.de\/wp-content\/uploads\/2021\/12\/link-blue.svg\" class=\"attachment-full size-full wp-image-398\" alt=\"\" \/>\t\t\t\t\t\t\t\t\t\t\t\t\t\t\t<\/div>\n\t\t\t\t<\/div>\n\t\t\t\t\t<\/div>\n\t\t<\/div>\n\t\t\t\t\t<\/div>\n\t\t<\/section>\n\t\t\t\t\t<\/div>\n\t\t<\/div>\n\t\t\t\t\t<\/div>\n\t\t<\/section>\n\t\t\t\t<\/div>\n\t\t\t\t<\/article>\n\t\t\t\t<\/div>\n\t\t\t\t\t\t<\/div>\n\t\t\t\t<\/div>\n\t\t\t\t\t<\/div>\n\t\t<\/div>\n\t\t\t\t\t<\/div>\n\t\t<\/section>\n\t\t\t\t<section class=\"elementor-section elementor-top-section elementor-element elementor-element-edd9c22 elementor-section-boxed elementor-section-height-default elementor-section-height-default\" data-id=\"edd9c22\" data-element_type=\"section\" data-e-type=\"section\">\n\t\t\t\t\t\t<div class=\"elementor-container elementor-column-gap-default\">\n\t\t\t\t\t<div class=\"elementor-column elementor-col-100 elementor-top-column elementor-element elementor-element-60cbc44\" data-id=\"60cbc44\" data-element_type=\"column\" data-e-type=\"column\">\n\t\t\t<div class=\"elementor-widget-wrap\">\n\t\t\t\t\t\t\t<\/div>\n\t\t<\/div>\n\t\t\t\t\t<\/div>\n\t\t<\/section>\n\t\t\t\t<\/div>\n\t\t","protected":false},"excerpt":{"rendered":"<p>Wer in einem Strafverfahren als Zeuge geladen wird, ist zur wahrheitsgem\u00e4\u00dfen Aussage verpflichtet. Je komplexer das Verfahren und je unklarer ist, ob sich ein Zeuge<\/p>\n","protected":false},"author":5,"featured_media":0,"parent":0,"menu_order":0,"comment_status":"closed","ping_status":"closed","template":"","meta":{"_acf_changed":false,"footnotes":""},"class_list":["post-4358","page","type-page","status-publish","hentry"],"acf":[],"yoast_head":"<!-- This site is optimized with the Yoast SEO Premium plugin v26.1 (Yoast SEO v27.5) - https:\/\/yoast.com\/product\/yoast-seo-premium-wordpress\/ -->\n<title>Zeugenbeistand | Wessing &amp; Partner<\/title>\n<meta name=\"description\" content=\"Mit viel Erfahrung begleiten wir Zeugen in der jeweiligen Vernehmungssituation und f\u00fchren intensive Gespr\u00e4che vor der eigentlichen Vernehmung.\" \/>\n<meta name=\"robots\" content=\"index, follow, max-snippet:-1, max-image-preview:large, max-video-preview:-1\" \/>\n<link rel=\"canonical\" href=\"https:\/\/www.strafrecht.de\/de\/zeugenbeistand\/\" \/>\n<meta property=\"og:locale\" content=\"de_DE\" \/>\n<meta property=\"og:type\" content=\"article\" \/>\n<meta property=\"og:title\" content=\"Zeugenbeistand\" \/>\n<meta property=\"og:description\" content=\"Mit viel Erfahrung begleiten wir Zeugen in der jeweiligen Vernehmungssituation und f\u00fchren intensive Gespr\u00e4che vor der eigentlichen Vernehmung.\" \/>\n<meta property=\"og:url\" content=\"https:\/\/www.strafrecht.de\/de\/zeugenbeistand\/\" \/>\n<meta property=\"og:site_name\" content=\"Wessing &amp; Partner\" \/>\n<meta property=\"article:modified_time\" content=\"2022-01-25T15:55:45+00:00\" \/>\n<meta property=\"og:image\" content=\"https:\/\/www.strafrecht.de\/wp-content\/uploads\/2021\/12\/Head-Kendo-sitzend-250x300.jpg\" \/>\n<meta name=\"twitter:card\" content=\"summary_large_image\" \/>\n<meta name=\"twitter:label1\" content=\"Gesch\u00e4tzte Lesezeit\" \/>\n\t<meta name=\"twitter:data1\" content=\"2\u00a0Minuten\" \/>\n<script type=\"application\/ld+json\" class=\"yoast-schema-graph\">{\"@context\":\"https:\\\/\\\/schema.org\",\"@graph\":[{\"@type\":\"WebPage\",\"@id\":\"https:\\\/\\\/www.strafrecht.de\\\/de\\\/zeugenbeistand\\\/\",\"url\":\"https:\\\/\\\/www.strafrecht.de\\\/de\\\/zeugenbeistand\\\/\",\"name\":\"Zeugenbeistand | Wessing & Partner\",\"isPartOf\":{\"@id\":\"https:\\\/\\\/www.strafrecht.de\\\/de\\\/#website\"},\"primaryImageOfPage\":{\"@id\":\"https:\\\/\\\/www.strafrecht.de\\\/de\\\/zeugenbeistand\\\/#primaryimage\"},\"image\":{\"@id\":\"https:\\\/\\\/www.strafrecht.de\\\/de\\\/zeugenbeistand\\\/#primaryimage\"},\"thumbnailUrl\":\"https:\\\/\\\/www.strafrecht.de\\\/wp-content\\\/uploads\\\/2021\\\/12\\\/Head-Kendo-sitzend-250x300.jpg\",\"datePublished\":\"2021-12-09T17:48:55+00:00\",\"dateModified\":\"2022-01-25T15:55:45+00:00\",\"description\":\"Mit viel Erfahrung begleiten wir Zeugen in der jeweiligen Vernehmungssituation und f\u00fchren intensive Gespr\u00e4che vor der eigentlichen Vernehmung.\",\"breadcrumb\":{\"@id\":\"https:\\\/\\\/www.strafrecht.de\\\/de\\\/zeugenbeistand\\\/#breadcrumb\"},\"inLanguage\":\"de\",\"potentialAction\":[{\"@type\":\"ReadAction\",\"target\":[\"https:\\\/\\\/www.strafrecht.de\\\/de\\\/zeugenbeistand\\\/\"]}]},{\"@type\":\"ImageObject\",\"inLanguage\":\"de\",\"@id\":\"https:\\\/\\\/www.strafrecht.de\\\/de\\\/zeugenbeistand\\\/#primaryimage\",\"url\":\"https:\\\/\\\/www.strafrecht.de\\\/wp-content\\\/uploads\\\/2021\\\/12\\\/Head-Kendo-sitzend-250x300.jpg\",\"contentUrl\":\"https:\\\/\\\/www.strafrecht.de\\\/wp-content\\\/uploads\\\/2021\\\/12\\\/Head-Kendo-sitzend-250x300.jpg\"},{\"@type\":\"BreadcrumbList\",\"@id\":\"https:\\\/\\\/www.strafrecht.de\\\/de\\\/zeugenbeistand\\\/#breadcrumb\",\"itemListElement\":[{\"@type\":\"ListItem\",\"position\":1,\"name\":\"Startseite\",\"item\":\"https:\\\/\\\/www.strafrecht.de\\\/de\\\/\"},{\"@type\":\"ListItem\",\"position\":2,\"name\":\"Zeugenbeistand\"}]},{\"@type\":\"WebSite\",\"@id\":\"https:\\\/\\\/www.strafrecht.de\\\/de\\\/#website\",\"url\":\"https:\\\/\\\/www.strafrecht.de\\\/de\\\/\",\"name\":\"Wessing &amp; Partner\",\"description\":\"Strafrecht nach allen Regeln der Kunst.\",\"potentialAction\":[{\"@type\":\"SearchAction\",\"target\":{\"@type\":\"EntryPoint\",\"urlTemplate\":\"https:\\\/\\\/www.strafrecht.de\\\/de\\\/?s={search_term_string}\"},\"query-input\":{\"@type\":\"PropertyValueSpecification\",\"valueRequired\":true,\"valueName\":\"search_term_string\"}}],\"inLanguage\":\"de\"}]}<\/script>\n<!-- \/ Yoast SEO Premium plugin. -->","yoast_head_json":{"title":"Zeugenbeistand | Wessing & Partner","description":"Mit viel Erfahrung begleiten wir Zeugen in der jeweiligen Vernehmungssituation und f\u00fchren intensive Gespr\u00e4che vor der eigentlichen Vernehmung.","robots":{"index":"index","follow":"follow","max-snippet":"max-snippet:-1","max-image-preview":"max-image-preview:large","max-video-preview":"max-video-preview:-1"},"canonical":"https:\/\/www.strafrecht.de\/de\/zeugenbeistand\/","og_locale":"de_DE","og_type":"article","og_title":"Zeugenbeistand","og_description":"Mit viel Erfahrung begleiten wir Zeugen in der jeweiligen Vernehmungssituation und f\u00fchren intensive Gespr\u00e4che vor der eigentlichen Vernehmung.","og_url":"https:\/\/www.strafrecht.de\/de\/zeugenbeistand\/","og_site_name":"Wessing &amp; Partner","article_modified_time":"2022-01-25T15:55:45+00:00","og_image":[{"url":"https:\/\/www.strafrecht.de\/wp-content\/uploads\/2021\/12\/Head-Kendo-sitzend-250x300.jpg","type":"","width":"","height":""}],"twitter_card":"summary_large_image","twitter_misc":{"Gesch\u00e4tzte Lesezeit":"2\u00a0Minuten"},"schema":{"@context":"https:\/\/schema.org","@graph":[{"@type":"WebPage","@id":"https:\/\/www.strafrecht.de\/de\/zeugenbeistand\/","url":"https:\/\/www.strafrecht.de\/de\/zeugenbeistand\/","name":"Zeugenbeistand | Wessing & Partner","isPartOf":{"@id":"https:\/\/www.strafrecht.de\/de\/#website"},"primaryImageOfPage":{"@id":"https:\/\/www.strafrecht.de\/de\/zeugenbeistand\/#primaryimage"},"image":{"@id":"https:\/\/www.strafrecht.de\/de\/zeugenbeistand\/#primaryimage"},"thumbnailUrl":"https:\/\/www.strafrecht.de\/wp-content\/uploads\/2021\/12\/Head-Kendo-sitzend-250x300.jpg","datePublished":"2021-12-09T17:48:55+00:00","dateModified":"2022-01-25T15:55:45+00:00","description":"Mit viel Erfahrung begleiten wir Zeugen in der jeweiligen Vernehmungssituation und f\u00fchren intensive Gespr\u00e4che vor der eigentlichen Vernehmung.","breadcrumb":{"@id":"https:\/\/www.strafrecht.de\/de\/zeugenbeistand\/#breadcrumb"},"inLanguage":"de","potentialAction":[{"@type":"ReadAction","target":["https:\/\/www.strafrecht.de\/de\/zeugenbeistand\/"]}]},{"@type":"ImageObject","inLanguage":"de","@id":"https:\/\/www.strafrecht.de\/de\/zeugenbeistand\/#primaryimage","url":"https:\/\/www.strafrecht.de\/wp-content\/uploads\/2021\/12\/Head-Kendo-sitzend-250x300.jpg","contentUrl":"https:\/\/www.strafrecht.de\/wp-content\/uploads\/2021\/12\/Head-Kendo-sitzend-250x300.jpg"},{"@type":"BreadcrumbList","@id":"https:\/\/www.strafrecht.de\/de\/zeugenbeistand\/#breadcrumb","itemListElement":[{"@type":"ListItem","position":1,"name":"Startseite","item":"https:\/\/www.strafrecht.de\/de\/"},{"@type":"ListItem","position":2,"name":"Zeugenbeistand"}]},{"@type":"WebSite","@id":"https:\/\/www.strafrecht.de\/de\/#website","url":"https:\/\/www.strafrecht.de\/de\/","name":"Wessing &amp; Partner","description":"Strafrecht nach allen Regeln der Kunst.","potentialAction":[{"@type":"SearchAction","target":{"@type":"EntryPoint","urlTemplate":"https:\/\/www.strafrecht.de\/de\/?s={search_term_string}"},"query-input":{"@type":"PropertyValueSpecification","valueRequired":true,"valueName":"search_term_string"}}],"inLanguage":"de"}]}},"jetpack_sharing_enabled":true,"_links":{"self":[{"href":"https:\/\/www.strafrecht.de\/de\/wp-json\/wp\/v2\/pages\/4358","targetHints":{"allow":["GET"]}}],"collection":[{"href":"https:\/\/www.strafrecht.de\/de\/wp-json\/wp\/v2\/pages"}],"about":[{"href":"https:\/\/www.strafrecht.de\/de\/wp-json\/wp\/v2\/types\/page"}],"author":[{"embeddable":true,"href":"https:\/\/www.strafrecht.de\/de\/wp-json\/wp\/v2\/users\/5"}],"replies":[{"embeddable":true,"href":"https:\/\/www.strafrecht.de\/de\/wp-json\/wp\/v2\/comments?post=4358"}],"version-history":[{"count":68,"href":"https:\/\/www.strafrecht.de\/de\/wp-json\/wp\/v2\/pages\/4358\/revisions"}],"predecessor-version":[{"id":9255,"href":"https:\/\/www.strafrecht.de\/de\/wp-json\/wp\/v2\/pages\/4358\/revisions\/9255"}],"wp:attachment":[{"href":"https:\/\/www.strafrecht.de\/de\/wp-json\/wp\/v2\/media?parent=4358"}],"curies":[{"name":"wp","href":"https:\/\/api.w.org\/{rel}","templated":true}]}}