{"id":4372,"date":"2021-12-09T17:50:28","date_gmt":"2021-12-09T17:50:28","guid":{"rendered":"https:\/\/dev.strafrecht.de\/?page_id=4372"},"modified":"2022-03-22T09:00:14","modified_gmt":"2022-03-22T09:00:14","slug":"rechtsgutachten","status":"publish","type":"page","link":"https:\/\/www.strafrecht.de\/de\/rechtsgutachten\/","title":{"rendered":"Rechtsgutachten"},"content":{"rendered":"\t\t<div data-elementor-type=\"wp-page\" data-elementor-id=\"4372\" class=\"elementor elementor-4372\" data-elementor-post-type=\"page\">\n\t\t\t\t\t\t<section class=\"elementor-section elementor-top-section elementor-element elementor-element-70ba194 elementor-section-boxed elementor-section-height-default elementor-section-height-default\" data-id=\"70ba194\" data-element_type=\"section\" data-e-type=\"section\">\n\t\t\t\t\t\t<div class=\"elementor-container elementor-column-gap-default\">\n\t\t\t\t\t<div class=\"elementor-column elementor-col-50 elementor-top-column elementor-element elementor-element-41122b6\" data-id=\"41122b6\" data-element_type=\"column\" data-e-type=\"column\">\n\t\t\t<div class=\"elementor-widget-wrap elementor-element-populated\">\n\t\t\t\t\t\t<div class=\"elementor-element elementor-element-fb7a4ac elementor-widget elementor-widget-image\" data-id=\"fb7a4ac\" data-element_type=\"widget\" data-e-type=\"widget\" data-widget_type=\"image.default\">\n\t\t\t\t<div class=\"elementor-widget-container\">\n\t\t\t\t\t\t\t\t\t\t\t\t\t\t\t<img fetchpriority=\"high\" decoding=\"async\" width=\"250\" height=\"300\" src=\"https:\/\/www.strafrecht.de\/wp-content\/uploads\/2021\/12\/Head-Kendo-stehend-250x300.jpg\" class=\"attachment-medium size-medium wp-image-5814\" alt=\"\" srcset=\"https:\/\/www.strafrecht.de\/wp-content\/uploads\/2021\/12\/Head-Kendo-stehend-250x300.jpg 250w, https:\/\/www.strafrecht.de\/wp-content\/uploads\/2021\/12\/Head-Kendo-stehend.jpg 426w\" sizes=\"(max-width: 250px) 100vw, 250px\" \/>\t\t\t\t\t\t\t\t\t\t\t\t\t\t\t<\/div>\n\t\t\t\t<\/div>\n\t\t\t\t\t<\/div>\n\t\t<\/div>\n\t\t\t\t<div class=\"elementor-column elementor-col-50 elementor-top-column elementor-element elementor-element-ae069a2\" data-id=\"ae069a2\" data-element_type=\"column\" data-e-type=\"column\">\n\t\t\t<div class=\"elementor-widget-wrap\">\n\t\t\t\t\t\t\t<\/div>\n\t\t<\/div>\n\t\t\t\t\t<\/div>\n\t\t<\/section>\n\t\t\t\t<section class=\"elementor-section elementor-top-section elementor-element elementor-element-38230dc elementor-section-boxed elementor-section-height-default elementor-section-height-default\" data-id=\"38230dc\" data-element_type=\"section\" data-e-type=\"section\">\n\t\t\t\t\t\t<div class=\"elementor-container elementor-column-gap-default\">\n\t\t\t\t\t<div class=\"elementor-column elementor-col-50 elementor-top-column elementor-element elementor-element-55a6342\" data-id=\"55a6342\" data-element_type=\"column\" data-e-type=\"column\">\n\t\t\t<div class=\"elementor-widget-wrap elementor-element-populated\">\n\t\t\t\t\t\t<div class=\"elementor-element elementor-element-16271e3 elementor-widget elementor-widget-spacer\" data-id=\"16271e3\" data-element_type=\"widget\" data-e-type=\"widget\" data-widget_type=\"spacer.default\">\n\t\t\t\t<div class=\"elementor-widget-container\">\n\t\t\t\t\t\t\t<div class=\"elementor-spacer\">\n\t\t\t<div class=\"elementor-spacer-inner\"><\/div>\n\t\t<\/div>\n\t\t\t\t\t\t<\/div>\n\t\t\t\t<\/div>\n\t\t\t\t<div class=\"elementor-element elementor-element-93c7a88 elementor-widget elementor-widget-text-editor\" data-id=\"93c7a88\" data-element_type=\"widget\" data-e-type=\"widget\" data-widget_type=\"text-editor.default\">\n\t\t\t\t<div class=\"elementor-widget-container\">\n\t\t\t\t\t\t\t\t\t<p>Ist eine bestimmte Verhaltensweise strafbar? Wenn sie es w\u00e4re, mit welchen Sanktionen haben Betroffene dann zu rechnen? Rechtsgutachten, auch Legal Opinions genannt, helfen, die m\u00f6gliche\u00a0strafrechtliche Relevanz eines Tuns oder Unterlassens im Gesch\u00e4ftsverkehr einzuordnen. Sie sind insofern eine wesentliche Erg\u00e4nzung sowohl der Compliance als auch im laufenden Ermittlungs- oder Strafverfahren.<\/p><p>Fundierte juristische Einsch\u00e4tzungen kommen au\u00dferdem in Sachverst\u00e4ndigengutachten zum Tragen, die ein wesentlicher Teil von Gesetzgebungsverfahren sind. Beispiele aus j\u00fcngerer Zeit sind das <a href=\"https:\/\/www.unternehmensstrafrecht.de\/update-verbandssanktionengesetz\/\">Verbandssanktionengesetz<\/a>, das <a href=\"https:\/\/www.strafrecht.de\/de\/geldwaesche\/\">Geldw\u00e4schegesetz<\/a> oder das Hinweisgeberschutzgesetz.<\/p><p>In gutachterlichen Stellungnahmen gehen wir komplexen Sachverhalten mit potenziell strafrechtlicher Relevanz tief auf den Grund. Wir nehmen eine Risikoabw\u00e4gung vor und zeigen Unternehmen die Szenarien auf, die ein strafrechtliches Problem vermeiden. In unsere Expertisen flie\u00dft unser umfangreiches Fachwissen zum Strafrecht, aber auch in den f\u00fcr die jeweilige Situation relevanten weiteren Rechtsgebieten ein, beispielsweise zum Kartellrecht, Steuerrecht, Medizinrecht, Insolvenzrecht oder Bank- und Kapitalmarktrecht.<\/p><p>Dass wir immer wieder als Sachverst\u00e4ndige in politischen Gremien, Aussch\u00fcssen und Parlamenten geladen werden, ist Ausdruck der hohen Anerkennung, die unsere Partner als Experten ihres Fachs im Markt genie\u00dfen.<\/p>\t\t\t\t\t\t\t\t<\/div>\n\t\t\t\t<\/div>\n\t\t\t\t<div class=\"elementor-element elementor-element-3a268a9 elementor-widget elementor-widget-spacer\" data-id=\"3a268a9\" data-element_type=\"widget\" data-e-type=\"widget\" data-widget_type=\"spacer.default\">\n\t\t\t\t<div class=\"elementor-widget-container\">\n\t\t\t\t\t\t\t<div class=\"elementor-spacer\">\n\t\t\t<div class=\"elementor-spacer-inner\"><\/div>\n\t\t<\/div>\n\t\t\t\t\t\t<\/div>\n\t\t\t\t<\/div>\n\t\t\t\t<div class=\"elementor-element elementor-element-58960f0 elementor-widget elementor-widget-heading\" data-id=\"58960f0\" data-element_type=\"widget\" data-e-type=\"widget\" data-widget_type=\"heading.default\">\n\t\t\t\t<div class=\"elementor-widget-container\">\n\t\t\t\t\t<h5 class=\"elementor-heading-title elementor-size-default\">Gutachten bieten wir in diesen Fachdisziplinen an:<\/h5>\t\t\t\t<\/div>\n\t\t\t\t<\/div>\n\t\t\t\t\t<\/div>\n\t\t<\/div>\n\t\t\t\t<div class=\"elementor-column elementor-col-50 elementor-top-column elementor-element elementor-element-52d9b6a\" data-id=\"52d9b6a\" data-element_type=\"column\" data-e-type=\"column\">\n\t\t\t<div class=\"elementor-widget-wrap elementor-element-populated\">\n\t\t\t\t\t\t<div class=\"elementor-element elementor-element-8c00fae elementor-grid-1 elementor-posts--thumbnail-top elementor-grid-tablet-2 elementor-grid-mobile-1 elementor-widget elementor-widget-posts\" data-id=\"8c00fae\" data-element_type=\"widget\" data-e-type=\"widget\" data-settings=\"{&quot;custom_columns&quot;:&quot;1&quot;,&quot;custom_columns_tablet&quot;:&quot;2&quot;,&quot;custom_columns_mobile&quot;:&quot;1&quot;,&quot;custom_row_gap&quot;:{&quot;unit&quot;:&quot;px&quot;,&quot;size&quot;:35,&quot;sizes&quot;:[]},&quot;custom_row_gap_tablet&quot;:{&quot;unit&quot;:&quot;px&quot;,&quot;size&quot;:&quot;&quot;,&quot;sizes&quot;:[]},&quot;custom_row_gap_mobile&quot;:{&quot;unit&quot;:&quot;px&quot;,&quot;size&quot;:&quot;&quot;,&quot;sizes&quot;:[]}}\" data-widget_type=\"posts.custom\">\n\t\t\t\t<div class=\"elementor-widget-container\">\n\t\t\t\t\t      <div class=\"ecs-posts elementor-posts-container elementor-posts   elementor-grid elementor-posts--skin-custom\" data-settings=\"{&quot;current_page&quot;:1,&quot;max_num_pages&quot;:0,&quot;load_method&quot;:&quot;&quot;,&quot;widget_id&quot;:&quot;8c00fae&quot;,&quot;post_id&quot;:4372,&quot;theme_id&quot;:4372,&quot;change_url&quot;:false,&quot;reinit_js&quot;:false}\">\n      <div class=\"elementor-posts-nothing-found\"><\/div>\t\t<\/div>\n\t\t\t\t\t\t<\/div>\n\t\t\t\t<\/div>\n\t\t\t\t<div class=\"elementor-element elementor-element-8989c67 elementor-grid-1 elementor-posts--thumbnail-top elementor-grid-tablet-2 elementor-grid-mobile-1 elementor-widget elementor-widget-posts\" data-id=\"8989c67\" data-element_type=\"widget\" data-e-type=\"widget\" data-settings=\"{&quot;custom_columns&quot;:&quot;1&quot;,&quot;custom_row_gap&quot;:{&quot;unit&quot;:&quot;px&quot;,&quot;size&quot;:0,&quot;sizes&quot;:[]},&quot;custom_columns_tablet&quot;:&quot;2&quot;,&quot;custom_columns_mobile&quot;:&quot;1&quot;,&quot;custom_row_gap_tablet&quot;:{&quot;unit&quot;:&quot;px&quot;,&quot;size&quot;:&quot;&quot;,&quot;sizes&quot;:[]},&quot;custom_row_gap_mobile&quot;:{&quot;unit&quot;:&quot;px&quot;,&quot;size&quot;:&quot;&quot;,&quot;sizes&quot;:[]}}\" data-widget_type=\"posts.custom\">\n\t\t\t\t<div class=\"elementor-widget-container\">\n\t\t\t\t\t      <div class=\"ecs-posts elementor-posts-container elementor-posts   elementor-grid elementor-posts--skin-custom\" data-settings=\"{&quot;current_page&quot;:1,&quot;max_num_pages&quot;:1,&quot;load_method&quot;:&quot;&quot;,&quot;widget_id&quot;:&quot;8989c67&quot;,&quot;post_id&quot;:4372,&quot;theme_id&quot;:4372,&quot;change_url&quot;:false,&quot;reinit_js&quot;:false}\">\n      \t\t<article id=\"post-9463\" class=\"elementor-post elementor-grid-item ecs-post-loop post-9463 post type-post status-publish format-standard has-post-thumbnail hentry category-beratung-von-unternehmen category-rechtsgutachten person-silke-baumanns\">\n\t\t\t\t<div data-elementor-type=\"loop\" data-elementor-id=\"5297\" class=\"elementor elementor-5297 post-9463 post type-post status-publish format-standard has-post-thumbnail hentry category-beratung-von-unternehmen category-rechtsgutachten person-silke-baumanns\" data-elementor-post-type=\"elementor_library\">\n\t\t\t\t\t<section class=\"elementor-section elementor-top-section elementor-element elementor-element-ff7bcce elementor-section-full_width elementor-section-height-default elementor-section-height-default\" data-id=\"ff7bcce\" data-element_type=\"section\" data-e-type=\"section\">\n\t\t\t\t\t\t<div class=\"elementor-container elementor-column-gap-no\">\n\t\t\t\t\t<div class=\"elementor-column elementor-col-100 elementor-top-column elementor-element elementor-element-ee0bfb0\" data-id=\"ee0bfb0\" data-element_type=\"column\" data-e-type=\"column\">\n\t\t\t<div class=\"elementor-widget-wrap elementor-element-populated\">\n\t\t\t\t\t\t<section class=\"elementor-section elementor-inner-section elementor-element elementor-element-7ce9130 box-with-gradient elementor-section-full_width elementor-section-height-default elementor-section-height-default\" data-id=\"7ce9130\" data-element_type=\"section\" data-e-type=\"section\">\n\t\t\t\t\t\t<div class=\"elementor-container elementor-column-gap-default\">\n\t\t\t\t\t<div class=\"elementor-column elementor-col-100 elementor-inner-column elementor-element elementor-element-1633cab\" data-id=\"1633cab\" data-element_type=\"column\" data-e-type=\"column\">\n\t\t\t<div class=\"elementor-widget-wrap elementor-element-populated\">\n\t\t\t\t\t\t<div class=\"elementor-element elementor-element-530f580 elementor-widget elementor-widget-theme-post-featured-image elementor-widget-image\" data-id=\"530f580\" data-element_type=\"widget\" data-e-type=\"widget\" data-widget_type=\"theme-post-featured-image.default\">\n\t\t\t\t<div class=\"elementor-widget-container\">\n\t\t\t\t\t\t\t\t\t\t\t\t\t\t\t<img decoding=\"async\" width=\"1000\" height=\"500\" src=\"https:\/\/www.strafrecht.de\/wp-content\/uploads\/2022\/02\/image-1.jpeg\" class=\"attachment-landscape-1 size-landscape-1 wp-image-9464\" alt=\"Unternehmensstrafrecht\" srcset=\"https:\/\/www.strafrecht.de\/wp-content\/uploads\/2022\/02\/image-1.jpeg 1000w, https:\/\/www.strafrecht.de\/wp-content\/uploads\/2022\/02\/image-1-300x150.jpeg 300w, https:\/\/www.strafrecht.de\/wp-content\/uploads\/2022\/02\/image-1-768x384.jpeg 768w\" sizes=\"(max-width: 1000px) 100vw, 1000px\" \/>\t\t\t\t\t\t\t\t\t\t\t\t\t\t\t<\/div>\n\t\t\t\t<\/div>\n\t\t\t\t<div class=\"elementor-element elementor-element-2787f32 elementor-widget elementor-widget-heading\" data-id=\"2787f32\" data-element_type=\"widget\" data-e-type=\"widget\" data-widget_type=\"heading.default\">\n\t\t\t\t<div class=\"elementor-widget-container\">\n\t\t\t\t\t<h3 class=\"elementor-heading-title elementor-size-default\"><a href=\"https:\/\/www.unternehmensstrafrecht.de\/das-anwaltliche-rechtsgutachten-vorsicht-ist-besser-als-nachsicht\/\">Das anwaltliche Rechtsgutachten \u2013 Vorsicht ist besser als Nachsicht<\/a><\/h3>\t\t\t\t<\/div>\n\t\t\t\t<\/div>\n\t\t\t\t<div class=\"elementor-element elementor-element-714933f elementor-widget elementor-widget-text-editor\" data-id=\"714933f\" data-element_type=\"widget\" data-e-type=\"widget\" data-widget_type=\"text-editor.default\">\n\t\t\t\t<div class=\"elementor-widget-container\">\n\t\t\t\t\t\t\t\t\tUnternehmerische Entscheidungen k\u00f6nnen ernste strafrechtliche Konsequenzen mit sich bringen. Warum es in manchen Situationen ratsam ist, ein anwaltliches Rechtsgutachten einzuholen, erkl\u00e4ren wir hier.\t\t\t\t\t\t\t\t<\/div>\n\t\t\t\t<\/div>\n\t\t\t\t<div class=\"elementor-element elementor-element-b27ba54 elementor-widget elementor-widget-text-editor\" data-id=\"b27ba54\" data-element_type=\"widget\" data-e-type=\"widget\" data-widget_type=\"text-editor.default\">\n\t\t\t\t<div class=\"elementor-widget-container\">\n\t\t\t\t\t\t\t\t\tBlog\t\t\t\t\t\t\t\t<\/div>\n\t\t\t\t<\/div>\n\t\t\t\t<div class=\"elementor-element elementor-element-42b9e74 elementor-widget elementor-widget-image\" data-id=\"42b9e74\" data-element_type=\"widget\" data-e-type=\"widget\" data-widget_type=\"image.default\">\n\t\t\t\t<div class=\"elementor-widget-container\">\n\t\t\t\t\t\t\t\t\t\t\t\t\t\t\t<img decoding=\"async\" width=\"44\" height=\"44\" src=\"https:\/\/www.strafrecht.de\/wp-content\/uploads\/2021\/12\/link-blue.svg\" class=\"attachment-full size-full wp-image-398\" alt=\"\" \/>\t\t\t\t\t\t\t\t\t\t\t\t\t\t\t<\/div>\n\t\t\t\t<\/div>\n\t\t\t\t\t<\/div>\n\t\t<\/div>\n\t\t\t\t\t<\/div>\n\t\t<\/section>\n\t\t\t\t\t<\/div>\n\t\t<\/div>\n\t\t\t\t\t<\/div>\n\t\t<\/section>\n\t\t\t\t<\/div>\n\t\t\t\t<\/article>\n\t\t\t\t<\/div>\n\t\t\t\t\t\t<\/div>\n\t\t\t\t<\/div>\n\t\t\t\t\t<\/div>\n\t\t<\/div>\n\t\t\t\t\t<\/div>\n\t\t<\/section>\n\t\t\t\t<section class=\"elementor-section elementor-top-section elementor-element elementor-element-a286097 elementor-section-boxed elementor-section-height-default elementor-section-height-default\" data-id=\"a286097\" data-element_type=\"section\" data-e-type=\"section\">\n\t\t\t\t\t\t<div class=\"elementor-container elementor-column-gap-default\">\n\t\t\t\t\t<div class=\"elementor-column elementor-col-33 elementor-top-column elementor-element elementor-element-fe3d9f4\" data-id=\"fe3d9f4\" data-element_type=\"column\" data-e-type=\"column\">\n\t\t\t<div class=\"elementor-widget-wrap elementor-element-populated\">\n\t\t\t\t\t\t<div class=\"elementor-element elementor-element-add72e3 elementor-widget elementor-widget-smn-elementor-accordion-menu\" data-id=\"add72e3\" data-element_type=\"widget\" data-e-type=\"widget\" data-widget_type=\"smn-elementor-accordion-menu.default\">\n\t\t\t\t<div class=\"elementor-widget-container\">\n\t\t\t\t\t<ul><li class=\"isFirst\"><a class=\"\" href=\"https:\/\/www.strafrecht.de\/de\/arbeit-und-management\/\" target=\"\">Arbeit &#038; Management<\/a><\/li><li class=\"\"><a class=\"\" href=\"https:\/\/www.strafrecht.de\/de\/arzt-und-medizin\/\" target=\"\">Arzt &#038; Medizin<\/a><\/li><li class=\"\"><a class=\"\" href=\"https:\/\/www.strafrecht.de\/de\/banken-und-kapitalmarkt\/\" target=\"\">Banken &#038; Kapitalmarkt<\/a><\/li><li class=\"\"><a class=\"\" href=\"https:\/\/www.strafrecht.de\/de\/cybercrime-it-und-datenschutzstrafrecht\/\" target=\"\">Cybercrime, IT &amp; Datenschutzstrafrecht<\/a><\/li><li class=\"\"><a class=\"\" href=\"https:\/\/www.strafrecht.de\/de\/internationales-strafrecht\/\" target=\"\">Internationales Strafrecht<\/a><\/li><li class=\"\"><a class=\"\" href=\"https:\/\/www.strafrecht.de\/de\/kartelle-und-wettbewerb\/\" target=\"\">Kartelle &#038; Wettbewerb<\/a><\/li><li class=\"\"><a class=\"\" href=\"https:\/\/www.strafrecht.de\/de\/krise-und-insolvenz\/\" target=\"\">Krise &#038; Insolvenz<\/a><\/li><li class=\"\"><a class=\"\" href=\"https:\/\/www.strafrecht.de\/de\/korruption\/\" target=\"\">Korruption<\/a><\/li><li class=\"\"><a class=\"\" href=\"https:\/\/www.strafrecht.de\/de\/umweltstrafrecht\/\" target=\"\">Umweltstrafrecht<\/a><\/li><li class=\"isLast\"><a class=\"\" href=\"https:\/\/www.strafrecht.de\/de\/zoll-und-aussenhandel\/\" target=\"\">Zoll &#038; Au\u00dfenhandel<\/a><\/li><\/ul>\t\t\t\t<\/div>\n\t\t\t\t<\/div>\n\t\t\t\t\t<\/div>\n\t\t<\/div>\n\t\t\t\t<div class=\"elementor-column elementor-col-33 elementor-top-column elementor-element elementor-element-bc982ea\" data-id=\"bc982ea\" data-element_type=\"column\" data-e-type=\"column\">\n\t\t\t<div class=\"elementor-widget-wrap elementor-element-populated\">\n\t\t\t\t\t\t<div class=\"elementor-element elementor-element-398f73e elementor-widget elementor-widget-smn-elementor-accordion-menu\" data-id=\"398f73e\" data-element_type=\"widget\" data-e-type=\"widget\" data-widget_type=\"smn-elementor-accordion-menu.default\">\n\t\t\t\t<div class=\"elementor-widget-container\">\n\t\t\t\t\t<ul><li class=\"isFirst\"><a class=\"\" href=\"https:\/\/www.strafrecht.de\/de\/steuerstrafrecht\/\" target=\"\">Steuerstrafrecht<\/a><\/li><li class=\"\"><a class=\"\" href=\"https:\/\/www.strafrecht.de\/de\/selbstanzeigen\/\" target=\"\">Selbstanzeigen<\/a><\/li><li class=\"isLast\"><a class=\"\" href=\"https:\/\/www.strafrecht.de\/de\/steuerstreit\/\" target=\"\">Steuerstreit<\/a><\/li><\/ul>\t\t\t\t<\/div>\n\t\t\t\t<\/div>\n\t\t\t\t\t<\/div>\n\t\t<\/div>\n\t\t\t\t<div class=\"elementor-column elementor-col-33 elementor-top-column elementor-element elementor-element-212904c\" data-id=\"212904c\" data-element_type=\"column\" data-e-type=\"column\">\n\t\t\t<div class=\"elementor-widget-wrap\">\n\t\t\t\t\t\t\t<\/div>\n\t\t<\/div>\n\t\t\t\t\t<\/div>\n\t\t<\/section>\n\t\t\t\t<section class=\"elementor-section elementor-top-section elementor-element elementor-element-edd9c22 elementor-section-boxed elementor-section-height-default elementor-section-height-default\" data-id=\"edd9c22\" data-element_type=\"section\" data-e-type=\"section\">\n\t\t\t\t\t\t<div class=\"elementor-container elementor-column-gap-default\">\n\t\t\t\t\t<div class=\"elementor-column elementor-col-100 elementor-top-column elementor-element elementor-element-1013c84\" data-id=\"1013c84\" data-element_type=\"column\" data-e-type=\"column\">\n\t\t\t<div class=\"elementor-widget-wrap\">\n\t\t\t\t\t\t\t<\/div>\n\t\t<\/div>\n\t\t\t\t\t<\/div>\n\t\t<\/section>\n\t\t\t\t<\/div>\n\t\t","protected":false},"excerpt":{"rendered":"<p>Ist eine bestimmte Verhaltensweise strafbar? Wenn sie es w\u00e4re, mit welchen Sanktionen haben Betroffene dann zu rechnen? Rechtsgutachten, auch Legal Opinions genannt, helfen, die m\u00f6gliche\u00a0strafrechtliche<\/p>\n","protected":false},"author":5,"featured_media":0,"parent":0,"menu_order":0,"comment_status":"closed","ping_status":"closed","template":"","meta":{"_acf_changed":false,"footnotes":""},"class_list":["post-4372","page","type-page","status-publish","hentry"],"acf":[],"yoast_head":"<!-- This site is optimized with the Yoast SEO Premium plugin v26.1 (Yoast SEO v27.5) - https:\/\/yoast.com\/product\/yoast-seo-premium-wordpress\/ -->\n<title>Rechtsgutachten | Wessing &amp; Partner<\/title>\n<meta name=\"description\" content=\"In gutachterlichen Stellungnahmen gehen wir komplexen Sachverhalten mit potenziell strafrechtlicher Relevanz tief auf den Grund.\" \/>\n<meta name=\"robots\" content=\"index, follow, max-snippet:-1, max-image-preview:large, max-video-preview:-1\" \/>\n<link rel=\"canonical\" href=\"https:\/\/www.strafrecht.de\/de\/rechtsgutachten\/\" \/>\n<meta property=\"og:locale\" content=\"de_DE\" \/>\n<meta property=\"og:type\" content=\"article\" \/>\n<meta property=\"og:title\" content=\"Rechtsgutachten\" \/>\n<meta property=\"og:description\" content=\"In gutachterlichen Stellungnahmen gehen wir komplexen Sachverhalten mit potenziell strafrechtlicher Relevanz tief auf den Grund.\" \/>\n<meta property=\"og:url\" content=\"https:\/\/www.strafrecht.de\/de\/rechtsgutachten\/\" \/>\n<meta property=\"og:site_name\" content=\"Wessing &amp; Partner\" \/>\n<meta property=\"article:modified_time\" content=\"2022-03-22T09:00:14+00:00\" \/>\n<meta property=\"og:image\" content=\"https:\/\/www.strafrecht.de\/wp-content\/uploads\/2021\/12\/Head-Kendo-stehend-250x300.jpg\" \/>\n<meta name=\"twitter:card\" content=\"summary_large_image\" \/>\n<meta name=\"twitter:label1\" content=\"Gesch\u00e4tzte Lesezeit\" \/>\n\t<meta name=\"twitter:data1\" content=\"4\u00a0Minuten\" \/>\n<script type=\"application\/ld+json\" class=\"yoast-schema-graph\">{\"@context\":\"https:\\\/\\\/schema.org\",\"@graph\":[{\"@type\":\"WebPage\",\"@id\":\"https:\\\/\\\/www.strafrecht.de\\\/de\\\/rechtsgutachten\\\/\",\"url\":\"https:\\\/\\\/www.strafrecht.de\\\/de\\\/rechtsgutachten\\\/\",\"name\":\"Rechtsgutachten | Wessing & Partner\",\"isPartOf\":{\"@id\":\"https:\\\/\\\/www.strafrecht.de\\\/de\\\/#website\"},\"primaryImageOfPage\":{\"@id\":\"https:\\\/\\\/www.strafrecht.de\\\/de\\\/rechtsgutachten\\\/#primaryimage\"},\"image\":{\"@id\":\"https:\\\/\\\/www.strafrecht.de\\\/de\\\/rechtsgutachten\\\/#primaryimage\"},\"thumbnailUrl\":\"https:\\\/\\\/www.strafrecht.de\\\/wp-content\\\/uploads\\\/2021\\\/12\\\/Head-Kendo-stehend-250x300.jpg\",\"datePublished\":\"2021-12-09T17:50:28+00:00\",\"dateModified\":\"2022-03-22T09:00:14+00:00\",\"description\":\"In gutachterlichen Stellungnahmen gehen wir komplexen Sachverhalten mit potenziell strafrechtlicher Relevanz tief auf den Grund.\",\"breadcrumb\":{\"@id\":\"https:\\\/\\\/www.strafrecht.de\\\/de\\\/rechtsgutachten\\\/#breadcrumb\"},\"inLanguage\":\"de\",\"potentialAction\":[{\"@type\":\"ReadAction\",\"target\":[\"https:\\\/\\\/www.strafrecht.de\\\/de\\\/rechtsgutachten\\\/\"]}]},{\"@type\":\"ImageObject\",\"inLanguage\":\"de\",\"@id\":\"https:\\\/\\\/www.strafrecht.de\\\/de\\\/rechtsgutachten\\\/#primaryimage\",\"url\":\"https:\\\/\\\/www.strafrecht.de\\\/wp-content\\\/uploads\\\/2021\\\/12\\\/Head-Kendo-stehend-250x300.jpg\",\"contentUrl\":\"https:\\\/\\\/www.strafrecht.de\\\/wp-content\\\/uploads\\\/2021\\\/12\\\/Head-Kendo-stehend-250x300.jpg\"},{\"@type\":\"BreadcrumbList\",\"@id\":\"https:\\\/\\\/www.strafrecht.de\\\/de\\\/rechtsgutachten\\\/#breadcrumb\",\"itemListElement\":[{\"@type\":\"ListItem\",\"position\":1,\"name\":\"Startseite\",\"item\":\"https:\\\/\\\/www.strafrecht.de\\\/de\\\/\"},{\"@type\":\"ListItem\",\"position\":2,\"name\":\"Rechtsgutachten\"}]},{\"@type\":\"WebSite\",\"@id\":\"https:\\\/\\\/www.strafrecht.de\\\/de\\\/#website\",\"url\":\"https:\\\/\\\/www.strafrecht.de\\\/de\\\/\",\"name\":\"Wessing &amp; Partner\",\"description\":\"Strafrecht nach allen Regeln der Kunst.\",\"potentialAction\":[{\"@type\":\"SearchAction\",\"target\":{\"@type\":\"EntryPoint\",\"urlTemplate\":\"https:\\\/\\\/www.strafrecht.de\\\/de\\\/?s={search_term_string}\"},\"query-input\":{\"@type\":\"PropertyValueSpecification\",\"valueRequired\":true,\"valueName\":\"search_term_string\"}}],\"inLanguage\":\"de\"}]}<\/script>\n<!-- \/ Yoast SEO Premium plugin. -->","yoast_head_json":{"title":"Rechtsgutachten | Wessing & Partner","description":"In gutachterlichen Stellungnahmen gehen wir komplexen Sachverhalten mit potenziell strafrechtlicher Relevanz tief auf den Grund.","robots":{"index":"index","follow":"follow","max-snippet":"max-snippet:-1","max-image-preview":"max-image-preview:large","max-video-preview":"max-video-preview:-1"},"canonical":"https:\/\/www.strafrecht.de\/de\/rechtsgutachten\/","og_locale":"de_DE","og_type":"article","og_title":"Rechtsgutachten","og_description":"In gutachterlichen Stellungnahmen gehen wir komplexen Sachverhalten mit potenziell strafrechtlicher Relevanz tief auf den Grund.","og_url":"https:\/\/www.strafrecht.de\/de\/rechtsgutachten\/","og_site_name":"Wessing &amp; Partner","article_modified_time":"2022-03-22T09:00:14+00:00","og_image":[{"url":"https:\/\/www.strafrecht.de\/wp-content\/uploads\/2021\/12\/Head-Kendo-stehend-250x300.jpg","type":"","width":"","height":""}],"twitter_card":"summary_large_image","twitter_misc":{"Gesch\u00e4tzte Lesezeit":"4\u00a0Minuten"},"schema":{"@context":"https:\/\/schema.org","@graph":[{"@type":"WebPage","@id":"https:\/\/www.strafrecht.de\/de\/rechtsgutachten\/","url":"https:\/\/www.strafrecht.de\/de\/rechtsgutachten\/","name":"Rechtsgutachten | Wessing & Partner","isPartOf":{"@id":"https:\/\/www.strafrecht.de\/de\/#website"},"primaryImageOfPage":{"@id":"https:\/\/www.strafrecht.de\/de\/rechtsgutachten\/#primaryimage"},"image":{"@id":"https:\/\/www.strafrecht.de\/de\/rechtsgutachten\/#primaryimage"},"thumbnailUrl":"https:\/\/www.strafrecht.de\/wp-content\/uploads\/2021\/12\/Head-Kendo-stehend-250x300.jpg","datePublished":"2021-12-09T17:50:28+00:00","dateModified":"2022-03-22T09:00:14+00:00","description":"In gutachterlichen Stellungnahmen gehen wir komplexen Sachverhalten mit potenziell strafrechtlicher Relevanz tief auf den Grund.","breadcrumb":{"@id":"https:\/\/www.strafrecht.de\/de\/rechtsgutachten\/#breadcrumb"},"inLanguage":"de","potentialAction":[{"@type":"ReadAction","target":["https:\/\/www.strafrecht.de\/de\/rechtsgutachten\/"]}]},{"@type":"ImageObject","inLanguage":"de","@id":"https:\/\/www.strafrecht.de\/de\/rechtsgutachten\/#primaryimage","url":"https:\/\/www.strafrecht.de\/wp-content\/uploads\/2021\/12\/Head-Kendo-stehend-250x300.jpg","contentUrl":"https:\/\/www.strafrecht.de\/wp-content\/uploads\/2021\/12\/Head-Kendo-stehend-250x300.jpg"},{"@type":"BreadcrumbList","@id":"https:\/\/www.strafrecht.de\/de\/rechtsgutachten\/#breadcrumb","itemListElement":[{"@type":"ListItem","position":1,"name":"Startseite","item":"https:\/\/www.strafrecht.de\/de\/"},{"@type":"ListItem","position":2,"name":"Rechtsgutachten"}]},{"@type":"WebSite","@id":"https:\/\/www.strafrecht.de\/de\/#website","url":"https:\/\/www.strafrecht.de\/de\/","name":"Wessing &amp; Partner","description":"Strafrecht nach allen Regeln der Kunst.","potentialAction":[{"@type":"SearchAction","target":{"@type":"EntryPoint","urlTemplate":"https:\/\/www.strafrecht.de\/de\/?s={search_term_string}"},"query-input":{"@type":"PropertyValueSpecification","valueRequired":true,"valueName":"search_term_string"}}],"inLanguage":"de"}]}},"jetpack_sharing_enabled":true,"_links":{"self":[{"href":"https:\/\/www.strafrecht.de\/de\/wp-json\/wp\/v2\/pages\/4372","targetHints":{"allow":["GET"]}}],"collection":[{"href":"https:\/\/www.strafrecht.de\/de\/wp-json\/wp\/v2\/pages"}],"about":[{"href":"https:\/\/www.strafrecht.de\/de\/wp-json\/wp\/v2\/types\/page"}],"author":[{"embeddable":true,"href":"https:\/\/www.strafrecht.de\/de\/wp-json\/wp\/v2\/users\/5"}],"replies":[{"embeddable":true,"href":"https:\/\/www.strafrecht.de\/de\/wp-json\/wp\/v2\/comments?post=4372"}],"version-history":[{"count":77,"href":"https:\/\/www.strafrecht.de\/de\/wp-json\/wp\/v2\/pages\/4372\/revisions"}],"predecessor-version":[{"id":9569,"href":"https:\/\/www.strafrecht.de\/de\/wp-json\/wp\/v2\/pages\/4372\/revisions\/9569"}],"wp:attachment":[{"href":"https:\/\/www.strafrecht.de\/de\/wp-json\/wp\/v2\/media?parent=4372"}],"curies":[{"name":"wp","href":"https:\/\/api.w.org\/{rel}","templated":true}]}}