{"id":4610,"date":"2021-12-09T20:05:25","date_gmt":"2021-12-09T20:05:25","guid":{"rendered":"https:\/\/dev.strafrecht.de\/?page_id=4610"},"modified":"2023-09-20T22:33:51","modified_gmt":"2023-09-20T20:33:51","slug":"kontakt","status":"publish","type":"page","link":"https:\/\/www.strafrecht.de\/de\/kontakt\/","title":{"rendered":"Kontakt"},"content":{"rendered":"\t\t<div data-elementor-type=\"wp-page\" data-elementor-id=\"4610\" class=\"elementor elementor-4610\" data-elementor-post-type=\"page\">\n\t\t\t\t\t\t<section class=\"elementor-section elementor-top-section elementor-element elementor-element-70ba194 elementor-section-boxed elementor-section-height-default elementor-section-height-default\" data-id=\"70ba194\" data-element_type=\"section\" data-e-type=\"section\">\n\t\t\t\t\t\t<div class=\"elementor-container elementor-column-gap-default\">\n\t\t\t\t\t<div class=\"elementor-column elementor-col-100 elementor-top-column elementor-element elementor-element-41122b6\" data-id=\"41122b6\" data-element_type=\"column\" data-e-type=\"column\">\n\t\t\t<div class=\"elementor-widget-wrap elementor-element-populated\">\n\t\t\t\t\t\t<div class=\"elementor-element elementor-element-e43fe29 elementor-widget elementor-widget-google_maps\" data-id=\"e43fe29\" data-element_type=\"widget\" data-e-type=\"widget\" data-widget_type=\"google_maps.default\">\n\t\t\t\t<div class=\"elementor-widget-container\">\n\t\t\t\t\t\t\t<div class=\"elementor-custom-embed\">\n\t\t\t <div class=\"brlbs-cmpnt-container brlbs-cmpnt-content-blocker brlbs-cmpnt-with-individual-styles\" data-borlabs-cookie-content-blocker-id=\"google-maps\" data-borlabs-cookie-content=\"PGlmcmFtZSBsb2FkaW5nPSJsYXp5IgoJCQkJCXNyYz0iaHR0cHM6Ly9tYXBzLmdvb2dsZS5jb20vbWFwcz9xPVJhdGhhdXN1ZmVyJTIwMTYtMTclMkMlMjBEJUMzJUJDc3NlbGRvcmYmIzAzODt0PW0mIzAzODt6PTE2JiMwMzg7b3V0cHV0PWVtYmVkJiMwMzg7aXdsb2M9bmVhciIKCQkJCQl0aXRsZT0iUmF0aGF1c3VmZXIgMTYtMTcsIETDvHNzZWxkb3JmIgoJCQkJCWFyaWEtbGFiZWw9IlJhdGhhdXN1ZmVyIDE2LTE3LCBEw7xzc2VsZG9yZiIKCQkJPjwvaWZyYW1lPg==\"><div class=\"brlbs-cmpnt-cb-preset-b brlbs-cmpnt-cb-google-maps\"> <div class=\"brlbs-cmpnt-cb-thumbnail\" style=\"background-image: url('https:\/\/www.strafrecht.de\/wp-content\/uploads\/borlabs-cookie\/1\/brlbs-cb-google-maps-main.png')\"><\/div> <div class=\"brlbs-cmpnt-cb-main\"> <div class=\"brlbs-cmpnt-cb-content\"> <p class=\"brlbs-cmpnt-cb-description\">Sie sehen gerade einen Platzhalterinhalt von <strong>Google Maps<\/strong>. Um auf den eigentlichen Inhalt zuzugreifen, klicken Sie auf die Schaltfl\u00e4che unten. Bitte beachten Sie, dass dabei Daten an Drittanbieter weitergegeben werden.<\/p> <a class=\"brlbs-cmpnt-cb-provider-toggle\" href=\"#\" data-borlabs-cookie-show-provider-information role=\"button\">Mehr Informationen<\/a> <\/div> <div class=\"brlbs-cmpnt-cb-buttons\"> <a class=\"brlbs-cmpnt-cb-btn\" href=\"#\" data-borlabs-cookie-unblock role=\"button\">Inhalt entsperren<\/a> <a class=\"brlbs-cmpnt-cb-btn\" href=\"#\" data-borlabs-cookie-accept-service role=\"button\" style=\"display: inherit\">Erforderlichen Service akzeptieren und Inhalte entsperren<\/a> <\/div> <\/div> <\/div><\/div>\n\t\t<\/div>\n\t\t\t\t\t\t<\/div>\n\t\t\t\t<\/div>\n\t\t\t\t\t<\/div>\n\t\t<\/div>\n\t\t\t\t\t<\/div>\n\t\t<\/section>\n\t\t\t\t<section class=\"elementor-section elementor-top-section elementor-element elementor-element-38230dc elementor-section-boxed elementor-section-height-default elementor-section-height-default\" data-id=\"38230dc\" data-element_type=\"section\" data-e-type=\"section\">\n\t\t\t\t\t\t<div class=\"elementor-container elementor-column-gap-default\">\n\t\t\t\t\t<div class=\"elementor-column elementor-col-100 elementor-top-column elementor-element elementor-element-55a6342\" data-id=\"55a6342\" data-element_type=\"column\" data-e-type=\"column\">\n\t\t\t<div class=\"elementor-widget-wrap elementor-element-populated\">\n\t\t\t\t\t\t<div class=\"elementor-element elementor-element-af53c4b elementor-widget elementor-widget-heading\" data-id=\"af53c4b\" data-element_type=\"widget\" data-e-type=\"widget\" data-widget_type=\"heading.default\">\n\t\t\t\t<div class=\"elementor-widget-container\">\n\t\t\t\t\t<h3 class=\"elementor-heading-title elementor-size-default\">Ihr Weg zu uns<\/h3>\t\t\t\t<\/div>\n\t\t\t\t<\/div>\n\t\t\t\t<div class=\"elementor-element elementor-element-93c7a88 elementor-widget elementor-widget-text-editor\" data-id=\"93c7a88\" data-element_type=\"widget\" data-e-type=\"widget\" data-widget_type=\"text-editor.default\">\n\t\t\t\t<div class=\"elementor-widget-container\">\n\t\t\t\t\t\t\t\t\t<div id=\"c461\" class=\"frame frame-default frame-type-text frame-layout-0\"><p>Wessing &amp; Partner\u00a0<br \/>Rechtsanw\u00e4lte mbB<br \/>Rathausufer 16-17<br \/>40213 D\u00fcsseldorf<\/p><p>Tel. +49 211\/16844-0<br \/>Fax +49 211\/16844-444\u00a0<\/p><p><a href=\"mailto:info@strafrecht.de\">info@strafrecht.de<\/a><\/p><p>Parkm\u00f6glichkeiten in der Tiefgarage Altstadt \/ Zufahrt \u00fcber Rheinufertunnel<\/p><p><span style=\"color: #008bec;\">Vorfahrt Kanzlei<\/span><\/p><\/div><p>Wir empfehlen die Benutzung des Parkhauses Altstadt\/Rheinufer. Wenn Sie vorfahren m\u00f6chten, fahren Sie \u00fcber die Graf-Adolf-Stra\u00dfe. Dort wo der Verkehr dreispurig Richtung A52\/A57 M\u00f6nchengladbach\/K\u00f6ln halblinks abbiegt, fahren Sie halbrechts in die Haroldstra\u00dfe. Nach ca. 300 Metern (Ampel) biegen Sie scharf rechts \u00fcber Stra\u00dfenbahnschienen hinweg in den Horionplatz. Nach ca. 80 Meter links in die Thomasstra\u00dfe, nach ca. 60 Meter rechts in die Rheinuferpromenade, nach ca. 200 Metern sind Sie am Rathausufer 16-17 angekommen.\u00a0<\/p>\t\t\t\t\t\t\t\t<\/div>\n\t\t\t\t<\/div>\n\t\t\t\t\t<\/div>\n\t\t<\/div>\n\t\t\t\t\t<\/div>\n\t\t<\/section>\n\t\t\t\t<section class=\"elementor-section elementor-top-section elementor-element elementor-element-a6c1daf elementor-section-boxed elementor-section-height-default elementor-section-height-default\" data-id=\"a6c1daf\" data-element_type=\"section\" data-e-type=\"section\">\n\t\t\t\t\t\t<div class=\"elementor-container elementor-column-gap-default\">\n\t\t\t\t\t<div class=\"elementor-column elementor-col-100 elementor-top-column elementor-element elementor-element-8760f78\" data-id=\"8760f78\" data-element_type=\"column\" data-e-type=\"column\">\n\t\t\t<div class=\"elementor-widget-wrap elementor-element-populated\">\n\t\t\t\t\t\t<div class=\"elementor-element elementor-element-0fec2e5 elementor-widget elementor-widget-heading\" data-id=\"0fec2e5\" data-element_type=\"widget\" data-e-type=\"widget\" data-widget_type=\"heading.default\">\n\t\t\t\t<div class=\"elementor-widget-container\">\n\t\t\t\t\t<h4 class=\"elementor-heading-title elementor-size-default\">Sie brauchen dringend anwaltliche Unterst\u00fctzung?<br><\/h4>\t\t\t\t<\/div>\n\t\t\t\t<\/div>\n\t\t\t\t<div class=\"elementor-element elementor-element-73f7d8f elementor-widget elementor-widget-spacer\" data-id=\"73f7d8f\" data-element_type=\"widget\" data-e-type=\"widget\" data-widget_type=\"spacer.default\">\n\t\t\t\t<div class=\"elementor-widget-container\">\n\t\t\t\t\t\t\t<div class=\"elementor-spacer\">\n\t\t\t<div class=\"elementor-spacer-inner\"><\/div>\n\t\t<\/div>\n\t\t\t\t\t\t<\/div>\n\t\t\t\t<\/div>\n\t\t\t\t<div class=\"elementor-element elementor-element-1b1343b elementor-widget elementor-widget-text-editor\" data-id=\"1b1343b\" data-element_type=\"widget\" data-e-type=\"widget\" data-widget_type=\"text-editor.default\">\n\t\t\t\t<div class=\"elementor-widget-container\">\n\t\t\t\t\t\t\t\t\t<p>Im Notfall erreichen Sie uns jederzeit unter dieser Nummer:<\/p><h3>+49 172 \/ 755 50 50<\/h3><p>\u00a0<\/p>\t\t\t\t\t\t\t\t<\/div>\n\t\t\t\t<\/div>\n\t\t\t\t\t<\/div>\n\t\t<\/div>\n\t\t\t\t\t<\/div>\n\t\t<\/section>\n\t\t\t\t<\/div>\n\t\t","protected":false},"excerpt":{"rendered":"<p>Sie sehen gerade einen Platzhalterinhalt von Google Maps. Um auf den eigentlichen Inhalt zuzugreifen, klicken Sie auf die Schaltfl\u00e4che unten. Bitte beachten Sie, dass dabei Daten an Drittanbieter weitergegeben werden. Mehr Informationen Inhalt entsperren Erforderlichen Service akzeptieren und Inhalte entsperren Ihr Weg zu uns Wessing &amp; Partner\u00a0Rechtsanw\u00e4lte mbBRathausufer 16-1740213 D\u00fcsseldorf Tel. +49 211\/16844-0Fax +49 211\/16844-444\u00a0 [&hellip;]<\/p>\n","protected":false},"author":5,"featured_media":0,"parent":0,"menu_order":0,"comment_status":"closed","ping_status":"closed","template":"","meta":{"_acf_changed":false,"footnotes":""},"class_list":["post-4610","page","type-page","status-publish","hentry"],"acf":[],"yoast_head":"<!-- This site is optimized with the Yoast SEO Premium plugin v26.1 (Yoast SEO v27.5) - https:\/\/yoast.com\/product\/yoast-seo-premium-wordpress\/ -->\n<title>Wessing &amp; Partner \u2013 die Kanzlei f\u00fcr Unternehmensstrafrecht<\/title>\n<meta name=\"description\" content=\"Wessing &amp; Partner z\u00e4hlt zu den anerkanntesten Kanzleien f\u00fcr Wirtschaftsstrafrecht, Steuerstrafrecht und Compliance \u2013\u00a0so gelangen Sie zu uns.\" \/>\n<meta name=\"robots\" content=\"index, follow, max-snippet:-1, max-image-preview:large, max-video-preview:-1\" \/>\n<link rel=\"canonical\" href=\"https:\/\/www.strafrecht.de\/de\/kontakt\/\" \/>\n<meta property=\"og:locale\" content=\"de_DE\" \/>\n<meta property=\"og:type\" content=\"article\" \/>\n<meta property=\"og:title\" content=\"Kontakt\" \/>\n<meta property=\"og:description\" content=\"Wessing &amp; Partner z\u00e4hlt zu den anerkanntesten Kanzleien f\u00fcr Wirtschaftsstrafrecht, Steuerstrafrecht und Compliance \u2013\u00a0so gelangen Sie zu uns.\" \/>\n<meta property=\"og:url\" content=\"https:\/\/www.strafrecht.de\/de\/kontakt\/\" \/>\n<meta property=\"og:site_name\" content=\"Wessing &amp; Partner\" \/>\n<meta property=\"article:modified_time\" content=\"2023-09-20T20:33:51+00:00\" \/>\n<meta name=\"twitter:card\" content=\"summary_large_image\" \/>\n<meta name=\"twitter:label1\" content=\"Gesch\u00e4tzte Lesezeit\" \/>\n\t<meta name=\"twitter:data1\" content=\"1\u00a0Minute\" \/>\n<script type=\"application\/ld+json\" class=\"yoast-schema-graph\">{\"@context\":\"https:\\\/\\\/schema.org\",\"@graph\":[{\"@type\":\"WebPage\",\"@id\":\"https:\\\/\\\/www.strafrecht.de\\\/de\\\/kontakt\\\/\",\"url\":\"https:\\\/\\\/www.strafrecht.de\\\/de\\\/kontakt\\\/\",\"name\":\"Wessing & Partner \u2013 die Kanzlei f\u00fcr Unternehmensstrafrecht\",\"isPartOf\":{\"@id\":\"https:\\\/\\\/www.strafrecht.de\\\/de\\\/#website\"},\"datePublished\":\"2021-12-09T20:05:25+00:00\",\"dateModified\":\"2023-09-20T20:33:51+00:00\",\"description\":\"Wessing & Partner z\u00e4hlt zu den anerkanntesten Kanzleien f\u00fcr Wirtschaftsstrafrecht, Steuerstrafrecht und Compliance \u2013\u00a0so gelangen Sie zu uns.\",\"breadcrumb\":{\"@id\":\"https:\\\/\\\/www.strafrecht.de\\\/de\\\/kontakt\\\/#breadcrumb\"},\"inLanguage\":\"de\",\"potentialAction\":[{\"@type\":\"ReadAction\",\"target\":[\"https:\\\/\\\/www.strafrecht.de\\\/de\\\/kontakt\\\/\"]}]},{\"@type\":\"BreadcrumbList\",\"@id\":\"https:\\\/\\\/www.strafrecht.de\\\/de\\\/kontakt\\\/#breadcrumb\",\"itemListElement\":[{\"@type\":\"ListItem\",\"position\":1,\"name\":\"Startseite\",\"item\":\"https:\\\/\\\/www.strafrecht.de\\\/de\\\/\"},{\"@type\":\"ListItem\",\"position\":2,\"name\":\"Kontakt\"}]},{\"@type\":\"WebSite\",\"@id\":\"https:\\\/\\\/www.strafrecht.de\\\/de\\\/#website\",\"url\":\"https:\\\/\\\/www.strafrecht.de\\\/de\\\/\",\"name\":\"Wessing &amp; Partner\",\"description\":\"Strafrecht nach allen Regeln der Kunst.\",\"potentialAction\":[{\"@type\":\"SearchAction\",\"target\":{\"@type\":\"EntryPoint\",\"urlTemplate\":\"https:\\\/\\\/www.strafrecht.de\\\/de\\\/?s={search_term_string}\"},\"query-input\":{\"@type\":\"PropertyValueSpecification\",\"valueRequired\":true,\"valueName\":\"search_term_string\"}}],\"inLanguage\":\"de\"}]}<\/script>\n<!-- \/ Yoast SEO Premium plugin. -->","yoast_head_json":{"title":"Wessing & Partner \u2013 die Kanzlei f\u00fcr Unternehmensstrafrecht","description":"Wessing & Partner z\u00e4hlt zu den anerkanntesten Kanzleien f\u00fcr Wirtschaftsstrafrecht, Steuerstrafrecht und Compliance \u2013\u00a0so gelangen Sie zu uns.","robots":{"index":"index","follow":"follow","max-snippet":"max-snippet:-1","max-image-preview":"max-image-preview:large","max-video-preview":"max-video-preview:-1"},"canonical":"https:\/\/www.strafrecht.de\/de\/kontakt\/","og_locale":"de_DE","og_type":"article","og_title":"Kontakt","og_description":"Wessing & Partner z\u00e4hlt zu den anerkanntesten Kanzleien f\u00fcr Wirtschaftsstrafrecht, Steuerstrafrecht und Compliance \u2013\u00a0so gelangen Sie zu uns.","og_url":"https:\/\/www.strafrecht.de\/de\/kontakt\/","og_site_name":"Wessing &amp; Partner","article_modified_time":"2023-09-20T20:33:51+00:00","twitter_card":"summary_large_image","twitter_misc":{"Gesch\u00e4tzte Lesezeit":"1\u00a0Minute"},"schema":{"@context":"https:\/\/schema.org","@graph":[{"@type":"WebPage","@id":"https:\/\/www.strafrecht.de\/de\/kontakt\/","url":"https:\/\/www.strafrecht.de\/de\/kontakt\/","name":"Wessing & Partner \u2013 die Kanzlei f\u00fcr Unternehmensstrafrecht","isPartOf":{"@id":"https:\/\/www.strafrecht.de\/de\/#website"},"datePublished":"2021-12-09T20:05:25+00:00","dateModified":"2023-09-20T20:33:51+00:00","description":"Wessing & Partner z\u00e4hlt zu den anerkanntesten Kanzleien f\u00fcr Wirtschaftsstrafrecht, Steuerstrafrecht und Compliance \u2013\u00a0so gelangen Sie zu uns.","breadcrumb":{"@id":"https:\/\/www.strafrecht.de\/de\/kontakt\/#breadcrumb"},"inLanguage":"de","potentialAction":[{"@type":"ReadAction","target":["https:\/\/www.strafrecht.de\/de\/kontakt\/"]}]},{"@type":"BreadcrumbList","@id":"https:\/\/www.strafrecht.de\/de\/kontakt\/#breadcrumb","itemListElement":[{"@type":"ListItem","position":1,"name":"Startseite","item":"https:\/\/www.strafrecht.de\/de\/"},{"@type":"ListItem","position":2,"name":"Kontakt"}]},{"@type":"WebSite","@id":"https:\/\/www.strafrecht.de\/de\/#website","url":"https:\/\/www.strafrecht.de\/de\/","name":"Wessing &amp; Partner","description":"Strafrecht nach allen Regeln der Kunst.","potentialAction":[{"@type":"SearchAction","target":{"@type":"EntryPoint","urlTemplate":"https:\/\/www.strafrecht.de\/de\/?s={search_term_string}"},"query-input":{"@type":"PropertyValueSpecification","valueRequired":true,"valueName":"search_term_string"}}],"inLanguage":"de"}]}},"jetpack_sharing_enabled":true,"_links":{"self":[{"href":"https:\/\/www.strafrecht.de\/de\/wp-json\/wp\/v2\/pages\/4610","targetHints":{"allow":["GET"]}}],"collection":[{"href":"https:\/\/www.strafrecht.de\/de\/wp-json\/wp\/v2\/pages"}],"about":[{"href":"https:\/\/www.strafrecht.de\/de\/wp-json\/wp\/v2\/types\/page"}],"author":[{"embeddable":true,"href":"https:\/\/www.strafrecht.de\/de\/wp-json\/wp\/v2\/users\/5"}],"replies":[{"embeddable":true,"href":"https:\/\/www.strafrecht.de\/de\/wp-json\/wp\/v2\/comments?post=4610"}],"version-history":[{"count":52,"href":"https:\/\/www.strafrecht.de\/de\/wp-json\/wp\/v2\/pages\/4610\/revisions"}],"predecessor-version":[{"id":11101,"href":"https:\/\/www.strafrecht.de\/de\/wp-json\/wp\/v2\/pages\/4610\/revisions\/11101"}],"wp:attachment":[{"href":"https:\/\/www.strafrecht.de\/de\/wp-json\/wp\/v2\/media?parent=4610"}],"curies":[{"name":"wp","href":"https:\/\/api.w.org\/{rel}","templated":true}]}}