{"id":4861,"date":"2021-12-13T17:22:49","date_gmt":"2021-12-13T17:22:49","guid":{"rendered":"https:\/\/dev.strafrecht.de\/?page_id=4861"},"modified":"2026-01-09T15:31:08","modified_gmt":"2026-01-09T13:31:08","slug":"impressum","status":"publish","type":"page","link":"https:\/\/www.strafrecht.de\/de\/impressum\/","title":{"rendered":"Impressum"},"content":{"rendered":"\t\t<div data-elementor-type=\"wp-page\" data-elementor-id=\"4861\" class=\"elementor elementor-4861\" data-elementor-post-type=\"page\">\n\t\t\t\t\t\t<section class=\"elementor-section elementor-top-section elementor-element elementor-element-4b2f30a elementor-section-boxed elementor-section-height-default elementor-section-height-default\" data-id=\"4b2f30a\" data-element_type=\"section\" data-e-type=\"section\">\n\t\t\t\t\t\t<div class=\"elementor-container elementor-column-gap-default\">\n\t\t\t\t\t<div class=\"elementor-column elementor-col-100 elementor-top-column elementor-element elementor-element-6f625852\" data-id=\"6f625852\" data-element_type=\"column\" data-e-type=\"column\">\n\t\t\t<div class=\"elementor-widget-wrap elementor-element-populated\">\n\t\t\t\t\t\t<div class=\"elementor-element elementor-element-72e0ee8a elementor-widget elementor-widget-text-editor\" data-id=\"72e0ee8a\" data-element_type=\"widget\" data-e-type=\"widget\" data-widget_type=\"text-editor.default\">\n\t\t\t\t<div class=\"elementor-widget-container\">\n\t\t\t\t\t\t\t\t\t<h3>Impressum<\/h3><p>Wessing &amp; Partner Rechtsanw\u00e4lte mbB<br \/>Rathausufer 16-17<br \/>40213 D\u00fcsseldorf<br \/>Tel. +49 211 16844-0<br \/>Fax +49 211 16844-444<br \/>info@strafrecht.de\u00a0<\/p><p>Wessing &amp; Partner Rechtsanw\u00e4lte mbB besteht aus den folgenden vertretungsberechtigten Rechtsanw\u00e4lten:<\/p><p>Prof. Dr. Heiko Ahlbrecht<br \/>Dr. Matthias Dann, LL.M. (University of Edinburgh)<br \/>Dipl.-Fw. Rainer Biesgen<br \/>Dr. Eren Basar<\/p><p><b>Rechtsform, Register<\/b><\/p><p>Wessing &amp; Partner Rechtsanw\u00e4lte mbB ist eine Partnerschaftsgesellschaft mit beschr\u00e4nkter Berufshaftung nach Ma\u00dfgabe des Partnerschaftsgesellschaftsgesetzes, eingetragen im Partnerschaftsregister des Amtsgerichts Essen PR 2431.<\/p><p><b>Berufsbezeichnung und zust\u00e4ndige Kammer (zugleich Aufsichtsbeh\u00f6rde)<\/b><\/p><p>Die f\u00fcr die Partnerschaftsgesellschaft handelnden Personen sind nach dem Recht der Bunderepublik Deutschland zugelassene Rechtsanw\u00e4lte. Sie sind Mitglieder der<\/p><p>Rechtsanwaltskammer D\u00fcsseldorf<br \/>Freiligrathstr. 25<br \/>40479 D\u00fcsseldorf<br \/>Tel. +49 211 49502-0<br \/><a href=\"mailto:info@rechtsanwaltskammer-duesseldorf.de\">info@rechtsanwaltskammer-duesseldorf.de<\/a><br \/><a href=\"http:\/\/www.rechtsanwaltskammer-duesseldorf.de\/\" target=\"_blank\" rel=\"noreferrer noopener\">www.rechtsanwaltskammer-duesseldorf.de<\/a><\/p><p>die als zust\u00e4ndige Aufsichtsbeh\u00f6rde fungiert.<\/p><p><b>Umsatzsteueridentifikationsnummer (\u00a7 27a UStG)<\/b><\/p><p>USt-IdNr.: DE250368343<\/p><p><b>Berufshaftpflichtversicherung<\/b><\/p><p>Es besteht eine Berufshaftpflichtversicherung bei der<\/p><p>ERGO Versicherung AG<br \/>Victoriaplatz 1<br \/>40198 D\u00fcsseldorf<\/p><p>Der Umfang des Versicherungsschutzes entspricht mindestens den Anforderungen des \u00a7 51a BRAO.\u00a0<\/p><p><b>Berufsrechtliche Regelungen<\/b><\/p><p>Die ma\u00dfgeblichen berufsrechtlichen Regelungen lauten:<\/p><p>Bundesrechtsanwaltsordnung (BRAO)<br \/>Berufsordnung f\u00fcr Rechtsanw\u00e4lte (BORA)<br \/>Fachanwaltsordnungen der Bundesrechtsanwaltskammer (FAO)<br \/>Gesetz \u00fcber die Verg\u00fctung von Rechtsanw\u00e4ltinnen und Rechtsanw\u00e4lten (RVG)<br \/>Berufsregeln der Rechtsanw\u00e4lte der Europ\u00e4ischen Union (CCBE)<\/p><p>Die berufsrechtlichen Regelungen k\u00f6nnen \u00fcber die Homepage der Bundesrechtsanwaltskammer (www.brak.de) in der Rubrik \u201eBerufsrecht\u201c auf Deutsch und Englisch eingesehen und abgerufen werden.<\/p><p><b>Au\u00dfergerichtliche Streitschlichtung<\/b><\/p><p>Bei Streitigkeiten zwischen Rechtsanw\u00e4lten und ihren Auftraggebern besteht auf Antrag die M\u00f6glichkeit der au\u00dfergerichtlichen Streitschlichtung bei der zust\u00e4ndigen Rechtsanwaltskammer D\u00fcsseldorf (gem\u00e4\u00df \u00a7 73 Abs. 2 Nr. 3 und Abs. 5 BRAO) oder (gem\u00e4\u00df \u00a7 191f BRAO) bei der<\/p><p><strong>Schlichtungsstelle der Rechtsanwaltschaft bei der Bundesrechtsanwaltskammer<\/strong><\/p><p>Rauchstra\u00dfe 26<br \/>10787 Berlin<br \/>Tel. +49 30 2844417-0<br \/>Fax +49 30 2844417-12<br \/><a href=\"http:\/\/www.schlichtungsstelle-der-rechtsanwaltschaft.de\/\" target=\"_blank\" rel=\"noreferrer noopener\">www.schlichtungsstelle-der-rechtsanwaltschaft.de<\/a><br \/><a href=\"mailto:schlichtungsstelle@s-d-r.org\">schlichtungsstelle@s-d-r.org<\/a><\/p><p>F\u00fcr verm\u00f6gensrechtliche Streitigkeiten aus dem Mandatsverh\u00e4ltnis ist die Schlichtungsstelle der Rechtsanwaltschaft, Rauchstra\u00dfe 26, 10787 Berlin,\u00a0<a href=\"http:\/\/www.schlichtungsstelle-der-rechtsanwaltschaft.de\/\" target=\"_blank\" rel=\"noreferrer noopener\">www.schlichtungsstelle-der-rechtsanwaltschaft.de<\/a>, zust\u00e4ndig.<\/p><p>Wessing &amp; Partner Rechtsanw\u00e4lte mbB sind grunds\u00e4tzlich bereit, an Streitbeilegungsverfahren bei der Schlichtungsstelle der Rechtsanwaltschaft teilzunehmen.<\/p><p>Inhaltlich verantwortlich f\u00fcr journalistisch-redaktionell gestaltete Angebote im Sinne des \u00a7 55 Rundfunkstaatsvertrag:<\/p><p>Dr. Eren Basar<br \/>Wessing &amp; Partner Rechtsanw\u00e4lte mbB<br \/>Rathausufer 16-17<br \/>40213 D\u00fcsseldorf<\/p>\t\t\t\t\t\t\t\t<\/div>\n\t\t\t\t<\/div>\n\t\t\t\t\t<\/div>\n\t\t<\/div>\n\t\t\t\t\t<\/div>\n\t\t<\/section>\n\t\t\t\t<\/div>\n\t\t","protected":false},"excerpt":{"rendered":"<p>Impressum Wessing &amp; Partner Rechtsanw\u00e4lte mbBRathausufer 16-1740213 D\u00fcsseldorfTel. +49 211 16844-0Fax +49 211 16844-444info@strafrecht.de\u00a0 Wessing &amp; Partner Rechtsanw\u00e4lte mbB besteht aus den folgenden vertretungsberechtigten Rechtsanw\u00e4lten: Prof. Dr. Heiko AhlbrechtDr. Matthias Dann, LL.M. (University of Edinburgh)Dipl.-Fw. Rainer BiesgenDr. Eren Basar Rechtsform, Register Wessing &amp; Partner Rechtsanw\u00e4lte mbB ist eine Partnerschaftsgesellschaft mit beschr\u00e4nkter Berufshaftung nach Ma\u00dfgabe des [&hellip;]<\/p>\n","protected":false},"author":5,"featured_media":0,"parent":0,"menu_order":0,"comment_status":"closed","ping_status":"closed","template":"","meta":{"_acf_changed":false,"footnotes":""},"class_list":["post-4861","page","type-page","status-publish","hentry"],"acf":[],"yoast_head":"<!-- This site is optimized with the Yoast SEO Premium plugin v26.1 (Yoast SEO v27.5) - https:\/\/yoast.com\/product\/yoast-seo-premium-wordpress\/ -->\n<title>Impressum | Wessing &amp; Partner<\/title>\n<meta name=\"description\" content=\"Wessing &amp; Partner Rechtsanw\u00e4lte mbB | Rathausufer 16-17, 40213 D\u00fcsseldorf | Tel. +49 211 16844-0 | Fax +49 211 16844-444 | info@strafrecht.de\" \/>\n<meta name=\"robots\" content=\"index, follow, max-snippet:-1, max-image-preview:large, max-video-preview:-1\" \/>\n<link rel=\"canonical\" href=\"https:\/\/www.strafrecht.de\/de\/impressum\/\" \/>\n<meta property=\"og:locale\" content=\"de_DE\" \/>\n<meta property=\"og:type\" content=\"article\" \/>\n<meta property=\"og:title\" content=\"Impressum\" \/>\n<meta property=\"og:description\" content=\"Wessing &amp; Partner Rechtsanw\u00e4lte mbB | Rathausufer 16-17, 40213 D\u00fcsseldorf | Tel. +49 211 16844-0 | Fax +49 211 16844-444 | info@strafrecht.de\" \/>\n<meta property=\"og:url\" content=\"https:\/\/www.strafrecht.de\/de\/impressum\/\" \/>\n<meta property=\"og:site_name\" content=\"Wessing &amp; Partner\" \/>\n<meta property=\"article:modified_time\" content=\"2026-01-09T13:31:08+00:00\" \/>\n<meta name=\"twitter:card\" content=\"summary_large_image\" \/>\n<meta name=\"twitter:label1\" content=\"Gesch\u00e4tzte Lesezeit\" \/>\n\t<meta name=\"twitter:data1\" content=\"2\u00a0Minuten\" \/>\n<script type=\"application\/ld+json\" class=\"yoast-schema-graph\">{\"@context\":\"https:\\\/\\\/schema.org\",\"@graph\":[{\"@type\":\"WebPage\",\"@id\":\"https:\\\/\\\/www.strafrecht.de\\\/de\\\/impressum\\\/\",\"url\":\"https:\\\/\\\/www.strafrecht.de\\\/de\\\/impressum\\\/\",\"name\":\"Impressum | Wessing & Partner\",\"isPartOf\":{\"@id\":\"https:\\\/\\\/www.strafrecht.de\\\/de\\\/#website\"},\"datePublished\":\"2021-12-13T17:22:49+00:00\",\"dateModified\":\"2026-01-09T13:31:08+00:00\",\"description\":\"Wessing & Partner Rechtsanw\u00e4lte mbB | Rathausufer 16-17, 40213 D\u00fcsseldorf | Tel. +49 211 16844-0 | Fax +49 211 16844-444 | info@strafrecht.de\",\"breadcrumb\":{\"@id\":\"https:\\\/\\\/www.strafrecht.de\\\/de\\\/impressum\\\/#breadcrumb\"},\"inLanguage\":\"de\",\"potentialAction\":[{\"@type\":\"ReadAction\",\"target\":[\"https:\\\/\\\/www.strafrecht.de\\\/de\\\/impressum\\\/\"]}]},{\"@type\":\"BreadcrumbList\",\"@id\":\"https:\\\/\\\/www.strafrecht.de\\\/de\\\/impressum\\\/#breadcrumb\",\"itemListElement\":[{\"@type\":\"ListItem\",\"position\":1,\"name\":\"Startseite\",\"item\":\"https:\\\/\\\/www.strafrecht.de\\\/de\\\/\"},{\"@type\":\"ListItem\",\"position\":2,\"name\":\"Impressum\"}]},{\"@type\":\"WebSite\",\"@id\":\"https:\\\/\\\/www.strafrecht.de\\\/de\\\/#website\",\"url\":\"https:\\\/\\\/www.strafrecht.de\\\/de\\\/\",\"name\":\"Wessing &amp; Partner\",\"description\":\"Strafrecht nach allen Regeln der Kunst.\",\"potentialAction\":[{\"@type\":\"SearchAction\",\"target\":{\"@type\":\"EntryPoint\",\"urlTemplate\":\"https:\\\/\\\/www.strafrecht.de\\\/de\\\/?s={search_term_string}\"},\"query-input\":{\"@type\":\"PropertyValueSpecification\",\"valueRequired\":true,\"valueName\":\"search_term_string\"}}],\"inLanguage\":\"de\"}]}<\/script>\n<!-- \/ Yoast SEO Premium plugin. -->","yoast_head_json":{"title":"Impressum | Wessing & Partner","description":"Wessing & Partner Rechtsanw\u00e4lte mbB | Rathausufer 16-17, 40213 D\u00fcsseldorf | Tel. +49 211 16844-0 | Fax +49 211 16844-444 | info@strafrecht.de","robots":{"index":"index","follow":"follow","max-snippet":"max-snippet:-1","max-image-preview":"max-image-preview:large","max-video-preview":"max-video-preview:-1"},"canonical":"https:\/\/www.strafrecht.de\/de\/impressum\/","og_locale":"de_DE","og_type":"article","og_title":"Impressum","og_description":"Wessing & Partner Rechtsanw\u00e4lte mbB | Rathausufer 16-17, 40213 D\u00fcsseldorf | Tel. +49 211 16844-0 | Fax +49 211 16844-444 | info@strafrecht.de","og_url":"https:\/\/www.strafrecht.de\/de\/impressum\/","og_site_name":"Wessing &amp; Partner","article_modified_time":"2026-01-09T13:31:08+00:00","twitter_card":"summary_large_image","twitter_misc":{"Gesch\u00e4tzte Lesezeit":"2\u00a0Minuten"},"schema":{"@context":"https:\/\/schema.org","@graph":[{"@type":"WebPage","@id":"https:\/\/www.strafrecht.de\/de\/impressum\/","url":"https:\/\/www.strafrecht.de\/de\/impressum\/","name":"Impressum | Wessing & Partner","isPartOf":{"@id":"https:\/\/www.strafrecht.de\/de\/#website"},"datePublished":"2021-12-13T17:22:49+00:00","dateModified":"2026-01-09T13:31:08+00:00","description":"Wessing & Partner Rechtsanw\u00e4lte mbB | Rathausufer 16-17, 40213 D\u00fcsseldorf | Tel. +49 211 16844-0 | Fax +49 211 16844-444 | info@strafrecht.de","breadcrumb":{"@id":"https:\/\/www.strafrecht.de\/de\/impressum\/#breadcrumb"},"inLanguage":"de","potentialAction":[{"@type":"ReadAction","target":["https:\/\/www.strafrecht.de\/de\/impressum\/"]}]},{"@type":"BreadcrumbList","@id":"https:\/\/www.strafrecht.de\/de\/impressum\/#breadcrumb","itemListElement":[{"@type":"ListItem","position":1,"name":"Startseite","item":"https:\/\/www.strafrecht.de\/de\/"},{"@type":"ListItem","position":2,"name":"Impressum"}]},{"@type":"WebSite","@id":"https:\/\/www.strafrecht.de\/de\/#website","url":"https:\/\/www.strafrecht.de\/de\/","name":"Wessing &amp; Partner","description":"Strafrecht nach allen Regeln der Kunst.","potentialAction":[{"@type":"SearchAction","target":{"@type":"EntryPoint","urlTemplate":"https:\/\/www.strafrecht.de\/de\/?s={search_term_string}"},"query-input":{"@type":"PropertyValueSpecification","valueRequired":true,"valueName":"search_term_string"}}],"inLanguage":"de"}]}},"jetpack_sharing_enabled":true,"_links":{"self":[{"href":"https:\/\/www.strafrecht.de\/de\/wp-json\/wp\/v2\/pages\/4861","targetHints":{"allow":["GET"]}}],"collection":[{"href":"https:\/\/www.strafrecht.de\/de\/wp-json\/wp\/v2\/pages"}],"about":[{"href":"https:\/\/www.strafrecht.de\/de\/wp-json\/wp\/v2\/types\/page"}],"author":[{"embeddable":true,"href":"https:\/\/www.strafrecht.de\/de\/wp-json\/wp\/v2\/users\/5"}],"replies":[{"embeddable":true,"href":"https:\/\/www.strafrecht.de\/de\/wp-json\/wp\/v2\/comments?post=4861"}],"version-history":[{"count":14,"href":"https:\/\/www.strafrecht.de\/de\/wp-json\/wp\/v2\/pages\/4861\/revisions"}],"predecessor-version":[{"id":13429,"href":"https:\/\/www.strafrecht.de\/de\/wp-json\/wp\/v2\/pages\/4861\/revisions\/13429"}],"wp:attachment":[{"href":"https:\/\/www.strafrecht.de\/de\/wp-json\/wp\/v2\/media?parent=4861"}],"curies":[{"name":"wp","href":"https:\/\/api.w.org\/{rel}","templated":true}]}}