{"id":8639,"date":"2022-01-13T20:49:07","date_gmt":"2022-01-13T20:49:07","guid":{"rendered":"https:\/\/dev.strafrecht.de\/?page_id=8639"},"modified":"2024-10-15T13:52:29","modified_gmt":"2024-10-15T11:52:29","slug":"steuerstreit","status":"publish","type":"page","link":"https:\/\/www.strafrecht.de\/de\/steuerstreit\/","title":{"rendered":"Steuerstreit"},"content":{"rendered":"\t\t<div data-elementor-type=\"wp-page\" data-elementor-id=\"8639\" class=\"elementor elementor-8639\" data-elementor-post-type=\"page\">\n\t\t\t\t\t\t<section class=\"elementor-section elementor-top-section elementor-element elementor-element-70ba194 elementor-section-boxed elementor-section-height-default elementor-section-height-default\" data-id=\"70ba194\" data-element_type=\"section\" data-e-type=\"section\">\n\t\t\t\t\t\t<div class=\"elementor-container elementor-column-gap-default\">\n\t\t\t\t\t<div class=\"elementor-column elementor-col-50 elementor-top-column elementor-element elementor-element-ae069a2\" data-id=\"ae069a2\" data-element_type=\"column\" data-e-type=\"column\">\n\t\t\t<div class=\"elementor-widget-wrap elementor-element-populated\">\n\t\t\t\t\t\t<div class=\"elementor-element elementor-element-fb7a4ac elementor-widget elementor-widget-image\" data-id=\"fb7a4ac\" data-element_type=\"widget\" data-e-type=\"widget\" data-widget_type=\"image.default\">\n\t\t\t\t<div class=\"elementor-widget-container\">\n\t\t\t\t\t\t\t\t\t\t\t\t\t\t\t<img fetchpriority=\"high\" decoding=\"async\" width=\"1260\" height=\"780\" src=\"https:\/\/www.strafrecht.de\/wp-content\/uploads\/2024\/10\/2023_crf_WUP_7315_LoRes-1260x780.jpg\" class=\"attachment-landscape-1 size-landscape-1 wp-image-11865\" alt=\"\" \/>\t\t\t\t\t\t\t\t\t\t\t\t\t\t\t<\/div>\n\t\t\t\t<\/div>\n\t\t\t\t\t<\/div>\n\t\t<\/div>\n\t\t\t\t<div class=\"elementor-column elementor-col-50 elementor-top-column elementor-element elementor-element-41122b6\" data-id=\"41122b6\" data-element_type=\"column\" data-e-type=\"column\">\n\t\t\t<div class=\"elementor-widget-wrap elementor-element-populated\">\n\t\t\t\t\t\t<div class=\"elementor-element elementor-element-9b60cd5 elementor-hidden-mobile elementor-widget elementor-widget-image\" data-id=\"9b60cd5\" data-element_type=\"widget\" data-e-type=\"widget\" data-widget_type=\"image.default\">\n\t\t\t\t<div class=\"elementor-widget-container\">\n\t\t\t\t\t\t\t\t\t\t\t\t\t\t\t<img decoding=\"async\" width=\"1580\" height=\"780\" src=\"https:\/\/www.strafrecht.de\/wp-content\/uploads\/2022\/01\/2021_WUP_Website_0914_1580x780-1580x780.jpg\" class=\"attachment-landscape-2 size-landscape-2 wp-image-8650\" alt=\"\" srcset=\"https:\/\/www.strafrecht.de\/wp-content\/uploads\/2022\/01\/2021_WUP_Website_0914_1580x780.jpg 1580w, https:\/\/www.strafrecht.de\/wp-content\/uploads\/2022\/01\/2021_WUP_Website_0914_1580x780-300x148.jpg 300w, https:\/\/www.strafrecht.de\/wp-content\/uploads\/2022\/01\/2021_WUP_Website_0914_1580x780-1024x506.jpg 1024w, https:\/\/www.strafrecht.de\/wp-content\/uploads\/2022\/01\/2021_WUP_Website_0914_1580x780-768x379.jpg 768w, https:\/\/www.strafrecht.de\/wp-content\/uploads\/2022\/01\/2021_WUP_Website_0914_1580x780-1536x758.jpg 1536w\" sizes=\"(max-width: 1580px) 100vw, 1580px\" \/>\t\t\t\t\t\t\t\t\t\t\t\t\t\t\t<\/div>\n\t\t\t\t<\/div>\n\t\t\t\t\t<\/div>\n\t\t<\/div>\n\t\t\t\t\t<\/div>\n\t\t<\/section>\n\t\t\t\t<section class=\"elementor-section elementor-top-section elementor-element elementor-element-38230dc elementor-section-boxed elementor-section-height-default elementor-section-height-default\" data-id=\"38230dc\" data-element_type=\"section\" data-e-type=\"section\">\n\t\t\t\t\t\t<div class=\"elementor-container elementor-column-gap-default\">\n\t\t\t\t\t<div class=\"elementor-column elementor-col-66 elementor-top-column elementor-element elementor-element-55a6342\" data-id=\"55a6342\" data-element_type=\"column\" data-e-type=\"column\">\n\t\t\t<div class=\"elementor-widget-wrap elementor-element-populated\">\n\t\t\t\t\t\t<div class=\"elementor-element elementor-element-93c7a88 elementor-widget elementor-widget-text-editor\" data-id=\"93c7a88\" data-element_type=\"widget\" data-e-type=\"widget\" data-widget_type=\"text-editor.default\">\n\t\t\t\t<div class=\"elementor-widget-container\">\n\t\t\t\t\t\t\t\t\t<p>Auch die Steuerverwaltung kann irren. Jedes Jahr erteilen die Finanzbeh\u00f6rden in einem nicht unerheblichen Prozentsatz falsche Steuerbescheide. Bereits in der Auseinandersetzung mit dem Finanzamt vor dem Bescheid k\u00f6nnen sich Konflikte entfachen. Oft werden die Weichen bereits in der Betriebspr\u00fcfung gestellt, welche wir daher ebenfalls begleiten. Und sp\u00e4testens, wenn der Steuerpflichtige in das Visier der Steuerfahndung ger\u00e4t, stehen die Alarmsignale auf Rot.<\/p><p>In all jeden F\u00e4llen, in denen das Finanzamt bei abweichenden Auffassungen \u00fcber steuerliche Sachverhalte nicht einlenkt, ist ein Finanzgerichtsprozess angezeigt. Die daf\u00fcr erforderlichen Voraussetzungen zu schaffen, fr\u00fch die richtigen Weichen f\u00fcr eine erfolgreiche Prozessf\u00fchrung zu stellen und das Verfahren dann auch mit der n\u00f6tigen Sachkunde und Vehemenz durchzufechten, ist Gegenstand unserer T\u00e4tigkeit im Bereich Tax Litigation.<\/p><p>Wir vertreten die Interessen unserer Mandanten in Einspruchsverfahren gegen\u00fcber dem Finanzamt ebenso wie vor den Finanzgerichten. Dazu pr\u00fcfen wir zun\u00e4chst die Aussichten, die Ihre Angelegenheit verspricht, und beraten Sie bei der Frage, wie sie am einfachsten und schnellsten zu erledigen ist. F\u00fchrt am Weg zu Gericht kein Weg vorbei, vertreten wir Sie sowohl im vorl\u00e4ufigen Rechtsschutz als auch im Hauptsachverfahren.<\/p><p>Unsere <a href=\"https:\/\/www.strafrecht.de\/de\/steuerstrafrecht\/\">steuerstrafrechtliche Spezialisierung<\/a> kommt naturgem\u00e4\u00df besonders zum Tragen, wenn das finanzgerichtliche Verfahren um die Steuerschuld auch noch ein Steuerstrafverfahren nach sich zieht. Hier verteidigen wir Sie sowohl im Zusammenhang mit vermeintlich versp\u00e4teten oder fehlerhaften Selbstanzeigen als auch mit Blick auf den eigentlichen Vorwurf der Steuerverk\u00fcrzung.<\/p>\t\t\t\t\t\t\t\t<\/div>\n\t\t\t\t<\/div>\n\t\t\t\t\t<\/div>\n\t\t<\/div>\n\t\t\t\t<div class=\"elementor-column elementor-col-33 elementor-top-column elementor-element elementor-element-fe3d9f4\" data-id=\"fe3d9f4\" data-element_type=\"column\" data-e-type=\"column\">\n\t\t\t<div class=\"elementor-widget-wrap elementor-element-populated\">\n\t\t\t\t\t\t<div class=\"elementor-element elementor-element-d26a41f elementor-grid-1 elementor-posts--thumbnail-top elementor-grid-tablet-2 elementor-grid-mobile-1 elementor-widget elementor-widget-posts\" data-id=\"d26a41f\" data-element_type=\"widget\" data-e-type=\"widget\" data-settings=\"{&quot;custom_columns&quot;:&quot;1&quot;,&quot;custom_row_gap&quot;:{&quot;unit&quot;:&quot;px&quot;,&quot;size&quot;:0,&quot;sizes&quot;:[]},&quot;custom_columns_tablet&quot;:&quot;2&quot;,&quot;custom_columns_mobile&quot;:&quot;1&quot;,&quot;custom_row_gap_tablet&quot;:{&quot;unit&quot;:&quot;px&quot;,&quot;size&quot;:&quot;&quot;,&quot;sizes&quot;:[]},&quot;custom_row_gap_mobile&quot;:{&quot;unit&quot;:&quot;px&quot;,&quot;size&quot;:&quot;&quot;,&quot;sizes&quot;:[]}}\" data-widget_type=\"posts.custom\">\n\t\t\t\t<div class=\"elementor-widget-container\">\n\t\t\t\t\t      <div class=\"ecs-posts elementor-posts-container elementor-posts   elementor-grid elementor-posts--skin-custom\" data-settings=\"{&quot;current_page&quot;:1,&quot;max_num_pages&quot;:&quot;5&quot;,&quot;load_method&quot;:&quot;&quot;,&quot;widget_id&quot;:&quot;d26a41f&quot;,&quot;post_id&quot;:8639,&quot;theme_id&quot;:8639,&quot;change_url&quot;:false,&quot;reinit_js&quot;:false}\">\n      \t\t<article id=\"post-12805\" class=\"elementor-post elementor-grid-item ecs-post-loop post-12805 post type-post status-publish format-standard has-post-thumbnail hentry category-cybercrime-it-und-datenschutzstrafrecht category-steuerstrafrecht tag-beschlagnahme tag-durchsuchung tag-influencer tag-it tag-social-media tag-steuerhinterziehung tag-strafrecht person-andreas-pfister\">\n\t\t\t\t<div data-elementor-type=\"loop\" data-elementor-id=\"5297\" class=\"elementor elementor-5297 post-12805 post type-post status-publish format-standard has-post-thumbnail hentry category-cybercrime-it-und-datenschutzstrafrecht category-steuerstrafrecht tag-beschlagnahme tag-durchsuchung tag-influencer tag-it tag-social-media tag-steuerhinterziehung tag-strafrecht person-andreas-pfister\" data-elementor-post-type=\"elementor_library\">\n\t\t\t\t\t<section class=\"elementor-section elementor-top-section elementor-element elementor-element-ff7bcce elementor-section-full_width elementor-section-height-default elementor-section-height-default\" data-id=\"ff7bcce\" data-element_type=\"section\" data-e-type=\"section\">\n\t\t\t\t\t\t<div class=\"elementor-container elementor-column-gap-no\">\n\t\t\t\t\t<div class=\"elementor-column elementor-col-100 elementor-top-column elementor-element elementor-element-ee0bfb0\" data-id=\"ee0bfb0\" data-element_type=\"column\" data-e-type=\"column\">\n\t\t\t<div class=\"elementor-widget-wrap elementor-element-populated\">\n\t\t\t\t\t\t<section class=\"elementor-section elementor-inner-section elementor-element elementor-element-7ce9130 box-with-gradient elementor-section-full_width elementor-section-height-default elementor-section-height-default\" data-id=\"7ce9130\" data-element_type=\"section\" data-e-type=\"section\">\n\t\t\t\t\t\t<div class=\"elementor-container elementor-column-gap-default\">\n\t\t\t\t\t<div class=\"elementor-column elementor-col-100 elementor-inner-column elementor-element elementor-element-1633cab\" data-id=\"1633cab\" data-element_type=\"column\" data-e-type=\"column\">\n\t\t\t<div class=\"elementor-widget-wrap elementor-element-populated\">\n\t\t\t\t\t\t<div class=\"elementor-element elementor-element-530f580 elementor-widget elementor-widget-theme-post-featured-image elementor-widget-image\" data-id=\"530f580\" data-element_type=\"widget\" data-e-type=\"widget\" data-widget_type=\"theme-post-featured-image.default\">\n\t\t\t\t<div class=\"elementor-widget-container\">\n\t\t\t\t\t\t\t\t\t\t\t\t\t\t\t<img decoding=\"async\" width=\"1260\" height=\"780\" src=\"https:\/\/www.strafrecht.de\/wp-content\/uploads\/2025\/07\/iStock-1387851323-1260x780.jpg\" class=\"attachment-landscape-1 size-landscape-1 wp-image-12806\" alt=\"\" \/>\t\t\t\t\t\t\t\t\t\t\t\t\t\t\t<\/div>\n\t\t\t\t<\/div>\n\t\t\t\t<div class=\"elementor-element elementor-element-2787f32 elementor-widget elementor-widget-heading\" data-id=\"2787f32\" data-element_type=\"widget\" data-e-type=\"widget\" data-widget_type=\"heading.default\">\n\t\t\t\t<div class=\"elementor-widget-container\">\n\t\t\t\t\t<h3 class=\"elementor-heading-title elementor-size-default\"><a href=\"https:\/\/www.unternehmensstrafrecht.de\/instagram-tik-tok-und-co-social-media-als-hotspot-der-steuerhinterziehung\/\">Instagram, Tik Tok und Co. \u2013 Social Media als Hotspot der Steuerhinterziehung!?<\/a><\/h3>\t\t\t\t<\/div>\n\t\t\t\t<\/div>\n\t\t\t\t<div class=\"elementor-element elementor-element-714933f elementor-widget elementor-widget-text-editor\" data-id=\"714933f\" data-element_type=\"widget\" data-e-type=\"widget\" data-widget_type=\"text-editor.default\">\n\t\t\t\t<div class=\"elementor-widget-container\">\n\t\t\t\t\t\t\t\t\tDie j\u00fcngste Mitteilung des Landesamts zur Bek\u00e4mpfung der Finanzkriminalit\u00e4t in Nordrhein-Westfalen (LBF NRW) vom 15.7.2025 klingt spektakul\u00e4r und weckt Erinnerungen an den kontroversen Kauf\t\t\t\t\t\t\t\t<\/div>\n\t\t\t\t<\/div>\n\t\t\t\t<div class=\"elementor-element elementor-element-b27ba54 elementor-widget elementor-widget-text-editor\" data-id=\"b27ba54\" data-element_type=\"widget\" data-e-type=\"widget\" data-widget_type=\"text-editor.default\">\n\t\t\t\t<div class=\"elementor-widget-container\">\n\t\t\t\t\t\t\t\t\tBlog\t\t\t\t\t\t\t\t<\/div>\n\t\t\t\t<\/div>\n\t\t\t\t<div class=\"elementor-element elementor-element-42b9e74 elementor-widget elementor-widget-image\" data-id=\"42b9e74\" data-element_type=\"widget\" data-e-type=\"widget\" data-widget_type=\"image.default\">\n\t\t\t\t<div class=\"elementor-widget-container\">\n\t\t\t\t\t\t\t\t\t\t\t\t\t\t\t<img loading=\"lazy\" decoding=\"async\" width=\"44\" height=\"44\" src=\"https:\/\/www.strafrecht.de\/wp-content\/uploads\/2021\/12\/link-blue.svg\" class=\"attachment-full size-full wp-image-398\" alt=\"\" \/>\t\t\t\t\t\t\t\t\t\t\t\t\t\t\t<\/div>\n\t\t\t\t<\/div>\n\t\t\t\t\t<\/div>\n\t\t<\/div>\n\t\t\t\t\t<\/div>\n\t\t<\/section>\n\t\t\t\t\t<\/div>\n\t\t<\/div>\n\t\t\t\t\t<\/div>\n\t\t<\/section>\n\t\t\t\t<\/div>\n\t\t\t\t<\/article>\n\t\t\t\t<article id=\"post-12163\" class=\"elementor-post elementor-grid-item ecs-post-loop post-12163 post type-post status-publish format-standard has-post-thumbnail hentry category-steuerstrafrecht tag-berufsrecht tag-berufsverbot tag-steuerberatung tag-steuerhinterziehung person-rainer-biesgen person-dr-volodymyr-izrailevych\">\n\t\t\t\t<div data-elementor-type=\"loop\" data-elementor-id=\"5297\" class=\"elementor elementor-5297 post-12163 post type-post status-publish format-standard has-post-thumbnail hentry category-steuerstrafrecht tag-berufsrecht tag-berufsverbot tag-steuerberatung tag-steuerhinterziehung person-rainer-biesgen person-dr-volodymyr-izrailevych\" data-elementor-post-type=\"elementor_library\">\n\t\t\t\t\t<section class=\"elementor-section elementor-top-section elementor-element elementor-element-ff7bcce elementor-section-full_width elementor-section-height-default elementor-section-height-default\" data-id=\"ff7bcce\" data-element_type=\"section\" data-e-type=\"section\">\n\t\t\t\t\t\t<div class=\"elementor-container elementor-column-gap-no\">\n\t\t\t\t\t<div class=\"elementor-column elementor-col-100 elementor-top-column elementor-element elementor-element-ee0bfb0\" data-id=\"ee0bfb0\" data-element_type=\"column\" data-e-type=\"column\">\n\t\t\t<div class=\"elementor-widget-wrap elementor-element-populated\">\n\t\t\t\t\t\t<section class=\"elementor-section elementor-inner-section elementor-element elementor-element-7ce9130 box-with-gradient elementor-section-full_width elementor-section-height-default elementor-section-height-default\" data-id=\"7ce9130\" data-element_type=\"section\" data-e-type=\"section\">\n\t\t\t\t\t\t<div class=\"elementor-container elementor-column-gap-default\">\n\t\t\t\t\t<div class=\"elementor-column elementor-col-100 elementor-inner-column elementor-element elementor-element-1633cab\" data-id=\"1633cab\" data-element_type=\"column\" data-e-type=\"column\">\n\t\t\t<div class=\"elementor-widget-wrap elementor-element-populated\">\n\t\t\t\t\t\t<div class=\"elementor-element elementor-element-530f580 elementor-widget elementor-widget-theme-post-featured-image elementor-widget-image\" data-id=\"530f580\" data-element_type=\"widget\" data-e-type=\"widget\" data-widget_type=\"theme-post-featured-image.default\">\n\t\t\t\t<div class=\"elementor-widget-container\">\n\t\t\t\t\t\t\t\t\t\t\t\t\t\t\t<img loading=\"lazy\" decoding=\"async\" width=\"1260\" height=\"765\" src=\"https:\/\/www.strafrecht.de\/wp-content\/uploads\/2024\/11\/iStock-500751647-1360x765-1-1260x765.jpg\" class=\"attachment-landscape-1 size-landscape-1 wp-image-12164\" alt=\"\" \/>\t\t\t\t\t\t\t\t\t\t\t\t\t\t\t<\/div>\n\t\t\t\t<\/div>\n\t\t\t\t<div class=\"elementor-element elementor-element-2787f32 elementor-widget elementor-widget-heading\" data-id=\"2787f32\" data-element_type=\"widget\" data-e-type=\"widget\" data-widget_type=\"heading.default\">\n\t\t\t\t<div class=\"elementor-widget-container\">\n\t\t\t\t\t<h3 class=\"elementor-heading-title elementor-size-default\"><a href=\"https:\/\/www.unternehmensstrafrecht.de\/steuerdelikte-durch-steuerberater-rechtsanwaelte-und-wirtschaftspruefer-berufsrechtliche-folgen\/\">Steuerdelikte durch Steuerberater, Rechtsanw\u00e4lte und Wirtschaftspr\u00fcfer \u2013 Berufsrechtliche Folgen<\/a><\/h3>\t\t\t\t<\/div>\n\t\t\t\t<\/div>\n\t\t\t\t<div class=\"elementor-element elementor-element-714933f elementor-widget elementor-widget-text-editor\" data-id=\"714933f\" data-element_type=\"widget\" data-e-type=\"widget\" data-widget_type=\"text-editor.default\">\n\t\t\t\t<div class=\"elementor-widget-container\">\n\t\t\t\t\t\t\t\t\tBerufsrechtliche \u201eNebenfolgen\u201c von Steuerdelikten k\u00f6nnen Angeh\u00f6rige steuer- und rechtsberatender Berufe empfindlicher treffen als die eigentliche strafrechtliche Sanktion. Entgegen einer verbreiteten Sorge f\u00fchrt eine Steuerhinterziehung\t\t\t\t\t\t\t\t<\/div>\n\t\t\t\t<\/div>\n\t\t\t\t<div class=\"elementor-element elementor-element-b27ba54 elementor-widget elementor-widget-text-editor\" data-id=\"b27ba54\" data-element_type=\"widget\" data-e-type=\"widget\" data-widget_type=\"text-editor.default\">\n\t\t\t\t<div class=\"elementor-widget-container\">\n\t\t\t\t\t\t\t\t\tBlog\t\t\t\t\t\t\t\t<\/div>\n\t\t\t\t<\/div>\n\t\t\t\t<div class=\"elementor-element elementor-element-42b9e74 elementor-widget elementor-widget-image\" data-id=\"42b9e74\" data-element_type=\"widget\" data-e-type=\"widget\" data-widget_type=\"image.default\">\n\t\t\t\t<div class=\"elementor-widget-container\">\n\t\t\t\t\t\t\t\t\t\t\t\t\t\t\t<img loading=\"lazy\" decoding=\"async\" width=\"44\" height=\"44\" src=\"https:\/\/www.strafrecht.de\/wp-content\/uploads\/2021\/12\/link-blue.svg\" class=\"attachment-full size-full wp-image-398\" alt=\"\" \/>\t\t\t\t\t\t\t\t\t\t\t\t\t\t\t<\/div>\n\t\t\t\t<\/div>\n\t\t\t\t\t<\/div>\n\t\t<\/div>\n\t\t\t\t\t<\/div>\n\t\t<\/section>\n\t\t\t\t\t<\/div>\n\t\t<\/div>\n\t\t\t\t\t<\/div>\n\t\t<\/section>\n\t\t\t\t<\/div>\n\t\t\t\t<\/article>\n\t\t\t\t<\/div>\n\t\t\t\t\t\t<\/div>\n\t\t\t\t<\/div>\n\t\t\t\t\t<\/div>\n\t\t<\/div>\n\t\t\t\t\t<\/div>\n\t\t<\/section>\n\t\t\t\t<\/div>\n\t\t","protected":false},"excerpt":{"rendered":"<p>Auch die Steuerverwaltung kann irren. Jedes Jahr erteilen die Finanzbeh\u00f6rden in einem nicht unerheblichen Prozentsatz falsche Steuerbescheide. Bereits in der Auseinandersetzung mit dem Finanzamt vor<\/p>\n","protected":false},"author":5,"featured_media":0,"parent":0,"menu_order":0,"comment_status":"closed","ping_status":"closed","template":"","meta":{"_acf_changed":false,"footnotes":""},"class_list":["post-8639","page","type-page","status-publish","hentry"],"acf":[],"yoast_head":"<!-- This site is optimized with the Yoast SEO Premium plugin v26.1 (Yoast SEO v27.5) - https:\/\/yoast.com\/product\/yoast-seo-premium-wordpress\/ -->\n<title>Steuerstreit | Wessing &amp; Partner<\/title>\n<meta name=\"description\" content=\"Wir vertreten die Interessen unserer Mandanten in Einspruchsverfahren gegen\u00fcber dem Finanzamt ebenso wie vor den Finanzgerichten.\" \/>\n<meta name=\"robots\" content=\"index, follow, max-snippet:-1, max-image-preview:large, max-video-preview:-1\" \/>\n<link rel=\"canonical\" href=\"https:\/\/www.strafrecht.de\/de\/steuerstreit\/\" \/>\n<meta property=\"og:locale\" content=\"de_DE\" \/>\n<meta property=\"og:type\" content=\"article\" \/>\n<meta property=\"og:title\" content=\"Steuerstreit\" \/>\n<meta property=\"og:description\" content=\"Wir vertreten die Interessen unserer Mandanten in Einspruchsverfahren gegen\u00fcber dem Finanzamt ebenso wie vor den Finanzgerichten.\" \/>\n<meta property=\"og:url\" content=\"https:\/\/www.strafrecht.de\/de\/steuerstreit\/\" \/>\n<meta property=\"og:site_name\" content=\"Wessing &amp; Partner\" \/>\n<meta property=\"article:modified_time\" content=\"2024-10-15T11:52:29+00:00\" \/>\n<meta property=\"og:image\" content=\"https:\/\/www.strafrecht.de\/wp-content\/uploads\/2024\/10\/2023_crf_WUP_7315_LoRes-1260x780.jpg\" \/>\n<meta name=\"twitter:card\" content=\"summary_large_image\" \/>\n<meta name=\"twitter:label1\" content=\"Gesch\u00e4tzte Lesezeit\" \/>\n\t<meta name=\"twitter:data1\" content=\"5\u00a0Minuten\" \/>\n<script type=\"application\/ld+json\" class=\"yoast-schema-graph\">{\"@context\":\"https:\\\/\\\/schema.org\",\"@graph\":[{\"@type\":\"WebPage\",\"@id\":\"https:\\\/\\\/www.strafrecht.de\\\/de\\\/steuerstreit\\\/\",\"url\":\"https:\\\/\\\/www.strafrecht.de\\\/de\\\/steuerstreit\\\/\",\"name\":\"Steuerstreit | Wessing & Partner\",\"isPartOf\":{\"@id\":\"https:\\\/\\\/www.strafrecht.de\\\/de\\\/#website\"},\"primaryImageOfPage\":{\"@id\":\"https:\\\/\\\/www.strafrecht.de\\\/de\\\/steuerstreit\\\/#primaryimage\"},\"image\":{\"@id\":\"https:\\\/\\\/www.strafrecht.de\\\/de\\\/steuerstreit\\\/#primaryimage\"},\"thumbnailUrl\":\"https:\\\/\\\/www.strafrecht.de\\\/wp-content\\\/uploads\\\/2024\\\/10\\\/2023_crf_WUP_7315_LoRes-1260x780.jpg\",\"datePublished\":\"2022-01-13T20:49:07+00:00\",\"dateModified\":\"2024-10-15T11:52:29+00:00\",\"description\":\"Wir vertreten die Interessen unserer Mandanten in Einspruchsverfahren gegen\u00fcber dem Finanzamt ebenso wie vor den Finanzgerichten.\",\"breadcrumb\":{\"@id\":\"https:\\\/\\\/www.strafrecht.de\\\/de\\\/steuerstreit\\\/#breadcrumb\"},\"inLanguage\":\"de\",\"potentialAction\":[{\"@type\":\"ReadAction\",\"target\":[\"https:\\\/\\\/www.strafrecht.de\\\/de\\\/steuerstreit\\\/\"]}]},{\"@type\":\"ImageObject\",\"inLanguage\":\"de\",\"@id\":\"https:\\\/\\\/www.strafrecht.de\\\/de\\\/steuerstreit\\\/#primaryimage\",\"url\":\"https:\\\/\\\/www.strafrecht.de\\\/wp-content\\\/uploads\\\/2024\\\/10\\\/2023_crf_WUP_7315_LoRes-1260x780.jpg\",\"contentUrl\":\"https:\\\/\\\/www.strafrecht.de\\\/wp-content\\\/uploads\\\/2024\\\/10\\\/2023_crf_WUP_7315_LoRes-1260x780.jpg\"},{\"@type\":\"BreadcrumbList\",\"@id\":\"https:\\\/\\\/www.strafrecht.de\\\/de\\\/steuerstreit\\\/#breadcrumb\",\"itemListElement\":[{\"@type\":\"ListItem\",\"position\":1,\"name\":\"Startseite\",\"item\":\"https:\\\/\\\/www.strafrecht.de\\\/de\\\/\"},{\"@type\":\"ListItem\",\"position\":2,\"name\":\"Steuerstreit\"}]},{\"@type\":\"WebSite\",\"@id\":\"https:\\\/\\\/www.strafrecht.de\\\/de\\\/#website\",\"url\":\"https:\\\/\\\/www.strafrecht.de\\\/de\\\/\",\"name\":\"Wessing &amp; Partner\",\"description\":\"Strafrecht nach allen Regeln der Kunst.\",\"potentialAction\":[{\"@type\":\"SearchAction\",\"target\":{\"@type\":\"EntryPoint\",\"urlTemplate\":\"https:\\\/\\\/www.strafrecht.de\\\/de\\\/?s={search_term_string}\"},\"query-input\":{\"@type\":\"PropertyValueSpecification\",\"valueRequired\":true,\"valueName\":\"search_term_string\"}}],\"inLanguage\":\"de\"}]}<\/script>\n<!-- \/ Yoast SEO Premium plugin. -->","yoast_head_json":{"title":"Steuerstreit | Wessing & Partner","description":"Wir vertreten die Interessen unserer Mandanten in Einspruchsverfahren gegen\u00fcber dem Finanzamt ebenso wie vor den Finanzgerichten.","robots":{"index":"index","follow":"follow","max-snippet":"max-snippet:-1","max-image-preview":"max-image-preview:large","max-video-preview":"max-video-preview:-1"},"canonical":"https:\/\/www.strafrecht.de\/de\/steuerstreit\/","og_locale":"de_DE","og_type":"article","og_title":"Steuerstreit","og_description":"Wir vertreten die Interessen unserer Mandanten in Einspruchsverfahren gegen\u00fcber dem Finanzamt ebenso wie vor den Finanzgerichten.","og_url":"https:\/\/www.strafrecht.de\/de\/steuerstreit\/","og_site_name":"Wessing &amp; Partner","article_modified_time":"2024-10-15T11:52:29+00:00","og_image":[{"url":"https:\/\/www.strafrecht.de\/wp-content\/uploads\/2024\/10\/2023_crf_WUP_7315_LoRes-1260x780.jpg","type":"","width":"","height":""}],"twitter_card":"summary_large_image","twitter_misc":{"Gesch\u00e4tzte Lesezeit":"5\u00a0Minuten"},"schema":{"@context":"https:\/\/schema.org","@graph":[{"@type":"WebPage","@id":"https:\/\/www.strafrecht.de\/de\/steuerstreit\/","url":"https:\/\/www.strafrecht.de\/de\/steuerstreit\/","name":"Steuerstreit | Wessing & Partner","isPartOf":{"@id":"https:\/\/www.strafrecht.de\/de\/#website"},"primaryImageOfPage":{"@id":"https:\/\/www.strafrecht.de\/de\/steuerstreit\/#primaryimage"},"image":{"@id":"https:\/\/www.strafrecht.de\/de\/steuerstreit\/#primaryimage"},"thumbnailUrl":"https:\/\/www.strafrecht.de\/wp-content\/uploads\/2024\/10\/2023_crf_WUP_7315_LoRes-1260x780.jpg","datePublished":"2022-01-13T20:49:07+00:00","dateModified":"2024-10-15T11:52:29+00:00","description":"Wir vertreten die Interessen unserer Mandanten in Einspruchsverfahren gegen\u00fcber dem Finanzamt ebenso wie vor den Finanzgerichten.","breadcrumb":{"@id":"https:\/\/www.strafrecht.de\/de\/steuerstreit\/#breadcrumb"},"inLanguage":"de","potentialAction":[{"@type":"ReadAction","target":["https:\/\/www.strafrecht.de\/de\/steuerstreit\/"]}]},{"@type":"ImageObject","inLanguage":"de","@id":"https:\/\/www.strafrecht.de\/de\/steuerstreit\/#primaryimage","url":"https:\/\/www.strafrecht.de\/wp-content\/uploads\/2024\/10\/2023_crf_WUP_7315_LoRes-1260x780.jpg","contentUrl":"https:\/\/www.strafrecht.de\/wp-content\/uploads\/2024\/10\/2023_crf_WUP_7315_LoRes-1260x780.jpg"},{"@type":"BreadcrumbList","@id":"https:\/\/www.strafrecht.de\/de\/steuerstreit\/#breadcrumb","itemListElement":[{"@type":"ListItem","position":1,"name":"Startseite","item":"https:\/\/www.strafrecht.de\/de\/"},{"@type":"ListItem","position":2,"name":"Steuerstreit"}]},{"@type":"WebSite","@id":"https:\/\/www.strafrecht.de\/de\/#website","url":"https:\/\/www.strafrecht.de\/de\/","name":"Wessing &amp; Partner","description":"Strafrecht nach allen Regeln der Kunst.","potentialAction":[{"@type":"SearchAction","target":{"@type":"EntryPoint","urlTemplate":"https:\/\/www.strafrecht.de\/de\/?s={search_term_string}"},"query-input":{"@type":"PropertyValueSpecification","valueRequired":true,"valueName":"search_term_string"}}],"inLanguage":"de"}]}},"jetpack_sharing_enabled":true,"_links":{"self":[{"href":"https:\/\/www.strafrecht.de\/de\/wp-json\/wp\/v2\/pages\/8639","targetHints":{"allow":["GET"]}}],"collection":[{"href":"https:\/\/www.strafrecht.de\/de\/wp-json\/wp\/v2\/pages"}],"about":[{"href":"https:\/\/www.strafrecht.de\/de\/wp-json\/wp\/v2\/types\/page"}],"author":[{"embeddable":true,"href":"https:\/\/www.strafrecht.de\/de\/wp-json\/wp\/v2\/users\/5"}],"replies":[{"embeddable":true,"href":"https:\/\/www.strafrecht.de\/de\/wp-json\/wp\/v2\/comments?post=8639"}],"version-history":[{"count":23,"href":"https:\/\/www.strafrecht.de\/de\/wp-json\/wp\/v2\/pages\/8639\/revisions"}],"predecessor-version":[{"id":11869,"href":"https:\/\/www.strafrecht.de\/de\/wp-json\/wp\/v2\/pages\/8639\/revisions\/11869"}],"wp:attachment":[{"href":"https:\/\/www.strafrecht.de\/de\/wp-json\/wp\/v2\/media?parent=8639"}],"curies":[{"name":"wp","href":"https:\/\/api.w.org\/{rel}","templated":true}]}}