{"id":9357,"date":"2022-02-02T20:59:20","date_gmt":"2022-02-02T20:59:20","guid":{"rendered":"https:\/\/www.strafrecht.de\/?page_id=9357"},"modified":"2022-02-02T21:07:50","modified_gmt":"2022-02-02T21:07:50","slug":"notfall","status":"publish","type":"page","link":"https:\/\/www.strafrecht.de\/de\/notfall\/","title":{"rendered":"Notfall"},"content":{"rendered":"\t\t<div data-elementor-type=\"wp-page\" data-elementor-id=\"9357\" class=\"elementor elementor-9357\" data-elementor-post-type=\"page\">\n\t\t\t\t\t\t<section class=\"elementor-section elementor-top-section elementor-element elementor-element-68885dd elementor-section-boxed elementor-section-height-default elementor-section-height-default\" data-id=\"68885dd\" data-element_type=\"section\" data-e-type=\"section\" data-settings=\"{&quot;background_background&quot;:&quot;classic&quot;}\">\n\t\t\t\t\t\t<div class=\"elementor-container elementor-column-gap-default\">\n\t\t\t\t\t<div class=\"elementor-column elementor-col-100 elementor-top-column elementor-element elementor-element-1e124be\" data-id=\"1e124be\" data-element_type=\"column\" data-e-type=\"column\">\n\t\t\t<div class=\"elementor-widget-wrap elementor-element-populated\">\n\t\t\t\t\t\t<div class=\"elementor-element elementor-element-bb0f7fd elementor-widget elementor-widget-spacer\" data-id=\"bb0f7fd\" data-element_type=\"widget\" data-e-type=\"widget\" data-widget_type=\"spacer.default\">\n\t\t\t\t<div class=\"elementor-widget-container\">\n\t\t\t\t\t\t\t<div class=\"elementor-spacer\">\n\t\t\t<div class=\"elementor-spacer-inner\"><\/div>\n\t\t<\/div>\n\t\t\t\t\t\t<\/div>\n\t\t\t\t<\/div>\n\t\t\t\t<div class=\"elementor-element elementor-element-8cbc9ea elementor-widget elementor-widget-heading\" data-id=\"8cbc9ea\" data-element_type=\"widget\" data-e-type=\"widget\" data-widget_type=\"heading.default\">\n\t\t\t\t<div class=\"elementor-widget-container\">\n\t\t\t\t\t<h1 class=\"elementor-heading-title elementor-size-default\">Unsere Nummer f\u00fcr Ihren Notfall<\/h1>\t\t\t\t<\/div>\n\t\t\t\t<\/div>\n\t\t\t\t\t<\/div>\n\t\t<\/div>\n\t\t\t\t\t<\/div>\n\t\t<\/section>\n\t\t\t\t<section class=\"elementor-section elementor-top-section elementor-element elementor-element-ac7e3bd elementor-section-boxed elementor-section-height-default elementor-section-height-default\" data-id=\"ac7e3bd\" data-element_type=\"section\" data-e-type=\"section\" data-settings=\"{&quot;background_background&quot;:&quot;classic&quot;}\">\n\t\t\t\t\t\t<div class=\"elementor-container elementor-column-gap-default\">\n\t\t\t\t\t<div class=\"elementor-column elementor-col-100 elementor-top-column elementor-element elementor-element-1111528\" data-id=\"1111528\" data-element_type=\"column\" data-e-type=\"column\">\n\t\t\t<div class=\"elementor-widget-wrap elementor-element-populated\">\n\t\t\t\t\t\t<div class=\"elementor-element elementor-element-1fa381e elementor-widget elementor-widget-spacer\" data-id=\"1fa381e\" data-element_type=\"widget\" data-e-type=\"widget\" data-widget_type=\"spacer.default\">\n\t\t\t\t<div class=\"elementor-widget-container\">\n\t\t\t\t\t\t\t<div class=\"elementor-spacer\">\n\t\t\t<div class=\"elementor-spacer-inner\"><\/div>\n\t\t<\/div>\n\t\t\t\t\t\t<\/div>\n\t\t\t\t<\/div>\n\t\t\t\t<div class=\"elementor-element elementor-element-3999eac elementor-widget elementor-widget-text-editor\" data-id=\"3999eac\" data-element_type=\"widget\" data-e-type=\"widget\" data-widget_type=\"text-editor.default\">\n\t\t\t\t<div class=\"elementor-widget-container\">\n\t\t\t\t\t\t\t\t\t<p>Sie brauchen dringend anwaltliche Unterst\u00fctzung? Unter dieser Nummer sind wir 24\/7 f\u00fcr Sie erreichbar:<\/p>\n<p><\/p>\n<h3 style=\"caret-color: #000000; color: #000000;\">T +49 172 \/ 755 50 50<span style=\"color: var( --e-global-color-primary ); font-size: 2.5rem;\">&nbsp;<\/span><\/h3>\n<div style=\"caret-color: #000000; color: #000000;\" data-id=\"93c7a88\" data-element_type=\"widget\" data-widget_type=\"text-editor.default\">&nbsp;<\/div>\t\t\t\t\t\t\t\t<\/div>\n\t\t\t\t<\/div>\n\t\t\t\t\t<\/div>\n\t\t<\/div>\n\t\t\t\t\t<\/div>\n\t\t<\/section>\n\t\t\t\t<\/div>\n\t\t","protected":false},"excerpt":{"rendered":"<p>Unsere Nummer f\u00fcr Ihren Notfall Sie brauchen dringend anwaltliche Unterst\u00fctzung? Unter dieser Nummer sind wir 24\/7 f\u00fcr Sie erreichbar: T +49 172 \/ 755 50 50&nbsp; &nbsp;<\/p>\n","protected":false},"author":5,"featured_media":0,"parent":0,"menu_order":0,"comment_status":"closed","ping_status":"closed","template":"","meta":{"_acf_changed":false,"footnotes":""},"class_list":["post-9357","page","type-page","status-publish","hentry"],"acf":[],"yoast_head":"<!-- This site is optimized with the Yoast SEO Premium plugin v26.1 (Yoast SEO v27.4) - https:\/\/yoast.com\/product\/yoast-seo-premium-wordpress\/ -->\n<title>Wessing &amp; Partner Notfall-Nummer | Kanzlei f\u00fcr Unternehmensstrafrecht<\/title>\n<meta name=\"description\" content=\"Im Falle einer Durchsuchung oder wenn Sie sonst dringend anwaltliche Unterst\u00fctzung ben\u00f6tigen, erreichen Sie uns jederzeit mobil.\" \/>\n<meta name=\"robots\" content=\"index, follow, max-snippet:-1, max-image-preview:large, max-video-preview:-1\" \/>\n<link rel=\"canonical\" href=\"https:\/\/www.strafrecht.de\/de\/notfall\/\" \/>\n<meta property=\"og:locale\" content=\"de_DE\" \/>\n<meta property=\"og:type\" content=\"article\" \/>\n<meta property=\"og:title\" content=\"Notfall\" \/>\n<meta property=\"og:description\" content=\"Im Falle einer Durchsuchung oder wenn Sie sonst dringend anwaltliche Unterst\u00fctzung ben\u00f6tigen, erreichen Sie uns jederzeit mobil.\" \/>\n<meta property=\"og:url\" content=\"https:\/\/www.strafrecht.de\/de\/notfall\/\" \/>\n<meta property=\"og:site_name\" content=\"Wessing &amp; Partner\" \/>\n<meta property=\"article:modified_time\" content=\"2022-02-02T21:07:50+00:00\" \/>\n<meta name=\"twitter:card\" content=\"summary_large_image\" \/>\n<meta name=\"twitter:label1\" content=\"Gesch\u00e4tzte Lesezeit\" \/>\n\t<meta name=\"twitter:data1\" content=\"1\u00a0Minute\" \/>\n<script type=\"application\/ld+json\" class=\"yoast-schema-graph\">{\"@context\":\"https:\\\/\\\/schema.org\",\"@graph\":[{\"@type\":\"WebPage\",\"@id\":\"https:\\\/\\\/www.strafrecht.de\\\/de\\\/notfall\\\/\",\"url\":\"https:\\\/\\\/www.strafrecht.de\\\/de\\\/notfall\\\/\",\"name\":\"Wessing & Partner Notfall-Nummer | Kanzlei f\u00fcr Unternehmensstrafrecht\",\"isPartOf\":{\"@id\":\"https:\\\/\\\/www.strafrecht.de\\\/de\\\/#website\"},\"datePublished\":\"2022-02-02T20:59:20+00:00\",\"dateModified\":\"2022-02-02T21:07:50+00:00\",\"description\":\"Im Falle einer Durchsuchung oder wenn Sie sonst dringend anwaltliche Unterst\u00fctzung ben\u00f6tigen, erreichen Sie uns jederzeit mobil.\",\"breadcrumb\":{\"@id\":\"https:\\\/\\\/www.strafrecht.de\\\/de\\\/notfall\\\/#breadcrumb\"},\"inLanguage\":\"de\",\"potentialAction\":[{\"@type\":\"ReadAction\",\"target\":[\"https:\\\/\\\/www.strafrecht.de\\\/de\\\/notfall\\\/\"]}]},{\"@type\":\"BreadcrumbList\",\"@id\":\"https:\\\/\\\/www.strafrecht.de\\\/de\\\/notfall\\\/#breadcrumb\",\"itemListElement\":[{\"@type\":\"ListItem\",\"position\":1,\"name\":\"Startseite\",\"item\":\"https:\\\/\\\/www.strafrecht.de\\\/de\\\/\"},{\"@type\":\"ListItem\",\"position\":2,\"name\":\"Notfall\"}]},{\"@type\":\"WebSite\",\"@id\":\"https:\\\/\\\/www.strafrecht.de\\\/de\\\/#website\",\"url\":\"https:\\\/\\\/www.strafrecht.de\\\/de\\\/\",\"name\":\"Wessing &amp; Partner\",\"description\":\"Strafrecht nach allen Regeln der Kunst.\",\"potentialAction\":[{\"@type\":\"SearchAction\",\"target\":{\"@type\":\"EntryPoint\",\"urlTemplate\":\"https:\\\/\\\/www.strafrecht.de\\\/de\\\/?s={search_term_string}\"},\"query-input\":{\"@type\":\"PropertyValueSpecification\",\"valueRequired\":true,\"valueName\":\"search_term_string\"}}],\"inLanguage\":\"de\"}]}<\/script>\n<!-- \/ Yoast SEO Premium plugin. -->","yoast_head_json":{"title":"Wessing & Partner Notfall-Nummer | Kanzlei f\u00fcr Unternehmensstrafrecht","description":"Im Falle einer Durchsuchung oder wenn Sie sonst dringend anwaltliche Unterst\u00fctzung ben\u00f6tigen, erreichen Sie uns jederzeit mobil.","robots":{"index":"index","follow":"follow","max-snippet":"max-snippet:-1","max-image-preview":"max-image-preview:large","max-video-preview":"max-video-preview:-1"},"canonical":"https:\/\/www.strafrecht.de\/de\/notfall\/","og_locale":"de_DE","og_type":"article","og_title":"Notfall","og_description":"Im Falle einer Durchsuchung oder wenn Sie sonst dringend anwaltliche Unterst\u00fctzung ben\u00f6tigen, erreichen Sie uns jederzeit mobil.","og_url":"https:\/\/www.strafrecht.de\/de\/notfall\/","og_site_name":"Wessing &amp; Partner","article_modified_time":"2022-02-02T21:07:50+00:00","twitter_card":"summary_large_image","twitter_misc":{"Gesch\u00e4tzte Lesezeit":"1\u00a0Minute"},"schema":{"@context":"https:\/\/schema.org","@graph":[{"@type":"WebPage","@id":"https:\/\/www.strafrecht.de\/de\/notfall\/","url":"https:\/\/www.strafrecht.de\/de\/notfall\/","name":"Wessing & Partner Notfall-Nummer | Kanzlei f\u00fcr Unternehmensstrafrecht","isPartOf":{"@id":"https:\/\/www.strafrecht.de\/de\/#website"},"datePublished":"2022-02-02T20:59:20+00:00","dateModified":"2022-02-02T21:07:50+00:00","description":"Im Falle einer Durchsuchung oder wenn Sie sonst dringend anwaltliche Unterst\u00fctzung ben\u00f6tigen, erreichen Sie uns jederzeit mobil.","breadcrumb":{"@id":"https:\/\/www.strafrecht.de\/de\/notfall\/#breadcrumb"},"inLanguage":"de","potentialAction":[{"@type":"ReadAction","target":["https:\/\/www.strafrecht.de\/de\/notfall\/"]}]},{"@type":"BreadcrumbList","@id":"https:\/\/www.strafrecht.de\/de\/notfall\/#breadcrumb","itemListElement":[{"@type":"ListItem","position":1,"name":"Startseite","item":"https:\/\/www.strafrecht.de\/de\/"},{"@type":"ListItem","position":2,"name":"Notfall"}]},{"@type":"WebSite","@id":"https:\/\/www.strafrecht.de\/de\/#website","url":"https:\/\/www.strafrecht.de\/de\/","name":"Wessing &amp; Partner","description":"Strafrecht nach allen Regeln der Kunst.","potentialAction":[{"@type":"SearchAction","target":{"@type":"EntryPoint","urlTemplate":"https:\/\/www.strafrecht.de\/de\/?s={search_term_string}"},"query-input":{"@type":"PropertyValueSpecification","valueRequired":true,"valueName":"search_term_string"}}],"inLanguage":"de"}]}},"jetpack_sharing_enabled":true,"_links":{"self":[{"href":"https:\/\/www.strafrecht.de\/de\/wp-json\/wp\/v2\/pages\/9357","targetHints":{"allow":["GET"]}}],"collection":[{"href":"https:\/\/www.strafrecht.de\/de\/wp-json\/wp\/v2\/pages"}],"about":[{"href":"https:\/\/www.strafrecht.de\/de\/wp-json\/wp\/v2\/types\/page"}],"author":[{"embeddable":true,"href":"https:\/\/www.strafrecht.de\/de\/wp-json\/wp\/v2\/users\/5"}],"replies":[{"embeddable":true,"href":"https:\/\/www.strafrecht.de\/de\/wp-json\/wp\/v2\/comments?post=9357"}],"version-history":[{"count":14,"href":"https:\/\/www.strafrecht.de\/de\/wp-json\/wp\/v2\/pages\/9357\/revisions"}],"predecessor-version":[{"id":9374,"href":"https:\/\/www.strafrecht.de\/de\/wp-json\/wp\/v2\/pages\/9357\/revisions\/9374"}],"wp:attachment":[{"href":"https:\/\/www.strafrecht.de\/de\/wp-json\/wp\/v2\/media?parent=9357"}],"curies":[{"name":"wp","href":"https:\/\/api.w.org\/{rel}","templated":true}]}}