{"id":8012,"date":"2022-01-11T16:09:58","date_gmt":"2022-01-11T16:09:58","guid":{"rendered":"https:\/\/dev.strafrecht.de\/impressum\/"},"modified":"2026-01-09T15:34:15","modified_gmt":"2026-01-09T13:34:15","slug":"legal-notice","status":"publish","type":"page","link":"https:\/\/www.strafrecht.de\/en\/legal-notice\/","title":{"rendered":"Legal notice"},"content":{"rendered":"\t\t<div data-elementor-type=\"wp-page\" data-elementor-id=\"8012\" class=\"elementor elementor-8012 elementor-4861\" data-elementor-post-type=\"page\">\n\t\t\t\t\t\t<section class=\"elementor-section elementor-top-section elementor-element elementor-element-4b2f30a elementor-section-boxed elementor-section-height-default elementor-section-height-default\" data-id=\"4b2f30a\" data-element_type=\"section\" data-e-type=\"section\">\n\t\t\t\t\t\t<div class=\"elementor-container elementor-column-gap-default\">\n\t\t\t\t\t<div class=\"elementor-column elementor-col-100 elementor-top-column elementor-element elementor-element-6f625852\" data-id=\"6f625852\" data-element_type=\"column\" data-e-type=\"column\">\n\t\t\t<div class=\"elementor-widget-wrap elementor-element-populated\">\n\t\t\t\t\t\t<div class=\"elementor-element elementor-element-72e0ee8a elementor-widget elementor-widget-text-editor\" data-id=\"72e0ee8a\" data-element_type=\"widget\" data-e-type=\"widget\" data-widget_type=\"text-editor.default\">\n\t\t\t\t<div class=\"elementor-widget-container\">\n\t\t\t\t\t\t\t\t\t<h3>Legal notice<\/h3><p>Wessing &amp; Partner Rechtsanw\u00e4lte mbB<br \/>Rathausufer 16-17<br \/>40213 D\u00fcsseldorf<br \/>Tel. +49 211 16844-0<br \/>Fax +49 211 16844-444<br \/>info@strafrecht.de<\/p><p>Wessing &amp; Partner Rechtsanw\u00e4lte mbB consists of the following attorneys authorized to represent the firm:<\/p><p>Prof. Dr. Heiko Ahlbrecht<br \/>Dr. Matthias Dann, LL.M. (University of Edinburgh)<br \/>Dipl.-Fw. Rainer Biesgen<br \/>Dr. Eren Basar<\/p><p><b>Legal form, register<\/b><\/p><p>Wessing &amp; Partner Rechtsanw\u00e4lte mbB is a partnership with limited professional liability in accordance with the German Partnership Act (Partnerschaftsgesellschaftsgesetz), registered in the partnership register of the Essen Local Court PR 2431.<\/p><p><b>Professional title and competent chamber (also supervisory authority)<\/b><\/p><p>The persons acting on behalf of the partnership company are lawyers licensed under the law of the Federal Republic of Germany. They are members of the<\/p><p>D\u00fcsseldorf Bar Association<br \/>Freiligrathstr. 25<br \/>40479 D\u00fcsseldorf<br \/>Tel. +49 211 49502-0<br \/><a href=\"mailto:info@rechtsanwaltskammer-duesseldorf.de\">info@rechtsanwaltskammer-duesseldorf.de<\/a><br \/><a href=\"http:\/\/www.rechtsanwaltskammer-duesseldorf.de\/\" target=\"_blank\" rel=\"noreferrer noopener\">www.rechtsanwaltskammer-duesseldorf.de<\/a><\/p><p>which acts as the responsible supervisory authority.<\/p><p><b>Sales tax identification number (\u00a7 27a UStG)<\/b><\/p><p>USt-IdNr.: DE250368343<\/p><p><b>Professional liability insurance<\/b><\/p><p>Professional liability insurance is in place with<\/p><p>ERGO Versicherung AG<br \/>Victoriaplatz 1<br \/>40198 D\u00fcsseldorf<\/p><p>The scope of the insurance cover corresponds at least to the requirements of \u00a7 51a BRAO.<\/p><p><b>Professional regulations<\/b><\/p><p>The relevant professional regulations are as follows:<\/p><p>Federal Lawyers&#8217; Act (BRAO)<br \/>Professional Code of Conduct for Lawyers (BORA)<br \/>Specialist Lawyers&#8217; Regulations of the Federal Bar Association (FAO)<br \/>Law on the Remuneration of Lawyers (RVG)<br \/>Code of Conduct for Lawyers in the European Union (CCBE)<\/p><p>The professional regulations can be viewed and accessed in German and English on the homepage of the Federal Chamber of Lawyers (www.brak.de) under the heading &#8220;Berufsrecht&#8221;.<\/p><p><b>Out-of-court dispute resolution<\/b><\/p><p>In the event of disputes between lawyers and their clients, there is the possibility of out-of-court dispute resolution upon request at the competent D\u00fcsseldorf Bar Association (pursuant to Section 73 (2) No. 3 and (5) BRAO) or (pursuant to Section 191f BRAO) at the<\/p><p><strong>Arbitration board of the legal profession at the Federal Bar Association<\/strong><\/p><p>Rauchstra\u00dfe 26<br \/>10787 Berlin<br \/>Phone +49 30 2844417-0<br \/>Fax +49 30 2844417-12 <br \/><a href=\"http:\/\/www.schlichtungsstelle-der-rechtsanwaltschaft.de\/\" target=\"_blank\" rel=\"noreferrer noopener\">www.schlichtungsstelle-der-rechtsanwaltschaft.de<\/a><br \/><a href=\"mailto:schlichtungsstelle@s-d-r.org\">schlichtungsstelle@s-d-r.org<\/a><\/p><p>The arbitration board of the legal profession, Rauchstra\u00dfe 26, 10787 Berlin, <a href=\"http:\/\/www.schlichtungsstelle-der-rechtsanwaltschaft.de\/\" target=\"_blank\" rel=\"noreferrer noopener\">www.schlichtungsstelle-der-rechtsanwaltschaft.de,<\/a> is responsible for property disputes arising from the client relationship.<\/p><p>Wessing &amp; Partner Rechtsanw\u00e4lte mbB are generally prepared to participate in dispute resolution proceedings at the arbitration board of the legal profession.<\/p><p>Responsible for the content of journalistic-editorial content within the meaning of \u00a7 55 of the Interstate Broadcasting Treaty:<\/p><p>Dr. Eren Basar<br \/>Wessing &amp; Partner Rechtsanw\u00e4lte mbB<br \/>Rathausufer 16-17<br \/>40213 D\u00fcsseldorf<\/p>\t\t\t\t\t\t\t\t<\/div>\n\t\t\t\t<\/div>\n\t\t\t\t\t<\/div>\n\t\t<\/div>\n\t\t\t\t\t<\/div>\n\t\t<\/section>\n\t\t\t\t<\/div>\n\t\t","protected":false},"excerpt":{"rendered":"<p>Legal notice Wessing &amp; Partner Rechtsanw\u00e4lte mbBRathausufer 16-1740213 D\u00fcsseldorfTel. +49 211 16844-0Fax +49 211 16844-444info@strafrecht.de Wessing &amp; Partner Rechtsanw\u00e4lte mbB consists of the following attorneys authorized to represent the firm: Prof. Dr. Heiko AhlbrechtDr. Matthias Dann, LL.M. (University of Edinburgh)Dipl.-Fw. Rainer BiesgenDr. Eren Basar Legal form, register Wessing &amp; Partner Rechtsanw\u00e4lte mbB is a partnership [&hellip;]<\/p>\n","protected":false},"author":5,"featured_media":0,"parent":0,"menu_order":0,"comment_status":"closed","ping_status":"closed","template":"","meta":{"_acf_changed":false,"footnotes":""},"class_list":["post-8012","page","type-page","status-publish","hentry"],"acf":[],"yoast_head":"<!-- This site is optimized with the Yoast SEO Premium plugin v26.1 (Yoast SEO v27.5) - https:\/\/yoast.com\/product\/yoast-seo-premium-wordpress\/ -->\n<title>Legal notice | Wessing &amp; Partner<\/title>\n<meta name=\"description\" content=\"Wessing &amp; Partner Rechtsanw\u00e4lte mbB | Rathausufer 16-17, 40213 D\u00fcsseldorf | Phone +49 211 16844-0 | Fax +49 211 16844-444 | info@strafrecht.de\" \/>\n<meta name=\"robots\" content=\"index, follow, max-snippet:-1, max-image-preview:large, max-video-preview:-1\" \/>\n<link rel=\"canonical\" href=\"https:\/\/www.strafrecht.de\/en\/legal-notice\/\" \/>\n<meta property=\"og:locale\" content=\"en_US\" \/>\n<meta property=\"og:type\" content=\"article\" \/>\n<meta property=\"og:title\" content=\"Legal notice\" \/>\n<meta property=\"og:description\" content=\"Wessing &amp; Partner Rechtsanw\u00e4lte mbB | Rathausufer 16-17, 40213 D\u00fcsseldorf | Phone +49 211 16844-0 | Fax +49 211 16844-444 | info@strafrecht.de\" \/>\n<meta property=\"og:url\" content=\"https:\/\/www.strafrecht.de\/en\/legal-notice\/\" \/>\n<meta property=\"og:site_name\" content=\"Wessing &amp; Partner\" \/>\n<meta property=\"article:modified_time\" content=\"2026-01-09T13:34:15+00:00\" \/>\n<meta name=\"twitter:card\" content=\"summary_large_image\" \/>\n<meta name=\"twitter:label1\" content=\"Est. reading time\" \/>\n\t<meta name=\"twitter:data1\" content=\"2 minutes\" \/>\n<script type=\"application\/ld+json\" class=\"yoast-schema-graph\">{\"@context\":\"https:\\\/\\\/schema.org\",\"@graph\":[{\"@type\":\"WebPage\",\"@id\":\"https:\\\/\\\/www.strafrecht.de\\\/en\\\/legal-notice\\\/\",\"url\":\"https:\\\/\\\/www.strafrecht.de\\\/en\\\/legal-notice\\\/\",\"name\":\"Legal notice | Wessing & Partner\",\"isPartOf\":{\"@id\":\"https:\\\/\\\/www.strafrecht.de\\\/en\\\/#website\"},\"datePublished\":\"2022-01-11T16:09:58+00:00\",\"dateModified\":\"2026-01-09T13:34:15+00:00\",\"description\":\"Wessing & Partner Rechtsanw\u00e4lte mbB | Rathausufer 16-17, 40213 D\u00fcsseldorf | Phone +49 211 16844-0 | Fax +49 211 16844-444 | info@strafrecht.de\",\"breadcrumb\":{\"@id\":\"https:\\\/\\\/www.strafrecht.de\\\/en\\\/legal-notice\\\/#breadcrumb\"},\"inLanguage\":\"en-US\",\"potentialAction\":[{\"@type\":\"ReadAction\",\"target\":[\"https:\\\/\\\/www.strafrecht.de\\\/en\\\/legal-notice\\\/\"]}]},{\"@type\":\"BreadcrumbList\",\"@id\":\"https:\\\/\\\/www.strafrecht.de\\\/en\\\/legal-notice\\\/#breadcrumb\",\"itemListElement\":[{\"@type\":\"ListItem\",\"position\":1,\"name\":\"Startseite\",\"item\":\"https:\\\/\\\/www.strafrecht.de\\\/en\\\/\"},{\"@type\":\"ListItem\",\"position\":2,\"name\":\"Legal notice\"}]},{\"@type\":\"WebSite\",\"@id\":\"https:\\\/\\\/www.strafrecht.de\\\/en\\\/#website\",\"url\":\"https:\\\/\\\/www.strafrecht.de\\\/en\\\/\",\"name\":\"Wessing &amp; Partner\",\"description\":\"Strafrecht nach allen Regeln der Kunst.\",\"potentialAction\":[{\"@type\":\"SearchAction\",\"target\":{\"@type\":\"EntryPoint\",\"urlTemplate\":\"https:\\\/\\\/www.strafrecht.de\\\/en\\\/?s={search_term_string}\"},\"query-input\":{\"@type\":\"PropertyValueSpecification\",\"valueRequired\":true,\"valueName\":\"search_term_string\"}}],\"inLanguage\":\"en-US\"}]}<\/script>\n<!-- \/ Yoast SEO Premium plugin. -->","yoast_head_json":{"title":"Legal notice | Wessing & Partner","description":"Wessing & Partner Rechtsanw\u00e4lte mbB | Rathausufer 16-17, 40213 D\u00fcsseldorf | Phone +49 211 16844-0 | Fax +49 211 16844-444 | info@strafrecht.de","robots":{"index":"index","follow":"follow","max-snippet":"max-snippet:-1","max-image-preview":"max-image-preview:large","max-video-preview":"max-video-preview:-1"},"canonical":"https:\/\/www.strafrecht.de\/en\/legal-notice\/","og_locale":"en_US","og_type":"article","og_title":"Legal notice","og_description":"Wessing & Partner Rechtsanw\u00e4lte mbB | Rathausufer 16-17, 40213 D\u00fcsseldorf | Phone +49 211 16844-0 | Fax +49 211 16844-444 | info@strafrecht.de","og_url":"https:\/\/www.strafrecht.de\/en\/legal-notice\/","og_site_name":"Wessing &amp; Partner","article_modified_time":"2026-01-09T13:34:15+00:00","twitter_card":"summary_large_image","twitter_misc":{"Est. reading time":"2 minutes"},"schema":{"@context":"https:\/\/schema.org","@graph":[{"@type":"WebPage","@id":"https:\/\/www.strafrecht.de\/en\/legal-notice\/","url":"https:\/\/www.strafrecht.de\/en\/legal-notice\/","name":"Legal notice | Wessing & Partner","isPartOf":{"@id":"https:\/\/www.strafrecht.de\/en\/#website"},"datePublished":"2022-01-11T16:09:58+00:00","dateModified":"2026-01-09T13:34:15+00:00","description":"Wessing & Partner Rechtsanw\u00e4lte mbB | Rathausufer 16-17, 40213 D\u00fcsseldorf | Phone +49 211 16844-0 | Fax +49 211 16844-444 | info@strafrecht.de","breadcrumb":{"@id":"https:\/\/www.strafrecht.de\/en\/legal-notice\/#breadcrumb"},"inLanguage":"en-US","potentialAction":[{"@type":"ReadAction","target":["https:\/\/www.strafrecht.de\/en\/legal-notice\/"]}]},{"@type":"BreadcrumbList","@id":"https:\/\/www.strafrecht.de\/en\/legal-notice\/#breadcrumb","itemListElement":[{"@type":"ListItem","position":1,"name":"Startseite","item":"https:\/\/www.strafrecht.de\/en\/"},{"@type":"ListItem","position":2,"name":"Legal notice"}]},{"@type":"WebSite","@id":"https:\/\/www.strafrecht.de\/en\/#website","url":"https:\/\/www.strafrecht.de\/en\/","name":"Wessing &amp; Partner","description":"Strafrecht nach allen Regeln der Kunst.","potentialAction":[{"@type":"SearchAction","target":{"@type":"EntryPoint","urlTemplate":"https:\/\/www.strafrecht.de\/en\/?s={search_term_string}"},"query-input":{"@type":"PropertyValueSpecification","valueRequired":true,"valueName":"search_term_string"}}],"inLanguage":"en-US"}]}},"jetpack_sharing_enabled":true,"_links":{"self":[{"href":"https:\/\/www.strafrecht.de\/en\/wp-json\/wp\/v2\/pages\/8012","targetHints":{"allow":["GET"]}}],"collection":[{"href":"https:\/\/www.strafrecht.de\/en\/wp-json\/wp\/v2\/pages"}],"about":[{"href":"https:\/\/www.strafrecht.de\/en\/wp-json\/wp\/v2\/types\/page"}],"author":[{"embeddable":true,"href":"https:\/\/www.strafrecht.de\/en\/wp-json\/wp\/v2\/users\/5"}],"replies":[{"embeddable":true,"href":"https:\/\/www.strafrecht.de\/en\/wp-json\/wp\/v2\/comments?post=8012"}],"version-history":[{"count":37,"href":"https:\/\/www.strafrecht.de\/en\/wp-json\/wp\/v2\/pages\/8012\/revisions"}],"predecessor-version":[{"id":13432,"href":"https:\/\/www.strafrecht.de\/en\/wp-json\/wp\/v2\/pages\/8012\/revisions\/13432"}],"wp:attachment":[{"href":"https:\/\/www.strafrecht.de\/en\/wp-json\/wp\/v2\/media?parent=8012"}],"curies":[{"name":"wp","href":"https:\/\/api.w.org\/{rel}","templated":true}]}}